{"id":1265,"date":"2018-03-01T11:43:59","date_gmt":"2018-03-01T10:43:59","guid":{"rendered":"http:\/\/kht.htmlfriendly.net\/?page_id=1265"},"modified":"2023-06-06T15:33:41","modified_gmt":"2023-06-06T13:33:41","slug":"impressum","status":"publish","type":"page","link":"https:\/\/kaufhaus-tyrol.at\/de\/impressum\/","title":{"rendered":"Impressum"},"content":{"rendered":"<div class=\"wpb-content-wrapper\"><p>[vc_row][vc_column][vc_custom_heading text=&#8220;Impressum&#8220; font_container=&#8220;tag:h1|text_align:left&#8220; use_theme_fonts=&#8220;yes&#8220;][vc_column_text]Werbegemeinschaft Kaufhaus Tyrol GesbR \/ Shopping Center Services GmbH<br \/>\nMaria-Theresien-Stra\u00dfe 31<br \/>\n6020 Innsbruck<\/p>\n<p>Gesch\u00e4ftszweig: Die gemeinschaftliche F\u00f6rderung und Koordinierung von Werbe- und PR-Ma\u00dfnahmen der P\u00e4chter im Kaufhaus Tyrol.<br \/>\nFirmenbuchgericht: Handelsgericht Innsbruck<\/p>\n<p><strong>RECHTLICHE HINWEISE<\/strong><\/p>\n<p>Eine Haftung oder Garantie f\u00fcr die Aktualit\u00e4t, Richtigkeit und Vollst\u00e4ndigkeit der auf dieser Website zur Verf\u00fcgung gestellten Informationen kann nicht \u00fcbernommen werden. Gleiches gilt auch f\u00fcr alle anderen Webseiten, auf die ggf. durch Hyperlink verwiesen wird. Die Werbegemeinschaft Kaufhaus Tyrol GesbR ist f\u00fcr den Inhalt der Webseiten, auf die evtl. verwiesen wird, nicht verantwortlich. Inhalt und Struktur der Werbegemeinschaft Kaufhaus Tyrol GesbR Website sind urheberrechtlich gesch\u00fctzt. Die Vervielf\u00e4ltigung von Informationen oder Daten, insbesondere die Verwendung von Texten, Textteilen oder Bildmaterial, bedarf der vorherigen Zustimmung der Werbegemeinschaft Kaufhaus Tyrol GesbR.[\/vc_column_text][\/vc_column][\/vc_row]<\/p>\n<\/div>","protected":false},"excerpt":{"rendered":"<p>[vc_row][vc_column][vc_custom_heading text=&#8220;Impressum&#8220; font_container=&#8220;tag:h1|text_align:left&#8220; use_theme_fonts=&#8220;yes&#8220;][vc_column_text]Werbegemeinschaft Kaufhaus Tyrol GesbR \/ Shopping Center Services GmbH Maria-Theresien-Stra\u00dfe 31 6020 Innsbruck Gesch\u00e4ftszweig: Die gemeinschaftliche F\u00f6rderung und Koordinierung von Werbe- und PR-Ma\u00dfnahmen der P\u00e4chter im Kaufhaus Tyrol. Firmenbuchgericht: Handelsgericht Innsbruck RECHTLICHE HINWEISE Eine Haftung oder Garantie f\u00fcr die Aktualit\u00e4t, Richtigkeit und Vollst\u00e4ndigkeit der auf dieser Website zur Verf\u00fcgung gestellten Informationen kann<\/p>\n","protected":false},"author":5025,"featured_media":13857,"parent":0,"menu_order":0,"comment_status":"closed","ping_status":"closed","template":"","meta":{"_acf_changed":false,"inline_featured_image":false,"footnotes":""},"acf":[],"yoast_head":"<!-- This site is optimized with the Yoast SEO plugin v23.5 - https:\/\/yoast.com\/wordpress\/plugins\/seo\/ -->\n<title>Impressum - Kaufhaus Tyrol<\/title>\n<meta name=\"robots\" content=\"index, follow, max-snippet:-1, max-image-preview:large, max-video-preview:-1\" \/>\n<link rel=\"canonical\" href=\"https:\/\/kaufhaus-tyrol.at\/de\/impressum\/\" \/>\n<meta property=\"og:locale\" content=\"de_DE\" \/>\n<meta property=\"og:type\" content=\"article\" \/>\n<meta property=\"og:title\" content=\"Impressum - Kaufhaus Tyrol\" \/>\n<meta property=\"og:description\" content=\"[vc_row][vc_column][vc_custom_heading text=&#8220;Impressum&#8220; font_container=&#8220;tag:h1|text_align:left&#8220; use_theme_fonts=&#8220;yes&#8220;][vc_column_text]Werbegemeinschaft Kaufhaus Tyrol GesbR \/ Shopping Center Services GmbH Maria-Theresien-Stra\u00dfe 31 6020 Innsbruck Gesch\u00e4ftszweig: Die gemeinschaftliche F\u00f6rderung und Koordinierung von Werbe- und PR-Ma\u00dfnahmen der P\u00e4chter im Kaufhaus Tyrol. Firmenbuchgericht: Handelsgericht Innsbruck RECHTLICHE HINWEISE Eine Haftung oder Garantie f\u00fcr die Aktualit\u00e4t, Richtigkeit und Vollst\u00e4ndigkeit der auf dieser Website zur Verf\u00fcgung gestellten Informationen kann\" \/>\n<meta property=\"og:url\" content=\"https:\/\/kaufhaus-tyrol.at\/de\/impressum\/\" \/>\n<meta property=\"og:site_name\" content=\"Kaufhaus Tyrol\" \/>\n<meta property=\"article:publisher\" content=\"https:\/\/www.facebook.com\/kaufhaustyrol\/\" \/>\n<meta property=\"article:modified_time\" content=\"2023-06-06T13:33:41+00:00\" \/>\n<meta property=\"og:image\" content=\"https:\/\/kaufhaus-tyrol.at\/wp-content\/uploads\/2021\/07\/fassade-scaled.jpg\" \/>\n\t<meta property=\"og:image:width\" content=\"2560\" \/>\n\t<meta property=\"og:image:height\" content=\"869\" \/>\n\t<meta property=\"og:image:type\" content=\"image\/jpeg\" \/>\n<meta name=\"twitter:card\" content=\"summary_large_image\" \/>\n<meta name=\"twitter:label1\" content=\"Gesch\u00e4tzte Lesezeit\" \/>\n\t<meta name=\"twitter:data1\" content=\"1\u00a0Minute\" \/>\n<script type=\"application\/ld+json\" class=\"yoast-schema-graph\">{\"@context\":\"https:\/\/schema.org\",\"@graph\":[{\"@type\":\"WebPage\",\"@id\":\"https:\/\/kaufhaus-tyrol.at\/de\/impressum\/\",\"url\":\"https:\/\/kaufhaus-tyrol.at\/de\/impressum\/\",\"name\":\"Impressum - Kaufhaus Tyrol\",\"isPartOf\":{\"@id\":\"https:\/\/kaufhaus-tyrol.at\/de\/#website\"},\"primaryImageOfPage\":{\"@id\":\"https:\/\/kaufhaus-tyrol.at\/de\/impressum\/#primaryimage\"},\"image\":{\"@id\":\"https:\/\/kaufhaus-tyrol.at\/de\/impressum\/#primaryimage\"},\"thumbnailUrl\":\"https:\/\/kaufhaus-tyrol.at\/wp-content\/uploads\/2021\/07\/fassade-scaled.jpg\",\"datePublished\":\"2018-03-01T10:43:59+00:00\",\"dateModified\":\"2023-06-06T13:33:41+00:00\",\"breadcrumb\":{\"@id\":\"https:\/\/kaufhaus-tyrol.at\/de\/impressum\/#breadcrumb\"},\"inLanguage\":\"de\",\"potentialAction\":[{\"@type\":\"ReadAction\",\"target\":[\"https:\/\/kaufhaus-tyrol.at\/de\/impressum\/\"]}]},{\"@type\":\"ImageObject\",\"inLanguage\":\"de\",\"@id\":\"https:\/\/kaufhaus-tyrol.at\/de\/impressum\/#primaryimage\",\"url\":\"https:\/\/kaufhaus-tyrol.at\/wp-content\/uploads\/2021\/07\/fassade-scaled.jpg\",\"contentUrl\":\"https:\/\/kaufhaus-tyrol.at\/wp-content\/uploads\/2021\/07\/fassade-scaled.jpg\",\"width\":2560,\"height\":869,\"caption\":\"Fassade KAufhaus Tyrol und Maria Theresien Stra\u00dfe mit Blick auf die Nordkette\"},{\"@type\":\"BreadcrumbList\",\"@id\":\"https:\/\/kaufhaus-tyrol.at\/de\/impressum\/#breadcrumb\",\"itemListElement\":[{\"@type\":\"ListItem\",\"position\":1,\"name\":\"Home\",\"item\":\"https:\/\/kaufhaus-tyrol.at\/de\/\"},{\"@type\":\"ListItem\",\"position\":2,\"name\":\"Impressum\"}]},{\"@type\":\"WebSite\",\"@id\":\"https:\/\/kaufhaus-tyrol.at\/de\/#website\",\"url\":\"https:\/\/kaufhaus-tyrol.at\/de\/\",\"name\":\"Kaufhaus Tyrol\",\"description\":\"Shopping im Herzen von Innsbruck\",\"potentialAction\":[{\"@type\":\"SearchAction\",\"target\":{\"@type\":\"EntryPoint\",\"urlTemplate\":\"https:\/\/kaufhaus-tyrol.at\/de\/?s={search_term_string}\"},\"query-input\":{\"@type\":\"PropertyValueSpecification\",\"valueRequired\":true,\"valueName\":\"search_term_string\"}}],\"inLanguage\":\"de\"}]}<\/script>\n<!-- \/ Yoast SEO plugin. -->","yoast_head_json":{"title":"Impressum - Kaufhaus Tyrol","robots":{"index":"index","follow":"follow","max-snippet":"max-snippet:-1","max-image-preview":"max-image-preview:large","max-video-preview":"max-video-preview:-1"},"canonical":"https:\/\/kaufhaus-tyrol.at\/de\/impressum\/","og_locale":"de_DE","og_type":"article","og_title":"Impressum - Kaufhaus Tyrol","og_description":"[vc_row][vc_column][vc_custom_heading text=&#8220;Impressum&#8220; font_container=&#8220;tag:h1|text_align:left&#8220; use_theme_fonts=&#8220;yes&#8220;][vc_column_text]Werbegemeinschaft Kaufhaus Tyrol GesbR \/ Shopping Center Services GmbH Maria-Theresien-Stra\u00dfe 31 6020 Innsbruck Gesch\u00e4ftszweig: Die gemeinschaftliche F\u00f6rderung und Koordinierung von Werbe- und PR-Ma\u00dfnahmen der P\u00e4chter im Kaufhaus Tyrol. Firmenbuchgericht: Handelsgericht Innsbruck RECHTLICHE HINWEISE Eine Haftung oder Garantie f\u00fcr die Aktualit\u00e4t, Richtigkeit und Vollst\u00e4ndigkeit der auf dieser Website zur Verf\u00fcgung gestellten Informationen kann","og_url":"https:\/\/kaufhaus-tyrol.at\/de\/impressum\/","og_site_name":"Kaufhaus Tyrol","article_publisher":"https:\/\/www.facebook.com\/kaufhaustyrol\/","article_modified_time":"2023-06-06T13:33:41+00:00","og_image":[{"width":2560,"height":869,"url":"https:\/\/kaufhaus-tyrol.at\/wp-content\/uploads\/2021\/07\/fassade-scaled.jpg","type":"image\/jpeg"}],"twitter_card":"summary_large_image","twitter_misc":{"Gesch\u00e4tzte Lesezeit":"1\u00a0Minute"},"schema":{"@context":"https:\/\/schema.org","@graph":[{"@type":"WebPage","@id":"https:\/\/kaufhaus-tyrol.at\/de\/impressum\/","url":"https:\/\/kaufhaus-tyrol.at\/de\/impressum\/","name":"Impressum - Kaufhaus Tyrol","isPartOf":{"@id":"https:\/\/kaufhaus-tyrol.at\/de\/#website"},"primaryImageOfPage":{"@id":"https:\/\/kaufhaus-tyrol.at\/de\/impressum\/#primaryimage"},"image":{"@id":"https:\/\/kaufhaus-tyrol.at\/de\/impressum\/#primaryimage"},"thumbnailUrl":"https:\/\/kaufhaus-tyrol.at\/wp-content\/uploads\/2021\/07\/fassade-scaled.jpg","datePublished":"2018-03-01T10:43:59+00:00","dateModified":"2023-06-06T13:33:41+00:00","breadcrumb":{"@id":"https:\/\/kaufhaus-tyrol.at\/de\/impressum\/#breadcrumb"},"inLanguage":"de","potentialAction":[{"@type":"ReadAction","target":["https:\/\/kaufhaus-tyrol.at\/de\/impressum\/"]}]},{"@type":"ImageObject","inLanguage":"de","@id":"https:\/\/kaufhaus-tyrol.at\/de\/impressum\/#primaryimage","url":"https:\/\/kaufhaus-tyrol.at\/wp-content\/uploads\/2021\/07\/fassade-scaled.jpg","contentUrl":"https:\/\/kaufhaus-tyrol.at\/wp-content\/uploads\/2021\/07\/fassade-scaled.jpg","width":2560,"height":869,"caption":"Fassade KAufhaus Tyrol und Maria Theresien Stra\u00dfe mit Blick auf die Nordkette"},{"@type":"BreadcrumbList","@id":"https:\/\/kaufhaus-tyrol.at\/de\/impressum\/#breadcrumb","itemListElement":[{"@type":"ListItem","position":1,"name":"Home","item":"https:\/\/kaufhaus-tyrol.at\/de\/"},{"@type":"ListItem","position":2,"name":"Impressum"}]},{"@type":"WebSite","@id":"https:\/\/kaufhaus-tyrol.at\/de\/#website","url":"https:\/\/kaufhaus-tyrol.at\/de\/","name":"Kaufhaus Tyrol","description":"Shopping im Herzen von Innsbruck","potentialAction":[{"@type":"SearchAction","target":{"@type":"EntryPoint","urlTemplate":"https:\/\/kaufhaus-tyrol.at\/de\/?s={search_term_string}"},"query-input":{"@type":"PropertyValueSpecification","valueRequired":true,"valueName":"search_term_string"}}],"inLanguage":"de"}]}},"_links":{"self":[{"href":"https:\/\/kaufhaus-tyrol.at\/de\/wp-json\/wp\/v2\/pages\/1265"}],"collection":[{"href":"https:\/\/kaufhaus-tyrol.at\/de\/wp-json\/wp\/v2\/pages"}],"about":[{"href":"https:\/\/kaufhaus-tyrol.at\/de\/wp-json\/wp\/v2\/types\/page"}],"author":[{"embeddable":true,"href":"https:\/\/kaufhaus-tyrol.at\/de\/wp-json\/wp\/v2\/users\/5025"}],"replies":[{"embeddable":true,"href":"https:\/\/kaufhaus-tyrol.at\/de\/wp-json\/wp\/v2\/comments?post=1265"}],"version-history":[{"count":4,"href":"https:\/\/kaufhaus-tyrol.at\/de\/wp-json\/wp\/v2\/pages\/1265\/revisions"}],"predecessor-version":[{"id":17710,"href":"https:\/\/kaufhaus-tyrol.at\/de\/wp-json\/wp\/v2\/pages\/1265\/revisions\/17710"}],"wp:featuredmedia":[{"embeddable":true,"href":"https:\/\/kaufhaus-tyrol.at\/de\/wp-json\/wp\/v2\/media\/13857"}],"wp:attachment":[{"href":"https:\/\/kaufhaus-tyrol.at\/de\/wp-json\/wp\/v2\/media?parent=1265"}],"curies":[{"name":"wp","href":"https:\/\/api.w.org\/{rel}","templated":true}]}}