{"id":1371,"date":"2018-03-07T09:07:14","date_gmt":"2018-03-07T08:07:14","guid":{"rendered":"http:\/\/kht.htmlfriendly.net\/?page_id=1371"},"modified":"2025-02-05T11:39:00","modified_gmt":"2025-02-05T10:39:00","slug":"gewinnspiele","status":"publish","type":"page","link":"https:\/\/kaufhaus-tyrol.at\/de\/gewinnspiele\/","title":{"rendered":"Gewinnspiele"},"content":{"rendered":"<div class=\"wpb-content-wrapper\"><p>[vc_row][vc_column][vc_column_text]<\/p>\n<p class=\"p1\">Durch Teilnahme an dem Gewinnspiel mittels Kommentar erkl\u00e4rt sich der\/die Teilnehmende mit den nachstehenden Teilnahmebedingungen einverstanden:<\/p>\n<ol class=\"ol1\">\n<li class=\"li2\">Das Gewinnspiel wird vom Kaufhaus Tyrol durchgef\u00fchrt. Die Teilnahme ist kostenlos und unabh\u00e4ngig vom Erwerb von Waren oder Dienstleistungen.<\/li>\n<li class=\"li2\">Facebook, TikTok oder Instagram stehen in keiner Verbindung zu diesem Gewinnspiel, es bestehen keinerlei Rechtsanspr\u00fcche gegen\u00fcber Facebook, TikTok oder Instagram.<\/li>\n<li class=\"li2\">Mit Ver\u00f6ffentlichung des jeweiligen Postings auf Facebook, Instagram oder TikTok durch das Kaufhaus Tyrol beginnt das Gewinnspiel. Es endet zum jeweils angegeben Zeitpunkt. F\u00fcr Verz\u00f6gerungen bei der Daten\u00fcbermittlung ist das Kaufhaus Tyrol nicht verantwortlich.<\/li>\n<li class=\"li2\">Der oder die im Posting angegebene\/n Gewinn\/e wird\/werden verlost, der genaue Ablauf des Gewinnspieles ist in dem Posting detailliert beschrieben.<\/li>\n<li class=\"li2\">Als Teilnahme gilt dabei das Setzen einer Aktion, wie kommentieren, liken, posten oder \u00e4hnliches.<\/li>\n<li class=\"li2\">Werden von einer Person mehrere Aktionen gesetzt, gelten diese als nur einmalige Teilnahme.<\/li>\n<li class=\"li2\">Der oder die Gewinner\/in wird durch Los ermittelt und per privater Nachricht auf Facebook, Instagram oder TikTok verst\u00e4ndigt. Meldet sich der oder die Gewinner\/in innerhalb sieben Tage nicht, so wird der Gewinn neu verlost.<\/li>\n<li class=\"li2\">Teilnahmeberechtigt sind Personen mit Wohnsitz in \u00d6sterreich, die das 18. Lebensjahr vollendet haben.<\/li>\n<li class=\"li2\">Die Teilnehmenden verpflichten sich, keine Inhalte zu teilen, die rechtswidrig sind. Personen, die gegen Strafgesetze, die guten Sitten oder die Teilnahmebedingungen versto\u00dfen, werden von der Teilnahme ausgeschlossen.<\/li>\n<li class=\"li2\">Die f\u00fcr die Teilnahme gespeicherten Daten werden sp\u00e4testens 30 Tage nach Beendigung des Gewinnspieles gel\u00f6scht. Daten werden nicht an Dritte weitergegeben.<\/li>\n<li class=\"li2\">Die f\u00fcr die Teilnahme verfassten Beitr\u00e4ge, Fotos o\u00e4. d\u00fcrfen im Rahmen des Gewinnspieles auf der Facebook-Seite und auf dem Instagram- und TikTok Kanal des Kaufhaus Tyrol ver\u00f6ffentlicht werden.<\/li>\n<li class=\"li2\">Kaufhaus Tyrol-Mitarbeiter\/innen sind nicht teilnahmeberechtigt.<\/li>\n<li class=\"li2\">Keine Barabl\u00f6se m\u00f6glich. Der Rechtsweg ist ausgeschlossen.<\/li>\n<\/ol>\n<p>[\/vc_column_text][\/vc_column][\/vc_row][vc_row][vc_column][\/vc_column][\/vc_row]<\/p>\n<\/div>","protected":false},"excerpt":{"rendered":"<p>[vc_row][vc_column][vc_column_text] Durch Teilnahme an dem Gewinnspiel mittels Kommentar erkl\u00e4rt sich der\/die Teilnehmende mit den nachstehenden Teilnahmebedingungen einverstanden: Das Gewinnspiel wird vom Kaufhaus Tyrol durchgef\u00fchrt. Die Teilnahme ist kostenlos und unabh\u00e4ngig vom Erwerb von Waren oder Dienstleistungen. Facebook, TikTok oder Instagram stehen in keiner Verbindung zu diesem Gewinnspiel, es bestehen keinerlei Rechtsanspr\u00fcche gegen\u00fcber Facebook, TikTok oder<\/p>\n","protected":false},"author":5025,"featured_media":14122,"parent":0,"menu_order":0,"comment_status":"closed","ping_status":"closed","template":"","meta":{"_acf_changed":false,"inline_featured_image":false,"footnotes":""},"acf":[],"yoast_head":"<!-- This site is optimized with the Yoast SEO plugin v23.5 - https:\/\/yoast.com\/wordpress\/plugins\/seo\/ -->\n<title>Gewinnspiele - Kaufhaus Tyrol<\/title>\n<meta name=\"robots\" content=\"index, follow, max-snippet:-1, max-image-preview:large, max-video-preview:-1\" \/>\n<link rel=\"canonical\" href=\"https:\/\/kaufhaus-tyrol.at\/de\/gewinnspiele\/\" \/>\n<meta property=\"og:locale\" content=\"de_DE\" \/>\n<meta property=\"og:type\" content=\"article\" \/>\n<meta property=\"og:title\" content=\"Gewinnspiele - Kaufhaus Tyrol\" \/>\n<meta property=\"og:description\" content=\"[vc_row][vc_column][vc_column_text] Durch Teilnahme an dem Gewinnspiel mittels Kommentar erkl\u00e4rt sich der\/die Teilnehmende mit den nachstehenden Teilnahmebedingungen einverstanden: Das Gewinnspiel wird vom Kaufhaus Tyrol durchgef\u00fchrt. Die Teilnahme ist kostenlos und unabh\u00e4ngig vom Erwerb von Waren oder Dienstleistungen. Facebook, TikTok oder Instagram stehen in keiner Verbindung zu diesem Gewinnspiel, es bestehen keinerlei Rechtsanspr\u00fcche gegen\u00fcber Facebook, TikTok oder\" \/>\n<meta property=\"og:url\" content=\"https:\/\/kaufhaus-tyrol.at\/de\/gewinnspiele\/\" \/>\n<meta property=\"og:site_name\" content=\"Kaufhaus Tyrol\" \/>\n<meta property=\"article:publisher\" content=\"https:\/\/www.facebook.com\/kaufhaustyrol\/\" \/>\n<meta property=\"article:modified_time\" content=\"2025-02-05T10:39:00+00:00\" \/>\n<meta property=\"og:image\" content=\"https:\/\/kaufhaus-tyrol.at\/wp-content\/uploads\/2021\/08\/KHT_HP-Slider-Unterseite_3840x1304px_EF1920x652px_2021_5-2-scaled.jpg\" \/>\n\t<meta property=\"og:image:width\" content=\"2560\" \/>\n\t<meta property=\"og:image:height\" content=\"869\" \/>\n\t<meta property=\"og:image:type\" content=\"image\/jpeg\" \/>\n<meta name=\"twitter:card\" content=\"summary_large_image\" \/>\n<meta name=\"twitter:label1\" content=\"Gesch\u00e4tzte Lesezeit\" \/>\n\t<meta name=\"twitter:data1\" content=\"2\u00a0Minuten\" \/>\n<script type=\"application\/ld+json\" class=\"yoast-schema-graph\">{\"@context\":\"https:\/\/schema.org\",\"@graph\":[{\"@type\":\"WebPage\",\"@id\":\"https:\/\/kaufhaus-tyrol.at\/de\/gewinnspiele\/\",\"url\":\"https:\/\/kaufhaus-tyrol.at\/de\/gewinnspiele\/\",\"name\":\"Gewinnspiele - Kaufhaus Tyrol\",\"isPartOf\":{\"@id\":\"https:\/\/kaufhaus-tyrol.at\/de\/#website\"},\"primaryImageOfPage\":{\"@id\":\"https:\/\/kaufhaus-tyrol.at\/de\/gewinnspiele\/#primaryimage\"},\"image\":{\"@id\":\"https:\/\/kaufhaus-tyrol.at\/de\/gewinnspiele\/#primaryimage\"},\"thumbnailUrl\":\"https:\/\/kaufhaus-tyrol.at\/wp-content\/uploads\/2021\/08\/KHT_HP-Slider-Unterseite_3840x1304px_EF1920x652px_2021_5-2-scaled.jpg\",\"datePublished\":\"2018-03-07T08:07:14+00:00\",\"dateModified\":\"2025-02-05T10:39:00+00:00\",\"breadcrumb\":{\"@id\":\"https:\/\/kaufhaus-tyrol.at\/de\/gewinnspiele\/#breadcrumb\"},\"inLanguage\":\"de\",\"potentialAction\":[{\"@type\":\"ReadAction\",\"target\":[\"https:\/\/kaufhaus-tyrol.at\/de\/gewinnspiele\/\"]}]},{\"@type\":\"ImageObject\",\"inLanguage\":\"de\",\"@id\":\"https:\/\/kaufhaus-tyrol.at\/de\/gewinnspiele\/#primaryimage\",\"url\":\"https:\/\/kaufhaus-tyrol.at\/wp-content\/uploads\/2021\/08\/KHT_HP-Slider-Unterseite_3840x1304px_EF1920x652px_2021_5-2-scaled.jpg\",\"contentUrl\":\"https:\/\/kaufhaus-tyrol.at\/wp-content\/uploads\/2021\/08\/KHT_HP-Slider-Unterseite_3840x1304px_EF1920x652px_2021_5-2-scaled.jpg\",\"width\":2560,\"height\":869,\"caption\":\"Ein P\u00e4rchen freut sich \u00fcber einen Gewinn\"},{\"@type\":\"BreadcrumbList\",\"@id\":\"https:\/\/kaufhaus-tyrol.at\/de\/gewinnspiele\/#breadcrumb\",\"itemListElement\":[{\"@type\":\"ListItem\",\"position\":1,\"name\":\"Home\",\"item\":\"https:\/\/kaufhaus-tyrol.at\/de\/\"},{\"@type\":\"ListItem\",\"position\":2,\"name\":\"Gewinnspiele\"}]},{\"@type\":\"WebSite\",\"@id\":\"https:\/\/kaufhaus-tyrol.at\/de\/#website\",\"url\":\"https:\/\/kaufhaus-tyrol.at\/de\/\",\"name\":\"Kaufhaus Tyrol\",\"description\":\"Shopping im Herzen von Innsbruck\",\"potentialAction\":[{\"@type\":\"SearchAction\",\"target\":{\"@type\":\"EntryPoint\",\"urlTemplate\":\"https:\/\/kaufhaus-tyrol.at\/de\/?s={search_term_string}\"},\"query-input\":{\"@type\":\"PropertyValueSpecification\",\"valueRequired\":true,\"valueName\":\"search_term_string\"}}],\"inLanguage\":\"de\"}]}<\/script>\n<!-- \/ Yoast SEO plugin. -->","yoast_head_json":{"title":"Gewinnspiele - Kaufhaus Tyrol","robots":{"index":"index","follow":"follow","max-snippet":"max-snippet:-1","max-image-preview":"max-image-preview:large","max-video-preview":"max-video-preview:-1"},"canonical":"https:\/\/kaufhaus-tyrol.at\/de\/gewinnspiele\/","og_locale":"de_DE","og_type":"article","og_title":"Gewinnspiele - Kaufhaus Tyrol","og_description":"[vc_row][vc_column][vc_column_text] Durch Teilnahme an dem Gewinnspiel mittels Kommentar erkl\u00e4rt sich der\/die Teilnehmende mit den nachstehenden Teilnahmebedingungen einverstanden: Das Gewinnspiel wird vom Kaufhaus Tyrol durchgef\u00fchrt. Die Teilnahme ist kostenlos und unabh\u00e4ngig vom Erwerb von Waren oder Dienstleistungen. Facebook, TikTok oder Instagram stehen in keiner Verbindung zu diesem Gewinnspiel, es bestehen keinerlei Rechtsanspr\u00fcche gegen\u00fcber Facebook, TikTok oder","og_url":"https:\/\/kaufhaus-tyrol.at\/de\/gewinnspiele\/","og_site_name":"Kaufhaus Tyrol","article_publisher":"https:\/\/www.facebook.com\/kaufhaustyrol\/","article_modified_time":"2025-02-05T10:39:00+00:00","og_image":[{"width":2560,"height":869,"url":"https:\/\/kaufhaus-tyrol.at\/wp-content\/uploads\/2021\/08\/KHT_HP-Slider-Unterseite_3840x1304px_EF1920x652px_2021_5-2-scaled.jpg","type":"image\/jpeg"}],"twitter_card":"summary_large_image","twitter_misc":{"Gesch\u00e4tzte Lesezeit":"2\u00a0Minuten"},"schema":{"@context":"https:\/\/schema.org","@graph":[{"@type":"WebPage","@id":"https:\/\/kaufhaus-tyrol.at\/de\/gewinnspiele\/","url":"https:\/\/kaufhaus-tyrol.at\/de\/gewinnspiele\/","name":"Gewinnspiele - Kaufhaus Tyrol","isPartOf":{"@id":"https:\/\/kaufhaus-tyrol.at\/de\/#website"},"primaryImageOfPage":{"@id":"https:\/\/kaufhaus-tyrol.at\/de\/gewinnspiele\/#primaryimage"},"image":{"@id":"https:\/\/kaufhaus-tyrol.at\/de\/gewinnspiele\/#primaryimage"},"thumbnailUrl":"https:\/\/kaufhaus-tyrol.at\/wp-content\/uploads\/2021\/08\/KHT_HP-Slider-Unterseite_3840x1304px_EF1920x652px_2021_5-2-scaled.jpg","datePublished":"2018-03-07T08:07:14+00:00","dateModified":"2025-02-05T10:39:00+00:00","breadcrumb":{"@id":"https:\/\/kaufhaus-tyrol.at\/de\/gewinnspiele\/#breadcrumb"},"inLanguage":"de","potentialAction":[{"@type":"ReadAction","target":["https:\/\/kaufhaus-tyrol.at\/de\/gewinnspiele\/"]}]},{"@type":"ImageObject","inLanguage":"de","@id":"https:\/\/kaufhaus-tyrol.at\/de\/gewinnspiele\/#primaryimage","url":"https:\/\/kaufhaus-tyrol.at\/wp-content\/uploads\/2021\/08\/KHT_HP-Slider-Unterseite_3840x1304px_EF1920x652px_2021_5-2-scaled.jpg","contentUrl":"https:\/\/kaufhaus-tyrol.at\/wp-content\/uploads\/2021\/08\/KHT_HP-Slider-Unterseite_3840x1304px_EF1920x652px_2021_5-2-scaled.jpg","width":2560,"height":869,"caption":"Ein P\u00e4rchen freut sich \u00fcber einen Gewinn"},{"@type":"BreadcrumbList","@id":"https:\/\/kaufhaus-tyrol.at\/de\/gewinnspiele\/#breadcrumb","itemListElement":[{"@type":"ListItem","position":1,"name":"Home","item":"https:\/\/kaufhaus-tyrol.at\/de\/"},{"@type":"ListItem","position":2,"name":"Gewinnspiele"}]},{"@type":"WebSite","@id":"https:\/\/kaufhaus-tyrol.at\/de\/#website","url":"https:\/\/kaufhaus-tyrol.at\/de\/","name":"Kaufhaus Tyrol","description":"Shopping im Herzen von Innsbruck","potentialAction":[{"@type":"SearchAction","target":{"@type":"EntryPoint","urlTemplate":"https:\/\/kaufhaus-tyrol.at\/de\/?s={search_term_string}"},"query-input":{"@type":"PropertyValueSpecification","valueRequired":true,"valueName":"search_term_string"}}],"inLanguage":"de"}]}},"_links":{"self":[{"href":"https:\/\/kaufhaus-tyrol.at\/de\/wp-json\/wp\/v2\/pages\/1371"}],"collection":[{"href":"https:\/\/kaufhaus-tyrol.at\/de\/wp-json\/wp\/v2\/pages"}],"about":[{"href":"https:\/\/kaufhaus-tyrol.at\/de\/wp-json\/wp\/v2\/types\/page"}],"author":[{"embeddable":true,"href":"https:\/\/kaufhaus-tyrol.at\/de\/wp-json\/wp\/v2\/users\/5025"}],"replies":[{"embeddable":true,"href":"https:\/\/kaufhaus-tyrol.at\/de\/wp-json\/wp\/v2\/comments?post=1371"}],"version-history":[{"count":11,"href":"https:\/\/kaufhaus-tyrol.at\/de\/wp-json\/wp\/v2\/pages\/1371\/revisions"}],"predecessor-version":[{"id":20570,"href":"https:\/\/kaufhaus-tyrol.at\/de\/wp-json\/wp\/v2\/pages\/1371\/revisions\/20570"}],"wp:featuredmedia":[{"embeddable":true,"href":"https:\/\/kaufhaus-tyrol.at\/de\/wp-json\/wp\/v2\/media\/14122"}],"wp:attachment":[{"href":"https:\/\/kaufhaus-tyrol.at\/de\/wp-json\/wp\/v2\/media?parent=1371"}],"curies":[{"name":"wp","href":"https:\/\/api.w.org\/{rel}","templated":true}]}}