{"id":14028,"date":"2021-08-09T14:29:39","date_gmt":"2021-08-09T12:29:39","guid":{"rendered":"https:\/\/www.kaufhaus-tyrol.at\/?page_id=14028"},"modified":"2024-06-11T12:25:15","modified_gmt":"2024-06-11T10:25:15","slug":"handyaufladestation","status":"publish","type":"page","link":"https:\/\/kaufhaus-tyrol.at\/de\/handyaufladestation\/","title":{"rendered":"Handyaufladestation"},"content":{"rendered":"<div class=\"wpb-content-wrapper\"><p>[vc_row][vc_column][vc_custom_heading text=&#8220;Handy Tankstelle&#8220; use_theme_fonts=&#8220;yes&#8220;][\/vc_column][\/vc_row][vc_row][vc_column][vc_column_text]<\/p>\n<p class=\"bodytext\">Im OG3, direkt vor der Intersport Filiale finden Sie eine kostenlose Aufladestation f\u00fcr Smartphones und Tablets!<\/p>\n<p>Sie verf\u00fcgt \u00fcber 10 Schlie\u00dff\u00e4cher mit Ladeanschl\u00fcssen f\u00fcr alle g\u00e4ngigen Smartphones und Tablets.<\/p>\n<p class=\"bodytext\">Einfach Ihr Smartphone in einem der 8 Schlie\u00dff\u00e4cher mit dem entsprechenden Ladekabel (befindet sich im Fach) verbinden und F\u00fcr Tablets stehen Ihnen weiter 2 Schlie\u00dff\u00e4cher zur Verf\u00fcgung. Die F\u00e4cher werden mit einem Schl\u00fcssel versperrt, welcher von Ihnen dann abgezogen werden kann.<\/p>\n<p>[\/vc_column_text][\/vc_column][\/vc_row]<\/p>\n<\/div>","protected":false},"excerpt":{"rendered":"<p>[vc_row][vc_column][vc_custom_heading text=&#8220;Handy Tankstelle&#8220; use_theme_fonts=&#8220;yes&#8220;][\/vc_column][\/vc_row][vc_row][vc_column][vc_column_text] Im OG3, direkt vor der Intersport Filiale finden Sie eine kostenlose Aufladestation f\u00fcr Smartphones und Tablets! Sie verf\u00fcgt \u00fcber 10 Schlie\u00dff\u00e4cher mit Ladeanschl\u00fcssen f\u00fcr alle g\u00e4ngigen Smartphones und Tablets. Einfach Ihr Smartphone in einem der 8 Schlie\u00dff\u00e4cher mit dem entsprechenden Ladekabel (befindet sich im Fach) verbinden und F\u00fcr Tablets stehen Ihnen<\/p>\n","protected":false},"author":5025,"featured_media":14134,"parent":0,"menu_order":0,"comment_status":"closed","ping_status":"closed","template":"","meta":{"_acf_changed":false,"inline_featured_image":false,"footnotes":""},"acf":[],"yoast_head":"<!-- This site is optimized with the Yoast SEO plugin v23.5 - https:\/\/yoast.com\/wordpress\/plugins\/seo\/ -->\n<title>Handyaufladestation - Kaufhaus Tyrol<\/title>\n<meta name=\"robots\" content=\"index, follow, max-snippet:-1, max-image-preview:large, max-video-preview:-1\" \/>\n<link rel=\"canonical\" href=\"https:\/\/kaufhaus-tyrol.at\/de\/handyaufladestation\/\" \/>\n<meta property=\"og:locale\" content=\"de_DE\" \/>\n<meta property=\"og:type\" content=\"article\" \/>\n<meta property=\"og:title\" content=\"Handyaufladestation - Kaufhaus Tyrol\" \/>\n<meta property=\"og:description\" content=\"[vc_row][vc_column][vc_custom_heading text=&#8220;Handy Tankstelle&#8220; use_theme_fonts=&#8220;yes&#8220;][\/vc_column][\/vc_row][vc_row][vc_column][vc_column_text] Im OG3, direkt vor der Intersport Filiale finden Sie eine kostenlose Aufladestation f\u00fcr Smartphones und Tablets! Sie verf\u00fcgt \u00fcber 10 Schlie\u00dff\u00e4cher mit Ladeanschl\u00fcssen f\u00fcr alle g\u00e4ngigen Smartphones und Tablets. Einfach Ihr Smartphone in einem der 8 Schlie\u00dff\u00e4cher mit dem entsprechenden Ladekabel (befindet sich im Fach) verbinden und F\u00fcr Tablets stehen Ihnen\" \/>\n<meta property=\"og:url\" content=\"https:\/\/kaufhaus-tyrol.at\/de\/handyaufladestation\/\" \/>\n<meta property=\"og:site_name\" content=\"Kaufhaus Tyrol\" \/>\n<meta property=\"article:publisher\" content=\"https:\/\/www.facebook.com\/kaufhaustyrol\/\" \/>\n<meta property=\"article:modified_time\" content=\"2024-06-11T10:25:15+00:00\" \/>\n<meta property=\"og:image\" content=\"https:\/\/kaufhaus-tyrol.at\/wp-content\/uploads\/2021\/08\/KHT_HP-Slider-Unterseite_3840x1304px_EF1920x652px_2021_10-1-scaled.jpg\" \/>\n\t<meta property=\"og:image:width\" content=\"2560\" \/>\n\t<meta property=\"og:image:height\" content=\"869\" \/>\n\t<meta property=\"og:image:type\" content=\"image\/jpeg\" \/>\n<meta name=\"twitter:card\" content=\"summary_large_image\" \/>\n<meta name=\"twitter:label1\" content=\"Gesch\u00e4tzte Lesezeit\" \/>\n\t<meta name=\"twitter:data1\" content=\"1\u00a0Minute\" \/>\n<script type=\"application\/ld+json\" class=\"yoast-schema-graph\">{\"@context\":\"https:\/\/schema.org\",\"@graph\":[{\"@type\":\"WebPage\",\"@id\":\"https:\/\/kaufhaus-tyrol.at\/de\/handyaufladestation\/\",\"url\":\"https:\/\/kaufhaus-tyrol.at\/de\/handyaufladestation\/\",\"name\":\"Handyaufladestation - Kaufhaus Tyrol\",\"isPartOf\":{\"@id\":\"https:\/\/kaufhaus-tyrol.at\/de\/#website\"},\"primaryImageOfPage\":{\"@id\":\"https:\/\/kaufhaus-tyrol.at\/de\/handyaufladestation\/#primaryimage\"},\"image\":{\"@id\":\"https:\/\/kaufhaus-tyrol.at\/de\/handyaufladestation\/#primaryimage\"},\"thumbnailUrl\":\"https:\/\/kaufhaus-tyrol.at\/wp-content\/uploads\/2021\/08\/KHT_HP-Slider-Unterseite_3840x1304px_EF1920x652px_2021_10-1-scaled.jpg\",\"datePublished\":\"2021-08-09T12:29:39+00:00\",\"dateModified\":\"2024-06-11T10:25:15+00:00\",\"breadcrumb\":{\"@id\":\"https:\/\/kaufhaus-tyrol.at\/de\/handyaufladestation\/#breadcrumb\"},\"inLanguage\":\"de\",\"potentialAction\":[{\"@type\":\"ReadAction\",\"target\":[\"https:\/\/kaufhaus-tyrol.at\/de\/handyaufladestation\/\"]}]},{\"@type\":\"ImageObject\",\"inLanguage\":\"de\",\"@id\":\"https:\/\/kaufhaus-tyrol.at\/de\/handyaufladestation\/#primaryimage\",\"url\":\"https:\/\/kaufhaus-tyrol.at\/wp-content\/uploads\/2021\/08\/KHT_HP-Slider-Unterseite_3840x1304px_EF1920x652px_2021_10-1-scaled.jpg\",\"contentUrl\":\"https:\/\/kaufhaus-tyrol.at\/wp-content\/uploads\/2021\/08\/KHT_HP-Slider-Unterseite_3840x1304px_EF1920x652px_2021_10-1-scaled.jpg\",\"width\":2560,\"height\":869,\"caption\":\"Handyaufladestation im OG1\"},{\"@type\":\"BreadcrumbList\",\"@id\":\"https:\/\/kaufhaus-tyrol.at\/de\/handyaufladestation\/#breadcrumb\",\"itemListElement\":[{\"@type\":\"ListItem\",\"position\":1,\"name\":\"Home\",\"item\":\"https:\/\/kaufhaus-tyrol.at\/de\/\"},{\"@type\":\"ListItem\",\"position\":2,\"name\":\"Handyaufladestation\"}]},{\"@type\":\"WebSite\",\"@id\":\"https:\/\/kaufhaus-tyrol.at\/de\/#website\",\"url\":\"https:\/\/kaufhaus-tyrol.at\/de\/\",\"name\":\"Kaufhaus Tyrol\",\"description\":\"Shopping im Herzen von Innsbruck\",\"potentialAction\":[{\"@type\":\"SearchAction\",\"target\":{\"@type\":\"EntryPoint\",\"urlTemplate\":\"https:\/\/kaufhaus-tyrol.at\/de\/?s={search_term_string}\"},\"query-input\":{\"@type\":\"PropertyValueSpecification\",\"valueRequired\":true,\"valueName\":\"search_term_string\"}}],\"inLanguage\":\"de\"}]}<\/script>\n<!-- \/ Yoast SEO plugin. -->","yoast_head_json":{"title":"Handyaufladestation - Kaufhaus Tyrol","robots":{"index":"index","follow":"follow","max-snippet":"max-snippet:-1","max-image-preview":"max-image-preview:large","max-video-preview":"max-video-preview:-1"},"canonical":"https:\/\/kaufhaus-tyrol.at\/de\/handyaufladestation\/","og_locale":"de_DE","og_type":"article","og_title":"Handyaufladestation - Kaufhaus Tyrol","og_description":"[vc_row][vc_column][vc_custom_heading text=&#8220;Handy Tankstelle&#8220; use_theme_fonts=&#8220;yes&#8220;][\/vc_column][\/vc_row][vc_row][vc_column][vc_column_text] Im OG3, direkt vor der Intersport Filiale finden Sie eine kostenlose Aufladestation f\u00fcr Smartphones und Tablets! Sie verf\u00fcgt \u00fcber 10 Schlie\u00dff\u00e4cher mit Ladeanschl\u00fcssen f\u00fcr alle g\u00e4ngigen Smartphones und Tablets. Einfach Ihr Smartphone in einem der 8 Schlie\u00dff\u00e4cher mit dem entsprechenden Ladekabel (befindet sich im Fach) verbinden und F\u00fcr Tablets stehen Ihnen","og_url":"https:\/\/kaufhaus-tyrol.at\/de\/handyaufladestation\/","og_site_name":"Kaufhaus Tyrol","article_publisher":"https:\/\/www.facebook.com\/kaufhaustyrol\/","article_modified_time":"2024-06-11T10:25:15+00:00","og_image":[{"width":2560,"height":869,"url":"https:\/\/kaufhaus-tyrol.at\/wp-content\/uploads\/2021\/08\/KHT_HP-Slider-Unterseite_3840x1304px_EF1920x652px_2021_10-1-scaled.jpg","type":"image\/jpeg"}],"twitter_card":"summary_large_image","twitter_misc":{"Gesch\u00e4tzte Lesezeit":"1\u00a0Minute"},"schema":{"@context":"https:\/\/schema.org","@graph":[{"@type":"WebPage","@id":"https:\/\/kaufhaus-tyrol.at\/de\/handyaufladestation\/","url":"https:\/\/kaufhaus-tyrol.at\/de\/handyaufladestation\/","name":"Handyaufladestation - Kaufhaus Tyrol","isPartOf":{"@id":"https:\/\/kaufhaus-tyrol.at\/de\/#website"},"primaryImageOfPage":{"@id":"https:\/\/kaufhaus-tyrol.at\/de\/handyaufladestation\/#primaryimage"},"image":{"@id":"https:\/\/kaufhaus-tyrol.at\/de\/handyaufladestation\/#primaryimage"},"thumbnailUrl":"https:\/\/kaufhaus-tyrol.at\/wp-content\/uploads\/2021\/08\/KHT_HP-Slider-Unterseite_3840x1304px_EF1920x652px_2021_10-1-scaled.jpg","datePublished":"2021-08-09T12:29:39+00:00","dateModified":"2024-06-11T10:25:15+00:00","breadcrumb":{"@id":"https:\/\/kaufhaus-tyrol.at\/de\/handyaufladestation\/#breadcrumb"},"inLanguage":"de","potentialAction":[{"@type":"ReadAction","target":["https:\/\/kaufhaus-tyrol.at\/de\/handyaufladestation\/"]}]},{"@type":"ImageObject","inLanguage":"de","@id":"https:\/\/kaufhaus-tyrol.at\/de\/handyaufladestation\/#primaryimage","url":"https:\/\/kaufhaus-tyrol.at\/wp-content\/uploads\/2021\/08\/KHT_HP-Slider-Unterseite_3840x1304px_EF1920x652px_2021_10-1-scaled.jpg","contentUrl":"https:\/\/kaufhaus-tyrol.at\/wp-content\/uploads\/2021\/08\/KHT_HP-Slider-Unterseite_3840x1304px_EF1920x652px_2021_10-1-scaled.jpg","width":2560,"height":869,"caption":"Handyaufladestation im OG1"},{"@type":"BreadcrumbList","@id":"https:\/\/kaufhaus-tyrol.at\/de\/handyaufladestation\/#breadcrumb","itemListElement":[{"@type":"ListItem","position":1,"name":"Home","item":"https:\/\/kaufhaus-tyrol.at\/de\/"},{"@type":"ListItem","position":2,"name":"Handyaufladestation"}]},{"@type":"WebSite","@id":"https:\/\/kaufhaus-tyrol.at\/de\/#website","url":"https:\/\/kaufhaus-tyrol.at\/de\/","name":"Kaufhaus Tyrol","description":"Shopping im Herzen von Innsbruck","potentialAction":[{"@type":"SearchAction","target":{"@type":"EntryPoint","urlTemplate":"https:\/\/kaufhaus-tyrol.at\/de\/?s={search_term_string}"},"query-input":{"@type":"PropertyValueSpecification","valueRequired":true,"valueName":"search_term_string"}}],"inLanguage":"de"}]}},"_links":{"self":[{"href":"https:\/\/kaufhaus-tyrol.at\/de\/wp-json\/wp\/v2\/pages\/14028"}],"collection":[{"href":"https:\/\/kaufhaus-tyrol.at\/de\/wp-json\/wp\/v2\/pages"}],"about":[{"href":"https:\/\/kaufhaus-tyrol.at\/de\/wp-json\/wp\/v2\/types\/page"}],"author":[{"embeddable":true,"href":"https:\/\/kaufhaus-tyrol.at\/de\/wp-json\/wp\/v2\/users\/5025"}],"replies":[{"embeddable":true,"href":"https:\/\/kaufhaus-tyrol.at\/de\/wp-json\/wp\/v2\/comments?post=14028"}],"version-history":[{"count":2,"href":"https:\/\/kaufhaus-tyrol.at\/de\/wp-json\/wp\/v2\/pages\/14028\/revisions"}],"predecessor-version":[{"id":19649,"href":"https:\/\/kaufhaus-tyrol.at\/de\/wp-json\/wp\/v2\/pages\/14028\/revisions\/19649"}],"wp:featuredmedia":[{"embeddable":true,"href":"https:\/\/kaufhaus-tyrol.at\/de\/wp-json\/wp\/v2\/media\/14134"}],"wp:attachment":[{"href":"https:\/\/kaufhaus-tyrol.at\/de\/wp-json\/wp\/v2\/media?parent=14028"}],"curies":[{"name":"wp","href":"https:\/\/api.w.org\/{rel}","templated":true}]}}