{"id":19199,"date":"2024-04-10T08:58:41","date_gmt":"2024-04-10T06:58:41","guid":{"rendered":"https:\/\/kaufhaus-tyrol.at\/?page_id=19199"},"modified":"2025-12-22T16:58:02","modified_gmt":"2025-12-22T15:58:02","slug":"anfahrt-2024","status":"publish","type":"page","link":"https:\/\/kaufhaus-tyrol.at\/de\/anfahrt-2024\/","title":{"rendered":"Anfahrt"},"content":{"rendered":"<div class=\"wpb-content-wrapper\"><p>[vc_row][vc_column][vc_custom_heading text=&#8220;Anfahrtsbeschreibung&#8220; use_theme_fonts=&#8220;yes&#8220;][vc_separator align=&#8220;align_left&#8220;][vc_column_text]Die Zentralgarage ist ge\u00f6ffnet![\/vc_column_text][vc_column_text]<strong>EINFAHRT &amp; AUSFAHRT \u00fcber den Boznerplatz via:<\/strong><\/p>\n<ul>\n<li>Meinhardstra\u00dfe, Brixnerstra\u00dfe und Hauptbahnhof<\/li>\n<\/ul>\n<p><strong>ZUS\u00c4TZLICHE AUSFAHRT \u00fcber den Boznerplatz von Mo-Do 16-18 Uhr und Fr 12-14 Uhr:<\/strong><\/p>\n<ul>\n<li>\u00fcber die Meranerstra\u00dfe Richtung Triumphpforte<\/li>\n<\/ul>\n<p>[\/vc_column_text][\/vc_column][\/vc_row][vc_row disable_element=&#8220;yes&#8220;][vc_column][vc_raw_html]JTNDaWZyYW1lJTIwd2lkdGglM0QlMjcxMDAlMjUlMjclMjBoZWlnaHQlM0QlMjc2NDBweCUyNyUyMHNyYyUzRCUyMmh0dHBzJTNBJTJGJTJGYXBpLm1hcGJveC5jb20lMkZzdHlsZXMlMkZ2MSUyRmhhdHNjaC0yMDI0JTJGY2x1dGljbTBoMDAxdjAxcGljMzFyYXo2bS5odG1sJTNGdGl0bGUlM0RmYWxzZSUyNmFjY2Vzc190b2tlbiUzRHBrLmV5SjFJam9pYUdGMGMyTm9MVEl3TWpRaUxDSmhJam9pWTJ4MWRHZDFNM2xsTUdKNWVESnNiekYyZG5sMmNXSmpOeUo5LjB0Rl90el91TU5TZ0U2THJxT1ZfQ3clMjZ6b29td2hlZWwlM0RmYWxzZSUyMzEzLjY2JTJGNDcuMjY1NzM5JTJGMTEuMzk0ODg0JTIyJTIwdGl0bGUlM0QlMjJVbnRpdGxlZCUyMiUyMHN0eWxlJTNEJTIyYm9yZGVyJTNBbm9uZSUzQiUyMiUzRSUzQyUyRmlmcmFtZSUzRQ==[\/vc_raw_html][\/vc_column][\/vc_row][vc_row][vc_column][vc_single_image image=&#8220;21658&#8243; img_size=&#8220;full&#8220;][\/vc_column][\/vc_row][vc_row][vc_column][vc_custom_heading text=&#8220;Routenplanung \u00fcber Google Maps&#8220; font_container=&#8220;tag:h5|text_align:left&#8220; use_theme_fonts=&#8220;yes&#8220;][\/vc_column][\/vc_row][vc_row][vc_column width=&#8220;1\/3&#8243;][vc_btn title=&#8220;FUSSWEG&#8220; color=&#8220;default&#8220; size=&#8220;lg&#8220; align=&#8220;center&#8220; i_type=&#8220;material&#8220; i_icon_material=&#8220;vc-material vc-material-directions_walk&#8220; add_icon=&#8220;true&#8220; link=&#8220;url:https%3A%2F%2Fwww.google.at%2Fmaps%2Fdir%2F%2FKaufhaus%2BTyrol%2C%2BMaria-Theresien-Stra%C3%9Fe%2C%2BInnsbruck%2F%4047.2654413%2C11.3537877%2C13z%2Fdata%3D!3m2!4b1!5s0x479d6bfca547cbcb%3A0x53d27afc26f3b264!4m9!4m8!1m0!1m5!1m1!1s0x479d6be36c497ad9%3A0xbc572eadc51bd1c!2m2!1d11.3949868!2d47.2654487!3e2!5m1!1e2%3Fentry%3Dttu|target:_blank&#8220;][\/vc_column][vc_column width=&#8220;1\/3&#8243;][vc_btn title=&#8220;\u00d6FFENTLICHE VERKEHRSMITTEL&#8220; color=&#8220;default&#8220; size=&#8220;lg&#8220; align=&#8220;center&#8220; i_type=&#8220;material&#8220; i_icon_material=&#8220;vc-material vc-material-directions_transit&#8220; add_icon=&#8220;true&#8220; link=&#8220;url:https%3A%2F%2Fwww.google.at%2Fmaps%2Fdir%2F%2FKaufhaus%2BTyrol%2C%2BMaria-Theresien-Stra%C3%9Fe%2C%2BInnsbruck%2F%4047.2654897%2C11.3935287%2C18z%2Fdata%3D!3m1!5s0x479d6bfca547cbcb%3A0x53d27afc26f3b264!4m9!4m8!1m0!1m5!1m1!1s0x479d6be36c497ad9%3A0xbc572eadc51bd1c!2m2!1d11.3949868!2d47.2654487!3e3!5m1!1e2%3Fentry%3Dttu|target:_blank&#8220;][\/vc_column][vc_column width=&#8220;1\/3&#8243;][vc_btn title=&#8220;AUTO&#8220; color=&#8220;default&#8220; size=&#8220;lg&#8220; align=&#8220;center&#8220; i_type=&#8220;material&#8220; i_icon_material=&#8220;vc-material vc-material-directions_car&#8220; add_icon=&#8220;true&#8220; link=&#8220;url:https%3A%2F%2Fwww.google.at%2Fmaps%2Fdir%2F%2FWilhelm-Greil-Stra%C3%9Fe%2B10%2C%2B6020%2BInnsbruck%2F%4047.2657517%2C11.3958234%2C18z%2Fdata%3D!4m9!4m8!1m0!1m5!1m1!1s0x479d6bfcc2a23847%3A0xa42243f36d25f2ad!2m2!1d11.396987!2d47.2657955!3e0!5m1!1e1%3Fentry%3Dttu|target:_blank&#8220;][\/vc_column][\/vc_row][vc_row][vc_column][vc_column_text]Des weiteren stehen mit der<a href=\"https:\/\/kaufhaus-tyrol.at\/de\/elefant-zero\/\"> Elefant Zero E-Tankstelle<\/a> zehn Stellpl\u00e4tze zum Aufladen Ihres Elektro-Fahrzeuges in unserer Tiefgarage bereit.[\/vc_column_text][\/vc_column][\/vc_row]<\/p>\n<\/div>","protected":false},"excerpt":{"rendered":"<p>[vc_row][vc_column][vc_custom_heading text=&#8220;Anfahrtsbeschreibung&#8220; use_theme_fonts=&#8220;yes&#8220;][vc_separator align=&#8220;align_left&#8220;][vc_column_text]Die Zentralgarage ist ge\u00f6ffnet![\/vc_column_text][vc_column_text]EINFAHRT &amp; AUSFAHRT \u00fcber den Boznerplatz via: Meinhardstra\u00dfe, Brixnerstra\u00dfe und Hauptbahnhof ZUS\u00c4TZLICHE AUSFAHRT \u00fcber den Boznerplatz von Mo-Do 16-18 Uhr und Fr 12-14 Uhr: \u00fcber die Meranerstra\u00dfe Richtung Triumphpforte [\/vc_column_text][\/vc_column][\/vc_row][vc_row disable_element=&#8220;yes&#8220;][vc_column][vc_raw_html]JTNDaWZyYW1lJTIwd2lkdGglM0QlMjcxMDAlMjUlMjclMjBoZWlnaHQlM0QlMjc2NDBweCUyNyUyMHNyYyUzRCUyMmh0dHBzJTNBJTJGJTJGYXBpLm1hcGJveC5jb20lMkZzdHlsZXMlMkZ2MSUyRmhhdHNjaC0yMDI0JTJGY2x1dGljbTBoMDAxdjAxcGljMzFyYXo2bS5odG1sJTNGdGl0bGUlM0RmYWxzZSUyNmFjY2Vzc190b2tlbiUzRHBrLmV5SjFJam9pYUdGMGMyTm9MVEl3TWpRaUxDSmhJam9pWTJ4MWRHZDFNM2xsTUdKNWVESnNiekYyZG5sMmNXSmpOeUo5LjB0Rl90el91TU5TZ0U2THJxT1ZfQ3clMjZ6b29td2hlZWwlM0RmYWxzZSUyMzEzLjY2JTJGNDcuMjY1NzM5JTJGMTEuMzk0ODg0JTIyJTIwdGl0bGUlM0QlMjJVbnRpdGxlZCUyMiUyMHN0eWxlJTNEJTIyYm9yZGVyJTNBbm9uZSUzQiUyMiUzRSUzQyUyRmlmcmFtZSUzRQ==[\/vc_raw_html][\/vc_column][\/vc_row][vc_row][vc_column][vc_single_image image=&#8220;21658&#8243; img_size=&#8220;full&#8220;][\/vc_column][\/vc_row][vc_row][vc_column][vc_custom_heading text=&#8220;Routenplanung \u00fcber Google Maps&#8220; font_container=&#8220;tag:h5|text_align:left&#8220; use_theme_fonts=&#8220;yes&#8220;][\/vc_column][\/vc_row][vc_row][vc_column width=&#8220;1\/3&#8243;][vc_btn title=&#8220;FUSSWEG&#8220; color=&#8220;default&#8220; size=&#8220;lg&#8220; align=&#8220;center&#8220; i_type=&#8220;material&#8220; i_icon_material=&#8220;vc-material vc-material-directions_walk&#8220; add_icon=&#8220;true&#8220; link=&#8220;url:https%3A%2F%2Fwww.google.at%2Fmaps%2Fdir%2F%2FKaufhaus%2BTyrol%2C%2BMaria-Theresien-Stra%C3%9Fe%2C%2BInnsbruck%2F%4047.2654413%2C11.3537877%2C13z%2Fdata%3D!3m2!4b1!5s0x479d6bfca547cbcb%3A0x53d27afc26f3b264!4m9!4m8!1m0!1m5!1m1!1s0x479d6be36c497ad9%3A0xbc572eadc51bd1c!2m2!1d11.3949868!2d47.2654487!3e2!5m1!1e2%3Fentry%3Dttu|target:_blank&#8220;][\/vc_column][vc_column<\/p>\n","protected":false},"author":5025,"featured_media":19638,"parent":0,"menu_order":0,"comment_status":"closed","ping_status":"closed","template":"","meta":{"_acf_changed":false,"inline_featured_image":false,"footnotes":""},"acf":[],"yoast_head":"<!-- This site is optimized with the Yoast SEO plugin v23.5 - https:\/\/yoast.com\/wordpress\/plugins\/seo\/ -->\n<title>Anfahrt ins Einkaufszentrum - Kaufhaus Tyrol<\/title>\n<meta name=\"description\" content=\"Der direkte Weg ins Einkaufszentrum Kaufhaus Tyrol in der Innsbrucker Innenstadt. Egal ob mit Auto, \u00d6ffis, Fahhrad oder zu Fu\u00df - besuchen Sie uns!\" \/>\n<meta name=\"robots\" content=\"index, follow, max-snippet:-1, max-image-preview:large, max-video-preview:-1\" \/>\n<link rel=\"canonical\" href=\"https:\/\/kaufhaus-tyrol.at\/de\/anfahrt-2024\/\" \/>\n<meta property=\"og:locale\" content=\"de_DE\" \/>\n<meta property=\"og:type\" content=\"article\" \/>\n<meta property=\"og:title\" content=\"Anfahrt ins Einkaufszentrum - Kaufhaus Tyrol\" \/>\n<meta property=\"og:description\" content=\"Der direkte Weg ins Einkaufszentrum Kaufhaus Tyrol in der Innsbrucker Innenstadt. Egal ob mit Auto, \u00d6ffis, Fahhrad oder zu Fu\u00df - besuchen Sie uns!\" \/>\n<meta property=\"og:url\" content=\"https:\/\/kaufhaus-tyrol.at\/de\/anfahrt-2024\/\" \/>\n<meta property=\"og:site_name\" content=\"Kaufhaus Tyrol\" \/>\n<meta property=\"article:publisher\" content=\"https:\/\/www.facebook.com\/kaufhaustyrol\/\" \/>\n<meta property=\"article:modified_time\" content=\"2025-12-22T15:58:02+00:00\" \/>\n<meta property=\"og:image\" content=\"https:\/\/kaufhaus-tyrol.at\/wp-content\/uploads\/2024\/06\/parkgarage-img.jpg\" \/>\n\t<meta property=\"og:image:width\" content=\"1539\" \/>\n\t<meta property=\"og:image:height\" content=\"522\" \/>\n\t<meta property=\"og:image:type\" content=\"image\/jpeg\" \/>\n<meta name=\"twitter:card\" content=\"summary_large_image\" \/>\n<meta name=\"twitter:label1\" content=\"Gesch\u00e4tzte Lesezeit\" \/>\n\t<meta name=\"twitter:data1\" content=\"1\u00a0Minute\" \/>\n<script type=\"application\/ld+json\" class=\"yoast-schema-graph\">{\"@context\":\"https:\/\/schema.org\",\"@graph\":[{\"@type\":\"WebPage\",\"@id\":\"https:\/\/kaufhaus-tyrol.at\/de\/anfahrt-2024\/\",\"url\":\"https:\/\/kaufhaus-tyrol.at\/de\/anfahrt-2024\/\",\"name\":\"Anfahrt ins Einkaufszentrum - Kaufhaus Tyrol\",\"isPartOf\":{\"@id\":\"https:\/\/kaufhaus-tyrol.at\/de\/#website\"},\"primaryImageOfPage\":{\"@id\":\"https:\/\/kaufhaus-tyrol.at\/de\/anfahrt-2024\/#primaryimage\"},\"image\":{\"@id\":\"https:\/\/kaufhaus-tyrol.at\/de\/anfahrt-2024\/#primaryimage\"},\"thumbnailUrl\":\"https:\/\/kaufhaus-tyrol.at\/wp-content\/uploads\/2024\/06\/parkgarage-img.jpg\",\"datePublished\":\"2024-04-10T06:58:41+00:00\",\"dateModified\":\"2025-12-22T15:58:02+00:00\",\"description\":\"Der direkte Weg ins Einkaufszentrum Kaufhaus Tyrol in der Innsbrucker Innenstadt. Egal ob mit Auto, \u00d6ffis, Fahhrad oder zu Fu\u00df - besuchen Sie uns!\",\"breadcrumb\":{\"@id\":\"https:\/\/kaufhaus-tyrol.at\/de\/anfahrt-2024\/#breadcrumb\"},\"inLanguage\":\"de\",\"potentialAction\":[{\"@type\":\"ReadAction\",\"target\":[\"https:\/\/kaufhaus-tyrol.at\/de\/anfahrt-2024\/\"]}]},{\"@type\":\"ImageObject\",\"inLanguage\":\"de\",\"@id\":\"https:\/\/kaufhaus-tyrol.at\/de\/anfahrt-2024\/#primaryimage\",\"url\":\"https:\/\/kaufhaus-tyrol.at\/wp-content\/uploads\/2024\/06\/parkgarage-img.jpg\",\"contentUrl\":\"https:\/\/kaufhaus-tyrol.at\/wp-content\/uploads\/2024\/06\/parkgarage-img.jpg\",\"width\":1539,\"height\":522,\"caption\":\"Zentralgarage Kaufhaus Tyrol\"},{\"@type\":\"BreadcrumbList\",\"@id\":\"https:\/\/kaufhaus-tyrol.at\/de\/anfahrt-2024\/#breadcrumb\",\"itemListElement\":[{\"@type\":\"ListItem\",\"position\":1,\"name\":\"Home\",\"item\":\"https:\/\/kaufhaus-tyrol.at\/de\/\"},{\"@type\":\"ListItem\",\"position\":2,\"name\":\"Anfahrt\"}]},{\"@type\":\"WebSite\",\"@id\":\"https:\/\/kaufhaus-tyrol.at\/de\/#website\",\"url\":\"https:\/\/kaufhaus-tyrol.at\/de\/\",\"name\":\"Kaufhaus Tyrol\",\"description\":\"Shopping im Herzen von Innsbruck\",\"potentialAction\":[{\"@type\":\"SearchAction\",\"target\":{\"@type\":\"EntryPoint\",\"urlTemplate\":\"https:\/\/kaufhaus-tyrol.at\/de\/?s={search_term_string}\"},\"query-input\":{\"@type\":\"PropertyValueSpecification\",\"valueRequired\":true,\"valueName\":\"search_term_string\"}}],\"inLanguage\":\"de\"}]}<\/script>\n<!-- \/ Yoast SEO plugin. -->","yoast_head_json":{"title":"Anfahrt ins Einkaufszentrum - Kaufhaus Tyrol","description":"Der direkte Weg ins Einkaufszentrum Kaufhaus Tyrol in der Innsbrucker Innenstadt. Egal ob mit Auto, \u00d6ffis, Fahhrad oder zu Fu\u00df - besuchen Sie uns!","robots":{"index":"index","follow":"follow","max-snippet":"max-snippet:-1","max-image-preview":"max-image-preview:large","max-video-preview":"max-video-preview:-1"},"canonical":"https:\/\/kaufhaus-tyrol.at\/de\/anfahrt-2024\/","og_locale":"de_DE","og_type":"article","og_title":"Anfahrt ins Einkaufszentrum - Kaufhaus Tyrol","og_description":"Der direkte Weg ins Einkaufszentrum Kaufhaus Tyrol in der Innsbrucker Innenstadt. Egal ob mit Auto, \u00d6ffis, Fahhrad oder zu Fu\u00df - besuchen Sie uns!","og_url":"https:\/\/kaufhaus-tyrol.at\/de\/anfahrt-2024\/","og_site_name":"Kaufhaus Tyrol","article_publisher":"https:\/\/www.facebook.com\/kaufhaustyrol\/","article_modified_time":"2025-12-22T15:58:02+00:00","og_image":[{"width":1539,"height":522,"url":"https:\/\/kaufhaus-tyrol.at\/wp-content\/uploads\/2024\/06\/parkgarage-img.jpg","type":"image\/jpeg"}],"twitter_card":"summary_large_image","twitter_misc":{"Gesch\u00e4tzte Lesezeit":"1\u00a0Minute"},"schema":{"@context":"https:\/\/schema.org","@graph":[{"@type":"WebPage","@id":"https:\/\/kaufhaus-tyrol.at\/de\/anfahrt-2024\/","url":"https:\/\/kaufhaus-tyrol.at\/de\/anfahrt-2024\/","name":"Anfahrt ins Einkaufszentrum - Kaufhaus Tyrol","isPartOf":{"@id":"https:\/\/kaufhaus-tyrol.at\/de\/#website"},"primaryImageOfPage":{"@id":"https:\/\/kaufhaus-tyrol.at\/de\/anfahrt-2024\/#primaryimage"},"image":{"@id":"https:\/\/kaufhaus-tyrol.at\/de\/anfahrt-2024\/#primaryimage"},"thumbnailUrl":"https:\/\/kaufhaus-tyrol.at\/wp-content\/uploads\/2024\/06\/parkgarage-img.jpg","datePublished":"2024-04-10T06:58:41+00:00","dateModified":"2025-12-22T15:58:02+00:00","description":"Der direkte Weg ins Einkaufszentrum Kaufhaus Tyrol in der Innsbrucker Innenstadt. Egal ob mit Auto, \u00d6ffis, Fahhrad oder zu Fu\u00df - besuchen Sie uns!","breadcrumb":{"@id":"https:\/\/kaufhaus-tyrol.at\/de\/anfahrt-2024\/#breadcrumb"},"inLanguage":"de","potentialAction":[{"@type":"ReadAction","target":["https:\/\/kaufhaus-tyrol.at\/de\/anfahrt-2024\/"]}]},{"@type":"ImageObject","inLanguage":"de","@id":"https:\/\/kaufhaus-tyrol.at\/de\/anfahrt-2024\/#primaryimage","url":"https:\/\/kaufhaus-tyrol.at\/wp-content\/uploads\/2024\/06\/parkgarage-img.jpg","contentUrl":"https:\/\/kaufhaus-tyrol.at\/wp-content\/uploads\/2024\/06\/parkgarage-img.jpg","width":1539,"height":522,"caption":"Zentralgarage Kaufhaus Tyrol"},{"@type":"BreadcrumbList","@id":"https:\/\/kaufhaus-tyrol.at\/de\/anfahrt-2024\/#breadcrumb","itemListElement":[{"@type":"ListItem","position":1,"name":"Home","item":"https:\/\/kaufhaus-tyrol.at\/de\/"},{"@type":"ListItem","position":2,"name":"Anfahrt"}]},{"@type":"WebSite","@id":"https:\/\/kaufhaus-tyrol.at\/de\/#website","url":"https:\/\/kaufhaus-tyrol.at\/de\/","name":"Kaufhaus Tyrol","description":"Shopping im Herzen von Innsbruck","potentialAction":[{"@type":"SearchAction","target":{"@type":"EntryPoint","urlTemplate":"https:\/\/kaufhaus-tyrol.at\/de\/?s={search_term_string}"},"query-input":{"@type":"PropertyValueSpecification","valueRequired":true,"valueName":"search_term_string"}}],"inLanguage":"de"}]}},"_links":{"self":[{"href":"https:\/\/kaufhaus-tyrol.at\/de\/wp-json\/wp\/v2\/pages\/19199"}],"collection":[{"href":"https:\/\/kaufhaus-tyrol.at\/de\/wp-json\/wp\/v2\/pages"}],"about":[{"href":"https:\/\/kaufhaus-tyrol.at\/de\/wp-json\/wp\/v2\/types\/page"}],"author":[{"embeddable":true,"href":"https:\/\/kaufhaus-tyrol.at\/de\/wp-json\/wp\/v2\/users\/5025"}],"replies":[{"embeddable":true,"href":"https:\/\/kaufhaus-tyrol.at\/de\/wp-json\/wp\/v2\/comments?post=19199"}],"version-history":[{"count":32,"href":"https:\/\/kaufhaus-tyrol.at\/de\/wp-json\/wp\/v2\/pages\/19199\/revisions"}],"predecessor-version":[{"id":21661,"href":"https:\/\/kaufhaus-tyrol.at\/de\/wp-json\/wp\/v2\/pages\/19199\/revisions\/21661"}],"wp:featuredmedia":[{"embeddable":true,"href":"https:\/\/kaufhaus-tyrol.at\/de\/wp-json\/wp\/v2\/media\/19638"}],"wp:attachment":[{"href":"https:\/\/kaufhaus-tyrol.at\/de\/wp-json\/wp\/v2\/media?parent=19199"}],"curies":[{"name":"wp","href":"https:\/\/api.w.org\/{rel}","templated":true}]}}