{"id":2371,"date":"2018-04-19T16:41:13","date_gmt":"2018-04-19T14:41:13","guid":{"rendered":"http:\/\/kht.tribiz.at\/?page_id=2371"},"modified":"2025-03-05T11:34:20","modified_gmt":"2025-03-05T10:34:20","slug":"parkgarage","status":"publish","type":"page","link":"https:\/\/kaufhaus-tyrol.at\/de\/parkgarage\/","title":{"rendered":"Parkgarage"},"content":{"rendered":"<div class=\"wpb-content-wrapper\"><p>[vc_row el_class=&#8220;.parkingpage&#8220;][vc_column][vc_custom_heading text=&#8220;Parken rund um die Uhr<br \/>\nin der hauseigenen Tiefgarage&#8220; font_container=&#8220;tag:h1|text_align:center&#8220; use_theme_fonts=&#8220;yes&#8220; el_class=&#8220;page-title&#8220;][vc_column_text]24 Stunden t\u00e4glich, 7 Tage in der Woche \u2013 das sind die \u00d6ffnungszeiten unserer Tiefgarage. Wann immer Sie also wollen, parken Sie Ihr Auto direkt unter dem Kaufhaus Tyrol.<\/p>\n<p>Au\u00dferhalb der Shop-\u00d6ffnungszeiten gelangen Sie mit Ihrem Parkticket \u00fcber den 24-Stunden Eingang links neben dem Haupteingang in der Maria-Theresien-Stra\u00dfe zu Ihrem Auto.[\/vc_column_text][vc_column_text]<\/p>\n<table class=\"table table-bordered parking-tariff-table\" style=\"height: 264px;\" width=\"1234\">\n<thead>\n<tr>\n<th><\/th>\n<th colspan=\"2\">\n<h2 class=\"h2-bold\">Tagestarife 8 \u2013 19 Uhr<\/h2>\n<\/th>\n<\/tr>\n<tr>\n<th><\/th>\n<th>Mo &#8211; Sa<\/th>\n<th>So, Feiertag<\/th>\n<\/tr>\n<\/thead>\n<tbody>\n<tr>\n<td>0-30 min<\/td>\n<td>1,60 Euro<\/td>\n<td>0,90 Euro<\/td>\n<\/tr>\n<tr>\n<td>alle weiteren 30 Min<br \/>\n(je angefangener \u00bd Stunde)<\/td>\n<td>1,20 Euro<\/td>\n<td>1,20 Euro<\/td>\n<\/tr>\n<\/tbody>\n<\/table>\n<p>[\/vc_column_text][vc_empty_space height=&#8220;60px&#8220;][vc_column_text]<\/p>\n<table class=\"table table-bordered parking-tariff-table\" style=\"height: 264px;\" width=\"1234\">\n<thead>\n<tr>\n<th><\/th>\n<th>\n<h2 class=\"h2-bold\">Nachttarife 19 &#8211; 8 Uhr<\/h2>\n<\/th>\n<\/tr>\n<tr>\n<th><\/th>\n<th>Mo\u00a0&#8211;\u00a0So, Feiertag<\/th>\n<\/tr>\n<\/thead>\n<tbody>\n<tr>\n<td>0-60 min<\/td>\n<td>1,00 Euro<\/td>\n<\/tr>\n<tr>\n<td>alle weiteren 60 Min<br \/>\n(je angefangener Stunde)<\/td>\n<td>1,00 Euro<\/td>\n<\/tr>\n<\/tbody>\n<\/table>\n<p>[\/vc_column_text][\/vc_column][\/vc_row][vc_row el_class=&#8220;.parkingpage&#8220;][vc_column width=&#8220;1\/2&#8243;][vc_column_text]Alle Tarife inkl. 20% MwSt. Mit der Bezahlung der Parkgeb\u00fchr ist der Parkzeitraum beendet und die Garage innerhalb von 10 Minuten zu verlassen.<\/p>\n<p>Bei Ticketverlust wird das doppelte Tagesmaximum f\u00fcr den ersten Tag eingehoben, au\u00dfer es wird eine l\u00e4ngere Einstelldauer nachgewiesen.<\/p>\n<h2 class=\"h2-bold mt-5\">Bei technischer St\u00f6rung<\/h2>\n<p>Ruftaste bei Kassenautomat oder Schranken dr\u00fccken oder rufen Sie<br \/>\n<strong>Tel. +43 13 13 15 1660<\/strong>[\/vc_column_text][\/vc_column][vc_column width=&#8220;1\/2&#8243;][vc_column_text]<\/p>\n<h2 class=\"h2-bold\">Innenstadtkarte<\/h2>\n<p>in allen teilnehmenden Shops erh\u00e4ltlich und hier einl\u00f6sbar.[\/vc_column_text][vc_single_image image=&#8220;2374&#8243; img_size=&#8220;full&#8220; alignment=&#8220;center&#8220; el_class=&#8220;card-img&#8220;][vc_custom_heading text=&#8220;Wir akzeptieren:&#8220; use_theme_fonts=&#8220;yes&#8220; el_class=&#8220;h2-bold&#8220;][vc_single_image image=&#8220;2377&#8243; img_size=&#8220;full&#8220;][\/vc_column][\/vc_row]<\/p>\n<\/div>","protected":false},"excerpt":{"rendered":"<p>[vc_row el_class=&#8220;.parkingpage&#8220;][vc_column][vc_custom_heading text=&#8220;Parken rund um die Uhr in der hauseigenen Tiefgarage&#8220; font_container=&#8220;tag:h1|text_align:center&#8220; use_theme_fonts=&#8220;yes&#8220; el_class=&#8220;page-title&#8220;][vc_column_text]24 Stunden t\u00e4glich, 7 Tage in der Woche \u2013 das sind die \u00d6ffnungszeiten unserer Tiefgarage. Wann immer Sie also wollen, parken Sie Ihr Auto direkt unter dem Kaufhaus Tyrol. Au\u00dferhalb der Shop-\u00d6ffnungszeiten gelangen Sie mit Ihrem Parkticket \u00fcber den 24-Stunden Eingang links<\/p>\n","protected":false},"author":5025,"featured_media":20098,"parent":0,"menu_order":0,"comment_status":"closed","ping_status":"closed","template":"","meta":{"_acf_changed":false,"inline_featured_image":false,"footnotes":""},"acf":[],"yoast_head":"<!-- This site is optimized with the Yoast SEO plugin v23.5 - https:\/\/yoast.com\/wordpress\/plugins\/seo\/ -->\n<title>Parken in Innsbruck - Kaufhaus Tyrol<\/title>\n<meta name=\"description\" content=\"Parken in der Kaufhaus Tyrol Parkgarage 24 Stunden t\u00e4glich, 7 Tage in der Woche. In der E-Tankstelle Elefant Blue k\u00f6nnen auch E-Autos geladen werden.\" \/>\n<meta name=\"robots\" content=\"index, follow, max-snippet:-1, max-image-preview:large, max-video-preview:-1\" \/>\n<link rel=\"canonical\" href=\"https:\/\/kaufhaus-tyrol.at\/de\/parkgarage\/\" \/>\n<meta property=\"og:locale\" content=\"de_DE\" \/>\n<meta property=\"og:type\" content=\"article\" \/>\n<meta property=\"og:title\" content=\"Parken in Innsbruck - Kaufhaus Tyrol\" \/>\n<meta property=\"og:description\" content=\"Parken in der Kaufhaus Tyrol Parkgarage 24 Stunden t\u00e4glich, 7 Tage in der Woche. In der E-Tankstelle Elefant Blue k\u00f6nnen auch E-Autos geladen werden.\" \/>\n<meta property=\"og:url\" content=\"https:\/\/kaufhaus-tyrol.at\/de\/parkgarage\/\" \/>\n<meta property=\"og:site_name\" content=\"Kaufhaus Tyrol\" \/>\n<meta property=\"article:publisher\" content=\"https:\/\/www.facebook.com\/kaufhaustyrol\/\" \/>\n<meta property=\"article:modified_time\" content=\"2025-03-05T10:34:20+00:00\" \/>\n<meta property=\"og:image\" content=\"https:\/\/kaufhaus-tyrol.at\/wp-content\/uploads\/2024\/09\/02_KHT_HP-Slider-Unterseite_gratisparken_3840x1304px_EF-1920x652px_20240918-scaled.jpg\" \/>\n\t<meta property=\"og:image:width\" content=\"2560\" \/>\n\t<meta property=\"og:image:height\" content=\"869\" \/>\n\t<meta property=\"og:image:type\" content=\"image\/jpeg\" \/>\n<meta name=\"twitter:card\" content=\"summary_large_image\" \/>\n<meta name=\"twitter:label1\" content=\"Gesch\u00e4tzte Lesezeit\" \/>\n\t<meta name=\"twitter:data1\" content=\"2\u00a0Minuten\" \/>\n<script type=\"application\/ld+json\" class=\"yoast-schema-graph\">{\"@context\":\"https:\/\/schema.org\",\"@graph\":[{\"@type\":\"WebPage\",\"@id\":\"https:\/\/kaufhaus-tyrol.at\/de\/parkgarage\/\",\"url\":\"https:\/\/kaufhaus-tyrol.at\/de\/parkgarage\/\",\"name\":\"Parken in Innsbruck - Kaufhaus Tyrol\",\"isPartOf\":{\"@id\":\"https:\/\/kaufhaus-tyrol.at\/de\/#website\"},\"primaryImageOfPage\":{\"@id\":\"https:\/\/kaufhaus-tyrol.at\/de\/parkgarage\/#primaryimage\"},\"image\":{\"@id\":\"https:\/\/kaufhaus-tyrol.at\/de\/parkgarage\/#primaryimage\"},\"thumbnailUrl\":\"https:\/\/kaufhaus-tyrol.at\/wp-content\/uploads\/2024\/09\/02_KHT_HP-Slider-Unterseite_gratisparken_3840x1304px_EF-1920x652px_20240918-scaled.jpg\",\"datePublished\":\"2018-04-19T14:41:13+00:00\",\"dateModified\":\"2025-03-05T10:34:20+00:00\",\"description\":\"Parken in der Kaufhaus Tyrol Parkgarage 24 Stunden t\u00e4glich, 7 Tage in der Woche. In der E-Tankstelle Elefant Blue k\u00f6nnen auch E-Autos geladen werden.\",\"breadcrumb\":{\"@id\":\"https:\/\/kaufhaus-tyrol.at\/de\/parkgarage\/#breadcrumb\"},\"inLanguage\":\"de\",\"potentialAction\":[{\"@type\":\"ReadAction\",\"target\":[\"https:\/\/kaufhaus-tyrol.at\/de\/parkgarage\/\"]}]},{\"@type\":\"ImageObject\",\"inLanguage\":\"de\",\"@id\":\"https:\/\/kaufhaus-tyrol.at\/de\/parkgarage\/#primaryimage\",\"url\":\"https:\/\/kaufhaus-tyrol.at\/wp-content\/uploads\/2024\/09\/02_KHT_HP-Slider-Unterseite_gratisparken_3840x1304px_EF-1920x652px_20240918-scaled.jpg\",\"contentUrl\":\"https:\/\/kaufhaus-tyrol.at\/wp-content\/uploads\/2024\/09\/02_KHT_HP-Slider-Unterseite_gratisparken_3840x1304px_EF-1920x652px_20240918-scaled.jpg\",\"width\":2560,\"height\":869,\"caption\":\"Gratis Parken - erste Stunde kostenfrei\"},{\"@type\":\"BreadcrumbList\",\"@id\":\"https:\/\/kaufhaus-tyrol.at\/de\/parkgarage\/#breadcrumb\",\"itemListElement\":[{\"@type\":\"ListItem\",\"position\":1,\"name\":\"Home\",\"item\":\"https:\/\/kaufhaus-tyrol.at\/de\/\"},{\"@type\":\"ListItem\",\"position\":2,\"name\":\"Parkgarage\"}]},{\"@type\":\"WebSite\",\"@id\":\"https:\/\/kaufhaus-tyrol.at\/de\/#website\",\"url\":\"https:\/\/kaufhaus-tyrol.at\/de\/\",\"name\":\"Kaufhaus Tyrol\",\"description\":\"Shopping im Herzen von Innsbruck\",\"potentialAction\":[{\"@type\":\"SearchAction\",\"target\":{\"@type\":\"EntryPoint\",\"urlTemplate\":\"https:\/\/kaufhaus-tyrol.at\/de\/?s={search_term_string}\"},\"query-input\":{\"@type\":\"PropertyValueSpecification\",\"valueRequired\":true,\"valueName\":\"search_term_string\"}}],\"inLanguage\":\"de\"}]}<\/script>\n<!-- \/ Yoast SEO plugin. -->","yoast_head_json":{"title":"Parken in Innsbruck - Kaufhaus Tyrol","description":"Parken in der Kaufhaus Tyrol Parkgarage 24 Stunden t\u00e4glich, 7 Tage in der Woche. In der E-Tankstelle Elefant Blue k\u00f6nnen auch E-Autos geladen werden.","robots":{"index":"index","follow":"follow","max-snippet":"max-snippet:-1","max-image-preview":"max-image-preview:large","max-video-preview":"max-video-preview:-1"},"canonical":"https:\/\/kaufhaus-tyrol.at\/de\/parkgarage\/","og_locale":"de_DE","og_type":"article","og_title":"Parken in Innsbruck - Kaufhaus Tyrol","og_description":"Parken in der Kaufhaus Tyrol Parkgarage 24 Stunden t\u00e4glich, 7 Tage in der Woche. In der E-Tankstelle Elefant Blue k\u00f6nnen auch E-Autos geladen werden.","og_url":"https:\/\/kaufhaus-tyrol.at\/de\/parkgarage\/","og_site_name":"Kaufhaus Tyrol","article_publisher":"https:\/\/www.facebook.com\/kaufhaustyrol\/","article_modified_time":"2025-03-05T10:34:20+00:00","og_image":[{"width":2560,"height":869,"url":"https:\/\/kaufhaus-tyrol.at\/wp-content\/uploads\/2024\/09\/02_KHT_HP-Slider-Unterseite_gratisparken_3840x1304px_EF-1920x652px_20240918-scaled.jpg","type":"image\/jpeg"}],"twitter_card":"summary_large_image","twitter_misc":{"Gesch\u00e4tzte Lesezeit":"2\u00a0Minuten"},"schema":{"@context":"https:\/\/schema.org","@graph":[{"@type":"WebPage","@id":"https:\/\/kaufhaus-tyrol.at\/de\/parkgarage\/","url":"https:\/\/kaufhaus-tyrol.at\/de\/parkgarage\/","name":"Parken in Innsbruck - Kaufhaus Tyrol","isPartOf":{"@id":"https:\/\/kaufhaus-tyrol.at\/de\/#website"},"primaryImageOfPage":{"@id":"https:\/\/kaufhaus-tyrol.at\/de\/parkgarage\/#primaryimage"},"image":{"@id":"https:\/\/kaufhaus-tyrol.at\/de\/parkgarage\/#primaryimage"},"thumbnailUrl":"https:\/\/kaufhaus-tyrol.at\/wp-content\/uploads\/2024\/09\/02_KHT_HP-Slider-Unterseite_gratisparken_3840x1304px_EF-1920x652px_20240918-scaled.jpg","datePublished":"2018-04-19T14:41:13+00:00","dateModified":"2025-03-05T10:34:20+00:00","description":"Parken in der Kaufhaus Tyrol Parkgarage 24 Stunden t\u00e4glich, 7 Tage in der Woche. In der E-Tankstelle Elefant Blue k\u00f6nnen auch E-Autos geladen werden.","breadcrumb":{"@id":"https:\/\/kaufhaus-tyrol.at\/de\/parkgarage\/#breadcrumb"},"inLanguage":"de","potentialAction":[{"@type":"ReadAction","target":["https:\/\/kaufhaus-tyrol.at\/de\/parkgarage\/"]}]},{"@type":"ImageObject","inLanguage":"de","@id":"https:\/\/kaufhaus-tyrol.at\/de\/parkgarage\/#primaryimage","url":"https:\/\/kaufhaus-tyrol.at\/wp-content\/uploads\/2024\/09\/02_KHT_HP-Slider-Unterseite_gratisparken_3840x1304px_EF-1920x652px_20240918-scaled.jpg","contentUrl":"https:\/\/kaufhaus-tyrol.at\/wp-content\/uploads\/2024\/09\/02_KHT_HP-Slider-Unterseite_gratisparken_3840x1304px_EF-1920x652px_20240918-scaled.jpg","width":2560,"height":869,"caption":"Gratis Parken - erste Stunde kostenfrei"},{"@type":"BreadcrumbList","@id":"https:\/\/kaufhaus-tyrol.at\/de\/parkgarage\/#breadcrumb","itemListElement":[{"@type":"ListItem","position":1,"name":"Home","item":"https:\/\/kaufhaus-tyrol.at\/de\/"},{"@type":"ListItem","position":2,"name":"Parkgarage"}]},{"@type":"WebSite","@id":"https:\/\/kaufhaus-tyrol.at\/de\/#website","url":"https:\/\/kaufhaus-tyrol.at\/de\/","name":"Kaufhaus Tyrol","description":"Shopping im Herzen von Innsbruck","potentialAction":[{"@type":"SearchAction","target":{"@type":"EntryPoint","urlTemplate":"https:\/\/kaufhaus-tyrol.at\/de\/?s={search_term_string}"},"query-input":{"@type":"PropertyValueSpecification","valueRequired":true,"valueName":"search_term_string"}}],"inLanguage":"de"}]}},"_links":{"self":[{"href":"https:\/\/kaufhaus-tyrol.at\/de\/wp-json\/wp\/v2\/pages\/2371"}],"collection":[{"href":"https:\/\/kaufhaus-tyrol.at\/de\/wp-json\/wp\/v2\/pages"}],"about":[{"href":"https:\/\/kaufhaus-tyrol.at\/de\/wp-json\/wp\/v2\/types\/page"}],"author":[{"embeddable":true,"href":"https:\/\/kaufhaus-tyrol.at\/de\/wp-json\/wp\/v2\/users\/5025"}],"replies":[{"embeddable":true,"href":"https:\/\/kaufhaus-tyrol.at\/de\/wp-json\/wp\/v2\/comments?post=2371"}],"version-history":[{"count":35,"href":"https:\/\/kaufhaus-tyrol.at\/de\/wp-json\/wp\/v2\/pages\/2371\/revisions"}],"predecessor-version":[{"id":20663,"href":"https:\/\/kaufhaus-tyrol.at\/de\/wp-json\/wp\/v2\/pages\/2371\/revisions\/20663"}],"wp:featuredmedia":[{"embeddable":true,"href":"https:\/\/kaufhaus-tyrol.at\/de\/wp-json\/wp\/v2\/media\/20098"}],"wp:attachment":[{"href":"https:\/\/kaufhaus-tyrol.at\/de\/wp-json\/wp\/v2\/media?parent=2371"}],"curies":[{"name":"wp","href":"https:\/\/api.w.org\/{rel}","templated":true}]}}