{"id":2393,"date":"2018-04-19T23:35:28","date_gmt":"2018-04-19T21:35:28","guid":{"rendered":"http:\/\/kht.tribiz.at\/?page_id=2393"},"modified":"2022-04-01T11:06:45","modified_gmt":"2022-04-01T09:06:45","slug":"elefant-zero","status":"publish","type":"page","link":"https:\/\/kaufhaus-tyrol.at\/de\/elefant-zero\/","title":{"rendered":"Elefant Zero"},"content":{"rendered":"<div class=\"wpb-content-wrapper\"><p>[vc_row el_class=&#8220;elephantblue-text&#8220;][vc_column][vc_custom_heading text=&#8220;E-Tankstelle Elefant Zero im UG2&#8243; font_container=&#8220;tag:h1|text_align:center&#8220; use_theme_fonts=&#8220;yes&#8220; el_class=&#8220;page-title&#8220;][vc_column_text]<\/p>\n<p style=\"text-align: center\"><strong>Zehn E-Parkpl\u00e4tze stehen im Kaufhaus Tyrol zur Verf\u00fcgung<\/strong><\/p>\n<p>Das Angenehme mit dem N\u00fctzlichen zu verbinden, ist immer eine gute Idee. Unser Vorschlag zu diesem Thema: Sie flanieren entspannt durch das Kaufhaus Tyrol und genie\u00dfen das reichhaltige Shop-Angebot w\u00e4hrend ihr E-Auto aufgeladen wird.<\/p>\n<p>Im UG2 der hauseigenen Tiefgarage steht dazu die E-Tankstelle Elefant Zero bereit. Einfach auf einem der 10 Stellpl\u00e4tze parken und der Bedienungsanleitung folgen. Das Aufladen geht im Handumdrehen, und wenn Sie vom Shopping zur\u00fcckkommen, ist Ihr Auto bereit f\u00fcr die Heimfahrt.[\/vc_column_text][vc_single_image image=&#8220;13893&#8243; img_size=&#8220;full&#8220; alignment=&#8220;center&#8220;][vc_column_text]<\/p>\n<h5 style=\"text-align: left\"><strong>M\u00f6glichkeiten zum Aufladen:<\/strong><\/h5>\n<p class=\"p2\" style=\"text-align: left\"><strong><span class=\"s1\">1. RFID Karte<\/span><\/strong><\/p>\n<ul class=\"ul1\" style=\"text-align: left\">\n<li class=\"li3\"><span class=\"s1\">Karte scannen<\/span><\/li>\n<li class=\"li3\"><span class=\"s1\">Ladekabel anschlie\u00dfen<\/span><\/li>\n<li class=\"li3\"><span class=\"s1\">Ladevorgang beginnt<\/span><\/li>\n<li class=\"li3\"><span class=\"s1\">Zum Beenden Karte scannen<\/span><\/li>\n<li class=\"li3\"><span class=\"s1\">Ladekabel zuerst vom Auto trennen<\/span><\/li>\n<\/ul>\n<p class=\"p2\" style=\"text-align: left\"><strong><span class=\"s1\">2. QR-Code<\/span><\/strong><\/p>\n<ul class=\"ul1\" style=\"text-align: left\">\n<li class=\"li3\"><span class=\"s1\">QR-Code scannen<\/span><\/li>\n<li class=\"li3\"><span class=\"s1\">Den Anweisungen auf Ihrem mobilen Endger\u00e4t folgen<\/span><\/li>\n<li class=\"li3\"><span class=\"s1\">Zum Beenden: dr\u00fccken Sie den Stop-Button auf der Website<\/span><\/li>\n<\/ul>\n<p class=\"p2\" style=\"text-align: left\"><strong><span class=\"s1\">3. App<\/span><\/strong><\/p>\n<ul class=\"ul1\">\n<li class=\"li3\" style=\"text-align: left\"><span class=\"s1\">App \u00f6ffnen<\/span><\/li>\n<li class=\"li3\" style=\"text-align: left\"><span class=\"s1\">Den Anweisungen auf Ihrem mobilen Endger\u00e4t folgen<\/span><\/li>\n<li class=\"li3\" style=\"text-align: left\"><span class=\"s1\">Zum Beenden: dr\u00fccken Sie den Stop-Button in der App<\/span><\/li>\n<\/ul>\n<p>[\/vc_column_text][\/vc_column][\/vc_row][vc_row][vc_column][vc_column_text]\n\t                    <section class=\"btn-animated\">\n                        <a href=\"https:\/\/kaufhaus-tyrol.at\/anfahrt\/\">\n                            <span class=\"text\">Anfahrt zur Ladestation<\/span>\n                            <span class=\"line -right\"><\/span>\n                            <span class=\"line -top\"><\/span>\n                            <span class=\"line -left\"><\/span>\n                            <span class=\"line -bottom\"><\/span>\n                        <\/a>\n                    <\/section>\n\t[\/vc_column_text][\/vc_column][\/vc_row][vc_row][vc_column][\/vc_column][\/vc_row][vc_row][vc_column][\/vc_column][\/vc_row]<\/p>\n<\/div>","protected":false},"excerpt":{"rendered":"<p>[vc_row el_class=&#8220;elephantblue-text&#8220;][vc_column][vc_custom_heading text=&#8220;E-Tankstelle Elefant Zero im UG2&#8243; font_container=&#8220;tag:h1|text_align:center&#8220; use_theme_fonts=&#8220;yes&#8220; el_class=&#8220;page-title&#8220;][vc_column_text] Zehn E-Parkpl\u00e4tze stehen im Kaufhaus Tyrol zur Verf\u00fcgung Das Angenehme mit dem N\u00fctzlichen zu verbinden, ist immer eine gute Idee. Unser Vorschlag zu diesem Thema: Sie flanieren entspannt durch das Kaufhaus Tyrol und genie\u00dfen das reichhaltige Shop-Angebot w\u00e4hrend ihr E-Auto aufgeladen wird. Im UG2 der<\/p>\n","protected":false},"author":5025,"featured_media":15649,"parent":0,"menu_order":0,"comment_status":"closed","ping_status":"closed","template":"","meta":{"_acf_changed":false,"inline_featured_image":false,"footnotes":""},"acf":[],"yoast_head":"<!-- This site is optimized with the Yoast SEO plugin v23.5 - https:\/\/yoast.com\/wordpress\/plugins\/seo\/ -->\n<title>E-Tankstelle in Innsbruck - Kaufhaus Tyrol<\/title>\n<meta name=\"description\" content=\"Im 2. Untergeschoss des Kaufhaus Tyrol gibt es die M\u00f6glichkeit auch E-Autos an der E-Tankstelle zu laden. Bequem Shoppen und w\u00e4hrenddessen Auto laden.\" \/>\n<meta name=\"robots\" content=\"index, follow, max-snippet:-1, max-image-preview:large, max-video-preview:-1\" \/>\n<link rel=\"canonical\" href=\"https:\/\/kaufhaus-tyrol.at\/de\/elefant-zero\/\" \/>\n<meta property=\"og:locale\" content=\"de_DE\" \/>\n<meta property=\"og:type\" content=\"article\" \/>\n<meta property=\"og:title\" content=\"E-Tankstelle in Innsbruck - Kaufhaus Tyrol\" \/>\n<meta property=\"og:description\" content=\"Im 2. Untergeschoss des Kaufhaus Tyrol gibt es die M\u00f6glichkeit auch E-Autos an der E-Tankstelle zu laden. Bequem Shoppen und w\u00e4hrenddessen Auto laden.\" \/>\n<meta property=\"og:url\" content=\"https:\/\/kaufhaus-tyrol.at\/de\/elefant-zero\/\" \/>\n<meta property=\"og:site_name\" content=\"Kaufhaus Tyrol\" \/>\n<meta property=\"article:publisher\" content=\"https:\/\/www.facebook.com\/kaufhaustyrol\/\" \/>\n<meta property=\"article:modified_time\" content=\"2022-04-01T09:06:45+00:00\" \/>\n<meta property=\"og:image\" content=\"https:\/\/kaufhaus-tyrol.at\/wp-content\/uploads\/2022\/04\/ezero.jpg\" \/>\n\t<meta property=\"og:image:width\" content=\"2560\" \/>\n\t<meta property=\"og:image:height\" content=\"870\" \/>\n\t<meta property=\"og:image:type\" content=\"image\/jpeg\" \/>\n<meta name=\"twitter:card\" content=\"summary_large_image\" \/>\n<meta name=\"twitter:label1\" content=\"Gesch\u00e4tzte Lesezeit\" \/>\n\t<meta name=\"twitter:data1\" content=\"1\u00a0Minute\" \/>\n<script type=\"application\/ld+json\" class=\"yoast-schema-graph\">{\"@context\":\"https:\/\/schema.org\",\"@graph\":[{\"@type\":\"WebPage\",\"@id\":\"https:\/\/kaufhaus-tyrol.at\/de\/elefant-zero\/\",\"url\":\"https:\/\/kaufhaus-tyrol.at\/de\/elefant-zero\/\",\"name\":\"E-Tankstelle in Innsbruck - Kaufhaus Tyrol\",\"isPartOf\":{\"@id\":\"https:\/\/kaufhaus-tyrol.at\/de\/#website\"},\"primaryImageOfPage\":{\"@id\":\"https:\/\/kaufhaus-tyrol.at\/de\/elefant-zero\/#primaryimage\"},\"image\":{\"@id\":\"https:\/\/kaufhaus-tyrol.at\/de\/elefant-zero\/#primaryimage\"},\"thumbnailUrl\":\"https:\/\/kaufhaus-tyrol.at\/wp-content\/uploads\/2022\/04\/ezero.jpg\",\"datePublished\":\"2018-04-19T21:35:28+00:00\",\"dateModified\":\"2022-04-01T09:06:45+00:00\",\"description\":\"Im 2. Untergeschoss des Kaufhaus Tyrol gibt es die M\u00f6glichkeit auch E-Autos an der E-Tankstelle zu laden. Bequem Shoppen und w\u00e4hrenddessen Auto laden.\",\"breadcrumb\":{\"@id\":\"https:\/\/kaufhaus-tyrol.at\/de\/elefant-zero\/#breadcrumb\"},\"inLanguage\":\"de\",\"potentialAction\":[{\"@type\":\"ReadAction\",\"target\":[\"https:\/\/kaufhaus-tyrol.at\/de\/elefant-zero\/\"]}]},{\"@type\":\"ImageObject\",\"inLanguage\":\"de\",\"@id\":\"https:\/\/kaufhaus-tyrol.at\/de\/elefant-zero\/#primaryimage\",\"url\":\"https:\/\/kaufhaus-tyrol.at\/wp-content\/uploads\/2022\/04\/ezero.jpg\",\"contentUrl\":\"https:\/\/kaufhaus-tyrol.at\/wp-content\/uploads\/2022\/04\/ezero.jpg\",\"width\":2560,\"height\":870},{\"@type\":\"BreadcrumbList\",\"@id\":\"https:\/\/kaufhaus-tyrol.at\/de\/elefant-zero\/#breadcrumb\",\"itemListElement\":[{\"@type\":\"ListItem\",\"position\":1,\"name\":\"Home\",\"item\":\"https:\/\/kaufhaus-tyrol.at\/de\/\"},{\"@type\":\"ListItem\",\"position\":2,\"name\":\"Elefant Zero\"}]},{\"@type\":\"WebSite\",\"@id\":\"https:\/\/kaufhaus-tyrol.at\/de\/#website\",\"url\":\"https:\/\/kaufhaus-tyrol.at\/de\/\",\"name\":\"Kaufhaus Tyrol\",\"description\":\"Shopping im Herzen von Innsbruck\",\"potentialAction\":[{\"@type\":\"SearchAction\",\"target\":{\"@type\":\"EntryPoint\",\"urlTemplate\":\"https:\/\/kaufhaus-tyrol.at\/de\/?s={search_term_string}\"},\"query-input\":{\"@type\":\"PropertyValueSpecification\",\"valueRequired\":true,\"valueName\":\"search_term_string\"}}],\"inLanguage\":\"de\"}]}<\/script>\n<!-- \/ Yoast SEO plugin. -->","yoast_head_json":{"title":"E-Tankstelle in Innsbruck - Kaufhaus Tyrol","description":"Im 2. Untergeschoss des Kaufhaus Tyrol gibt es die M\u00f6glichkeit auch E-Autos an der E-Tankstelle zu laden. Bequem Shoppen und w\u00e4hrenddessen Auto laden.","robots":{"index":"index","follow":"follow","max-snippet":"max-snippet:-1","max-image-preview":"max-image-preview:large","max-video-preview":"max-video-preview:-1"},"canonical":"https:\/\/kaufhaus-tyrol.at\/de\/elefant-zero\/","og_locale":"de_DE","og_type":"article","og_title":"E-Tankstelle in Innsbruck - Kaufhaus Tyrol","og_description":"Im 2. Untergeschoss des Kaufhaus Tyrol gibt es die M\u00f6glichkeit auch E-Autos an der E-Tankstelle zu laden. Bequem Shoppen und w\u00e4hrenddessen Auto laden.","og_url":"https:\/\/kaufhaus-tyrol.at\/de\/elefant-zero\/","og_site_name":"Kaufhaus Tyrol","article_publisher":"https:\/\/www.facebook.com\/kaufhaustyrol\/","article_modified_time":"2022-04-01T09:06:45+00:00","og_image":[{"width":2560,"height":870,"url":"https:\/\/kaufhaus-tyrol.at\/wp-content\/uploads\/2022\/04\/ezero.jpg","type":"image\/jpeg"}],"twitter_card":"summary_large_image","twitter_misc":{"Gesch\u00e4tzte Lesezeit":"1\u00a0Minute"},"schema":{"@context":"https:\/\/schema.org","@graph":[{"@type":"WebPage","@id":"https:\/\/kaufhaus-tyrol.at\/de\/elefant-zero\/","url":"https:\/\/kaufhaus-tyrol.at\/de\/elefant-zero\/","name":"E-Tankstelle in Innsbruck - Kaufhaus Tyrol","isPartOf":{"@id":"https:\/\/kaufhaus-tyrol.at\/de\/#website"},"primaryImageOfPage":{"@id":"https:\/\/kaufhaus-tyrol.at\/de\/elefant-zero\/#primaryimage"},"image":{"@id":"https:\/\/kaufhaus-tyrol.at\/de\/elefant-zero\/#primaryimage"},"thumbnailUrl":"https:\/\/kaufhaus-tyrol.at\/wp-content\/uploads\/2022\/04\/ezero.jpg","datePublished":"2018-04-19T21:35:28+00:00","dateModified":"2022-04-01T09:06:45+00:00","description":"Im 2. Untergeschoss des Kaufhaus Tyrol gibt es die M\u00f6glichkeit auch E-Autos an der E-Tankstelle zu laden. Bequem Shoppen und w\u00e4hrenddessen Auto laden.","breadcrumb":{"@id":"https:\/\/kaufhaus-tyrol.at\/de\/elefant-zero\/#breadcrumb"},"inLanguage":"de","potentialAction":[{"@type":"ReadAction","target":["https:\/\/kaufhaus-tyrol.at\/de\/elefant-zero\/"]}]},{"@type":"ImageObject","inLanguage":"de","@id":"https:\/\/kaufhaus-tyrol.at\/de\/elefant-zero\/#primaryimage","url":"https:\/\/kaufhaus-tyrol.at\/wp-content\/uploads\/2022\/04\/ezero.jpg","contentUrl":"https:\/\/kaufhaus-tyrol.at\/wp-content\/uploads\/2022\/04\/ezero.jpg","width":2560,"height":870},{"@type":"BreadcrumbList","@id":"https:\/\/kaufhaus-tyrol.at\/de\/elefant-zero\/#breadcrumb","itemListElement":[{"@type":"ListItem","position":1,"name":"Home","item":"https:\/\/kaufhaus-tyrol.at\/de\/"},{"@type":"ListItem","position":2,"name":"Elefant Zero"}]},{"@type":"WebSite","@id":"https:\/\/kaufhaus-tyrol.at\/de\/#website","url":"https:\/\/kaufhaus-tyrol.at\/de\/","name":"Kaufhaus Tyrol","description":"Shopping im Herzen von Innsbruck","potentialAction":[{"@type":"SearchAction","target":{"@type":"EntryPoint","urlTemplate":"https:\/\/kaufhaus-tyrol.at\/de\/?s={search_term_string}"},"query-input":{"@type":"PropertyValueSpecification","valueRequired":true,"valueName":"search_term_string"}}],"inLanguage":"de"}]}},"_links":{"self":[{"href":"https:\/\/kaufhaus-tyrol.at\/de\/wp-json\/wp\/v2\/pages\/2393"}],"collection":[{"href":"https:\/\/kaufhaus-tyrol.at\/de\/wp-json\/wp\/v2\/pages"}],"about":[{"href":"https:\/\/kaufhaus-tyrol.at\/de\/wp-json\/wp\/v2\/types\/page"}],"author":[{"embeddable":true,"href":"https:\/\/kaufhaus-tyrol.at\/de\/wp-json\/wp\/v2\/users\/5025"}],"replies":[{"embeddable":true,"href":"https:\/\/kaufhaus-tyrol.at\/de\/wp-json\/wp\/v2\/comments?post=2393"}],"version-history":[{"count":27,"href":"https:\/\/kaufhaus-tyrol.at\/de\/wp-json\/wp\/v2\/pages\/2393\/revisions"}],"predecessor-version":[{"id":14155,"href":"https:\/\/kaufhaus-tyrol.at\/de\/wp-json\/wp\/v2\/pages\/2393\/revisions\/14155"}],"wp:featuredmedia":[{"embeddable":true,"href":"https:\/\/kaufhaus-tyrol.at\/de\/wp-json\/wp\/v2\/media\/15649"}],"wp:attachment":[{"href":"https:\/\/kaufhaus-tyrol.at\/de\/wp-json\/wp\/v2\/media?parent=2393"}],"curies":[{"name":"wp","href":"https:\/\/api.w.org\/{rel}","templated":true}]}}