{"id":2944,"date":"2018-07-18T09:24:19","date_gmt":"2018-07-18T07:24:19","guid":{"rendered":"https:\/\/www.kaufhaus-tyrol.at\/?page_id=2944"},"modified":"2022-03-24T11:40:29","modified_gmt":"2022-03-24T10:40:29","slug":"geschenkkarte","status":"publish","type":"page","link":"https:\/\/kaufhaus-tyrol.at\/de\/geschenkkarte\/","title":{"rendered":"Geschenkkarte"},"content":{"rendered":"<div class=\"wpb-content-wrapper\"><p>[vc_row][vc_column][vc_custom_heading text=&#8220;Jetzt Guthaben Ihrer Geschenkkarte abfragen&#8220; font_container=&#8220;tag:h1|text_align:left&#8220; use_theme_fonts=&#8220;yes&#8220;][vc_column_text]Immer eine gute Idee. Wer beim Schenken richtig liegen und Umtauschfrust vermeiden m\u00f6chte, f\u00fcr den gibt es am Infopoint Geschenkgutscheine im Wert von \u20ac 10 zu kaufen. Die Gutscheine sind in allen Kaufhaus Tyrol-Shops einl\u00f6sbar und <a href=\"https:\/\/kaufhaus-tyrol.at\/de\/gutschein-kaufen\/\">ab sofort auch online zu kaufen.<\/a><\/p>\n<p>Sie m\u00f6chten wissen, wie hoch Ihr aktuelles Guthaben ist? Einfach Kartennummer und PIN unten eingeben und schon wird der aktuellen Wert Ihrer Geschenkkarte angezeigt. Au\u00dferdem erhalten Sie eine \u00dcbersicht \u00fcber die zuletzt durchgef\u00fchrten Transaktionen.[\/vc_column_text][vc_column_text] <\/p>\n<div class=\"brlbs-cmpnt-container brlbs-cmpnt-content-blocker brlbs-cmpnt-with-individual-styles\" data-borlabs-cookie-content-blocker-id=\"default\" data-borlabs-cookie-content=\"PGlmcmFtZSBzdHlsZT0iYm9yZGVyOiBub25lOyIgc3JjPSJodHRwczovL2todHZtLnN5cmV0YS5jb20vIiBuYW1lPSJndXRzY2hlaW4iIHdpZHRoPSIxMDAlIiBoZWlnaHQ9IjE1MHB4Ij48L2lmcmFtZT4=\">\n<div class=\"brlbs-cmpnt-cb-preset-a\">\n<p class=\"brlbs-cmpnt-cb-description\">Sie sehen gerade einen Platzhalterinhalt von <strong>Standard<\/strong>. Um auf den eigentlichen Inhalt zuzugreifen, klicken Sie auf den Button unten. Bitte beachten Sie, dass dabei Daten an Drittanbieter weitergegeben werden.<\/p>\n<div class=\"brlbs-cmpnt-cb-buttons\"> <a class=\"brlbs-cmpnt-cb-btn\" href=\"#\" data-borlabs-cookie-unblock role=\"button\">Inhalt entsperren<\/a> <a class=\"brlbs-cmpnt-cb-btn\" href=\"#\" data-borlabs-cookie-accept-service role=\"button\" style=\"display: none\">Erforderlichen Service akzeptieren und Inhalte entsperren<\/a> <\/div>\n<p> <a class=\"brlbs-cmpnt-cb-provider-toggle\" href=\"#\" data-borlabs-cookie-show-provider-information role=\"button\">Weitere Informationen<\/a> <\/div>\n<\/div>\n<p>[\/vc_column_text][\/vc_column][\/vc_row][vc_row][vc_column][\/vc_column][\/vc_row]<\/p>\n<\/div>","protected":false},"excerpt":{"rendered":"<p>[vc_row][vc_column][vc_custom_heading text=&#8220;Jetzt Guthaben Ihrer Geschenkkarte abfragen&#8220; font_container=&#8220;tag:h1|text_align:left&#8220; use_theme_fonts=&#8220;yes&#8220;][vc_column_text]Immer eine gute Idee. Wer beim Schenken richtig liegen und Umtauschfrust vermeiden m\u00f6chte, f\u00fcr den gibt es am Infopoint Geschenkgutscheine im Wert von \u20ac 10 zu kaufen. Die Gutscheine sind in allen Kaufhaus Tyrol-Shops einl\u00f6sbar und ab sofort auch online zu kaufen. Sie m\u00f6chten wissen, wie hoch Ihr<\/p>\n","protected":false},"author":5025,"featured_media":12284,"parent":0,"menu_order":0,"comment_status":"closed","ping_status":"closed","template":"","meta":{"_acf_changed":false,"inline_featured_image":false,"footnotes":""},"acf":[],"yoast_head":"<!-- This site is optimized with the Yoast SEO plugin v23.5 - https:\/\/yoast.com\/wordpress\/plugins\/seo\/ -->\n<title>Geschenkkarte - Kaufhaus Tyrol<\/title>\n<meta name=\"robots\" content=\"index, follow, max-snippet:-1, max-image-preview:large, max-video-preview:-1\" \/>\n<link rel=\"canonical\" href=\"https:\/\/kaufhaus-tyrol.at\/de\/geschenkkarte\/\" \/>\n<meta property=\"og:locale\" content=\"de_DE\" \/>\n<meta property=\"og:type\" content=\"article\" \/>\n<meta property=\"og:title\" content=\"Geschenkkarte - Kaufhaus Tyrol\" \/>\n<meta property=\"og:description\" content=\"[vc_row][vc_column][vc_custom_heading text=&#8220;Jetzt Guthaben Ihrer Geschenkkarte abfragen&#8220; font_container=&#8220;tag:h1|text_align:left&#8220; use_theme_fonts=&#8220;yes&#8220;][vc_column_text]Immer eine gute Idee. Wer beim Schenken richtig liegen und Umtauschfrust vermeiden m\u00f6chte, f\u00fcr den gibt es am Infopoint Geschenkgutscheine im Wert von \u20ac 10 zu kaufen. Die Gutscheine sind in allen Kaufhaus Tyrol-Shops einl\u00f6sbar und ab sofort auch online zu kaufen. Sie m\u00f6chten wissen, wie hoch Ihr\" \/>\n<meta property=\"og:url\" content=\"https:\/\/kaufhaus-tyrol.at\/de\/geschenkkarte\/\" \/>\n<meta property=\"og:site_name\" content=\"Kaufhaus Tyrol\" \/>\n<meta property=\"article:publisher\" content=\"https:\/\/www.facebook.com\/kaufhaustyrol\/\" \/>\n<meta property=\"article:modified_time\" content=\"2022-03-24T10:40:29+00:00\" \/>\n<meta property=\"og:image\" content=\"https:\/\/kaufhaus-tyrol.at\/wp-content\/uploads\/2021\/02\/02-kht-hp-slider-unterseite-geschenkkarte-3840x1304px-ef-1920x652px-jf-20210202-scaled.jpg\" \/>\n\t<meta property=\"og:image:width\" content=\"2560\" \/>\n\t<meta property=\"og:image:height\" content=\"869\" \/>\n\t<meta property=\"og:image:type\" content=\"image\/jpeg\" \/>\n<meta name=\"twitter:card\" content=\"summary_large_image\" \/>\n<meta name=\"twitter:label1\" content=\"Gesch\u00e4tzte Lesezeit\" \/>\n\t<meta name=\"twitter:data1\" content=\"1\u00a0Minute\" \/>\n<script type=\"application\/ld+json\" class=\"yoast-schema-graph\">{\"@context\":\"https:\/\/schema.org\",\"@graph\":[{\"@type\":\"WebPage\",\"@id\":\"https:\/\/kaufhaus-tyrol.at\/de\/geschenkkarte\/\",\"url\":\"https:\/\/kaufhaus-tyrol.at\/de\/geschenkkarte\/\",\"name\":\"Geschenkkarte - Kaufhaus Tyrol\",\"isPartOf\":{\"@id\":\"https:\/\/kaufhaus-tyrol.at\/de\/#website\"},\"primaryImageOfPage\":{\"@id\":\"https:\/\/kaufhaus-tyrol.at\/de\/geschenkkarte\/#primaryimage\"},\"image\":{\"@id\":\"https:\/\/kaufhaus-tyrol.at\/de\/geschenkkarte\/#primaryimage\"},\"thumbnailUrl\":\"https:\/\/kaufhaus-tyrol.at\/wp-content\/uploads\/2021\/02\/02-kht-hp-slider-unterseite-geschenkkarte-3840x1304px-ef-1920x652px-jf-20210202-scaled.jpg\",\"datePublished\":\"2018-07-18T07:24:19+00:00\",\"dateModified\":\"2022-03-24T10:40:29+00:00\",\"breadcrumb\":{\"@id\":\"https:\/\/kaufhaus-tyrol.at\/de\/geschenkkarte\/#breadcrumb\"},\"inLanguage\":\"de\",\"potentialAction\":[{\"@type\":\"ReadAction\",\"target\":[\"https:\/\/kaufhaus-tyrol.at\/de\/geschenkkarte\/\"]}]},{\"@type\":\"ImageObject\",\"inLanguage\":\"de\",\"@id\":\"https:\/\/kaufhaus-tyrol.at\/de\/geschenkkarte\/#primaryimage\",\"url\":\"https:\/\/kaufhaus-tyrol.at\/wp-content\/uploads\/2021\/02\/02-kht-hp-slider-unterseite-geschenkkarte-3840x1304px-ef-1920x652px-jf-20210202-scaled.jpg\",\"contentUrl\":\"https:\/\/kaufhaus-tyrol.at\/wp-content\/uploads\/2021\/02\/02-kht-hp-slider-unterseite-geschenkkarte-3840x1304px-ef-1920x652px-jf-20210202-scaled.jpg\",\"width\":2560,\"height\":869,\"caption\":\"Gift Voucher\"},{\"@type\":\"BreadcrumbList\",\"@id\":\"https:\/\/kaufhaus-tyrol.at\/de\/geschenkkarte\/#breadcrumb\",\"itemListElement\":[{\"@type\":\"ListItem\",\"position\":1,\"name\":\"Home\",\"item\":\"https:\/\/kaufhaus-tyrol.at\/de\/\"},{\"@type\":\"ListItem\",\"position\":2,\"name\":\"Geschenkkarte\"}]},{\"@type\":\"WebSite\",\"@id\":\"https:\/\/kaufhaus-tyrol.at\/de\/#website\",\"url\":\"https:\/\/kaufhaus-tyrol.at\/de\/\",\"name\":\"Kaufhaus Tyrol\",\"description\":\"Shopping im Herzen von Innsbruck\",\"potentialAction\":[{\"@type\":\"SearchAction\",\"target\":{\"@type\":\"EntryPoint\",\"urlTemplate\":\"https:\/\/kaufhaus-tyrol.at\/de\/?s={search_term_string}\"},\"query-input\":{\"@type\":\"PropertyValueSpecification\",\"valueRequired\":true,\"valueName\":\"search_term_string\"}}],\"inLanguage\":\"de\"}]}<\/script>\n<!-- \/ Yoast SEO plugin. -->","yoast_head_json":{"title":"Geschenkkarte - Kaufhaus Tyrol","robots":{"index":"index","follow":"follow","max-snippet":"max-snippet:-1","max-image-preview":"max-image-preview:large","max-video-preview":"max-video-preview:-1"},"canonical":"https:\/\/kaufhaus-tyrol.at\/de\/geschenkkarte\/","og_locale":"de_DE","og_type":"article","og_title":"Geschenkkarte - Kaufhaus Tyrol","og_description":"[vc_row][vc_column][vc_custom_heading text=&#8220;Jetzt Guthaben Ihrer Geschenkkarte abfragen&#8220; font_container=&#8220;tag:h1|text_align:left&#8220; use_theme_fonts=&#8220;yes&#8220;][vc_column_text]Immer eine gute Idee. Wer beim Schenken richtig liegen und Umtauschfrust vermeiden m\u00f6chte, f\u00fcr den gibt es am Infopoint Geschenkgutscheine im Wert von \u20ac 10 zu kaufen. Die Gutscheine sind in allen Kaufhaus Tyrol-Shops einl\u00f6sbar und ab sofort auch online zu kaufen. Sie m\u00f6chten wissen, wie hoch Ihr","og_url":"https:\/\/kaufhaus-tyrol.at\/de\/geschenkkarte\/","og_site_name":"Kaufhaus Tyrol","article_publisher":"https:\/\/www.facebook.com\/kaufhaustyrol\/","article_modified_time":"2022-03-24T10:40:29+00:00","og_image":[{"width":2560,"height":869,"url":"https:\/\/kaufhaus-tyrol.at\/wp-content\/uploads\/2021\/02\/02-kht-hp-slider-unterseite-geschenkkarte-3840x1304px-ef-1920x652px-jf-20210202-scaled.jpg","type":"image\/jpeg"}],"twitter_card":"summary_large_image","twitter_misc":{"Gesch\u00e4tzte Lesezeit":"1\u00a0Minute"},"schema":{"@context":"https:\/\/schema.org","@graph":[{"@type":"WebPage","@id":"https:\/\/kaufhaus-tyrol.at\/de\/geschenkkarte\/","url":"https:\/\/kaufhaus-tyrol.at\/de\/geschenkkarte\/","name":"Geschenkkarte - Kaufhaus Tyrol","isPartOf":{"@id":"https:\/\/kaufhaus-tyrol.at\/de\/#website"},"primaryImageOfPage":{"@id":"https:\/\/kaufhaus-tyrol.at\/de\/geschenkkarte\/#primaryimage"},"image":{"@id":"https:\/\/kaufhaus-tyrol.at\/de\/geschenkkarte\/#primaryimage"},"thumbnailUrl":"https:\/\/kaufhaus-tyrol.at\/wp-content\/uploads\/2021\/02\/02-kht-hp-slider-unterseite-geschenkkarte-3840x1304px-ef-1920x652px-jf-20210202-scaled.jpg","datePublished":"2018-07-18T07:24:19+00:00","dateModified":"2022-03-24T10:40:29+00:00","breadcrumb":{"@id":"https:\/\/kaufhaus-tyrol.at\/de\/geschenkkarte\/#breadcrumb"},"inLanguage":"de","potentialAction":[{"@type":"ReadAction","target":["https:\/\/kaufhaus-tyrol.at\/de\/geschenkkarte\/"]}]},{"@type":"ImageObject","inLanguage":"de","@id":"https:\/\/kaufhaus-tyrol.at\/de\/geschenkkarte\/#primaryimage","url":"https:\/\/kaufhaus-tyrol.at\/wp-content\/uploads\/2021\/02\/02-kht-hp-slider-unterseite-geschenkkarte-3840x1304px-ef-1920x652px-jf-20210202-scaled.jpg","contentUrl":"https:\/\/kaufhaus-tyrol.at\/wp-content\/uploads\/2021\/02\/02-kht-hp-slider-unterseite-geschenkkarte-3840x1304px-ef-1920x652px-jf-20210202-scaled.jpg","width":2560,"height":869,"caption":"Gift Voucher"},{"@type":"BreadcrumbList","@id":"https:\/\/kaufhaus-tyrol.at\/de\/geschenkkarte\/#breadcrumb","itemListElement":[{"@type":"ListItem","position":1,"name":"Home","item":"https:\/\/kaufhaus-tyrol.at\/de\/"},{"@type":"ListItem","position":2,"name":"Geschenkkarte"}]},{"@type":"WebSite","@id":"https:\/\/kaufhaus-tyrol.at\/de\/#website","url":"https:\/\/kaufhaus-tyrol.at\/de\/","name":"Kaufhaus Tyrol","description":"Shopping im Herzen von Innsbruck","potentialAction":[{"@type":"SearchAction","target":{"@type":"EntryPoint","urlTemplate":"https:\/\/kaufhaus-tyrol.at\/de\/?s={search_term_string}"},"query-input":{"@type":"PropertyValueSpecification","valueRequired":true,"valueName":"search_term_string"}}],"inLanguage":"de"}]}},"_links":{"self":[{"href":"https:\/\/kaufhaus-tyrol.at\/de\/wp-json\/wp\/v2\/pages\/2944"}],"collection":[{"href":"https:\/\/kaufhaus-tyrol.at\/de\/wp-json\/wp\/v2\/pages"}],"about":[{"href":"https:\/\/kaufhaus-tyrol.at\/de\/wp-json\/wp\/v2\/types\/page"}],"author":[{"embeddable":true,"href":"https:\/\/kaufhaus-tyrol.at\/de\/wp-json\/wp\/v2\/users\/5025"}],"replies":[{"embeddable":true,"href":"https:\/\/kaufhaus-tyrol.at\/de\/wp-json\/wp\/v2\/comments?post=2944"}],"version-history":[{"count":24,"href":"https:\/\/kaufhaus-tyrol.at\/de\/wp-json\/wp\/v2\/pages\/2944\/revisions"}],"predecessor-version":[{"id":15498,"href":"https:\/\/kaufhaus-tyrol.at\/de\/wp-json\/wp\/v2\/pages\/2944\/revisions\/15498"}],"wp:featuredmedia":[{"embeddable":true,"href":"https:\/\/kaufhaus-tyrol.at\/de\/wp-json\/wp\/v2\/media\/12284"}],"wp:attachment":[{"href":"https:\/\/kaufhaus-tyrol.at\/de\/wp-json\/wp\/v2\/media?parent=2944"}],"curies":[{"name":"wp","href":"https:\/\/api.w.org\/{rel}","templated":true}]}}