{"id":417,"date":"2018-02-22T14:54:20","date_gmt":"2018-02-22T13:54:20","guid":{"rendered":"http:\/\/kht.htmlfriendly.net\/?page_id=417"},"modified":"2021-05-28T08:05:53","modified_gmt":"2021-05-28T06:05:53","slug":"ueber-uns","status":"publish","type":"page","link":"https:\/\/kaufhaus-tyrol.at\/de\/ueber-uns\/","title":{"rendered":"\u00dcber Uns"},"content":{"rendered":"<div class=\"wpb-content-wrapper\"><p>[vc_row][vc_column][vc_custom_heading text=&#8220;Das Shoppingcenter im Herzen Innsbrucks&#8220; font_container=&#8220;tag:h1|text_align:left&#8220; use_theme_fonts=&#8220;yes&#8220;][vc_column_text]Mitten in der Fu\u00dfg\u00e4ngerzone um die Maria-Theresien-Stra\u00dfe gelegen, sorgt das Kaufhaus Tyrol f\u00fcr eine Revitalisierung der traditionellen Shoppingmeile \u2013 und f\u00fcr eine neue Shoppingwelt mitten im Herzen von Innsbruck.[\/vc_column_text][\/vc_column][\/vc_row][vc_row][vc_column width=&#8220;1\/2&#8243;][vc_column_text]<strong>DIE HUNDERTJ\u00c4HRIGE HANDELSGESCHICHTE<\/strong><\/p>\n<p>Am 16. M\u00e4rz 1908 er\u00f6ffneten die j\u00fcdischen Familien Bauer und Schwarz das erste Gro\u00dfkaufhaus in Innsbruck und l\u00e4uteten damit eine v\u00f6llig neue \u00c4ra im Einzelhandel ein. Auch die Architektur des neuen Kaufhauses war bahnbrechend. Denn als erster Stahlbetonbau Innsbrucks war das Kaufhaus mit einer Zentralheizung, Aufz\u00fcgen und einer 18 Meter hohen Mall mit Glas\u00fcberdachung ausgestattet.<br \/>\nNach Zwangsarisierung und Zerst\u00f6rung vor und w\u00e4hrend des Zweiten Weltkrieges wurde das Haus in den Jahren 1945 bis 1954 wieder aufgebaut und 1966 in \u201eKaufhaus Tyrol\u201c umbenannt.<br \/>\nIn den folgenden Jahren blieb die Zeit im Kaufhaus Tyrol stehen. Die zentrale Lage war ein Pfand, jedoch wurde immer deutlicher, dass diese allein in Zukunft nicht gen\u00fcgen w\u00fcrde.[\/vc_column_text][\/vc_column][vc_column width=&#8220;1\/2&#8243;][vc_single_image image=&#8220;1259&#8243; img_size=&#8220;full&#8220; alignment=&#8220;center&#8220;][\/vc_column][\/vc_row][vc_row][vc_column][vc_custom_heading text=&#8220;Aufbruch in eine neue \u00c4ra&#8220; use_theme_fonts=&#8220;yes&#8220;][\/vc_column][\/vc_row][vc_row][vc_column width=&#8220;1\/2&#8243;][vc_column_text]2004 erwarb die SIGNA Holding um den Investor Ren\u00e9 Benko die traditionsreiche Immobilie. Die lange Suche nach dem neuen Gesicht des Kaufhaus Tyrol endete im Oktober 2007 mit der Entscheidung f\u00fcr den Entwurf des englischen Stararchitekten David Chipperfield. Ein Gl\u00fccksfall f\u00fcr Innsbruck \u2013 vereint die Architektur, die in Zusammenarbeit mit Dieter Mathoi Architekten realisiert wurde, doch moderne Eigenst\u00e4ndigkeit mit Identit\u00e4t stiftenden Merkmalen als Reminiszenz an die Historie. Die \u201esanfte Reparatur der Prachtstra\u00dfe\u201c ist gelungen, die Wiederauferstehung eines Tiroler Handels-Wahrzeichens ist gegl\u00fcckt.<\/p>\n<div>\n<div class=\"WordSection1\">\n<div class=\"\"><span class=\"\">Das Kaufhaus Tyrol ist seit 201<\/span><span class=\"\">1<b class=\"\"> <\/b>Teil der<b class=\"\"> <\/b><\/span><span class=\"\"><a href=\"https:\/\/www.signa.at\/de\/real-estate\/kaufhaus-tyrol-innsbruck\/\" target=\"_blank\" rel=\"noopener noreferrer\"><b class=\"\">SIGNA Prime Selection AG<\/b><\/a> (\u201eSIGNA Prime\u201c). <\/span><\/div>\n<\/div>\n<\/div>\n<p>[\/vc_column_text][\/vc_column][vc_column width=&#8220;1\/2&#8243;][vc_single_image image=&#8220;1999&#8243; img_size=&#8220;full&#8220;][\/vc_column][\/vc_row][vc_row][vc_column width=&#8220;1\/2&#8243;][vc_column_text]<strong>MODERNSTE UMWELTTECHNOLOGIE<\/strong><\/p>\n<p>Das Kaufhaus Tyrol ist das erste Shopping Center, das \u00fcber ein System der Betonkernaktivierung verf\u00fcgt. Das bedeutet, dass die Geb\u00e4udestruktur zum Speichern thermischer Energie genutzt wird, um sie bei Bedarf (heizen oder k\u00fchlen) freizusetzen. Dank dieser innovativen und umweltfreundlichen Technologie, in die zwei Millionen Euro investiert wurde, kann j\u00e4hrlich ein CO2-Aussto\u00df von 5.000 Tonnen eingespart werden.[\/vc_column_text][\/vc_column][vc_column width=&#8220;1\/2&#8243;][vc_single_image image=&#8220;2003&#8243; img_size=&#8220;full&#8220;][\/vc_column][\/vc_row][vc_row][vc_column][vc_custom_heading text=&#8220;Auszeichnungen und Awards&#8220; use_theme_fonts=&#8220;yes&#8220;][\/vc_column][\/vc_row][vc_row][vc_column width=&#8220;1\/2&#8243;][vc_single_image image=&#8220;2009&#8243;][\/vc_column][vc_column width=&#8220;1\/2&#8243;][vc_column_text]<strong>2011: ICSC EUROPEAN CONFERENCE-AWARDS<\/strong><\/p>\n<p>Das Kaufhaus Tyrol wurde 2011 zum sch\u00f6nsten und besten Einkaufszentrum Europas gek\u00fcrt. Als Kriterien des weltweit renommierten ICSC European Conference-Awards gelten neben der Architektur unter anderen die Qualit\u00e4t der Entwicklung, der Shopmix, die Nachhaltigkeit sowie die Akzeptanz bei den Kunden.<\/p>\n<p><strong>2012: STAATSPREIS F\u00dcR ARCHITEKTUR<\/strong><\/p>\n<p>\u201eNach au\u00dfen hin ruhig und kontrolliert, im Inneren bewegt und theatralisch \u2026\u201c, so liest sich die Begr\u00fcndung f\u00fcr den 2012 verliehenen Staatspreis f\u00fcr Architektur. In der noble Atmosph\u00e4re des Kaufhaus Tyrol f\u00fchle man sich an die gro\u00dfen Passagen aus dem 19. Jahrhundert erinnert, als beim Einkaufen nicht der Konsum, sondern das Flanieren im Vordergrund stand.<\/p>\n<p><strong>2012: PRIME PROPERTY AWARD (2. PLATZ)<\/strong><\/p>\n<p>Der Prime Property Award zeichnet europ\u00e4ische Immobilieninvestments aus, die wirtschaftlichen Erfolg auf vorbildliche Weise mit \u00f6kologischer und soziokultureller Nachhaltigkeit verbinden. Aus 160 Projekten wurde das Kaufhaus Tyrol \u2013 dank umfangreicher Nutzung des Innwassers sowie innovativem Niedrigenergiekonzept \u2013 auf den zweiten Platz gereiht.[\/vc_column_text][\/vc_column][\/vc_row]<\/p>\n<\/div>","protected":false},"excerpt":{"rendered":"<p>[vc_row][vc_column][vc_custom_heading text=&#8220;Das Shoppingcenter im Herzen Innsbrucks&#8220; font_container=&#8220;tag:h1|text_align:left&#8220; use_theme_fonts=&#8220;yes&#8220;][vc_column_text]Mitten in der Fu\u00dfg\u00e4ngerzone um die Maria-Theresien-Stra\u00dfe gelegen, sorgt das Kaufhaus Tyrol f\u00fcr eine Revitalisierung der traditionellen Shoppingmeile \u2013 und f\u00fcr eine neue Shoppingwelt mitten im Herzen von Innsbruck.[\/vc_column_text][\/vc_column][\/vc_row][vc_row][vc_column width=&#8220;1\/2&#8243;][vc_column_text]DIE HUNDERTJ\u00c4HRIGE HANDELSGESCHICHTE Am 16. M\u00e4rz 1908 er\u00f6ffneten die j\u00fcdischen Familien Bauer und Schwarz das erste Gro\u00dfkaufhaus in Innsbruck<\/p>\n","protected":false},"author":5025,"featured_media":13437,"parent":0,"menu_order":0,"comment_status":"closed","ping_status":"closed","template":"","meta":{"_acf_changed":false,"inline_featured_image":false,"footnotes":""},"acf":[],"yoast_head":"<!-- This site is optimized with the Yoast SEO plugin v23.5 - https:\/\/yoast.com\/wordpress\/plugins\/seo\/ -->\n<title>Das Shoppingcenter in Innsbruck - Kaufhaus Tyrol<\/title>\n<meta name=\"description\" content=\"Unser Kaufhaus Tyrol ist das Traditionsshoppingcenter im Herzen von Innsbruck. Shopping auf h\u00f6chstem Niveau auf 6 Etagen.\" \/>\n<meta name=\"robots\" content=\"index, follow, max-snippet:-1, max-image-preview:large, max-video-preview:-1\" \/>\n<link rel=\"canonical\" href=\"https:\/\/kaufhaus-tyrol.at\/de\/ueber-uns\/\" \/>\n<meta property=\"og:locale\" content=\"de_DE\" \/>\n<meta property=\"og:type\" content=\"article\" \/>\n<meta property=\"og:title\" content=\"Das Shoppingcenter in Innsbruck - Kaufhaus Tyrol\" \/>\n<meta property=\"og:description\" content=\"Unser Kaufhaus Tyrol ist das Traditionsshoppingcenter im Herzen von Innsbruck. Shopping auf h\u00f6chstem Niveau auf 6 Etagen.\" \/>\n<meta property=\"og:url\" content=\"https:\/\/kaufhaus-tyrol.at\/de\/ueber-uns\/\" \/>\n<meta property=\"og:site_name\" content=\"Kaufhaus Tyrol\" \/>\n<meta property=\"article:publisher\" content=\"https:\/\/www.facebook.com\/kaufhaustyrol\/\" \/>\n<meta property=\"article:modified_time\" content=\"2021-05-28T06:05:53+00:00\" \/>\n<meta property=\"og:image\" content=\"https:\/\/kaufhaus-tyrol.at\/wp-content\/uploads\/2021\/05\/01_KHT_HP-Slider-Unterseite_innen_3840x1304px_EF-1920x652px_cb_202105272-scaled.jpg\" \/>\n\t<meta property=\"og:image:width\" content=\"2560\" \/>\n\t<meta property=\"og:image:height\" content=\"869\" \/>\n\t<meta property=\"og:image:type\" content=\"image\/jpeg\" \/>\n<meta name=\"twitter:card\" content=\"summary_large_image\" \/>\n<meta name=\"twitter:label1\" content=\"Gesch\u00e4tzte Lesezeit\" \/>\n\t<meta name=\"twitter:data1\" content=\"3\u00a0Minuten\" \/>\n<script type=\"application\/ld+json\" class=\"yoast-schema-graph\">{\"@context\":\"https:\/\/schema.org\",\"@graph\":[{\"@type\":\"WebPage\",\"@id\":\"https:\/\/kaufhaus-tyrol.at\/de\/ueber-uns\/\",\"url\":\"https:\/\/kaufhaus-tyrol.at\/de\/ueber-uns\/\",\"name\":\"Das Shoppingcenter in Innsbruck - Kaufhaus Tyrol\",\"isPartOf\":{\"@id\":\"https:\/\/kaufhaus-tyrol.at\/de\/#website\"},\"primaryImageOfPage\":{\"@id\":\"https:\/\/kaufhaus-tyrol.at\/de\/ueber-uns\/#primaryimage\"},\"image\":{\"@id\":\"https:\/\/kaufhaus-tyrol.at\/de\/ueber-uns\/#primaryimage\"},\"thumbnailUrl\":\"https:\/\/kaufhaus-tyrol.at\/wp-content\/uploads\/2021\/05\/01_KHT_HP-Slider-Unterseite_innen_3840x1304px_EF-1920x652px_cb_202105272-scaled.jpg\",\"datePublished\":\"2018-02-22T13:54:20+00:00\",\"dateModified\":\"2021-05-28T06:05:53+00:00\",\"description\":\"Unser Kaufhaus Tyrol ist das Traditionsshoppingcenter im Herzen von Innsbruck. Shopping auf h\u00f6chstem Niveau auf 6 Etagen.\",\"breadcrumb\":{\"@id\":\"https:\/\/kaufhaus-tyrol.at\/de\/ueber-uns\/#breadcrumb\"},\"inLanguage\":\"de\",\"potentialAction\":[{\"@type\":\"ReadAction\",\"target\":[\"https:\/\/kaufhaus-tyrol.at\/de\/ueber-uns\/\"]}]},{\"@type\":\"ImageObject\",\"inLanguage\":\"de\",\"@id\":\"https:\/\/kaufhaus-tyrol.at\/de\/ueber-uns\/#primaryimage\",\"url\":\"https:\/\/kaufhaus-tyrol.at\/wp-content\/uploads\/2021\/05\/01_KHT_HP-Slider-Unterseite_innen_3840x1304px_EF-1920x652px_cb_202105272-scaled.jpg\",\"contentUrl\":\"https:\/\/kaufhaus-tyrol.at\/wp-content\/uploads\/2021\/05\/01_KHT_HP-Slider-Unterseite_innen_3840x1304px_EF-1920x652px_cb_202105272-scaled.jpg\",\"width\":2560,\"height\":869,\"caption\":\"Info\"},{\"@type\":\"BreadcrumbList\",\"@id\":\"https:\/\/kaufhaus-tyrol.at\/de\/ueber-uns\/#breadcrumb\",\"itemListElement\":[{\"@type\":\"ListItem\",\"position\":1,\"name\":\"Home\",\"item\":\"https:\/\/kaufhaus-tyrol.at\/de\/\"},{\"@type\":\"ListItem\",\"position\":2,\"name\":\"\u00dcber Uns\"}]},{\"@type\":\"WebSite\",\"@id\":\"https:\/\/kaufhaus-tyrol.at\/de\/#website\",\"url\":\"https:\/\/kaufhaus-tyrol.at\/de\/\",\"name\":\"Kaufhaus Tyrol\",\"description\":\"Shopping im Herzen von Innsbruck\",\"potentialAction\":[{\"@type\":\"SearchAction\",\"target\":{\"@type\":\"EntryPoint\",\"urlTemplate\":\"https:\/\/kaufhaus-tyrol.at\/de\/?s={search_term_string}\"},\"query-input\":{\"@type\":\"PropertyValueSpecification\",\"valueRequired\":true,\"valueName\":\"search_term_string\"}}],\"inLanguage\":\"de\"}]}<\/script>\n<!-- \/ Yoast SEO plugin. -->","yoast_head_json":{"title":"Das Shoppingcenter in Innsbruck - Kaufhaus Tyrol","description":"Unser Kaufhaus Tyrol ist das Traditionsshoppingcenter im Herzen von Innsbruck. Shopping auf h\u00f6chstem Niveau auf 6 Etagen.","robots":{"index":"index","follow":"follow","max-snippet":"max-snippet:-1","max-image-preview":"max-image-preview:large","max-video-preview":"max-video-preview:-1"},"canonical":"https:\/\/kaufhaus-tyrol.at\/de\/ueber-uns\/","og_locale":"de_DE","og_type":"article","og_title":"Das Shoppingcenter in Innsbruck - Kaufhaus Tyrol","og_description":"Unser Kaufhaus Tyrol ist das Traditionsshoppingcenter im Herzen von Innsbruck. Shopping auf h\u00f6chstem Niveau auf 6 Etagen.","og_url":"https:\/\/kaufhaus-tyrol.at\/de\/ueber-uns\/","og_site_name":"Kaufhaus Tyrol","article_publisher":"https:\/\/www.facebook.com\/kaufhaustyrol\/","article_modified_time":"2021-05-28T06:05:53+00:00","og_image":[{"width":2560,"height":869,"url":"https:\/\/kaufhaus-tyrol.at\/wp-content\/uploads\/2021\/05\/01_KHT_HP-Slider-Unterseite_innen_3840x1304px_EF-1920x652px_cb_202105272-scaled.jpg","type":"image\/jpeg"}],"twitter_card":"summary_large_image","twitter_misc":{"Gesch\u00e4tzte Lesezeit":"3\u00a0Minuten"},"schema":{"@context":"https:\/\/schema.org","@graph":[{"@type":"WebPage","@id":"https:\/\/kaufhaus-tyrol.at\/de\/ueber-uns\/","url":"https:\/\/kaufhaus-tyrol.at\/de\/ueber-uns\/","name":"Das Shoppingcenter in Innsbruck - Kaufhaus Tyrol","isPartOf":{"@id":"https:\/\/kaufhaus-tyrol.at\/de\/#website"},"primaryImageOfPage":{"@id":"https:\/\/kaufhaus-tyrol.at\/de\/ueber-uns\/#primaryimage"},"image":{"@id":"https:\/\/kaufhaus-tyrol.at\/de\/ueber-uns\/#primaryimage"},"thumbnailUrl":"https:\/\/kaufhaus-tyrol.at\/wp-content\/uploads\/2021\/05\/01_KHT_HP-Slider-Unterseite_innen_3840x1304px_EF-1920x652px_cb_202105272-scaled.jpg","datePublished":"2018-02-22T13:54:20+00:00","dateModified":"2021-05-28T06:05:53+00:00","description":"Unser Kaufhaus Tyrol ist das Traditionsshoppingcenter im Herzen von Innsbruck. Shopping auf h\u00f6chstem Niveau auf 6 Etagen.","breadcrumb":{"@id":"https:\/\/kaufhaus-tyrol.at\/de\/ueber-uns\/#breadcrumb"},"inLanguage":"de","potentialAction":[{"@type":"ReadAction","target":["https:\/\/kaufhaus-tyrol.at\/de\/ueber-uns\/"]}]},{"@type":"ImageObject","inLanguage":"de","@id":"https:\/\/kaufhaus-tyrol.at\/de\/ueber-uns\/#primaryimage","url":"https:\/\/kaufhaus-tyrol.at\/wp-content\/uploads\/2021\/05\/01_KHT_HP-Slider-Unterseite_innen_3840x1304px_EF-1920x652px_cb_202105272-scaled.jpg","contentUrl":"https:\/\/kaufhaus-tyrol.at\/wp-content\/uploads\/2021\/05\/01_KHT_HP-Slider-Unterseite_innen_3840x1304px_EF-1920x652px_cb_202105272-scaled.jpg","width":2560,"height":869,"caption":"Info"},{"@type":"BreadcrumbList","@id":"https:\/\/kaufhaus-tyrol.at\/de\/ueber-uns\/#breadcrumb","itemListElement":[{"@type":"ListItem","position":1,"name":"Home","item":"https:\/\/kaufhaus-tyrol.at\/de\/"},{"@type":"ListItem","position":2,"name":"\u00dcber Uns"}]},{"@type":"WebSite","@id":"https:\/\/kaufhaus-tyrol.at\/de\/#website","url":"https:\/\/kaufhaus-tyrol.at\/de\/","name":"Kaufhaus Tyrol","description":"Shopping im Herzen von Innsbruck","potentialAction":[{"@type":"SearchAction","target":{"@type":"EntryPoint","urlTemplate":"https:\/\/kaufhaus-tyrol.at\/de\/?s={search_term_string}"},"query-input":{"@type":"PropertyValueSpecification","valueRequired":true,"valueName":"search_term_string"}}],"inLanguage":"de"}]}},"_links":{"self":[{"href":"https:\/\/kaufhaus-tyrol.at\/de\/wp-json\/wp\/v2\/pages\/417"}],"collection":[{"href":"https:\/\/kaufhaus-tyrol.at\/de\/wp-json\/wp\/v2\/pages"}],"about":[{"href":"https:\/\/kaufhaus-tyrol.at\/de\/wp-json\/wp\/v2\/types\/page"}],"author":[{"embeddable":true,"href":"https:\/\/kaufhaus-tyrol.at\/de\/wp-json\/wp\/v2\/users\/5025"}],"replies":[{"embeddable":true,"href":"https:\/\/kaufhaus-tyrol.at\/de\/wp-json\/wp\/v2\/comments?post=417"}],"version-history":[{"count":39,"href":"https:\/\/kaufhaus-tyrol.at\/de\/wp-json\/wp\/v2\/pages\/417\/revisions"}],"predecessor-version":[{"id":9771,"href":"https:\/\/kaufhaus-tyrol.at\/de\/wp-json\/wp\/v2\/pages\/417\/revisions\/9771"}],"wp:featuredmedia":[{"embeddable":true,"href":"https:\/\/kaufhaus-tyrol.at\/de\/wp-json\/wp\/v2\/media\/13437"}],"wp:attachment":[{"href":"https:\/\/kaufhaus-tyrol.at\/de\/wp-json\/wp\/v2\/media?parent=417"}],"curies":[{"name":"wp","href":"https:\/\/api.w.org\/{rel}","templated":true}]}}