{"id":7237,"date":"2019-11-11T14:25:40","date_gmt":"2019-11-11T13:25:40","guid":{"rendered":"https:\/\/www.kaufhaus-tyrol.at\/?page_id=7237"},"modified":"2026-04-20T10:27:58","modified_gmt":"2026-04-20T08:27:58","slug":"teilnahmebedingungen","status":"publish","type":"page","link":"https:\/\/kaufhaus-tyrol.at\/de\/teilnahmebedingungen\/","title":{"rendered":"Gewinnspiel"},"content":{"rendered":"<div class=\"wpb-content-wrapper\"><p>[vc_row][vc_column][vc_custom_heading text=&#8220;Teilnahmebedingungen &amp; Datenschutz&#8220; font_container=&#8220;tag:h1|text_align:left&#8220; use_theme_fonts=&#8220;yes&#8220;][vc_empty_space][vc_custom_heading text=&#8220;Teilnahmebedingungen Gewinnspiel&#8220;][vc_column_text]<strong>\u00a01.Allgemeines<\/strong><\/p>\n<p>Das Gewinnspiel wird von der Werbegemeinschaft Kaufhaus Tyrol GesbR, Maria-Theresien-Stra\u00dfe 31, 6020 Innsbruck,\u00a0<strong>+43 512 \/ 90 11 \u2013 15<\/strong>,\u00a0<a href=\"mailto:info@kaufhaus-tyrol.at\">info@kaufhaus-tyrol.at<\/a>\u00a0durchgef\u00fchrt (im Folgenden \u201e<strong>Anbieterin<\/strong>\u201c).<\/p>\n<p>F\u00fcr die Teilnahme an dem Gewinnspiel gelten die folgenden Teilnahmebedingungen:<\/p>\n<p><strong>Zeitraum und Ablauf<\/strong><\/p>\n<p><strong>Sie k\u00f6nnen am Gewinnspiel im Zeitraum von 27.04.2026 bis 08.05.2026, 21:59 Uhr MESZ, teilnehmen.<\/strong><\/p>\n<p>&nbsp;<\/p>\n<p><strong style=\"font-size: 1rem;\">2. Teilnehmer<\/strong><\/p>\n<ul>\n<li>Teilnahmeberechtigt sind alle unbeschr\u00e4nkt gesch\u00e4ftsf\u00e4higen nat\u00fcrlichen Personen, die im Zeitpunkt der Teilnahme 18 Jahre oder \u00e4lter sind (\u201e<strong>TeilnehmerIn<\/strong>\u201c). Im Zweifel hat der\/die jeweilige TeilnehmerIn das Alter nachzuweisen.<\/li>\n<li><strong>Die Teilnahme am Gewinnspiel erfolgt unabh\u00e4ngig vom Erwerb von Waren oder Dienstleistungen.<\/strong><\/li>\n<li>Mitarbeiter der Anbieterin oder daran beteiligte Unternehmen \/ Tochterunternehmen, Mitarbeiter der im Kaufhaus Tyrol, Innsbruck etablierten Gesch\u00e4fte sowie alle an der Konzeption und Umsetzung des Gewinnspiels beteiligten Personen sowie deren Angeh\u00f6rige und Lebenspartner in h\u00e4uslicher Gemeinschaft, sind von der Teilnahme ausgeschlossen.<\/li>\n<\/ul>\n<p>&nbsp;<\/p>\n<p><strong>3. Teilnahme\/Ablehnung der Teilnahme<\/strong><\/p>\n<ul>\n<li>In weiterer Folge m\u00fcssen Vor- und Nachname, sowie E-Mail-Adresse von jedem\/jeder TeilnehmerIn bekanntgegeben werden.<\/li>\n<li>Die Ver\u00f6ffentlichung, Weitergabe oder der Verkauf von Rubbellosen ist nicht gestattet.<\/li>\n<li>Die Anbieterin beh\u00e4lt sich das Recht vor, TeilnehmerInnen bei Verst\u00f6\u00dfen gegen diese Teilnahmebedingungen oder bei Einsatz unerlaubter Hilfsmittel oder sonstiger Manipulationen auszuschlie\u00dfen. In diesen F\u00e4llen kann gegebenenfalls der Gewinn aberkannt und\/oder gegebenenfalls zur\u00fcckverlangt werden, ohne dass dem\/der TeilnehmerIn daraus ein Ersatzanspruch erw\u00e4chst. Der\/die TeilnehmerIn hat der Anbieterin einen allf\u00e4llig daraus entstandenen Schaden zu ersetzen.<\/li>\n<li>Der\/die TeilnehmerIn ist verantwortlich f\u00fcr die Richtigkeit der bei der Registrierung \u00fcbermittelten Daten. Die Anbieterin \u00fcbernimmt keine Verantwortung oder Haftung, die aus der Unrichtigkeit oder Unvollst\u00e4ndigkeit dieser Daten resultiert und etwa dazu f\u00fchrt, dass ein Gewinner den Gewinn nicht erh\u00e4lt.<\/li>\n<\/ul>\n<p>&nbsp;<\/p>\n<p><strong>4. Verlosung und \u00dcbermittlung<\/strong><\/p>\n<ul>\n<li>Der Gewinn muss vor Ort am Infopoint im Kaufhaus Tyrol abgeholt werden.<\/li>\n<li>Eine Barauszahlung oder ein etwaiger Gewinnersatz ist ausgeschlossen.<\/li>\n<li>Der Gewinn ist nicht \u00fcbertragbar.<\/li>\n<li>Der im Rahmen des Gewinnspiels als Preis pr\u00e4sentierte Gegenstand ist nicht zwingend mit dem gewonnenen Gegenstand identisch. Vielmehr bleiben Abweichungen hinsichtlich Modell, Farbe, technischer Daten, oder \u00e4hnlichem vorbehalten. Der angegebene Wert und die grunds\u00e4tzliche Beschreibung des Gewinns sind jedoch jedenfalls zutreffend. Der Gewinner hat daher keinen Anspruch auf ein bestimmtes Modell, eine bestimmte Farbe udgl.<\/li>\n<li>Leistungsort im Hinblick auf die Gewinnleistung ist der Sitz der Anbieterin.<\/li>\n<\/ul>\n<p>&nbsp;<\/p>\n<p><strong>5. Vorzeitig Beendigung des Gewinnspiels<\/strong><\/p>\n<p>Die Anbieterin beh\u00e4lt sich vor, das Gewinnspiel zu jedem Zeitpunkt ohne Vorank\u00fcndigung und ohne Angabe von Gr\u00fcnden abzubrechen oder zu beenden. Von dieser M\u00f6glichkeit macht die Anbieterin insbesondere dann Gebrauch, wenn aus technischen Gr\u00fcnden (z. B. Viren im Computersystem, Manipulation oder Fehler in der Hard- und\/ oder Software) oder aus rechtlichen Gr\u00fcnden eine ordnungsgem\u00e4\u00dfe Durchf\u00fchrung des Gewinnspiels nicht (weiter) gew\u00e4hrleistet werden kann. Sofern eine derartige Beendigung durch das Verhalten eines\/einer TeilnehmerIn verursacht wird, kann die Anbieterin von dieser Person den entstandenen Schaden ersetzt verlangen.<\/p>\n<p>&nbsp;<\/p>\n<p><strong>6. Gew\u00e4hrleistungs-\/Haftungsausschluss<\/strong><\/p>\n<ul>\n<li>Mit der Aush\u00e4ndigung des Gewinns an den\/die GewinnerIn wird die Anbieterin von allen Verpflichtungen freigestellt.<\/li>\n<li>Die Anbieterin haftet nicht f\u00fcr Sach- und Rechtsm\u00e4ngel hinsichtlich des zur Verf\u00fcgung gestellten Gewinnes und\/ oder f\u00fcr die Insolvenz des Kooperationspartners und die daraus resultierenden Folgen f\u00fcr die Gewinnspieldurchf\u00fchrung und Gewinnabwicklung.<\/li>\n<li>Die Anbieterin haftet f\u00fcr von ihr im Zusammenhang mit dem Gewinnspiel verursachten Sch\u00e4den nur bei Vorsatz und grober Fahrl\u00e4ssigkeit. Die Haftung f\u00fcr leichte Fahrl\u00e4ssigkeit ist ausgeschlossen.<\/li>\n<li>Voranstehende Haftungsbeschr\u00e4nkung gilt insbesondere f\u00fcr Sch\u00e4den aus der Beeintr\u00e4chtigung der Verf\u00fcgbarkeit der Gewinnspiel-Internetseite bei nicht beeinflussbaren technischen St\u00f6rungen und Ereignissen h\u00f6herer Gewalt, sowie Angriffen Dritter gegen die Gewinnspiel-Internetseite. Weiterhin \u00fcbernimmt die Anbieterin keine Gew\u00e4hr daf\u00fcr, dass die Gewinnspiel-Internetseite auf dem jeweiligen Endger\u00e4t des\/der TeilnehmerIn stets ordnungsgem\u00e4\u00df funktionsf\u00e4hig ist.<\/li>\n<li>Auch im \u00dcbrigen sind s\u00e4mtliche Schadenersatzanspr\u00fcche gegen die Anbieterin unabh\u00e4ngig von ihrem Rechtgrund, soweit gesetzlich zul\u00e4ssig, ausgeschlossen.<\/li>\n<\/ul>\n<p>&nbsp;<\/p>\n<p><strong>7. Sonstiges<\/strong><\/p>\n<ul>\n<li>Der Rechtsweg ist ausgeschlossen.<\/li>\n<li>Diese Teilnahmebedingungen und die gesamte Rechtsbeziehung zwischen dem\/der TeilnehmerIn und der Anbieterin unterliegen ausschlie\u00dflich dem \u00f6sterreichischen Recht. unter Ausschluss des UN-Kaufrechts und der Verweisungsnormen des internationalem Privatrechts. Als Gerichtsstand wird, soweit keine zwingenden gesetzlichen Bestimmungen zugunsten von Verbrauchern dem entgegenstehen, das sachlich zust\u00e4ndige Gericht am Sitz der Anbieterin vereinbart.<\/li>\n<li>Sollten einzelne Bestimmungen der Teilnahmebedingungen ung\u00fcltig sein oder werden, bleibt die G\u00fcltigkeit der \u00fcbrigen Teilnahmebedingungen unber\u00fchrt. An ihre Stelle tritt eine angemessene Regelung, die dem wirtschaftlichen Ziel der unwirksamen Bestimmung am ehesten entspricht.<\/li>\n<li>Diese Teilnahmebedingungen k\u00f6nnen jederzeit von der Anbieterin ohne gesonderte Benachrichtigung ge\u00e4ndert werden.<\/li>\n<\/ul>\n<p>[\/vc_column_text][\/vc_column][\/vc_row][vc_row][vc_column][vc_custom_heading text=&#8220;Datenschutzerkl\u00e4rung Gewinnspiel&#8220;][vc_column_text]<strong>1.Allgemeines<\/strong><\/p>\n<p>Der Schutz Ihrer Privatsph\u00e4re und die gesetzeskonforme Verarbeitung Ihrer personenbezogenen Daten sind uns ein wichtiges Anliegen. Als Verantwortlicher m\u00f6chten wir Ihnen die Verarbeitung transparent machen und Sie in der nachfolgenden Datenschutzerkl\u00e4rung dar\u00fcber informieren, wie Ihre personenbezogenen Daten im Rahmen des Gewinnspiels von uns verarbeitet werden.<\/p>\n<p>&nbsp;<\/p>\n<p><strong style=\"font-size: 1rem;\">2. Begriffsbestimmung<\/strong><\/p>\n<p>Die datenschutzrechtlichen Begriffe, die in dieser Datenschutzerkl\u00e4rung verwendet werden, wie z.B. \u201epersonenbezogene Daten\u201c, \u201eVerarbeitung\u201c oder \u201eVerantwortlicher\u201c, werden in Art 4 Datenschutzgrundverordnung (Verordnung (EU) 2016\/679; in weiterer Folge kurz \u201e<strong>DSGVO\u201c<\/strong>) definiert.<\/p>\n<p>&nbsp;<\/p>\n<p><strong style=\"font-size: 1rem;\">3. Name und Kontaktdaten des f\u00fcr die Verarbeitung Verantwortlichen und des Datenschutzkoordinators<\/strong><\/p>\n<p>Verantwortlicher f\u00fcr Ihre personenbezogenen Daten ist:<\/p>\n<p>Werbegemeinschaft Kaufhaus Tyrol GesbR, Maria-Theresien-Stra\u00dfe 31, 6020 Innsbruck.<\/p>\n<p>Tel: 43 512 \/ 9011 \u2013 15<\/p>\n<p>E-Mail: info@kaufhaus-tyrol.at<\/p>\n<p>&nbsp;<\/p>\n<p><strong style=\"font-size: 1rem;\">4. Datenverarbeitung im Rahmen des Gewinnspiels<\/strong><\/p>\n<p>Wir verarbeiten personenbezogene Daten<\/p>\n<ul>\n<li><u>zur Durchf\u00fchrung vorvertraglicher Ma\u00dfnahmen oder zur Erf\u00fcllung von vertraglichen Pflichten (gem. Art 6 Abs 1 lit. b DSGVO)<\/u>: Zweck der Verarbeitung ist die Gewinnspieldurchf\u00fchrung und -abwicklung sowie alle weiteren in diesem Zusammenhang stehenden Handlungen und T\u00e4tigkeiten (z.B. Teilnahme am Gewinnspiel, Gewinnermittlung, Gewinnbenachrichtigung, \u00dcbergabe des Gewinns etc.).<\/li>\n<li><u>zur Erf\u00fcllung rechtlicher Verpflichtungen (gem. Art 6 Abs 1 lit. c DSGVO)<\/u>: Zweck der Verarbeitung ist die Erf\u00fcllung verschiedener gesetzlicher Vorschriften (z.B. unternehmens- und steuerrechtliche Vorschriften), denen wir unterliegen.<\/li>\n<li><u>zur Wahrung der berechtigten Interessen der Verantwortlichen (gem<\/u>. Art 6 Abs 1 lit. f DSGVO) sofern in diesem Fall nicht Ihre Interessen oder Grundrechte und Grundfreiheiten \u00fcberwiegen.<\/li>\n<\/ul>\n<p>Wenn Sie am Gewinnspiel teilnehmen, sind wir auf bestimmte Ihrer personenbezogenen Daten angewiesen. Werden personenbezogene Daten nicht oder nicht im ben\u00f6tigten Umfang zur Verf\u00fcgung gestellt bzw. k\u00f6nnen diese durch uns nicht erhoben werden, k\u00f6nnen die einzelnen oben beschriebenen Zwecke unter Umst\u00e4nden nicht erbracht werden. Eine Teilnahme am Gewinnspiel ist dann gegebenenfalls nicht m\u00f6glich.<\/p>\n<p>Folgende Daten werden zur Durchf\u00fchrung des Gewinnspiels verarbeitet: Vorname, Nachname, E-Mail-Adresse.<\/p>\n<p>Folgende Daten werden im Gewinnfall zus\u00e4tzlich verarbeitet: Geburtsdatum, Wohnadresse, Ausweisdaten (einschlie\u00dflich Lichtbild, Ausweisnummer etc).<\/p>\n<p>Ihre personenbezogenen Daten werden, soweit erforderlich, solange verarbeitet und aufbewahrt, als dies zur Erf\u00fcllung unserer vertraglichen (insbesondere f\u00fcr die Dauer des Gewinnspiels) und gesetzlichen Verpflichtungen (insbesondere gesetzliche Aufbewahrungspflichten) sowie zur Abwehr allf\u00e4lliger Anspr\u00fcche (aus dem Titel der Gew\u00e4hrleistung oder des Schadenersatzes) gegen\u00fcber beteiligten Personen oder uns erforderlich ist oder Verj\u00e4hrungsfristen potentieller Rechtsanspr\u00fcche noch nicht abgelaufen sind.<\/p>\n<p>&nbsp;<\/p>\n<p><strong style=\"font-size: 1rem;\">5. Weitergabe von Daten<\/strong><\/p>\n<p>Eine Weitergabe von Daten erfolgt nur zur Erf\u00fcllung (vor-)vertraglichen Pflichten, aufgrund einer rechtlichen Verpflichtung oder auf Grundlage unserer berechtigten Interessen.<\/p>\n<p>S\u00e4mtliche Auftragsverarbeiter (zB IT Serviceprovider) werden von uns auf Grundlage des Art. 28 DSGVO vertraglich zur Einhaltung der geltenden datenschutzrechtlichen Bestimmungen uns gegen\u00fcber verpflichtet. Ihre Daten werden selbstverst\u00e4ndlich nur in dem Ma\u00dfe weitergegeben wie es nach dem Zweck der Verarbeitung erforderlich ist.<\/p>\n<p>M\u00f6gliche Empf\u00e4nger k\u00f6nnen z.B. sein<\/p>\n<ul>\n<li>mit der Organisation, Durchf\u00fchrung und Abwicklung des Gewinnspiels betraute Personen,<\/li>\n<li>Unternehmen, die im Rahmen der Betreuung unserer unternehmensinternen IT Infrastruktur beauftragt sind.<\/li>\n<\/ul>\n<p>Eine \u00dcbermittlung an Empf\u00e4nger in einem Drittland (au\u00dferhalb der EU) oder eine internationale Organisation ist in der Regel nicht beabsichtigt. Sollte jedoch eine \u00dcbermittlung an Empf\u00e4nger in Drittl\u00e4nder oder an internationale Organisationen erforderlich sein, erfolgt dies im Einklang mit Art 44 bis 49 DSGVO (n\u00e4here Angaben hierzu finden Sie an entsprechender Stelle).<\/p>\n<p><strong style=\"font-size: 1rem;\">6. Datensicherheit<\/strong><\/p>\n<p>Wir bedienen uns geeigneter technischer und organisatorischer Ma\u00dfnahmen, um die Sicherheit der Datenverarbeitung zu gew\u00e4hrleisten und Ihre personenbezogenen Daten so zu verarbeiten, dass sie vor Zugriffen durch unbefugte Dritte gesch\u00fctzt sind.<\/p>\n<p>Ungeachtet unserer Sicherheitsma\u00dfnahmen kann nicht ausgeschlossen werden, dass Informationen, die Sie uns \u00fcber das Internet bekannt geben, insbesondere auch im Rahmen von unverschl\u00fcsselten E-Mails, von anderen Personen eingesehen und genutzt werden.<\/p>\n<p>&nbsp;<\/p>\n<p><strong style=\"font-size: 1rem;\">7. \u00c4nderungen dieser Datenschutzerkl\u00e4rung<\/strong><\/p>\n<p>Wir behalten uns das Recht vor, die in dieser Datenschutzerkl\u00e4rung bereitgestellten Informationen ohne vorherige Ank\u00fcndigung an eine ver\u00e4nderte Gesetzgebung, Rechtsprechung und\/oder aus organisatorischen Gr\u00fcnden anzupassen. G\u00fcltig ist die jeweils hier ver\u00f6ffentlichte aktuelle Version.<\/p>\n<p>&nbsp;<\/p>\n<p><strong style=\"font-size: 1rem;\">8. Ihre Rechte im Zusammenhang mit personenbezogenen Daten<\/strong><\/p>\n<p>Gem\u00e4\u00df der DSGVO stehen Ihnen als betroffene Person die unten angef\u00fchrten Rechte zu, die Sie mit einer E-Mail an <a href=\"mailto:info@kaufhaus-tyrol.at\">info@kaufhaus-tyrol.at<\/a> geltend machen k\u00f6nnen.<\/p>\n<p><u>Recht auf Auskunft:<\/u><\/p>\n<p>Sie haben das Recht eine Auskunft dar\u00fcber zu verlangen, ob wir personenbezogene Daten von Ihnen verarbeiten und welche Daten das sind sowie auf weitere Informationen gem\u00e4\u00df Art 15 DSGVO.<\/p>\n<p><u>Recht auf Berichtigung:<\/u><\/p>\n<p>Gem\u00e4\u00df Art 16 DSGVO haben Sie das Recht die Berichtigung Sie betreffender unrichtiger personenbezogener Daten bzw \u2013 unter Ber\u00fccksichtigung der Zwecke der Datenverarbeitung \u2013 die Vervollst\u00e4ndigung unvollst\u00e4ndiger personenbezogener Daten zu verlangen.<\/p>\n<p><u>Recht auf L\u00f6schung (\u201eRecht auf Vergessenwerden\u201c) der Daten:<\/u><\/p>\n<p>Sie haben das Recht auf L\u00f6schung Ihrer Daten, sofern die Voraussetzungen des Art 17 DSGVO erf\u00fcllt sind.<\/p>\n<p><u>Recht Einschr\u00e4nkung der Verarbeitung:<\/u><\/p>\n<p>Sie haben nach Ma\u00dfgabe des Art 18 DSGVO das Recht auf Einschr\u00e4nkung der Verarbeitung s\u00e4mtlicher erhobener personenbezogener Daten.<\/p>\n<p><u>Recht auf Daten\u00fcbertragbarkeit:<\/u><\/p>\n<p>Sie haben das Recht auf Daten\u00fcbertragbarkeit, sofern die Voraussetzungen des Art 20 DSGVO erf\u00fcllt sind.<\/p>\n<p><strong><u>Widerspruchsrecht:<\/u><\/strong><\/p>\n<p>Gem\u00e4\u00df Art 21 Abs 1 DSGVO haben Sie das Recht aus Gr\u00fcnden, die sich aus ihrer besonderen Situation ergeben, jederzeit gegen die Verarbeitung betreffender personenbezogener Daten, die zur Wahrung unserer berechtigten Interessen oder eines Dritten erforderlich sind (Art 6 Abs 1 lit f DSGVO), Widerspruch einzulegen. Soweit Sie Widerspruch einlegen, werden Ihre Daten nach dem Widerspruch nicht mehr verarbeitet, es sei denn, die Zul\u00e4ssigkeit der Verarbeitung personenbezogener Daten basiert auf sonstigen Erlaubnistatbest\u00e4nden iSd Art 6 Abs 1 DSGVO.<\/p>\n<p>Gem\u00e4\u00df Art 21 Abs 2 und 3 DSGVO haben Sie zudem das Recht, gegen die Datenverarbeitung zum Zweck der Direktwerbung, Widerspruch mit Wirkung f\u00fcr die Zukunft zu erheben.<\/p>\n<p><u>Geltendmachung der Rechte und Beschwerderecht:<\/u><\/p>\n<p>Zur Geltendmachung Ihrer Rechte k\u00f6nnen Sie Ihre oben angef\u00fchrten Rechte (unter Angabe Ihres Antrages) an die oben (unter Punkt 3. dieser Datenschutzerkl\u00e4rung) angegebenen Kontaktdaten des Verantwortlichen richten.<\/p>\n<p>Zum Schutz Ihrer Privatsph\u00e4re und Ihrer Sicherheit behalten wir uns vor, Ihre Identit\u00e4t zu pr\u00fcfen, bevor wir eine der obenstehenden Ma\u00dfnahmen vornehmen.<\/p>\n<p>Der Schutz und die gesetzeskonforme Verarbeitung Ihrer personenbezogenen Daten ist f\u00fcr uns ein wichtiges Anliegen. Sofern Sie zu der Verarbeitung Ihrer personenbezogenen Daten Fragen oder Anliegen haben, wenden Sie sich bitte an uns unter den oben (unter Punkt 3. dieser Datenschutzerkl\u00e4rung) angegebenen Kontaktdaten des Verantwortlichen. Sollten Sie dennoch der Ansicht sein, dass die Verarbeitung Ihrer personenbezogenen Daten rechtswidrig erfolgt oder Ihre Anspr\u00fcche nach dem Datenschutzrecht in sonstiger Weise verletzt worden sind, k\u00f6nnen Sie sich mit einer Beschwerde an die zust\u00e4ndige Aufsichtsbeh\u00f6rde (gem\u00e4\u00df Art 77 DSGVO) wenden.[\/vc_column_text][\/vc_column][\/vc_row]<\/p>\n<\/div>","protected":false},"excerpt":{"rendered":"<p>[vc_row][vc_column][vc_custom_heading text=&#8220;Teilnahmebedingungen &amp; Datenschutz&#8220; font_container=&#8220;tag:h1|text_align:left&#8220; use_theme_fonts=&#8220;yes&#8220;][vc_empty_space][vc_custom_heading text=&#8220;Teilnahmebedingungen Gewinnspiel&#8220;][vc_column_text]\u00a01.Allgemeines Das Gewinnspiel wird von der Werbegemeinschaft Kaufhaus Tyrol GesbR, Maria-Theresien-Stra\u00dfe 31, 6020 Innsbruck,\u00a0+43 512 \/ 90 11 \u2013 15,\u00a0info@kaufhaus-tyrol.at\u00a0durchgef\u00fchrt (im Folgenden \u201eAnbieterin\u201c). F\u00fcr die Teilnahme an dem Gewinnspiel gelten die folgenden Teilnahmebedingungen: Zeitraum und Ablauf Sie k\u00f6nnen am Gewinnspiel im Zeitraum von 27.04.2026 bis 08.05.2026, 21:59 Uhr<\/p>\n","protected":false},"author":5005,"featured_media":2267,"parent":0,"menu_order":0,"comment_status":"closed","ping_status":"closed","template":"","meta":{"_acf_changed":false,"inline_featured_image":false,"footnotes":""},"acf":[],"yoast_head":"<!-- This site is optimized with the Yoast SEO plugin v23.5 - https:\/\/yoast.com\/wordpress\/plugins\/seo\/ -->\n<title>Gewinnspiel - Kaufhaus Tyrol<\/title>\n<meta name=\"robots\" content=\"index, follow, max-snippet:-1, max-image-preview:large, max-video-preview:-1\" \/>\n<link rel=\"canonical\" href=\"https:\/\/kaufhaus-tyrol.at\/de\/teilnahmebedingungen\/\" \/>\n<meta property=\"og:locale\" content=\"de_DE\" \/>\n<meta property=\"og:type\" content=\"article\" \/>\n<meta property=\"og:title\" content=\"Gewinnspiel - Kaufhaus Tyrol\" \/>\n<meta property=\"og:description\" content=\"[vc_row][vc_column][vc_custom_heading text=&#8220;Teilnahmebedingungen &amp; Datenschutz&#8220; font_container=&#8220;tag:h1|text_align:left&#8220; use_theme_fonts=&#8220;yes&#8220;][vc_empty_space][vc_custom_heading text=&#8220;Teilnahmebedingungen Gewinnspiel&#8220;][vc_column_text]\u00a01.Allgemeines Das Gewinnspiel wird von der Werbegemeinschaft Kaufhaus Tyrol GesbR, Maria-Theresien-Stra\u00dfe 31, 6020 Innsbruck,\u00a0+43 512 \/ 90 11 \u2013 15,\u00a0info@kaufhaus-tyrol.at\u00a0durchgef\u00fchrt (im Folgenden \u201eAnbieterin\u201c). F\u00fcr die Teilnahme an dem Gewinnspiel gelten die folgenden Teilnahmebedingungen: Zeitraum und Ablauf Sie k\u00f6nnen am Gewinnspiel im Zeitraum von 27.04.2026 bis 08.05.2026, 21:59 Uhr\" \/>\n<meta property=\"og:url\" content=\"https:\/\/kaufhaus-tyrol.at\/de\/teilnahmebedingungen\/\" \/>\n<meta property=\"og:site_name\" content=\"Kaufhaus Tyrol\" \/>\n<meta property=\"article:publisher\" content=\"https:\/\/www.facebook.com\/kaufhaustyrol\/\" \/>\n<meta property=\"article:modified_time\" content=\"2026-04-20T08:27:58+00:00\" \/>\n<meta property=\"og:image\" content=\"https:\/\/kaufhaus-tyrol.at\/wp-content\/uploads\/2018\/03\/header-1.jpg\" \/>\n\t<meta property=\"og:image:width\" content=\"1920\" \/>\n\t<meta property=\"og:image:height\" content=\"652\" \/>\n\t<meta property=\"og:image:type\" content=\"image\/jpeg\" \/>\n<meta name=\"twitter:card\" content=\"summary_large_image\" \/>\n<meta name=\"twitter:label1\" content=\"Gesch\u00e4tzte Lesezeit\" \/>\n\t<meta name=\"twitter:data1\" content=\"10\u00a0Minuten\" \/>\n<script type=\"application\/ld+json\" class=\"yoast-schema-graph\">{\"@context\":\"https:\/\/schema.org\",\"@graph\":[{\"@type\":\"WebPage\",\"@id\":\"https:\/\/kaufhaus-tyrol.at\/de\/teilnahmebedingungen\/\",\"url\":\"https:\/\/kaufhaus-tyrol.at\/de\/teilnahmebedingungen\/\",\"name\":\"Gewinnspiel - Kaufhaus Tyrol\",\"isPartOf\":{\"@id\":\"https:\/\/kaufhaus-tyrol.at\/de\/#website\"},\"primaryImageOfPage\":{\"@id\":\"https:\/\/kaufhaus-tyrol.at\/de\/teilnahmebedingungen\/#primaryimage\"},\"image\":{\"@id\":\"https:\/\/kaufhaus-tyrol.at\/de\/teilnahmebedingungen\/#primaryimage\"},\"thumbnailUrl\":\"https:\/\/kaufhaus-tyrol.at\/wp-content\/uploads\/2018\/03\/header-1.jpg\",\"datePublished\":\"2019-11-11T13:25:40+00:00\",\"dateModified\":\"2026-04-20T08:27:58+00:00\",\"breadcrumb\":{\"@id\":\"https:\/\/kaufhaus-tyrol.at\/de\/teilnahmebedingungen\/#breadcrumb\"},\"inLanguage\":\"de\",\"potentialAction\":[{\"@type\":\"ReadAction\",\"target\":[\"https:\/\/kaufhaus-tyrol.at\/de\/teilnahmebedingungen\/\"]}]},{\"@type\":\"ImageObject\",\"inLanguage\":\"de\",\"@id\":\"https:\/\/kaufhaus-tyrol.at\/de\/teilnahmebedingungen\/#primaryimage\",\"url\":\"https:\/\/kaufhaus-tyrol.at\/wp-content\/uploads\/2018\/03\/header-1.jpg\",\"contentUrl\":\"https:\/\/kaufhaus-tyrol.at\/wp-content\/uploads\/2018\/03\/header-1.jpg\",\"width\":1920,\"height\":652},{\"@type\":\"BreadcrumbList\",\"@id\":\"https:\/\/kaufhaus-tyrol.at\/de\/teilnahmebedingungen\/#breadcrumb\",\"itemListElement\":[{\"@type\":\"ListItem\",\"position\":1,\"name\":\"Home\",\"item\":\"https:\/\/kaufhaus-tyrol.at\/de\/\"},{\"@type\":\"ListItem\",\"position\":2,\"name\":\"Gewinnspiel\"}]},{\"@type\":\"WebSite\",\"@id\":\"https:\/\/kaufhaus-tyrol.at\/de\/#website\",\"url\":\"https:\/\/kaufhaus-tyrol.at\/de\/\",\"name\":\"Kaufhaus Tyrol\",\"description\":\"Shopping im Herzen von Innsbruck\",\"potentialAction\":[{\"@type\":\"SearchAction\",\"target\":{\"@type\":\"EntryPoint\",\"urlTemplate\":\"https:\/\/kaufhaus-tyrol.at\/de\/?s={search_term_string}\"},\"query-input\":{\"@type\":\"PropertyValueSpecification\",\"valueRequired\":true,\"valueName\":\"search_term_string\"}}],\"inLanguage\":\"de\"}]}<\/script>\n<!-- \/ Yoast SEO plugin. -->","yoast_head_json":{"title":"Gewinnspiel - Kaufhaus Tyrol","robots":{"index":"index","follow":"follow","max-snippet":"max-snippet:-1","max-image-preview":"max-image-preview:large","max-video-preview":"max-video-preview:-1"},"canonical":"https:\/\/kaufhaus-tyrol.at\/de\/teilnahmebedingungen\/","og_locale":"de_DE","og_type":"article","og_title":"Gewinnspiel - Kaufhaus Tyrol","og_description":"[vc_row][vc_column][vc_custom_heading text=&#8220;Teilnahmebedingungen &amp; Datenschutz&#8220; font_container=&#8220;tag:h1|text_align:left&#8220; use_theme_fonts=&#8220;yes&#8220;][vc_empty_space][vc_custom_heading text=&#8220;Teilnahmebedingungen Gewinnspiel&#8220;][vc_column_text]\u00a01.Allgemeines Das Gewinnspiel wird von der Werbegemeinschaft Kaufhaus Tyrol GesbR, Maria-Theresien-Stra\u00dfe 31, 6020 Innsbruck,\u00a0+43 512 \/ 90 11 \u2013 15,\u00a0info@kaufhaus-tyrol.at\u00a0durchgef\u00fchrt (im Folgenden \u201eAnbieterin\u201c). F\u00fcr die Teilnahme an dem Gewinnspiel gelten die folgenden Teilnahmebedingungen: Zeitraum und Ablauf Sie k\u00f6nnen am Gewinnspiel im Zeitraum von 27.04.2026 bis 08.05.2026, 21:59 Uhr","og_url":"https:\/\/kaufhaus-tyrol.at\/de\/teilnahmebedingungen\/","og_site_name":"Kaufhaus Tyrol","article_publisher":"https:\/\/www.facebook.com\/kaufhaustyrol\/","article_modified_time":"2026-04-20T08:27:58+00:00","og_image":[{"width":1920,"height":652,"url":"https:\/\/kaufhaus-tyrol.at\/wp-content\/uploads\/2018\/03\/header-1.jpg","type":"image\/jpeg"}],"twitter_card":"summary_large_image","twitter_misc":{"Gesch\u00e4tzte Lesezeit":"10\u00a0Minuten"},"schema":{"@context":"https:\/\/schema.org","@graph":[{"@type":"WebPage","@id":"https:\/\/kaufhaus-tyrol.at\/de\/teilnahmebedingungen\/","url":"https:\/\/kaufhaus-tyrol.at\/de\/teilnahmebedingungen\/","name":"Gewinnspiel - Kaufhaus Tyrol","isPartOf":{"@id":"https:\/\/kaufhaus-tyrol.at\/de\/#website"},"primaryImageOfPage":{"@id":"https:\/\/kaufhaus-tyrol.at\/de\/teilnahmebedingungen\/#primaryimage"},"image":{"@id":"https:\/\/kaufhaus-tyrol.at\/de\/teilnahmebedingungen\/#primaryimage"},"thumbnailUrl":"https:\/\/kaufhaus-tyrol.at\/wp-content\/uploads\/2018\/03\/header-1.jpg","datePublished":"2019-11-11T13:25:40+00:00","dateModified":"2026-04-20T08:27:58+00:00","breadcrumb":{"@id":"https:\/\/kaufhaus-tyrol.at\/de\/teilnahmebedingungen\/#breadcrumb"},"inLanguage":"de","potentialAction":[{"@type":"ReadAction","target":["https:\/\/kaufhaus-tyrol.at\/de\/teilnahmebedingungen\/"]}]},{"@type":"ImageObject","inLanguage":"de","@id":"https:\/\/kaufhaus-tyrol.at\/de\/teilnahmebedingungen\/#primaryimage","url":"https:\/\/kaufhaus-tyrol.at\/wp-content\/uploads\/2018\/03\/header-1.jpg","contentUrl":"https:\/\/kaufhaus-tyrol.at\/wp-content\/uploads\/2018\/03\/header-1.jpg","width":1920,"height":652},{"@type":"BreadcrumbList","@id":"https:\/\/kaufhaus-tyrol.at\/de\/teilnahmebedingungen\/#breadcrumb","itemListElement":[{"@type":"ListItem","position":1,"name":"Home","item":"https:\/\/kaufhaus-tyrol.at\/de\/"},{"@type":"ListItem","position":2,"name":"Gewinnspiel"}]},{"@type":"WebSite","@id":"https:\/\/kaufhaus-tyrol.at\/de\/#website","url":"https:\/\/kaufhaus-tyrol.at\/de\/","name":"Kaufhaus Tyrol","description":"Shopping im Herzen von Innsbruck","potentialAction":[{"@type":"SearchAction","target":{"@type":"EntryPoint","urlTemplate":"https:\/\/kaufhaus-tyrol.at\/de\/?s={search_term_string}"},"query-input":{"@type":"PropertyValueSpecification","valueRequired":true,"valueName":"search_term_string"}}],"inLanguage":"de"}]}},"_links":{"self":[{"href":"https:\/\/kaufhaus-tyrol.at\/de\/wp-json\/wp\/v2\/pages\/7237"}],"collection":[{"href":"https:\/\/kaufhaus-tyrol.at\/de\/wp-json\/wp\/v2\/pages"}],"about":[{"href":"https:\/\/kaufhaus-tyrol.at\/de\/wp-json\/wp\/v2\/types\/page"}],"author":[{"embeddable":true,"href":"https:\/\/kaufhaus-tyrol.at\/de\/wp-json\/wp\/v2\/users\/5005"}],"replies":[{"embeddable":true,"href":"https:\/\/kaufhaus-tyrol.at\/de\/wp-json\/wp\/v2\/comments?post=7237"}],"version-history":[{"count":34,"href":"https:\/\/kaufhaus-tyrol.at\/de\/wp-json\/wp\/v2\/pages\/7237\/revisions"}],"predecessor-version":[{"id":21872,"href":"https:\/\/kaufhaus-tyrol.at\/de\/wp-json\/wp\/v2\/pages\/7237\/revisions\/21872"}],"wp:featuredmedia":[{"embeddable":true,"href":"https:\/\/kaufhaus-tyrol.at\/de\/wp-json\/wp\/v2\/media\/2267"}],"wp:attachment":[{"href":"https:\/\/kaufhaus-tyrol.at\/de\/wp-json\/wp\/v2\/media?parent=7237"}],"curies":[{"name":"wp","href":"https:\/\/api.w.org\/{rel}","templated":true}]}}