{"id":8795,"date":"2020-03-29T19:44:35","date_gmt":"2020-03-29T17:44:35","guid":{"rendered":"https:\/\/www.kaufhaus-tyrol.at\/?page_id=8795"},"modified":"2024-11-21T10:17:13","modified_gmt":"2024-11-21T09:17:13","slug":"gutschein-kaufen","status":"publish","type":"page","link":"https:\/\/kaufhaus-tyrol.at\/de\/gutschein-kaufen\/","title":{"rendered":"Gutscheine kaufen"},"content":{"rendered":"<div class=\"wpb-content-wrapper\"><p>[vc_row][vc_column][vc_custom_heading text=&#8220;Geschenkkarte online bestellen&#8220; font_container=&#8220;tag:h1|text_align:left&#8220; use_theme_fonts=&#8220;yes&#8220;][vc_column_text]\u00dcberraschen Sie Ihre Familie und Freunde mit einer kleinen Aufmerksamkeit und verschenken Sie die goldene Kaufhaus Tyrol Geschenkkarte, einzul\u00f6sen in allen Shops im Kaufhaus Tyrol.<\/p>\n<p>Versehen mit einer pers\u00f6nlichen Botschaft senden wir die Geschenkkarte direkt an Ihre Lieben.<\/p>\n<p>Bestellen k\u00f6nnen Sie die Karte bequem <strong>in der <a href=\"https:\/\/kaufhaus-tyrol.at\/de\/app\/\">Kaufhaus Tyrol APP<\/a><\/strong> oder mittels <strong>Klick auf den Button \u201eJetzt Gutscheine kaufen\u201c<\/strong>.<\/p>\n<p>Bezahlen k\u00f6nnen Sie via <strong>PayPal<\/strong>, aber auch die <a href=\"mailto:service@kaufhaus-tyrol.at\">Bestellung via Mail<\/a> ist m\u00f6glich. Nach Eingang der Bestellung erhalten sie in beiden F\u00e4llen die Rechnung per E-Mail. Die Geschenkkarte wird per Post versendet.<\/p>\n<p>Schenken Sie Freude und bleiben Sie gesund!<\/p>\n<p>&nbsp;<\/p>\n<p><a id=\"gutschein-kaufen-button\" style=\"color: #000; font-family: 'AvantGardeGothicITC W01 Demi',Helvetica,sans-serif; border: 3px solid black; padding: 8px 30px; font-weight: normal; font-size: 28px; line-height: 1.4em; cursor: pointer;\" href=\"https:\/\/app.shopping-tyrol.at\/gutscheinkauf-ext\" target=\"gutscheinWindow\" rel=\"noopener noreferrer\">Jetzt Gutscheine kaufen<\/a>[\/vc_column_text][\/vc_column][\/vc_row][vc_row][vc_column][vc_raw_js]JTNDc2NyaXB0JTIwdHlwZSUzRCUyMnRleHQlMkZqYXZhc2NyaXB0JTIyJTNFJTBBZnVuY3Rpb24lMjBvcGVuR3V0c2NoZWluRmVuc3RlciUyOCUyOSUwQSU3QiUwQXZhciUyMHclM0QzNzUlM0IlMEF2YXIlMjBoJTNENjgxJTNCJTBBdmFyJTIweHBvcyUzRCUyOHNjcmVlbi53aWR0aCUzRTAlM0ZzY3JlZW4ud2lkdGglM0F3JTI5JTJGMi13JTJGMiUzQiUwQXZhciUyMHlwb3MlM0QlMjhzY3JlZW4uaGVpZ2h0JTNFMCUzRnNjcmVlbi5oZWlnaHQlM0FoJTI5JTJGMi1oJTJGMiUzQiUwQXdpbmRvdy5vcGVuJTI4JTIyaHR0cHMlM0ElMkYlMkZhcHAuc2hvcHBpbmctdHlyb2wuYXQlMkZndXRzY2hlaW5rYXVmLWV4dCUyMiUyQyUyMmd1dHNjaGVpbldpbmRvdyUyMiUyQyUyMndpZHRoJTNEJTIyJTJCdyUyQiUyMiUyQ2hlaWdodCUzRCUyMiUyQmglMkIlMjIlMkNsZWZ0JTNEJTIyJTJCeHBvcyUyQiUyMiUyQ3RvcCUzRCUyMiUyQnlwb3MlMjklM0IlMEFyZXR1cm4lMjBmYWxzZSUzQiUwQSU3RCUwQWpRdWVyeSUyOGRvY3VtZW50JTI5LnJlYWR5JTI4ZnVuY3Rpb24lMjglMjklMjAlN0IlMjBqUXVlcnklMjglMjclMjNndXRzY2hlaW4ta2F1ZmVuLWJ1dHRvbiUyNyUyOS5vbiUyOCUyN2NsaWNrJTI3JTJDb3Blbkd1dHNjaGVpbkZlbnN0ZXIlMjklM0IlMjAlN0QlMjklM0IlMEElM0MlMkZzY3JpcHQlM0U=[\/vc_raw_js][\/vc_column][\/vc_row]<\/p>\n<\/div>","protected":false},"excerpt":{"rendered":"<p>[vc_row][vc_column][vc_custom_heading text=&#8220;Geschenkkarte online bestellen&#8220; font_container=&#8220;tag:h1|text_align:left&#8220; use_theme_fonts=&#8220;yes&#8220;][vc_column_text]\u00dcberraschen Sie Ihre Familie und Freunde mit einer kleinen Aufmerksamkeit und verschenken Sie die goldene Kaufhaus Tyrol Geschenkkarte, einzul\u00f6sen in allen Shops im Kaufhaus Tyrol. Versehen mit einer pers\u00f6nlichen Botschaft senden wir die Geschenkkarte direkt an Ihre Lieben. Bestellen k\u00f6nnen Sie die Karte bequem in der Kaufhaus Tyrol APP oder<\/p>\n","protected":false},"author":5025,"featured_media":12284,"parent":0,"menu_order":0,"comment_status":"closed","ping_status":"closed","template":"","meta":{"_acf_changed":false,"inline_featured_image":false,"footnotes":""},"acf":[],"yoast_head":"<!-- This site is optimized with the Yoast SEO plugin v23.5 - https:\/\/yoast.com\/wordpress\/plugins\/seo\/ -->\n<title>Gutscheine kaufen - Kaufhaus Tyrol<\/title>\n<meta name=\"robots\" content=\"index, follow, max-snippet:-1, max-image-preview:large, max-video-preview:-1\" \/>\n<link rel=\"canonical\" href=\"https:\/\/kaufhaus-tyrol.at\/de\/gutschein-kaufen\/\" \/>\n<meta property=\"og:locale\" content=\"de_DE\" \/>\n<meta property=\"og:type\" content=\"article\" \/>\n<meta property=\"og:title\" content=\"Gutscheine kaufen - Kaufhaus Tyrol\" \/>\n<meta property=\"og:description\" content=\"[vc_row][vc_column][vc_custom_heading text=&#8220;Geschenkkarte online bestellen&#8220; font_container=&#8220;tag:h1|text_align:left&#8220; use_theme_fonts=&#8220;yes&#8220;][vc_column_text]\u00dcberraschen Sie Ihre Familie und Freunde mit einer kleinen Aufmerksamkeit und verschenken Sie die goldene Kaufhaus Tyrol Geschenkkarte, einzul\u00f6sen in allen Shops im Kaufhaus Tyrol. Versehen mit einer pers\u00f6nlichen Botschaft senden wir die Geschenkkarte direkt an Ihre Lieben. Bestellen k\u00f6nnen Sie die Karte bequem in der Kaufhaus Tyrol APP oder\" \/>\n<meta property=\"og:url\" content=\"https:\/\/kaufhaus-tyrol.at\/de\/gutschein-kaufen\/\" \/>\n<meta property=\"og:site_name\" content=\"Kaufhaus Tyrol\" \/>\n<meta property=\"article:publisher\" content=\"https:\/\/www.facebook.com\/kaufhaustyrol\/\" \/>\n<meta property=\"article:modified_time\" content=\"2024-11-21T09:17:13+00:00\" \/>\n<meta property=\"og:image\" content=\"https:\/\/kaufhaus-tyrol.at\/wp-content\/uploads\/2021\/02\/02-kht-hp-slider-unterseite-geschenkkarte-3840x1304px-ef-1920x652px-jf-20210202-scaled.jpg\" \/>\n\t<meta property=\"og:image:width\" content=\"2560\" \/>\n\t<meta property=\"og:image:height\" content=\"869\" \/>\n\t<meta property=\"og:image:type\" content=\"image\/jpeg\" \/>\n<meta name=\"twitter:card\" content=\"summary_large_image\" \/>\n<meta name=\"twitter:label1\" content=\"Gesch\u00e4tzte Lesezeit\" \/>\n\t<meta name=\"twitter:data1\" content=\"1\u00a0Minute\" \/>\n<script type=\"application\/ld+json\" class=\"yoast-schema-graph\">{\"@context\":\"https:\/\/schema.org\",\"@graph\":[{\"@type\":\"WebPage\",\"@id\":\"https:\/\/kaufhaus-tyrol.at\/de\/gutschein-kaufen\/\",\"url\":\"https:\/\/kaufhaus-tyrol.at\/de\/gutschein-kaufen\/\",\"name\":\"Gutscheine kaufen - Kaufhaus Tyrol\",\"isPartOf\":{\"@id\":\"https:\/\/kaufhaus-tyrol.at\/de\/#website\"},\"primaryImageOfPage\":{\"@id\":\"https:\/\/kaufhaus-tyrol.at\/de\/gutschein-kaufen\/#primaryimage\"},\"image\":{\"@id\":\"https:\/\/kaufhaus-tyrol.at\/de\/gutschein-kaufen\/#primaryimage\"},\"thumbnailUrl\":\"https:\/\/kaufhaus-tyrol.at\/wp-content\/uploads\/2021\/02\/02-kht-hp-slider-unterseite-geschenkkarte-3840x1304px-ef-1920x652px-jf-20210202-scaled.jpg\",\"datePublished\":\"2020-03-29T17:44:35+00:00\",\"dateModified\":\"2024-11-21T09:17:13+00:00\",\"breadcrumb\":{\"@id\":\"https:\/\/kaufhaus-tyrol.at\/de\/gutschein-kaufen\/#breadcrumb\"},\"inLanguage\":\"de\",\"potentialAction\":[{\"@type\":\"ReadAction\",\"target\":[\"https:\/\/kaufhaus-tyrol.at\/de\/gutschein-kaufen\/\"]}]},{\"@type\":\"ImageObject\",\"inLanguage\":\"de\",\"@id\":\"https:\/\/kaufhaus-tyrol.at\/de\/gutschein-kaufen\/#primaryimage\",\"url\":\"https:\/\/kaufhaus-tyrol.at\/wp-content\/uploads\/2021\/02\/02-kht-hp-slider-unterseite-geschenkkarte-3840x1304px-ef-1920x652px-jf-20210202-scaled.jpg\",\"contentUrl\":\"https:\/\/kaufhaus-tyrol.at\/wp-content\/uploads\/2021\/02\/02-kht-hp-slider-unterseite-geschenkkarte-3840x1304px-ef-1920x652px-jf-20210202-scaled.jpg\",\"width\":2560,\"height\":869,\"caption\":\"Gift Voucher\"},{\"@type\":\"BreadcrumbList\",\"@id\":\"https:\/\/kaufhaus-tyrol.at\/de\/gutschein-kaufen\/#breadcrumb\",\"itemListElement\":[{\"@type\":\"ListItem\",\"position\":1,\"name\":\"Home\",\"item\":\"https:\/\/kaufhaus-tyrol.at\/de\/\"},{\"@type\":\"ListItem\",\"position\":2,\"name\":\"Gutscheine kaufen\"}]},{\"@type\":\"WebSite\",\"@id\":\"https:\/\/kaufhaus-tyrol.at\/de\/#website\",\"url\":\"https:\/\/kaufhaus-tyrol.at\/de\/\",\"name\":\"Kaufhaus Tyrol\",\"description\":\"Shopping im Herzen von Innsbruck\",\"potentialAction\":[{\"@type\":\"SearchAction\",\"target\":{\"@type\":\"EntryPoint\",\"urlTemplate\":\"https:\/\/kaufhaus-tyrol.at\/de\/?s={search_term_string}\"},\"query-input\":{\"@type\":\"PropertyValueSpecification\",\"valueRequired\":true,\"valueName\":\"search_term_string\"}}],\"inLanguage\":\"de\"}]}<\/script>\n<!-- \/ Yoast SEO plugin. -->","yoast_head_json":{"title":"Gutscheine kaufen - Kaufhaus Tyrol","robots":{"index":"index","follow":"follow","max-snippet":"max-snippet:-1","max-image-preview":"max-image-preview:large","max-video-preview":"max-video-preview:-1"},"canonical":"https:\/\/kaufhaus-tyrol.at\/de\/gutschein-kaufen\/","og_locale":"de_DE","og_type":"article","og_title":"Gutscheine kaufen - Kaufhaus Tyrol","og_description":"[vc_row][vc_column][vc_custom_heading text=&#8220;Geschenkkarte online bestellen&#8220; font_container=&#8220;tag:h1|text_align:left&#8220; use_theme_fonts=&#8220;yes&#8220;][vc_column_text]\u00dcberraschen Sie Ihre Familie und Freunde mit einer kleinen Aufmerksamkeit und verschenken Sie die goldene Kaufhaus Tyrol Geschenkkarte, einzul\u00f6sen in allen Shops im Kaufhaus Tyrol. Versehen mit einer pers\u00f6nlichen Botschaft senden wir die Geschenkkarte direkt an Ihre Lieben. Bestellen k\u00f6nnen Sie die Karte bequem in der Kaufhaus Tyrol APP oder","og_url":"https:\/\/kaufhaus-tyrol.at\/de\/gutschein-kaufen\/","og_site_name":"Kaufhaus Tyrol","article_publisher":"https:\/\/www.facebook.com\/kaufhaustyrol\/","article_modified_time":"2024-11-21T09:17:13+00:00","og_image":[{"width":2560,"height":869,"url":"https:\/\/kaufhaus-tyrol.at\/wp-content\/uploads\/2021\/02\/02-kht-hp-slider-unterseite-geschenkkarte-3840x1304px-ef-1920x652px-jf-20210202-scaled.jpg","type":"image\/jpeg"}],"twitter_card":"summary_large_image","twitter_misc":{"Gesch\u00e4tzte Lesezeit":"1\u00a0Minute"},"schema":{"@context":"https:\/\/schema.org","@graph":[{"@type":"WebPage","@id":"https:\/\/kaufhaus-tyrol.at\/de\/gutschein-kaufen\/","url":"https:\/\/kaufhaus-tyrol.at\/de\/gutschein-kaufen\/","name":"Gutscheine kaufen - Kaufhaus Tyrol","isPartOf":{"@id":"https:\/\/kaufhaus-tyrol.at\/de\/#website"},"primaryImageOfPage":{"@id":"https:\/\/kaufhaus-tyrol.at\/de\/gutschein-kaufen\/#primaryimage"},"image":{"@id":"https:\/\/kaufhaus-tyrol.at\/de\/gutschein-kaufen\/#primaryimage"},"thumbnailUrl":"https:\/\/kaufhaus-tyrol.at\/wp-content\/uploads\/2021\/02\/02-kht-hp-slider-unterseite-geschenkkarte-3840x1304px-ef-1920x652px-jf-20210202-scaled.jpg","datePublished":"2020-03-29T17:44:35+00:00","dateModified":"2024-11-21T09:17:13+00:00","breadcrumb":{"@id":"https:\/\/kaufhaus-tyrol.at\/de\/gutschein-kaufen\/#breadcrumb"},"inLanguage":"de","potentialAction":[{"@type":"ReadAction","target":["https:\/\/kaufhaus-tyrol.at\/de\/gutschein-kaufen\/"]}]},{"@type":"ImageObject","inLanguage":"de","@id":"https:\/\/kaufhaus-tyrol.at\/de\/gutschein-kaufen\/#primaryimage","url":"https:\/\/kaufhaus-tyrol.at\/wp-content\/uploads\/2021\/02\/02-kht-hp-slider-unterseite-geschenkkarte-3840x1304px-ef-1920x652px-jf-20210202-scaled.jpg","contentUrl":"https:\/\/kaufhaus-tyrol.at\/wp-content\/uploads\/2021\/02\/02-kht-hp-slider-unterseite-geschenkkarte-3840x1304px-ef-1920x652px-jf-20210202-scaled.jpg","width":2560,"height":869,"caption":"Gift Voucher"},{"@type":"BreadcrumbList","@id":"https:\/\/kaufhaus-tyrol.at\/de\/gutschein-kaufen\/#breadcrumb","itemListElement":[{"@type":"ListItem","position":1,"name":"Home","item":"https:\/\/kaufhaus-tyrol.at\/de\/"},{"@type":"ListItem","position":2,"name":"Gutscheine kaufen"}]},{"@type":"WebSite","@id":"https:\/\/kaufhaus-tyrol.at\/de\/#website","url":"https:\/\/kaufhaus-tyrol.at\/de\/","name":"Kaufhaus Tyrol","description":"Shopping im Herzen von Innsbruck","potentialAction":[{"@type":"SearchAction","target":{"@type":"EntryPoint","urlTemplate":"https:\/\/kaufhaus-tyrol.at\/de\/?s={search_term_string}"},"query-input":{"@type":"PropertyValueSpecification","valueRequired":true,"valueName":"search_term_string"}}],"inLanguage":"de"}]}},"_links":{"self":[{"href":"https:\/\/kaufhaus-tyrol.at\/de\/wp-json\/wp\/v2\/pages\/8795"}],"collection":[{"href":"https:\/\/kaufhaus-tyrol.at\/de\/wp-json\/wp\/v2\/pages"}],"about":[{"href":"https:\/\/kaufhaus-tyrol.at\/de\/wp-json\/wp\/v2\/types\/page"}],"author":[{"embeddable":true,"href":"https:\/\/kaufhaus-tyrol.at\/de\/wp-json\/wp\/v2\/users\/5025"}],"replies":[{"embeddable":true,"href":"https:\/\/kaufhaus-tyrol.at\/de\/wp-json\/wp\/v2\/comments?post=8795"}],"version-history":[{"count":32,"href":"https:\/\/kaufhaus-tyrol.at\/de\/wp-json\/wp\/v2\/pages\/8795\/revisions"}],"predecessor-version":[{"id":16662,"href":"https:\/\/kaufhaus-tyrol.at\/de\/wp-json\/wp\/v2\/pages\/8795\/revisions\/16662"}],"wp:featuredmedia":[{"embeddable":true,"href":"https:\/\/kaufhaus-tyrol.at\/de\/wp-json\/wp\/v2\/media\/12284"}],"wp:attachment":[{"href":"https:\/\/kaufhaus-tyrol.at\/de\/wp-json\/wp\/v2\/media?parent=8795"}],"curies":[{"name":"wp","href":"https:\/\/api.w.org\/{rel}","templated":true}]}}