{"id":9829,"date":"2020-07-01T12:14:27","date_gmt":"2020-07-01T10:14:27","guid":{"rendered":"https:\/\/www.kaufhaus-tyrol.at\/?page_id=9829"},"modified":"2026-04-21T12:54:38","modified_gmt":"2026-04-21T10:54:38","slug":"sunset-sessions","status":"publish","type":"page","link":"https:\/\/kaufhaus-tyrol.at\/de\/sunset-sessions\/","title":{"rendered":"Sunset Session"},"content":{"rendered":"<div class=\"wpb-content-wrapper\"><p>[vc_row][vc_column][vc_custom_heading text=&#8220;SUNSET SESSIONS&#8220; font_container=&#8220;tag:h1|text_align:center&#8220; use_theme_fonts=&#8220;yes&#8220;][vc_empty_space height=&#8220;42px&#8220;][vc_column_text]Die\u00a0<strong>#khtsunsetsessions<\/strong>\u00a0starten in eine n\u00e4chste Runde! Wer die SUNSET SESSIONS noch von den letzten Jahren kennt, wei\u00df, dass bei uns kein Muskel unbeansprucht und kein Handtuch trocken bleibt. Es wird geschwitzt, gelacht und bei grandioser Aussicht funktionelles Training, Yoga und Pilates praktiziert.<\/p>\n<p>Die Sessions sind online buchbar und k\u00f6nnen \u00fcber die App ausgew\u00e4hlt und direkt gebucht werden. Der Preis pro Session startet bei 15 Euro, die Einnahmen werden zu 100% an die gemeinn\u00fctzige Organisation <a href=\"https:\/\/www.young-action-heroes.at\/\">Young Action Heroes<\/a> gespendet. \u00dcber die APP k\u00f6nnen ein, oder mehrere Trainings gebucht und direkt bezahlt werden. Ihr bekommt dann ein Best\u00e4tigungsmail mit eurer Buchungsbest\u00e4tigung.<\/p>\n<p>Auch dieses Jahr wird euch wieder <a href=\"https:\/\/www.das-training.com\/\" target=\"_blank\" rel=\"noopener\">Das Training mit Marcel <\/a>mit schwei\u00dftreibenden bodyweight HIIT-Sessions ordentlich einheizen. <a href=\"http:\/\/www.missionyou.at\/\" target=\"_blank\" rel=\"noopener\">Tina von Mission You<\/a> ist auch wieder dabei und l\u00e4sst euch mit ihren Pilates Einheiten, welche auf den ganzen K\u00f6rper fokussiert sind, den Alltagsstress vergessen. HITT &amp; Stretch Sessions, die euch an die Grenzen treiben gibt es auch von <a href=\"https:\/\/www.wir-bewegen-tirol.at\/\" target=\"_blank\" rel=\"noopener\">Wir bewegen Tirol<\/a> am Dach des Kaufhaus Tyrols.<\/p>\n<p><a href=\"https:\/\/www.instagram.com\/sabrina_soulbloom?utm_source=qr&amp;igsh=ejgyN2VnNndtYTNj\" target=\"_blank\" rel=\"noopener\">Yogalehrerin Sabrina<\/a> wird euch mit ihren Yin Yoga Sessions begeistern. Diese ruhige und meditative Art von Yoga, bei der vorwiegend Asanas im Sitzen oder Liegen f\u00fcr mehrere Minuten gehalten werden, hilft tief in die Dehnung zu finden und Faszien zu l\u00f6sen. Auch <a href=\"https:\/\/www.theflou.at\/\" target=\"_blank\" rel=\"noopener\">Verena von <\/a><a href=\"https:\/\/www.theflou.at\/\">The Flou Innsbruck<\/a> ist dieses Jahr wieder am Start. Euch erwarten klassische Pilates-\u00dcbungen, bei denen ihr \u00fcber den D\u00e4chern Innsbrucks definitiv ins Schwitzen kommt. <a href=\"https:\/\/www.instagram.com\/emmagaenzer?igsh=MWs1ejN6eGk5djd5eQ==\">Emma Gaenzer, <\/a>sie leitet euch durch einen dynamischen Vinyasa Flow, der dazu einl\u00e4dt, sich frei und bewusst zu bewegen und dem K\u00f6rper das zu geben, was er braucht \u2013 mit dem Fokus, Spannungen zu l\u00f6sen und ganz bei sich anzukommen.<\/p>\n<p>Es gibt f\u00fcr jede Session einen bereits vorgesehen <strong>Ersatztermin<\/strong> auf dem Dach, den ihr in der App unter der jeweiligen Session einsehen k\u00f6nnt. Wir werden euch am Tag der jeweiligen Session per Mail informieren, ob die Session wie geplant stattfinden wird, oder auf den Ersatztermin ausgewichen wird.\u00a0 Treffpunkt ist immer am Haupteingang, ihr geht dann mit euren Trainer:innen gemeinsam auf das Dach des Kaufhaus Tyrols.[\/vc_column_text][\/vc_column][\/vc_row][vc_row][vc_column][vc_custom_heading text=&#8220;Tickets \u00fcber unsere App erh\u00e4ltlich:&#8220; font_container=&#8220;tag:h2|text_align:center&#8220; use_theme_fonts=&#8220;yes&#8220;][vc_column_text]<\/p>\n<ol>\n<li>Die Kaufhaus Tyrol App in deinem App oder Google Play Store downloaden<\/li>\n<li>In der App registrieren<\/li>\n<li>Sunset Sessions ausw\u00e4hlen<\/li>\n<li>Direkt in der App bezahlen &amp; Tickets erhalten<\/li>\n<\/ol>\n<p>[\/vc_column_text][\/vc_column][\/vc_row][vc_row][vc_column width=&#8220;1\/2&#8243;][vc_single_image image=&#8220;15993&#8243; img_size=&#8220;&#8220; alignment=&#8220;center&#8220; onclick=&#8220;custom_link&#8220; img_link_target=&#8220;_blank&#8220; link=&#8220;http:\/\/itunes.apple.com\/at\/app\/kaufhaus-tyrol\/id1219209969?mt=8&#8243;][\/vc_column][vc_column width=&#8220;1\/2&#8243;][vc_single_image image=&#8220;15990&#8243; img_size=&#8220;&#8220; onclick=&#8220;custom_link&#8220; img_link_target=&#8220;_blank&#8220; link=&#8220;http:\/\/play.google.com\/store\/apps\/details?id=at.kaufhaus.tyrol&#8220;][\/vc_column][\/vc_row][vc_row][vc_column][vc_custom_heading text=&#8220;Infos &amp; Ablauf&#8220; font_container=&#8220;tag:h2|text_align:center&#8220; use_theme_fonts=&#8220;yes&#8220;][\/vc_column][\/vc_row][vc_row][vc_column][vc_column_text]<strong>SUNSET SESSIONS:<\/strong><\/p>\n<p><strong>Uhrzeit:<\/strong> 19:00 Uhr (Juni &#8211; August), 18 Uhr (September)<br \/>\n<strong>Dauer:<\/strong> 1 \u2013 1,5 Stunden<br \/>\n<strong>Treffpunkt:<\/strong> Haupteingang Kaufhaus Tyrol in der Maria-Theresien-Stra\u00dfe 31<\/p>\n<p>Wir bitten dich, zu allen Veranstaltungen deine Yogamatte und bei Bedarf warme Kleidung mitzubringen. Dein p\u00fcnktliches Erscheinen ist wichtig, da die T\u00fcren zum Dach des Kaufhaus Tyrol wieder geschlossen werden. \u00a0Bei schlechtem Wetter wird auf den Ersatztermin, welcher bei der jeweiligen Veranstaltung aufgelistet ist, ausgewichen. Wir werden euch am Tag der jeweiligen Session <strong>per Mail<\/strong> informieren, ob die Session wie geplant stattfinden wird, oder auf den <strong>Ersatztermin<\/strong> ausgewichen wird. Treffpunkt ist immer am <strong>Haupteingang<\/strong>, ihr geht dann mit euren Trainer:innen gemeinsam auf das Dach des Kaufhaus Tyrols. Aufgrund der exponierten Lage des Veranstaltungsortes ist dem Sicherheitspersonal zu jedem Zeitpunkt umgehend Folge zu leisten. Eine Nichtbeachtung f\u00fchrt automatisch zum <strong>Ausschluss von der Veranstaltung<\/strong>.<\/p>\n<p>Am Veranstaltungsort werden zu Zwecken der Dokumentation und Werbung der Veranstaltung Fotos und Videos angefertigt. Mit der Anmeldung an diesem Event erkl\u00e4rst du dich mit der Verwendung einverstanden.<\/p>\n<p>Zu unseren <a href=\"https:\/\/kaufhaus-tyrol.at\/de\/agb\/\">AGBs<\/a>.[\/vc_column_text][\/vc_column][\/vc_row]<\/p>\n<\/div>","protected":false},"excerpt":{"rendered":"<p>[vc_row][vc_column][vc_custom_heading text=&#8220;SUNSET SESSIONS&#8220; font_container=&#8220;tag:h1|text_align:center&#8220; use_theme_fonts=&#8220;yes&#8220;][vc_empty_space height=&#8220;42px&#8220;][vc_column_text]Die\u00a0#khtsunsetsessions\u00a0starten in eine n\u00e4chste Runde! Wer die SUNSET SESSIONS noch von den letzten Jahren kennt, wei\u00df, dass bei uns kein Muskel unbeansprucht und kein Handtuch trocken bleibt. Es wird geschwitzt, gelacht und bei grandioser Aussicht funktionelles Training, Yoga und Pilates praktiziert. Die Sessions sind online buchbar und k\u00f6nnen \u00fcber die<\/p>\n","protected":false},"author":5005,"featured_media":20810,"parent":0,"menu_order":0,"comment_status":"closed","ping_status":"closed","template":"","meta":{"_acf_changed":false,"inline_featured_image":false,"footnotes":""},"acf":[],"yoast_head":"<!-- This site is optimized with the Yoast SEO plugin v23.5 - https:\/\/yoast.com\/wordpress\/plugins\/seo\/ -->\n<title>Sunset Sessions am Dach - Kaufhaus Tyrol<\/title>\n<meta name=\"description\" content=\"Die Kaufhaus Tyrol Sunset Sessions #khtsunsetsessions sind zur\u00fcck. Auch in diesem Jahr wird auf der sch\u00f6nsten Trainingslocation der Stadt wieder geschwitzt.\" \/>\n<meta name=\"robots\" content=\"index, follow, max-snippet:-1, max-image-preview:large, max-video-preview:-1\" \/>\n<link rel=\"canonical\" href=\"https:\/\/kaufhaus-tyrol.at\/de\/sunset-sessions\/\" \/>\n<meta property=\"og:locale\" content=\"de_DE\" \/>\n<meta property=\"og:type\" content=\"article\" \/>\n<meta property=\"og:title\" content=\"Sunset Sessions am Dach - Kaufhaus Tyrol\" \/>\n<meta property=\"og:description\" content=\"Die Kaufhaus Tyrol Sunset Sessions #khtsunsetsessions sind zur\u00fcck. Auch in diesem Jahr wird auf der sch\u00f6nsten Trainingslocation der Stadt wieder geschwitzt.\" \/>\n<meta property=\"og:url\" content=\"https:\/\/kaufhaus-tyrol.at\/de\/sunset-sessions\/\" \/>\n<meta property=\"og:site_name\" content=\"Kaufhaus Tyrol\" \/>\n<meta property=\"article:publisher\" content=\"https:\/\/www.facebook.com\/kaufhaustyrol\/\" \/>\n<meta property=\"article:modified_time\" content=\"2026-04-21T10:54:38+00:00\" \/>\n<meta property=\"og:image\" content=\"https:\/\/kaufhaus-tyrol.at\/wp-content\/uploads\/2025\/04\/03_KHT_HP-Slider-Unterseite_summer_sessions_3840x1304px_EF-1920x652px_FM_20250415-scaled.jpg\" \/>\n\t<meta property=\"og:image:width\" content=\"2560\" \/>\n\t<meta property=\"og:image:height\" content=\"869\" \/>\n\t<meta property=\"og:image:type\" content=\"image\/jpeg\" \/>\n<meta name=\"twitter:card\" content=\"summary_large_image\" \/>\n<meta name=\"twitter:label1\" content=\"Gesch\u00e4tzte Lesezeit\" \/>\n\t<meta name=\"twitter:data1\" content=\"4\u00a0Minuten\" \/>\n<script type=\"application\/ld+json\" class=\"yoast-schema-graph\">{\"@context\":\"https:\/\/schema.org\",\"@graph\":[{\"@type\":\"WebPage\",\"@id\":\"https:\/\/kaufhaus-tyrol.at\/de\/sunset-sessions\/\",\"url\":\"https:\/\/kaufhaus-tyrol.at\/de\/sunset-sessions\/\",\"name\":\"Sunset Sessions am Dach - Kaufhaus Tyrol\",\"isPartOf\":{\"@id\":\"https:\/\/kaufhaus-tyrol.at\/de\/#website\"},\"primaryImageOfPage\":{\"@id\":\"https:\/\/kaufhaus-tyrol.at\/de\/sunset-sessions\/#primaryimage\"},\"image\":{\"@id\":\"https:\/\/kaufhaus-tyrol.at\/de\/sunset-sessions\/#primaryimage\"},\"thumbnailUrl\":\"https:\/\/kaufhaus-tyrol.at\/wp-content\/uploads\/2025\/04\/03_KHT_HP-Slider-Unterseite_summer_sessions_3840x1304px_EF-1920x652px_FM_20250415-scaled.jpg\",\"datePublished\":\"2020-07-01T10:14:27+00:00\",\"dateModified\":\"2026-04-21T10:54:38+00:00\",\"description\":\"Die Kaufhaus Tyrol Sunset Sessions #khtsunsetsessions sind zur\u00fcck. Auch in diesem Jahr wird auf der sch\u00f6nsten Trainingslocation der Stadt wieder geschwitzt.\",\"breadcrumb\":{\"@id\":\"https:\/\/kaufhaus-tyrol.at\/de\/sunset-sessions\/#breadcrumb\"},\"inLanguage\":\"de\",\"potentialAction\":[{\"@type\":\"ReadAction\",\"target\":[\"https:\/\/kaufhaus-tyrol.at\/de\/sunset-sessions\/\"]}]},{\"@type\":\"ImageObject\",\"inLanguage\":\"de\",\"@id\":\"https:\/\/kaufhaus-tyrol.at\/de\/sunset-sessions\/#primaryimage\",\"url\":\"https:\/\/kaufhaus-tyrol.at\/wp-content\/uploads\/2025\/04\/03_KHT_HP-Slider-Unterseite_summer_sessions_3840x1304px_EF-1920x652px_FM_20250415-scaled.jpg\",\"contentUrl\":\"https:\/\/kaufhaus-tyrol.at\/wp-content\/uploads\/2025\/04\/03_KHT_HP-Slider-Unterseite_summer_sessions_3840x1304px_EF-1920x652px_FM_20250415-scaled.jpg\",\"width\":2560,\"height\":869,\"caption\":\"Sunset Sessions Kaufhaus Tyrol\"},{\"@type\":\"BreadcrumbList\",\"@id\":\"https:\/\/kaufhaus-tyrol.at\/de\/sunset-sessions\/#breadcrumb\",\"itemListElement\":[{\"@type\":\"ListItem\",\"position\":1,\"name\":\"Home\",\"item\":\"https:\/\/kaufhaus-tyrol.at\/de\/\"},{\"@type\":\"ListItem\",\"position\":2,\"name\":\"Sunset Session\"}]},{\"@type\":\"WebSite\",\"@id\":\"https:\/\/kaufhaus-tyrol.at\/de\/#website\",\"url\":\"https:\/\/kaufhaus-tyrol.at\/de\/\",\"name\":\"Kaufhaus Tyrol\",\"description\":\"Shopping im Herzen von Innsbruck\",\"potentialAction\":[{\"@type\":\"SearchAction\",\"target\":{\"@type\":\"EntryPoint\",\"urlTemplate\":\"https:\/\/kaufhaus-tyrol.at\/de\/?s={search_term_string}\"},\"query-input\":{\"@type\":\"PropertyValueSpecification\",\"valueRequired\":true,\"valueName\":\"search_term_string\"}}],\"inLanguage\":\"de\"}]}<\/script>\n<!-- \/ Yoast SEO plugin. -->","yoast_head_json":{"title":"Sunset Sessions am Dach - Kaufhaus Tyrol","description":"Die Kaufhaus Tyrol Sunset Sessions #khtsunsetsessions sind zur\u00fcck. Auch in diesem Jahr wird auf der sch\u00f6nsten Trainingslocation der Stadt wieder geschwitzt.","robots":{"index":"index","follow":"follow","max-snippet":"max-snippet:-1","max-image-preview":"max-image-preview:large","max-video-preview":"max-video-preview:-1"},"canonical":"https:\/\/kaufhaus-tyrol.at\/de\/sunset-sessions\/","og_locale":"de_DE","og_type":"article","og_title":"Sunset Sessions am Dach - Kaufhaus Tyrol","og_description":"Die Kaufhaus Tyrol Sunset Sessions #khtsunsetsessions sind zur\u00fcck. Auch in diesem Jahr wird auf der sch\u00f6nsten Trainingslocation der Stadt wieder geschwitzt.","og_url":"https:\/\/kaufhaus-tyrol.at\/de\/sunset-sessions\/","og_site_name":"Kaufhaus Tyrol","article_publisher":"https:\/\/www.facebook.com\/kaufhaustyrol\/","article_modified_time":"2026-04-21T10:54:38+00:00","og_image":[{"width":2560,"height":869,"url":"https:\/\/kaufhaus-tyrol.at\/wp-content\/uploads\/2025\/04\/03_KHT_HP-Slider-Unterseite_summer_sessions_3840x1304px_EF-1920x652px_FM_20250415-scaled.jpg","type":"image\/jpeg"}],"twitter_card":"summary_large_image","twitter_misc":{"Gesch\u00e4tzte Lesezeit":"4\u00a0Minuten"},"schema":{"@context":"https:\/\/schema.org","@graph":[{"@type":"WebPage","@id":"https:\/\/kaufhaus-tyrol.at\/de\/sunset-sessions\/","url":"https:\/\/kaufhaus-tyrol.at\/de\/sunset-sessions\/","name":"Sunset Sessions am Dach - Kaufhaus Tyrol","isPartOf":{"@id":"https:\/\/kaufhaus-tyrol.at\/de\/#website"},"primaryImageOfPage":{"@id":"https:\/\/kaufhaus-tyrol.at\/de\/sunset-sessions\/#primaryimage"},"image":{"@id":"https:\/\/kaufhaus-tyrol.at\/de\/sunset-sessions\/#primaryimage"},"thumbnailUrl":"https:\/\/kaufhaus-tyrol.at\/wp-content\/uploads\/2025\/04\/03_KHT_HP-Slider-Unterseite_summer_sessions_3840x1304px_EF-1920x652px_FM_20250415-scaled.jpg","datePublished":"2020-07-01T10:14:27+00:00","dateModified":"2026-04-21T10:54:38+00:00","description":"Die Kaufhaus Tyrol Sunset Sessions #khtsunsetsessions sind zur\u00fcck. Auch in diesem Jahr wird auf der sch\u00f6nsten Trainingslocation der Stadt wieder geschwitzt.","breadcrumb":{"@id":"https:\/\/kaufhaus-tyrol.at\/de\/sunset-sessions\/#breadcrumb"},"inLanguage":"de","potentialAction":[{"@type":"ReadAction","target":["https:\/\/kaufhaus-tyrol.at\/de\/sunset-sessions\/"]}]},{"@type":"ImageObject","inLanguage":"de","@id":"https:\/\/kaufhaus-tyrol.at\/de\/sunset-sessions\/#primaryimage","url":"https:\/\/kaufhaus-tyrol.at\/wp-content\/uploads\/2025\/04\/03_KHT_HP-Slider-Unterseite_summer_sessions_3840x1304px_EF-1920x652px_FM_20250415-scaled.jpg","contentUrl":"https:\/\/kaufhaus-tyrol.at\/wp-content\/uploads\/2025\/04\/03_KHT_HP-Slider-Unterseite_summer_sessions_3840x1304px_EF-1920x652px_FM_20250415-scaled.jpg","width":2560,"height":869,"caption":"Sunset Sessions Kaufhaus Tyrol"},{"@type":"BreadcrumbList","@id":"https:\/\/kaufhaus-tyrol.at\/de\/sunset-sessions\/#breadcrumb","itemListElement":[{"@type":"ListItem","position":1,"name":"Home","item":"https:\/\/kaufhaus-tyrol.at\/de\/"},{"@type":"ListItem","position":2,"name":"Sunset Session"}]},{"@type":"WebSite","@id":"https:\/\/kaufhaus-tyrol.at\/de\/#website","url":"https:\/\/kaufhaus-tyrol.at\/de\/","name":"Kaufhaus Tyrol","description":"Shopping im Herzen von Innsbruck","potentialAction":[{"@type":"SearchAction","target":{"@type":"EntryPoint","urlTemplate":"https:\/\/kaufhaus-tyrol.at\/de\/?s={search_term_string}"},"query-input":{"@type":"PropertyValueSpecification","valueRequired":true,"valueName":"search_term_string"}}],"inLanguage":"de"}]}},"_links":{"self":[{"href":"https:\/\/kaufhaus-tyrol.at\/de\/wp-json\/wp\/v2\/pages\/9829"}],"collection":[{"href":"https:\/\/kaufhaus-tyrol.at\/de\/wp-json\/wp\/v2\/pages"}],"about":[{"href":"https:\/\/kaufhaus-tyrol.at\/de\/wp-json\/wp\/v2\/types\/page"}],"author":[{"embeddable":true,"href":"https:\/\/kaufhaus-tyrol.at\/de\/wp-json\/wp\/v2\/users\/5005"}],"replies":[{"embeddable":true,"href":"https:\/\/kaufhaus-tyrol.at\/de\/wp-json\/wp\/v2\/comments?post=9829"}],"version-history":[{"count":57,"href":"https:\/\/kaufhaus-tyrol.at\/de\/wp-json\/wp\/v2\/pages\/9829\/revisions"}],"predecessor-version":[{"id":21911,"href":"https:\/\/kaufhaus-tyrol.at\/de\/wp-json\/wp\/v2\/pages\/9829\/revisions\/21911"}],"wp:featuredmedia":[{"embeddable":true,"href":"https:\/\/kaufhaus-tyrol.at\/de\/wp-json\/wp\/v2\/media\/20810"}],"wp:attachment":[{"href":"https:\/\/kaufhaus-tyrol.at\/de\/wp-json\/wp\/v2\/media?parent=9829"}],"curies":[{"name":"wp","href":"https:\/\/api.w.org\/{rel}","templated":true}]}}