{"id":13848,"date":"2021-08-09T15:56:29","date_gmt":"2021-08-09T13:56:29","guid":{"rendered":"https:\/\/www.kaufhaus-tyrol.at\/?page_id=13848"},"modified":"2021-08-12T13:58:52","modified_gmt":"2021-08-12T11:58:52","slug":"barrierefreiheit-im-kaufhaus-tyrol","status":"publish","type":"page","link":"https:\/\/kaufhaus-tyrol.at\/en\/barrierefreiheit-im-kaufhaus-tyrol\/","title":{"rendered":"Barrierefreiheit im Kaufhaus Tyrol"},"content":{"rendered":"<div class=\"wpb-content-wrapper\"><p>[vc_row][vc_column][vc_column_text]<strong>Damit sich Menschen mit Beeintr\u00e4chtigungen bequem in unserem Haus bewegen k\u00f6nnen, haben wir einige Erleichterungen geschaffen:<\/strong>[\/vc_column_text][vc_custom_heading text=&#8221;Infopoint&#8221; use_theme_fonts=&#8221;yes&#8221;][vc_column_text]Am Infopoint stehen Ihnen zu unseren \u00d6ffnungszeiten die Mitarbeiterinnen f\u00fcr Fragen aller Art zur Verf\u00fcgung. Lassen Sie uns gerne wissen, wie wir Ihren Aufenthalt im Kaufhaus Tyrol so angenehm und unkompliziert wie m\u00f6glich gestalten k\u00f6nnen &#8211; wir helfen Ihnen gerne bei all Ihren Anliegen![\/vc_column_text][vc_custom_heading text=&#8221;Leitsystem&#8221; use_theme_fonts=&#8221;yes&#8221;][vc_column_text]F\u00fcr Sehbehinderte f\u00fchrt kommend von der Maria-Theresien-Stra\u00dfe, ein Leitsystem am Boden direkt zum Infopoint im Erdgescho\u00df.<\/p>\n<p>Wenn Sie Hilfe, oder Assistenz ben\u00f6tigen um einen Shop aufzusuchen, steht Ihnen unser Team am Infopoint w\u00e4hrend unserer \u00d6ffnungszeiten zur Verf\u00fcgung. Ein Mitarbeiter der Sicherheit begleitet Sie dann auf Wunsch zum Shop.[\/vc_column_text][vc_custom_heading text=&#8221;Barrierefreies WC&#8221; use_theme_fonts=&#8221;yes&#8221;][vc_column_text]Im Kaufhaus Tyrol befinden sich im 2. Untergescho\u00df, sowie im 2. Obergescho\u00df barrierefreie Toilettenanlagen. Sie verf\u00fcgen \u00fcber rollstuhlgerechte Kabinen, welche au\u00dferdem mit einer Notruffunktion ausgestattet sind.[\/vc_column_text][vc_custom_heading text=&#8221;Liftanlagen&#8221; use_theme_fonts=&#8221;yes&#8221;][vc_column_text]Im Erdgescho\u00df in Richtung Sparkassenplatz befinden sich unsere Liftanlagen welche Sie barrierefrei in jedes Stockwerk bringen. Au\u00dferdem befindet sich, ebenfalls im Erdgescho\u00df, der Media Markt Express Lift welcher Sie direkt in den Shop im 4. Obergescho\u00df bringt.[\/vc_column_text][\/vc_column][\/vc_row]<\/p>\n<\/div>","protected":false},"excerpt":{"rendered":"<p>[vc_row][vc_column][vc_column_text]Damit sich Menschen mit Beeintr\u00e4chtigungen bequem in unserem Haus bewegen k\u00f6nnen, haben wir einige Erleichterungen geschaffen:[\/vc_column_text][vc_custom_heading text=&#8221;Infopoint&#8221; use_theme_fonts=&#8221;yes&#8221;][vc_column_text]Am Infopoint stehen Ihnen zu unseren \u00d6ffnungszeiten die Mitarbeiterinnen f\u00fcr Fragen aller Art zur Verf\u00fcgung. Lassen Sie uns gerne wissen, wie wir Ihren Aufenthalt im Kaufhaus Tyrol so angenehm und unkompliziert wie m\u00f6glich gestalten k\u00f6nnen &#8211; wir helfen<\/p>\n","protected":false},"author":5025,"featured_media":14118,"parent":0,"menu_order":0,"comment_status":"closed","ping_status":"closed","template":"","meta":{"_acf_changed":false,"inline_featured_image":false,"footnotes":""},"acf":[],"yoast_head":"<!-- This site is optimized with the Yoast SEO plugin v23.5 - https:\/\/yoast.com\/wordpress\/plugins\/seo\/ -->\n<title>Barrierefreiheit im Kaufhaus Tyrol - Kaufhaus Tyrol<\/title>\n<meta name=\"robots\" content=\"index, follow, max-snippet:-1, max-image-preview:large, max-video-preview:-1\" \/>\n<link rel=\"canonical\" href=\"https:\/\/kaufhaus-tyrol.at\/de\/barrierefreiheit-im-kaufhaus-tyrol\/\" \/>\n<meta property=\"og:locale\" content=\"en_US\" \/>\n<meta property=\"og:type\" content=\"article\" \/>\n<meta property=\"og:title\" content=\"Barrierefreiheit im Kaufhaus Tyrol - Kaufhaus Tyrol\" \/>\n<meta property=\"og:description\" content=\"[vc_row][vc_column][vc_column_text]Damit sich Menschen mit Beeintr\u00e4chtigungen bequem in unserem Haus bewegen k\u00f6nnen, haben wir einige Erleichterungen geschaffen:[\/vc_column_text][vc_custom_heading text=&#8221;Infopoint&#8221; use_theme_fonts=&#8221;yes&#8221;][vc_column_text]Am Infopoint stehen Ihnen zu unseren \u00d6ffnungszeiten die Mitarbeiterinnen f\u00fcr Fragen aller Art zur Verf\u00fcgung. Lassen Sie uns gerne wissen, wie wir Ihren Aufenthalt im Kaufhaus Tyrol so angenehm und unkompliziert wie m\u00f6glich gestalten k\u00f6nnen &#8211; wir helfen\" \/>\n<meta property=\"og:url\" content=\"https:\/\/kaufhaus-tyrol.at\/de\/barrierefreiheit-im-kaufhaus-tyrol\/\" \/>\n<meta property=\"og:site_name\" content=\"Kaufhaus Tyrol\" \/>\n<meta property=\"article:publisher\" content=\"https:\/\/www.facebook.com\/kaufhaustyrol\/\" \/>\n<meta property=\"article:modified_time\" content=\"2021-08-12T11:58:52+00:00\" \/>\n<meta property=\"og:image\" content=\"https:\/\/kaufhaus-tyrol.at\/wp-content\/uploads\/2021\/08\/KHT_HP-Slider-Unterseite_3840x1304px_EF1920x652px_2021_4-2-scaled.jpg\" \/>\n\t<meta property=\"og:image:width\" content=\"2560\" \/>\n\t<meta property=\"og:image:height\" content=\"869\" \/>\n\t<meta property=\"og:image:type\" content=\"image\/jpeg\" \/>\n<meta name=\"twitter:card\" content=\"summary_large_image\" \/>\n<meta name=\"twitter:label1\" content=\"Est. reading time\" \/>\n\t<meta name=\"twitter:data1\" content=\"1 minute\" \/>\n<script type=\"application\/ld+json\" class=\"yoast-schema-graph\">{\"@context\":\"https:\/\/schema.org\",\"@graph\":[{\"@type\":\"WebPage\",\"@id\":\"https:\/\/kaufhaus-tyrol.at\/de\/barrierefreiheit-im-kaufhaus-tyrol\/\",\"url\":\"https:\/\/kaufhaus-tyrol.at\/de\/barrierefreiheit-im-kaufhaus-tyrol\/\",\"name\":\"Barrierefreiheit im Kaufhaus Tyrol - Kaufhaus Tyrol\",\"isPartOf\":{\"@id\":\"https:\/\/kaufhaus-tyrol.at\/de\/#website\"},\"primaryImageOfPage\":{\"@id\":\"https:\/\/kaufhaus-tyrol.at\/de\/barrierefreiheit-im-kaufhaus-tyrol\/#primaryimage\"},\"image\":{\"@id\":\"https:\/\/kaufhaus-tyrol.at\/de\/barrierefreiheit-im-kaufhaus-tyrol\/#primaryimage\"},\"thumbnailUrl\":\"https:\/\/kaufhaus-tyrol.at\/wp-content\/uploads\/2021\/08\/KHT_HP-Slider-Unterseite_3840x1304px_EF1920x652px_2021_4-2-scaled.jpg\",\"datePublished\":\"2021-08-09T13:56:29+00:00\",\"dateModified\":\"2021-08-12T11:58:52+00:00\",\"breadcrumb\":{\"@id\":\"https:\/\/kaufhaus-tyrol.at\/de\/barrierefreiheit-im-kaufhaus-tyrol\/#breadcrumb\"},\"inLanguage\":\"en-US\",\"potentialAction\":[{\"@type\":\"ReadAction\",\"target\":[\"https:\/\/kaufhaus-tyrol.at\/de\/barrierefreiheit-im-kaufhaus-tyrol\/\"]}]},{\"@type\":\"ImageObject\",\"inLanguage\":\"en-US\",\"@id\":\"https:\/\/kaufhaus-tyrol.at\/de\/barrierefreiheit-im-kaufhaus-tyrol\/#primaryimage\",\"url\":\"https:\/\/kaufhaus-tyrol.at\/wp-content\/uploads\/2021\/08\/KHT_HP-Slider-Unterseite_3840x1304px_EF1920x652px_2021_4-2-scaled.jpg\",\"contentUrl\":\"https:\/\/kaufhaus-tyrol.at\/wp-content\/uploads\/2021\/08\/KHT_HP-Slider-Unterseite_3840x1304px_EF1920x652px_2021_4-2-scaled.jpg\",\"width\":2560,\"height\":869,\"caption\":\"Zwei Menschen reichen sich die H\u00e4nde\"},{\"@type\":\"BreadcrumbList\",\"@id\":\"https:\/\/kaufhaus-tyrol.at\/de\/barrierefreiheit-im-kaufhaus-tyrol\/#breadcrumb\",\"itemListElement\":[{\"@type\":\"ListItem\",\"position\":1,\"name\":\"Home\",\"item\":\"https:\/\/kaufhaus-tyrol.at\/en\/\"},{\"@type\":\"ListItem\",\"position\":2,\"name\":\"Barrierefreiheit im Kaufhaus Tyrol\"}]},{\"@type\":\"WebSite\",\"@id\":\"https:\/\/kaufhaus-tyrol.at\/de\/#website\",\"url\":\"https:\/\/kaufhaus-tyrol.at\/de\/\",\"name\":\"Kaufhaus Tyrol\",\"description\":\"Shopping im Herzen von Innsbruck\",\"potentialAction\":[{\"@type\":\"SearchAction\",\"target\":{\"@type\":\"EntryPoint\",\"urlTemplate\":\"https:\/\/kaufhaus-tyrol.at\/de\/?s={search_term_string}\"},\"query-input\":{\"@type\":\"PropertyValueSpecification\",\"valueRequired\":true,\"valueName\":\"search_term_string\"}}],\"inLanguage\":\"en-US\"}]}<\/script>\n<!-- \/ Yoast SEO plugin. -->","yoast_head_json":{"title":"Barrierefreiheit im Kaufhaus Tyrol - Kaufhaus Tyrol","robots":{"index":"index","follow":"follow","max-snippet":"max-snippet:-1","max-image-preview":"max-image-preview:large","max-video-preview":"max-video-preview:-1"},"canonical":"https:\/\/kaufhaus-tyrol.at\/de\/barrierefreiheit-im-kaufhaus-tyrol\/","og_locale":"en_US","og_type":"article","og_title":"Barrierefreiheit im Kaufhaus Tyrol - Kaufhaus Tyrol","og_description":"[vc_row][vc_column][vc_column_text]Damit sich Menschen mit Beeintr\u00e4chtigungen bequem in unserem Haus bewegen k\u00f6nnen, haben wir einige Erleichterungen geschaffen:[\/vc_column_text][vc_custom_heading text=&#8221;Infopoint&#8221; use_theme_fonts=&#8221;yes&#8221;][vc_column_text]Am Infopoint stehen Ihnen zu unseren \u00d6ffnungszeiten die Mitarbeiterinnen f\u00fcr Fragen aller Art zur Verf\u00fcgung. Lassen Sie uns gerne wissen, wie wir Ihren Aufenthalt im Kaufhaus Tyrol so angenehm und unkompliziert wie m\u00f6glich gestalten k\u00f6nnen &#8211; wir helfen","og_url":"https:\/\/kaufhaus-tyrol.at\/de\/barrierefreiheit-im-kaufhaus-tyrol\/","og_site_name":"Kaufhaus Tyrol","article_publisher":"https:\/\/www.facebook.com\/kaufhaustyrol\/","article_modified_time":"2021-08-12T11:58:52+00:00","og_image":[{"width":2560,"height":869,"url":"https:\/\/kaufhaus-tyrol.at\/wp-content\/uploads\/2021\/08\/KHT_HP-Slider-Unterseite_3840x1304px_EF1920x652px_2021_4-2-scaled.jpg","type":"image\/jpeg"}],"twitter_card":"summary_large_image","twitter_misc":{"Est. reading time":"1 minute"},"schema":{"@context":"https:\/\/schema.org","@graph":[{"@type":"WebPage","@id":"https:\/\/kaufhaus-tyrol.at\/de\/barrierefreiheit-im-kaufhaus-tyrol\/","url":"https:\/\/kaufhaus-tyrol.at\/de\/barrierefreiheit-im-kaufhaus-tyrol\/","name":"Barrierefreiheit im Kaufhaus Tyrol - Kaufhaus Tyrol","isPartOf":{"@id":"https:\/\/kaufhaus-tyrol.at\/de\/#website"},"primaryImageOfPage":{"@id":"https:\/\/kaufhaus-tyrol.at\/de\/barrierefreiheit-im-kaufhaus-tyrol\/#primaryimage"},"image":{"@id":"https:\/\/kaufhaus-tyrol.at\/de\/barrierefreiheit-im-kaufhaus-tyrol\/#primaryimage"},"thumbnailUrl":"https:\/\/kaufhaus-tyrol.at\/wp-content\/uploads\/2021\/08\/KHT_HP-Slider-Unterseite_3840x1304px_EF1920x652px_2021_4-2-scaled.jpg","datePublished":"2021-08-09T13:56:29+00:00","dateModified":"2021-08-12T11:58:52+00:00","breadcrumb":{"@id":"https:\/\/kaufhaus-tyrol.at\/de\/barrierefreiheit-im-kaufhaus-tyrol\/#breadcrumb"},"inLanguage":"en-US","potentialAction":[{"@type":"ReadAction","target":["https:\/\/kaufhaus-tyrol.at\/de\/barrierefreiheit-im-kaufhaus-tyrol\/"]}]},{"@type":"ImageObject","inLanguage":"en-US","@id":"https:\/\/kaufhaus-tyrol.at\/de\/barrierefreiheit-im-kaufhaus-tyrol\/#primaryimage","url":"https:\/\/kaufhaus-tyrol.at\/wp-content\/uploads\/2021\/08\/KHT_HP-Slider-Unterseite_3840x1304px_EF1920x652px_2021_4-2-scaled.jpg","contentUrl":"https:\/\/kaufhaus-tyrol.at\/wp-content\/uploads\/2021\/08\/KHT_HP-Slider-Unterseite_3840x1304px_EF1920x652px_2021_4-2-scaled.jpg","width":2560,"height":869,"caption":"Zwei Menschen reichen sich die H\u00e4nde"},{"@type":"BreadcrumbList","@id":"https:\/\/kaufhaus-tyrol.at\/de\/barrierefreiheit-im-kaufhaus-tyrol\/#breadcrumb","itemListElement":[{"@type":"ListItem","position":1,"name":"Home","item":"https:\/\/kaufhaus-tyrol.at\/en\/"},{"@type":"ListItem","position":2,"name":"Barrierefreiheit im Kaufhaus Tyrol"}]},{"@type":"WebSite","@id":"https:\/\/kaufhaus-tyrol.at\/de\/#website","url":"https:\/\/kaufhaus-tyrol.at\/de\/","name":"Kaufhaus Tyrol","description":"Shopping im Herzen von Innsbruck","potentialAction":[{"@type":"SearchAction","target":{"@type":"EntryPoint","urlTemplate":"https:\/\/kaufhaus-tyrol.at\/de\/?s={search_term_string}"},"query-input":{"@type":"PropertyValueSpecification","valueRequired":true,"valueName":"search_term_string"}}],"inLanguage":"en-US"}]}},"_links":{"self":[{"href":"https:\/\/kaufhaus-tyrol.at\/en\/wp-json\/wp\/v2\/pages\/13848"}],"collection":[{"href":"https:\/\/kaufhaus-tyrol.at\/en\/wp-json\/wp\/v2\/pages"}],"about":[{"href":"https:\/\/kaufhaus-tyrol.at\/en\/wp-json\/wp\/v2\/types\/page"}],"author":[{"embeddable":true,"href":"https:\/\/kaufhaus-tyrol.at\/en\/wp-json\/wp\/v2\/users\/5025"}],"replies":[{"embeddable":true,"href":"https:\/\/kaufhaus-tyrol.at\/en\/wp-json\/wp\/v2\/comments?post=13848"}],"version-history":[{"count":7,"href":"https:\/\/kaufhaus-tyrol.at\/en\/wp-json\/wp\/v2\/pages\/13848\/revisions"}],"predecessor-version":[{"id":14223,"href":"https:\/\/kaufhaus-tyrol.at\/en\/wp-json\/wp\/v2\/pages\/13848\/revisions\/14223"}],"wp:featuredmedia":[{"embeddable":true,"href":"https:\/\/kaufhaus-tyrol.at\/en\/wp-json\/wp\/v2\/media\/14118"}],"wp:attachment":[{"href":"https:\/\/kaufhaus-tyrol.at\/en\/wp-json\/wp\/v2\/media?parent=13848"}],"curies":[{"name":"wp","href":"https:\/\/api.w.org\/{rel}","templated":true}]}}