{"id":13849,"date":"2021-07-29T10:14:46","date_gmt":"2021-07-29T08:14:46","guid":{"rendered":"https:\/\/www.kaufhaus-tyrol.at\/?page_id=13849"},"modified":"2021-07-29T11:07:12","modified_gmt":"2021-07-29T09:07:12","slug":"b2b","status":"publish","type":"page","link":"https:\/\/kaufhaus-tyrol.at\/en\/b2b\/","title":{"rendered":"B2B"},"content":{"rendered":"<div class=\"wpb-content-wrapper\"><p>[vc_row][vc_column][vc_custom_heading text=&#8221;Vermieten und Werben im Kaufhaus Tyrol&#8221; font_container=&#8221;tag:h2|text_align:center&#8221; use_theme_fonts=&#8221;yes&#8221;][vc_empty_space][vc_column_text]<span dir=\"ltr\" role=\"presentation\">Das Kaufhaus Tyrol, umgeben von vielen be<\/span><span dir=\"ltr\" role=\"presentation\">r\u00fchmten Sehensw\u00fcrdigkeiten, liegt in unmit<\/span><span dir=\"ltr\" role=\"presentation\">telbarer N\u00e4he zur historischen Altstadt der <\/span><span dir=\"ltr\" role=\"presentation\">Tiroler Landeshauptstadt. F\u00fcr Einheimische <\/span><span dir=\"ltr\" role=\"presentation\">und Touristen bietet das Kaufhaus Tyrol glei<\/span><span dir=\"ltr\" role=\"presentation\">cherma\u00dfen ein unvergessliches Einkaufserl<\/span><span dir=\"ltr\" role=\"presentation\">ebnis <\/span><span dir=\"ltr\" role=\"presentation\">im <\/span><span dir=\"ltr\" role=\"presentation\">Herzen <\/span><span dir=\"ltr\" role=\"presentation\">Innsbrucks. <\/span><span dir=\"ltr\" role=\"presentation\">Gemeinsam <\/span><span dir=\"ltr\" role=\"presentation\">mit der Fu\u00dfg\u00e4ngerzone in der Herzog-Fried<\/span><span dir=\"ltr\" role=\"presentation\">richstra\u00dfe bildet die Maria-Theresien-Stra\u00dfe <\/span><span dir=\"ltr\" role=\"presentation\">eine autofreie Shoppingmeile der besonderen <\/span><span dir=\"ltr\" role=\"presentation\">Art. Die im Kaufhaus Tyrol angesiedelten Ma<\/span><span dir=\"ltr\" role=\"presentation\">gnetbetriebe bilden eine perfekte Erg\u00e4nzung <\/span><span dir=\"ltr\" role=\"presentation\">zu den bunten und klein strukturierten Han<\/span><span dir=\"ltr\" role=\"presentation\">delsbetrieben der Innsbrucker Innenstadt. Mit <\/span><span dir=\"ltr\" role=\"presentation\">der Realisierung des Kaufhaus Tyrol wurde die <\/span><span dir=\"ltr\" role=\"presentation\">gesamte Innsbrucker Altstadt attraktiviert und <\/span><span dir=\"ltr\" role=\"presentation\">wirtschaftlich belebt.<\/span>[\/vc_column_text][\/vc_column][\/vc_row][vc_row][vc_column][vc_custom_heading text=&#8221;Park and Shop&#8221; use_theme_fonts=&#8221;yes&#8221;][\/vc_column][\/vc_row][vc_row][vc_column][vc_column_text]<span dir=\"ltr\" role=\"presentation\">Das Kaufhaus Tyrol bietet seinen Besuchern <\/span><span dir=\"ltr\" role=\"presentation\">\u00fcber <\/span><span dir=\"ltr\" role=\"presentation\">die <\/span><span dir=\"ltr\" role=\"presentation\">Zentralgarage <\/span><span dir=\"ltr\" role=\"presentation\">260 <\/span><span dir=\"ltr\" role=\"presentation\">Parkpl\u00e4tze <\/span><span dir=\"ltr\" role=\"presentation\">auf <\/span><span dir=\"ltr\" role=\"presentation\">zwei Tiefgaragenebenen. Sie verf\u00fcgt \u00fcber ei<\/span><span dir=\"ltr\" role=\"presentation\">nen direkten Zugang ins Kaufhaus Tyrol und d<\/span><span dir=\"ltr\" role=\"presentation\">amit kurze Wege zu allen 50 Shops.<\/span><\/p>\n<p><span dir=\"ltr\" role=\"presentation\">Exklusive <\/span><span dir=\"ltr\" role=\"presentation\">Adresse, <\/span><span dir=\"ltr\" role=\"presentation\">vision\u00e4re <\/span><span dir=\"ltr\" role=\"presentation\">Architektur, <\/span><span dir=\"ltr\" role=\"presentation\">First-Class-Shopping in \u00fcber 50 Shops: So <\/span><span dir=\"ltr\" role=\"presentation\">pr\u00e4sentiert sich das Kaufhaus Tyrol im Her<\/span><span dir=\"ltr\" role=\"presentation\">zen Innsbrucks. Auf sechs Ebenen werden <\/span><span dir=\"ltr\" role=\"presentation\">den <\/span><span dir=\"ltr\" role=\"presentation\">Kundinnen <\/span><span dir=\"ltr\" role=\"presentation\">und <\/span><span dir=\"ltr\" role=\"presentation\">Kunden <\/span><span dir=\"ltr\" role=\"presentation\">hochwertige <\/span><span dir=\"ltr\" role=\"presentation\">Shop-Konzepte und ein exzellenter Branchenm<\/span><span dir=\"ltr\" role=\"presentation\">ix geboten. Viele internationale Top- Marken <\/span><span dir=\"ltr\" role=\"presentation\">und coole Labels sind tirolweit exklusiv im <\/span><span dir=\"ltr\" role=\"presentation\">Kaufhaus Tyrol zu finden. <\/span><span dir=\"ltr\" role=\"presentation\">Vom UG mit MPreis Gourmet und einer viel<\/span><span dir=\"ltr\" role=\"presentation\">f\u00e4ltigen <\/span><span dir=\"ltr\" role=\"presentation\">Foodmall, <\/span><span dir=\"ltr\" role=\"presentation\">\u00fcber <\/span><span dir=\"ltr\" role=\"presentation\">erstklassige <\/span><span dir=\"ltr\" role=\"presentation\">Texti<\/span><span dir=\"ltr\" role=\"presentation\">lanbieter wie Kastner &amp; \u00d6hler, COS, Timber<\/span><span dir=\"ltr\" role=\"presentation\">land und G-Star RAW, bis ins OG 4 mit Tirols <\/span><span dir=\"ltr\" role=\"presentation\">gr\u00f6\u00dftem Elektronikhaus Media Markt bietet <\/span><span dir=\"ltr\" role=\"presentation\">das <\/span><span dir=\"ltr\" role=\"presentation\">Kaufhaus Tyrol <\/span><span dir=\"ltr\" role=\"presentation\">einzigartiges <\/span><span dir=\"ltr\" role=\"presentation\">Shopping <\/span><span dir=\"ltr\" role=\"presentation\">auf rund 33.000 m\u00b2. Abgerundet wird das <\/span><span dir=\"ltr\" role=\"presentation\">Angebot durch feine Gastronomie wie \u201eDas <\/span><span dir=\"ltr\" role=\"presentation\">Schindlers\u201c oder \u201eSensei Sushi Bar&#8221;.<br \/>\n<\/span>[\/vc_column_text][\/vc_column][\/vc_row][vc_row][vc_column][vc_custom_heading text=&#8221;Bewerbung in der Mall &amp; vieles mehr!&#8221; use_theme_fonts=&#8221;yes&#8221;][\/vc_column][\/vc_row][vc_row][vc_column][vc_column_text]Wir bieten Ihnen als Werbepartner umfassende Kooperationsm\u00f6glichkeiten um Ihr Produkt, oder auch Ihre Dienstleistung perfekt in Szene zu setzen. Ob Mega LED Billboard in der Tiefgarage, oder ein optimal positioniertes Inserat im hauseigenen Magazin &#8211; mit dem Kaufhaus Tyrol und seiner gro\u00dfen Bandbreite an Werbekan\u00e4len erreichen Sie Ihre Zielgruppe punktgenau.<\/p>\n<h5>Mega Billboards &#8211; Ihre Botschaft richtig gro\u00df<\/h5>\n<p>Positionieren Sie Ihre Werbebotschaften auf zwei Tiefgaragenebenen und \u00fcberzeugen Sie unsere Besucher mit Ihren aussagekr\u00e4ftigen Motiven. Mit \u00fcber 300.000 einfahrenden Fahrzeugen pro Jahr bieten wir Ihnen eine solide Frequenz und optimale Vorraussetzungen zur Planung Ihrer Kampagne.[\/vc_column_text][\/vc_column][\/vc_row][vc_row][vc_column][vc_column_text]<\/p>\n<h5>In unserer Brosch\u00fcre finden Sie alle Infos zu unserer Mall Werbung. Die Brosch\u00fcre finden Sie <em><a href=\"https:\/\/kaufhaus-tyrol.at\/wp-content\/uploads\/2021\/07\/low-res_DS_KHT_Broschuere_Werbeflaechen_Garage_210x210mm_gs_202103031.pdf\"><strong>hier<\/strong><\/a>.<\/em><\/h5>\n<p>[\/vc_column_text][\/vc_column][\/vc_row][vc_row][vc_column][vc_separator][\/vc_column][\/vc_row][vc_row][vc_column][vc_column_text]<strong>KONTAKT<\/strong><\/p>\n<p>Kaufhaus Tyrol<\/p>\n<p>Maria-Theresien-Stra\u00dfe 31<\/p>\n<p>6020 Innsbruck, Tirol \/ Austria<\/p>\n<p>+43 512 585 119 1725<\/p>\n<p>info@kaufhaus-tyrol.at[\/vc_column_text][\/vc_column][\/vc_row]<\/p>\n<\/div>","protected":false},"excerpt":{"rendered":"<p>[vc_row][vc_column][vc_custom_heading text=&#8221;Vermieten und Werben im Kaufhaus Tyrol&#8221; font_container=&#8221;tag:h2|text_align:center&#8221; use_theme_fonts=&#8221;yes&#8221;][vc_empty_space][vc_column_text]Das Kaufhaus Tyrol, umgeben von vielen ber\u00fchmten Sehensw\u00fcrdigkeiten, liegt in unmittelbarer N\u00e4he zur historischen Altstadt der Tiroler Landeshauptstadt. F\u00fcr Einheimische und Touristen bietet das Kaufhaus Tyrol gleicherma\u00dfen ein unvergessliches Einkaufserlebnis im Herzen Innsbrucks. Gemeinsam mit der Fu\u00dfg\u00e4ngerzone in der Herzog-Friedrichstra\u00dfe bildet die Maria-Theresien-Stra\u00dfe eine autofreie Shoppingmeile der<\/p>\n","protected":false},"author":5025,"featured_media":13857,"parent":0,"menu_order":0,"comment_status":"closed","ping_status":"closed","template":"","meta":{"_acf_changed":false,"inline_featured_image":false,"footnotes":""},"acf":[],"yoast_head":"<!-- This site is optimized with the Yoast SEO plugin v23.5 - https:\/\/yoast.com\/wordpress\/plugins\/seo\/ -->\n<title>B2B - Kaufhaus Tyrol<\/title>\n<meta name=\"robots\" content=\"index, follow, max-snippet:-1, max-image-preview:large, max-video-preview:-1\" \/>\n<link rel=\"canonical\" href=\"https:\/\/kaufhaus-tyrol.at\/de\/b2b\/\" \/>\n<meta property=\"og:locale\" content=\"en_US\" \/>\n<meta property=\"og:type\" content=\"article\" \/>\n<meta property=\"og:title\" content=\"B2B - Kaufhaus Tyrol\" \/>\n<meta property=\"og:description\" content=\"[vc_row][vc_column][vc_custom_heading text=&#8221;Vermieten und Werben im Kaufhaus Tyrol&#8221; font_container=&#8221;tag:h2|text_align:center&#8221; use_theme_fonts=&#8221;yes&#8221;][vc_empty_space][vc_column_text]Das Kaufhaus Tyrol, umgeben von vielen ber\u00fchmten Sehensw\u00fcrdigkeiten, liegt in unmittelbarer N\u00e4he zur historischen Altstadt der Tiroler Landeshauptstadt. F\u00fcr Einheimische und Touristen bietet das Kaufhaus Tyrol gleicherma\u00dfen ein unvergessliches Einkaufserlebnis im Herzen Innsbrucks. Gemeinsam mit der Fu\u00dfg\u00e4ngerzone in der Herzog-Friedrichstra\u00dfe bildet die Maria-Theresien-Stra\u00dfe eine autofreie Shoppingmeile der\" \/>\n<meta property=\"og:url\" content=\"https:\/\/kaufhaus-tyrol.at\/de\/b2b\/\" \/>\n<meta property=\"og:site_name\" content=\"Kaufhaus Tyrol\" \/>\n<meta property=\"article:publisher\" content=\"https:\/\/www.facebook.com\/kaufhaustyrol\/\" \/>\n<meta property=\"article:modified_time\" content=\"2021-07-29T09:07:12+00:00\" \/>\n<meta property=\"og:image\" content=\"https:\/\/kaufhaus-tyrol.at\/wp-content\/uploads\/2021\/07\/fassade-scaled.jpg\" \/>\n\t<meta property=\"og:image:width\" content=\"2560\" \/>\n\t<meta property=\"og:image:height\" content=\"869\" \/>\n\t<meta property=\"og:image:type\" content=\"image\/jpeg\" \/>\n<meta name=\"twitter:card\" content=\"summary_large_image\" \/>\n<meta name=\"twitter:label1\" content=\"Est. reading time\" \/>\n\t<meta name=\"twitter:data1\" content=\"2 minutes\" \/>\n<script type=\"application\/ld+json\" class=\"yoast-schema-graph\">{\"@context\":\"https:\/\/schema.org\",\"@graph\":[{\"@type\":\"WebPage\",\"@id\":\"https:\/\/kaufhaus-tyrol.at\/de\/b2b\/\",\"url\":\"https:\/\/kaufhaus-tyrol.at\/de\/b2b\/\",\"name\":\"B2B - Kaufhaus Tyrol\",\"isPartOf\":{\"@id\":\"https:\/\/kaufhaus-tyrol.at\/de\/#website\"},\"primaryImageOfPage\":{\"@id\":\"https:\/\/kaufhaus-tyrol.at\/de\/b2b\/#primaryimage\"},\"image\":{\"@id\":\"https:\/\/kaufhaus-tyrol.at\/de\/b2b\/#primaryimage\"},\"thumbnailUrl\":\"https:\/\/kaufhaus-tyrol.at\/wp-content\/uploads\/2021\/07\/fassade-scaled.jpg\",\"datePublished\":\"2021-07-29T08:14:46+00:00\",\"dateModified\":\"2021-07-29T09:07:12+00:00\",\"breadcrumb\":{\"@id\":\"https:\/\/kaufhaus-tyrol.at\/de\/b2b\/#breadcrumb\"},\"inLanguage\":\"en-US\",\"potentialAction\":[{\"@type\":\"ReadAction\",\"target\":[\"https:\/\/kaufhaus-tyrol.at\/de\/b2b\/\"]}]},{\"@type\":\"ImageObject\",\"inLanguage\":\"en-US\",\"@id\":\"https:\/\/kaufhaus-tyrol.at\/de\/b2b\/#primaryimage\",\"url\":\"https:\/\/kaufhaus-tyrol.at\/wp-content\/uploads\/2021\/07\/fassade-scaled.jpg\",\"contentUrl\":\"https:\/\/kaufhaus-tyrol.at\/wp-content\/uploads\/2021\/07\/fassade-scaled.jpg\",\"width\":2560,\"height\":869,\"caption\":\"Fassade KAufhaus Tyrol und Maria Theresien Stra\u00dfe mit Blick auf die Nordkette\"},{\"@type\":\"BreadcrumbList\",\"@id\":\"https:\/\/kaufhaus-tyrol.at\/de\/b2b\/#breadcrumb\",\"itemListElement\":[{\"@type\":\"ListItem\",\"position\":1,\"name\":\"Home\",\"item\":\"https:\/\/kaufhaus-tyrol.at\/en\/\"},{\"@type\":\"ListItem\",\"position\":2,\"name\":\"B2B\"}]},{\"@type\":\"WebSite\",\"@id\":\"https:\/\/kaufhaus-tyrol.at\/de\/#website\",\"url\":\"https:\/\/kaufhaus-tyrol.at\/de\/\",\"name\":\"Kaufhaus Tyrol\",\"description\":\"Shopping im Herzen von Innsbruck\",\"potentialAction\":[{\"@type\":\"SearchAction\",\"target\":{\"@type\":\"EntryPoint\",\"urlTemplate\":\"https:\/\/kaufhaus-tyrol.at\/de\/?s={search_term_string}\"},\"query-input\":{\"@type\":\"PropertyValueSpecification\",\"valueRequired\":true,\"valueName\":\"search_term_string\"}}],\"inLanguage\":\"en-US\"}]}<\/script>\n<!-- \/ Yoast SEO plugin. -->","yoast_head_json":{"title":"B2B - Kaufhaus Tyrol","robots":{"index":"index","follow":"follow","max-snippet":"max-snippet:-1","max-image-preview":"max-image-preview:large","max-video-preview":"max-video-preview:-1"},"canonical":"https:\/\/kaufhaus-tyrol.at\/de\/b2b\/","og_locale":"en_US","og_type":"article","og_title":"B2B - Kaufhaus Tyrol","og_description":"[vc_row][vc_column][vc_custom_heading text=&#8221;Vermieten und Werben im Kaufhaus Tyrol&#8221; font_container=&#8221;tag:h2|text_align:center&#8221; use_theme_fonts=&#8221;yes&#8221;][vc_empty_space][vc_column_text]Das Kaufhaus Tyrol, umgeben von vielen ber\u00fchmten Sehensw\u00fcrdigkeiten, liegt in unmittelbarer N\u00e4he zur historischen Altstadt der Tiroler Landeshauptstadt. F\u00fcr Einheimische und Touristen bietet das Kaufhaus Tyrol gleicherma\u00dfen ein unvergessliches Einkaufserlebnis im Herzen Innsbrucks. Gemeinsam mit der Fu\u00dfg\u00e4ngerzone in der Herzog-Friedrichstra\u00dfe bildet die Maria-Theresien-Stra\u00dfe eine autofreie Shoppingmeile der","og_url":"https:\/\/kaufhaus-tyrol.at\/de\/b2b\/","og_site_name":"Kaufhaus Tyrol","article_publisher":"https:\/\/www.facebook.com\/kaufhaustyrol\/","article_modified_time":"2021-07-29T09:07:12+00:00","og_image":[{"width":2560,"height":869,"url":"https:\/\/kaufhaus-tyrol.at\/wp-content\/uploads\/2021\/07\/fassade-scaled.jpg","type":"image\/jpeg"}],"twitter_card":"summary_large_image","twitter_misc":{"Est. reading time":"2 minutes"},"schema":{"@context":"https:\/\/schema.org","@graph":[{"@type":"WebPage","@id":"https:\/\/kaufhaus-tyrol.at\/de\/b2b\/","url":"https:\/\/kaufhaus-tyrol.at\/de\/b2b\/","name":"B2B - Kaufhaus Tyrol","isPartOf":{"@id":"https:\/\/kaufhaus-tyrol.at\/de\/#website"},"primaryImageOfPage":{"@id":"https:\/\/kaufhaus-tyrol.at\/de\/b2b\/#primaryimage"},"image":{"@id":"https:\/\/kaufhaus-tyrol.at\/de\/b2b\/#primaryimage"},"thumbnailUrl":"https:\/\/kaufhaus-tyrol.at\/wp-content\/uploads\/2021\/07\/fassade-scaled.jpg","datePublished":"2021-07-29T08:14:46+00:00","dateModified":"2021-07-29T09:07:12+00:00","breadcrumb":{"@id":"https:\/\/kaufhaus-tyrol.at\/de\/b2b\/#breadcrumb"},"inLanguage":"en-US","potentialAction":[{"@type":"ReadAction","target":["https:\/\/kaufhaus-tyrol.at\/de\/b2b\/"]}]},{"@type":"ImageObject","inLanguage":"en-US","@id":"https:\/\/kaufhaus-tyrol.at\/de\/b2b\/#primaryimage","url":"https:\/\/kaufhaus-tyrol.at\/wp-content\/uploads\/2021\/07\/fassade-scaled.jpg","contentUrl":"https:\/\/kaufhaus-tyrol.at\/wp-content\/uploads\/2021\/07\/fassade-scaled.jpg","width":2560,"height":869,"caption":"Fassade KAufhaus Tyrol und Maria Theresien Stra\u00dfe mit Blick auf die Nordkette"},{"@type":"BreadcrumbList","@id":"https:\/\/kaufhaus-tyrol.at\/de\/b2b\/#breadcrumb","itemListElement":[{"@type":"ListItem","position":1,"name":"Home","item":"https:\/\/kaufhaus-tyrol.at\/en\/"},{"@type":"ListItem","position":2,"name":"B2B"}]},{"@type":"WebSite","@id":"https:\/\/kaufhaus-tyrol.at\/de\/#website","url":"https:\/\/kaufhaus-tyrol.at\/de\/","name":"Kaufhaus Tyrol","description":"Shopping im Herzen von Innsbruck","potentialAction":[{"@type":"SearchAction","target":{"@type":"EntryPoint","urlTemplate":"https:\/\/kaufhaus-tyrol.at\/de\/?s={search_term_string}"},"query-input":{"@type":"PropertyValueSpecification","valueRequired":true,"valueName":"search_term_string"}}],"inLanguage":"en-US"}]}},"_links":{"self":[{"href":"https:\/\/kaufhaus-tyrol.at\/en\/wp-json\/wp\/v2\/pages\/13849"}],"collection":[{"href":"https:\/\/kaufhaus-tyrol.at\/en\/wp-json\/wp\/v2\/pages"}],"about":[{"href":"https:\/\/kaufhaus-tyrol.at\/en\/wp-json\/wp\/v2\/types\/page"}],"author":[{"embeddable":true,"href":"https:\/\/kaufhaus-tyrol.at\/en\/wp-json\/wp\/v2\/users\/5025"}],"replies":[{"embeddable":true,"href":"https:\/\/kaufhaus-tyrol.at\/en\/wp-json\/wp\/v2\/comments?post=13849"}],"version-history":[{"count":7,"href":"https:\/\/kaufhaus-tyrol.at\/en\/wp-json\/wp\/v2\/pages\/13849\/revisions"}],"predecessor-version":[{"id":13863,"href":"https:\/\/kaufhaus-tyrol.at\/en\/wp-json\/wp\/v2\/pages\/13849\/revisions\/13863"}],"wp:featuredmedia":[{"embeddable":true,"href":"https:\/\/kaufhaus-tyrol.at\/en\/wp-json\/wp\/v2\/media\/13857"}],"wp:attachment":[{"href":"https:\/\/kaufhaus-tyrol.at\/en\/wp-json\/wp\/v2\/media?parent=13849"}],"curies":[{"name":"wp","href":"https:\/\/api.w.org\/{rel}","templated":true}]}}