{"id":13864,"date":"2021-08-11T14:55:32","date_gmt":"2021-08-11T12:55:32","guid":{"rendered":"https:\/\/www.kaufhaus-tyrol.at\/?page_id=13864"},"modified":"2023-03-23T14:28:48","modified_gmt":"2023-03-23T13:28:48","slug":"nachhaltigkeit","status":"publish","type":"page","link":"https:\/\/kaufhaus-tyrol.at\/en\/nachhaltigkeit\/","title":{"rendered":"Nachhaltigkeit"},"content":{"rendered":"<div class=\"wpb-content-wrapper\"><p>[vc_row][vc_column][vc_custom_heading text=&#8221;Nachhaltigkeit im Kaufhaus Tyrol&#8221; font_container=&#8221;tag:h2|text_align:center&#8221; use_theme_fonts=&#8221;yes&#8221;][\/vc_column][\/vc_row][vc_row][vc_column][vc_column_text]<\/p>\n<p style=\"text-align: center;\">Auch das Kaufhaus Tyrol verfolgt eine Nachhaltigkeitsstrategie. So werden nat\u00fcrliche Ressourcen geschont, CO2-Emissionen reduziert und negative Folgen fu\u0308r die Umwelt minimiert.<\/p>\n<p>[\/vc_column_text][\/vc_column][\/vc_row][vc_row][vc_column][vc_custom_heading text=&#8221;E-Parking&#8221; font_container=&#8221;tag:h2|text_align:center&#8221; use_theme_fonts=&#8221;yes&#8221;][vc_column_text]<\/p>\n<p class=\"p1\" style=\"text-align: center;\"><span class=\"s1\">Flanieren Sie entspannt durch das Kaufhaus Tyrol und genie\u00dfen Sie das <\/span><span class=\"s1\">reichhaltige Shop-Angebot, w\u00e4hrend Ihr E-Auto aufgeladen wird. Im UG 2 <\/span><span class=\"s1\">der hauseigenen Tiefgarage steht dazu die E-Tankstelle Elefant Zero <\/span><span class=\"s1\">bereit. Einfach auf einem der zehn Stellpl\u00e4tze parken und der Bedienungsanleitung folgen.<\/span><\/p>\n<p>[\/vc_column_text][\/vc_column][\/vc_row][vc_row][vc_column][vc_single_image image=&#8221;17199&#8243; img_size=&#8221;full&#8221; alignment=&#8221;center&#8221;][\/vc_column][\/vc_row][vc_row][vc_column][vc_custom_heading text=&#8221;Digitale Stelen&#8221; font_container=&#8221;tag:h2|text_align:center&#8221; use_theme_fonts=&#8221;yes&#8221;][vc_column_text]<\/p>\n<p style=\"text-align: center;\">Im Februar 2023 wurden alle herk\u00f6mmlichen Plakat-Stelen im Haus ausgetauscht und mit LED-Screens ausgestattet. Die neuen, digitalen Stelen sind programmatisch buchbar. Bei der Verwendung von Projektionsdisplays im Vergleich zu \u00fcblichen Plakaten f\u00e4llt weniger CO2 an.<\/p>\n<p>[\/vc_column_text][vc_single_image image=&#8221;17202&#8243; img_size=&#8221;full&#8221; alignment=&#8221;center&#8221;][\/vc_column][\/vc_row][vc_row][vc_column][vc_custom_heading text=&#8221;Clean Up Days&#8221; font_container=&#8221;tag:h2|text_align:center&#8221; use_theme_fonts=&#8221;yes&#8221;][vc_column_text]<\/p>\n<p style=\"text-align: center;\">Im Zuge der Patron CleanUP Tour fischen Freiwillige M\u00fcll aus der Natur und machen Wander- und Gehwege sauber. Das Kaufhaus Tyrol ist auch dieses Jahr wieder von 18. bis 21. Mai 2023 eine Ausgabestelle der kostenfreien CleanUP-Ausstattung.<\/p>\n<p>[\/vc_column_text][\/vc_column][\/vc_row][vc_row][vc_column][vc_custom_heading text=&#8221;Nachhaltigkeits Zertifikat&#8221; font_container=&#8221;tag:h2|text_align:center&#8221; use_theme_fonts=&#8221;yes&#8221;][vc_column_text]<\/p>\n<p style=\"text-align: center;\">Das Kaufhaus Tyrol hat in der zweiten und finalen Bewertungsrunde die Stufe \u201eSehr Gut\u201c (4 Sterne) nach BREEAM AT Bestand mit einem Gesamterf\u00fcllungsgrad von 62,41 % erhalten, womit wir unser erwartetes Ergebnis \u00fcbertroffen haben.<\/p>\n<p>[\/vc_column_text][\/vc_column][\/vc_row][vc_row][vc_column][vc_custom_heading text=&#8221;Stadthonig&#8221; font_container=&#8221;tag:h2|text_align:center&#8221; use_theme_fonts=&#8221;yes&#8221;][vc_column_text]<\/p>\n<p style=\"text-align: center;\">Seit dem Fr\u00fchjahr 2021 beherbergt das Dach des Kaufhaus Tyrol acht Bienenv\u00f6lker, die in einem Radius von drei Kilometern um das Kaufhaus Tyrol fliegen und fast ganzj\u00e4hrig in den umliegenden Parks, G\u00e4rten, Gr\u00fcnanlagen und Balkonen Nektar und Pollen finden. Wer Interesse am Stadthonig hat, kann sich direkt bei Imker Lukas Schmider melden <a href=\"mailto:schmider.lukas0711@gmail.com\">schmider.lukas0711@gmail.com <\/a>oder sich ein Glas am Infopoint kaufen.<\/p>\n<p>[\/vc_column_text][\/vc_column][\/vc_row][vc_row][vc_column width=&#8221;1\/3&#8243;][vc_single_image image=&#8221;17208&#8243; img_size=&#8221;full&#8221;][\/vc_column][vc_column width=&#8221;1\/3&#8243;][vc_single_image image=&#8221;17205&#8243; img_size=&#8221;full&#8221;][\/vc_column][vc_column width=&#8221;1\/3&#8243;][vc_single_image image=&#8221;17211&#8243; img_size=&#8221;full&#8221;][\/vc_column][\/vc_row][vc_row][vc_column][vc_custom_heading text=&#8221;Regenerative &amp; Fossilfreie Energie&#8221; font_container=&#8221;tag:h2|text_align:center&#8221; use_theme_fonts=&#8221;yes&#8221;][vc_column_text]<\/p>\n<p style=\"text-align: center;\">Das Kaufhaus Tyrol heizt und k\u00fchlt den Gro\u00dfteil seines Geb\u00e4udes mit regenerativer, fossilfreier Energie. Als Basis wird Inn-Flusswasser verwendet, das mittels einer Betonkernk\u00fchlung unsere W\u00e4rme- und K\u00e4ltepumpen versorgt. Der Bau der Versorgungsleitung durch die Innenstadt war eine technische und logistische Meisterleistung aller beteiligten Unternehmen, aber auch die Regelung der W\u00e4rmeund K\u00e4lteerzeugungsanlage selbst und ihre laufende Optimierung \u2013 abgestimmt auf die Bed\u00fcrfnisse unserer MieterInnen und KundInnen \u2013 erfordern besondere Sorgfalt.<\/p>\n<p>[\/vc_column_text][\/vc_column][\/vc_row][vc_row][vc_column][vc_custom_heading text=&#8221;\u00d6kostrom&#8221; font_container=&#8221;tag:h2|text_align:center&#8221; use_theme_fonts=&#8221;yes&#8221;][vc_column_text]<\/p>\n<p style=\"text-align: center;\">Das Kaufhaus Tyrol wurde mit dem Jahr 2022 auf 100\u2009% \u00d6kostrom umgestellt.<\/p>\n<p>[\/vc_column_text][\/vc_column][\/vc_row]<\/p>\n<\/div>","protected":false},"excerpt":{"rendered":"<p>[vc_row][vc_column][vc_custom_heading text=&#8221;Nachhaltigkeit im Kaufhaus Tyrol&#8221; font_container=&#8221;tag:h2|text_align:center&#8221; use_theme_fonts=&#8221;yes&#8221;][\/vc_column][\/vc_row][vc_row][vc_column][vc_column_text] Auch das Kaufhaus Tyrol verfolgt eine Nachhaltigkeitsstrategie. So werden nat\u00fcrliche Ressourcen geschont, CO2-Emissionen reduziert und negative Folgen fu\u0308r die Umwelt minimiert. [\/vc_column_text][\/vc_column][\/vc_row][vc_row][vc_column][vc_custom_heading text=&#8221;E-Parking&#8221; font_container=&#8221;tag:h2|text_align:center&#8221; use_theme_fonts=&#8221;yes&#8221;][vc_column_text] Flanieren Sie entspannt durch das Kaufhaus Tyrol und genie\u00dfen Sie das reichhaltige Shop-Angebot, w\u00e4hrend Ihr E-Auto aufgeladen wird. Im UG 2 der hauseigenen<\/p>\n","protected":false},"author":5025,"featured_media":14199,"parent":0,"menu_order":0,"comment_status":"closed","ping_status":"closed","template":"","meta":{"_acf_changed":false,"inline_featured_image":false,"footnotes":""},"acf":[],"yoast_head":"<!-- This site is optimized with the Yoast SEO plugin v23.5 - https:\/\/yoast.com\/wordpress\/plugins\/seo\/ -->\n<title>Nachhaltigkeit - Kaufhaus Tyrol<\/title>\n<meta name=\"robots\" content=\"index, follow, max-snippet:-1, max-image-preview:large, max-video-preview:-1\" \/>\n<link rel=\"canonical\" href=\"https:\/\/kaufhaus-tyrol.at\/de\/nachhaltigkeit\/\" \/>\n<meta property=\"og:locale\" content=\"en_US\" \/>\n<meta property=\"og:type\" content=\"article\" \/>\n<meta property=\"og:title\" content=\"Nachhaltigkeit - Kaufhaus Tyrol\" \/>\n<meta property=\"og:description\" content=\"[vc_row][vc_column][vc_custom_heading text=&#8221;Nachhaltigkeit im Kaufhaus Tyrol&#8221; font_container=&#8221;tag:h2|text_align:center&#8221; use_theme_fonts=&#8221;yes&#8221;][\/vc_column][\/vc_row][vc_row][vc_column][vc_column_text] Auch das Kaufhaus Tyrol verfolgt eine Nachhaltigkeitsstrategie. So werden nat\u00fcrliche Ressourcen geschont, CO2-Emissionen reduziert und negative Folgen fu\u0308r die Umwelt minimiert. [\/vc_column_text][\/vc_column][\/vc_row][vc_row][vc_column][vc_custom_heading text=&#8221;E-Parking&#8221; font_container=&#8221;tag:h2|text_align:center&#8221; use_theme_fonts=&#8221;yes&#8221;][vc_column_text] Flanieren Sie entspannt durch das Kaufhaus Tyrol und genie\u00dfen Sie das reichhaltige Shop-Angebot, w\u00e4hrend Ihr E-Auto aufgeladen wird. Im UG 2 der hauseigenen\" \/>\n<meta property=\"og:url\" content=\"https:\/\/kaufhaus-tyrol.at\/de\/nachhaltigkeit\/\" \/>\n<meta property=\"og:site_name\" content=\"Kaufhaus Tyrol\" \/>\n<meta property=\"article:publisher\" content=\"https:\/\/www.facebook.com\/kaufhaustyrol\/\" \/>\n<meta property=\"article:modified_time\" content=\"2023-03-23T13:28:48+00:00\" \/>\n<meta property=\"og:image\" content=\"https:\/\/kaufhaus-tyrol.at\/wp-content\/uploads\/2021\/08\/nachhaltigkeit-scaled.jpg\" \/>\n\t<meta property=\"og:image:width\" content=\"2560\" \/>\n\t<meta property=\"og:image:height\" content=\"869\" \/>\n\t<meta property=\"og:image:type\" content=\"image\/jpeg\" \/>\n<meta name=\"twitter:card\" content=\"summary_large_image\" \/>\n<meta name=\"twitter:label1\" content=\"Est. reading time\" \/>\n\t<meta name=\"twitter:data1\" content=\"3 minutes\" \/>\n<script type=\"application\/ld+json\" class=\"yoast-schema-graph\">{\"@context\":\"https:\/\/schema.org\",\"@graph\":[{\"@type\":\"WebPage\",\"@id\":\"https:\/\/kaufhaus-tyrol.at\/de\/nachhaltigkeit\/\",\"url\":\"https:\/\/kaufhaus-tyrol.at\/de\/nachhaltigkeit\/\",\"name\":\"Nachhaltigkeit - Kaufhaus Tyrol\",\"isPartOf\":{\"@id\":\"https:\/\/kaufhaus-tyrol.at\/de\/#website\"},\"primaryImageOfPage\":{\"@id\":\"https:\/\/kaufhaus-tyrol.at\/de\/nachhaltigkeit\/#primaryimage\"},\"image\":{\"@id\":\"https:\/\/kaufhaus-tyrol.at\/de\/nachhaltigkeit\/#primaryimage\"},\"thumbnailUrl\":\"https:\/\/kaufhaus-tyrol.at\/wp-content\/uploads\/2021\/08\/nachhaltigkeit-scaled.jpg\",\"datePublished\":\"2021-08-11T12:55:32+00:00\",\"dateModified\":\"2023-03-23T13:28:48+00:00\",\"breadcrumb\":{\"@id\":\"https:\/\/kaufhaus-tyrol.at\/de\/nachhaltigkeit\/#breadcrumb\"},\"inLanguage\":\"en-US\",\"potentialAction\":[{\"@type\":\"ReadAction\",\"target\":[\"https:\/\/kaufhaus-tyrol.at\/de\/nachhaltigkeit\/\"]}]},{\"@type\":\"ImageObject\",\"inLanguage\":\"en-US\",\"@id\":\"https:\/\/kaufhaus-tyrol.at\/de\/nachhaltigkeit\/#primaryimage\",\"url\":\"https:\/\/kaufhaus-tyrol.at\/wp-content\/uploads\/2021\/08\/nachhaltigkeit-scaled.jpg\",\"contentUrl\":\"https:\/\/kaufhaus-tyrol.at\/wp-content\/uploads\/2021\/08\/nachhaltigkeit-scaled.jpg\",\"width\":2560,\"height\":869,\"caption\":\"H\u00e4nde tragen kleine Pflanze\"},{\"@type\":\"BreadcrumbList\",\"@id\":\"https:\/\/kaufhaus-tyrol.at\/de\/nachhaltigkeit\/#breadcrumb\",\"itemListElement\":[{\"@type\":\"ListItem\",\"position\":1,\"name\":\"Home\",\"item\":\"https:\/\/kaufhaus-tyrol.at\/en\/\"},{\"@type\":\"ListItem\",\"position\":2,\"name\":\"Nachhaltigkeit\"}]},{\"@type\":\"WebSite\",\"@id\":\"https:\/\/kaufhaus-tyrol.at\/de\/#website\",\"url\":\"https:\/\/kaufhaus-tyrol.at\/de\/\",\"name\":\"Kaufhaus Tyrol\",\"description\":\"Shopping im Herzen von Innsbruck\",\"potentialAction\":[{\"@type\":\"SearchAction\",\"target\":{\"@type\":\"EntryPoint\",\"urlTemplate\":\"https:\/\/kaufhaus-tyrol.at\/de\/?s={search_term_string}\"},\"query-input\":{\"@type\":\"PropertyValueSpecification\",\"valueRequired\":true,\"valueName\":\"search_term_string\"}}],\"inLanguage\":\"en-US\"}]}<\/script>\n<!-- \/ Yoast SEO plugin. -->","yoast_head_json":{"title":"Nachhaltigkeit - Kaufhaus Tyrol","robots":{"index":"index","follow":"follow","max-snippet":"max-snippet:-1","max-image-preview":"max-image-preview:large","max-video-preview":"max-video-preview:-1"},"canonical":"https:\/\/kaufhaus-tyrol.at\/de\/nachhaltigkeit\/","og_locale":"en_US","og_type":"article","og_title":"Nachhaltigkeit - Kaufhaus Tyrol","og_description":"[vc_row][vc_column][vc_custom_heading text=&#8221;Nachhaltigkeit im Kaufhaus Tyrol&#8221; font_container=&#8221;tag:h2|text_align:center&#8221; use_theme_fonts=&#8221;yes&#8221;][\/vc_column][\/vc_row][vc_row][vc_column][vc_column_text] Auch das Kaufhaus Tyrol verfolgt eine Nachhaltigkeitsstrategie. So werden nat\u00fcrliche Ressourcen geschont, CO2-Emissionen reduziert und negative Folgen fu\u0308r die Umwelt minimiert. [\/vc_column_text][\/vc_column][\/vc_row][vc_row][vc_column][vc_custom_heading text=&#8221;E-Parking&#8221; font_container=&#8221;tag:h2|text_align:center&#8221; use_theme_fonts=&#8221;yes&#8221;][vc_column_text] Flanieren Sie entspannt durch das Kaufhaus Tyrol und genie\u00dfen Sie das reichhaltige Shop-Angebot, w\u00e4hrend Ihr E-Auto aufgeladen wird. Im UG 2 der hauseigenen","og_url":"https:\/\/kaufhaus-tyrol.at\/de\/nachhaltigkeit\/","og_site_name":"Kaufhaus Tyrol","article_publisher":"https:\/\/www.facebook.com\/kaufhaustyrol\/","article_modified_time":"2023-03-23T13:28:48+00:00","og_image":[{"width":2560,"height":869,"url":"https:\/\/kaufhaus-tyrol.at\/wp-content\/uploads\/2021\/08\/nachhaltigkeit-scaled.jpg","type":"image\/jpeg"}],"twitter_card":"summary_large_image","twitter_misc":{"Est. reading time":"3 minutes"},"schema":{"@context":"https:\/\/schema.org","@graph":[{"@type":"WebPage","@id":"https:\/\/kaufhaus-tyrol.at\/de\/nachhaltigkeit\/","url":"https:\/\/kaufhaus-tyrol.at\/de\/nachhaltigkeit\/","name":"Nachhaltigkeit - Kaufhaus Tyrol","isPartOf":{"@id":"https:\/\/kaufhaus-tyrol.at\/de\/#website"},"primaryImageOfPage":{"@id":"https:\/\/kaufhaus-tyrol.at\/de\/nachhaltigkeit\/#primaryimage"},"image":{"@id":"https:\/\/kaufhaus-tyrol.at\/de\/nachhaltigkeit\/#primaryimage"},"thumbnailUrl":"https:\/\/kaufhaus-tyrol.at\/wp-content\/uploads\/2021\/08\/nachhaltigkeit-scaled.jpg","datePublished":"2021-08-11T12:55:32+00:00","dateModified":"2023-03-23T13:28:48+00:00","breadcrumb":{"@id":"https:\/\/kaufhaus-tyrol.at\/de\/nachhaltigkeit\/#breadcrumb"},"inLanguage":"en-US","potentialAction":[{"@type":"ReadAction","target":["https:\/\/kaufhaus-tyrol.at\/de\/nachhaltigkeit\/"]}]},{"@type":"ImageObject","inLanguage":"en-US","@id":"https:\/\/kaufhaus-tyrol.at\/de\/nachhaltigkeit\/#primaryimage","url":"https:\/\/kaufhaus-tyrol.at\/wp-content\/uploads\/2021\/08\/nachhaltigkeit-scaled.jpg","contentUrl":"https:\/\/kaufhaus-tyrol.at\/wp-content\/uploads\/2021\/08\/nachhaltigkeit-scaled.jpg","width":2560,"height":869,"caption":"H\u00e4nde tragen kleine Pflanze"},{"@type":"BreadcrumbList","@id":"https:\/\/kaufhaus-tyrol.at\/de\/nachhaltigkeit\/#breadcrumb","itemListElement":[{"@type":"ListItem","position":1,"name":"Home","item":"https:\/\/kaufhaus-tyrol.at\/en\/"},{"@type":"ListItem","position":2,"name":"Nachhaltigkeit"}]},{"@type":"WebSite","@id":"https:\/\/kaufhaus-tyrol.at\/de\/#website","url":"https:\/\/kaufhaus-tyrol.at\/de\/","name":"Kaufhaus Tyrol","description":"Shopping im Herzen von Innsbruck","potentialAction":[{"@type":"SearchAction","target":{"@type":"EntryPoint","urlTemplate":"https:\/\/kaufhaus-tyrol.at\/de\/?s={search_term_string}"},"query-input":{"@type":"PropertyValueSpecification","valueRequired":true,"valueName":"search_term_string"}}],"inLanguage":"en-US"}]}},"_links":{"self":[{"href":"https:\/\/kaufhaus-tyrol.at\/en\/wp-json\/wp\/v2\/pages\/13864"}],"collection":[{"href":"https:\/\/kaufhaus-tyrol.at\/en\/wp-json\/wp\/v2\/pages"}],"about":[{"href":"https:\/\/kaufhaus-tyrol.at\/en\/wp-json\/wp\/v2\/types\/page"}],"author":[{"embeddable":true,"href":"https:\/\/kaufhaus-tyrol.at\/en\/wp-json\/wp\/v2\/users\/5025"}],"replies":[{"embeddable":true,"href":"https:\/\/kaufhaus-tyrol.at\/en\/wp-json\/wp\/v2\/comments?post=13864"}],"version-history":[{"count":16,"href":"https:\/\/kaufhaus-tyrol.at\/en\/wp-json\/wp\/v2\/pages\/13864\/revisions"}],"predecessor-version":[{"id":17219,"href":"https:\/\/kaufhaus-tyrol.at\/en\/wp-json\/wp\/v2\/pages\/13864\/revisions\/17219"}],"wp:featuredmedia":[{"embeddable":true,"href":"https:\/\/kaufhaus-tyrol.at\/en\/wp-json\/wp\/v2\/media\/14199"}],"wp:attachment":[{"href":"https:\/\/kaufhaus-tyrol.at\/en\/wp-json\/wp\/v2\/media?parent=13864"}],"curies":[{"name":"wp","href":"https:\/\/api.w.org\/{rel}","templated":true}]}}