{"id":13936,"date":"2021-08-09T13:20:34","date_gmt":"2021-08-09T11:20:34","guid":{"rendered":"https:\/\/www.kaufhaus-tyrol.at\/?page_id=13936"},"modified":"2021-08-09T13:22:50","modified_gmt":"2021-08-09T11:22:50","slug":"sicherheit","status":"publish","type":"page","link":"https:\/\/kaufhaus-tyrol.at\/en\/sicherheit\/","title":{"rendered":"Sicherheit"},"content":{"rendered":"<div class=\"wpb-content-wrapper\"><p>[vc_row][vc_column][vc_custom_heading text=&#8221;Ein sicheres Gef\u00fchl&#8221; use_theme_fonts=&#8221;yes&#8221;][\/vc_column][\/vc_row][vc_row][vc_column][vc_column_text]Unsere Security ist rund um die Uhr im Haus unterwegs, damit Sie sich stets sicher f\u00fchlen. Au\u00dferdem erm\u00f6glicht eine Vielzahl von \u00dcberwachungskameras eine fl\u00e4chendeckende Kontrolle. So k\u00f6nnen Sie Ihre Zeit im Kaufhaus Tyrol entspannt genie\u00dfen.[\/vc_column_text][\/vc_column][\/vc_row][vc_row][vc_column][vc_custom_heading text=&#8221;Schnelle Hilfe im Notfall&#8221; use_theme_fonts=&#8221;yes&#8221;][\/vc_column][\/vc_row][vc_row][vc_column][vc_column_text]Im Kaufhaus Tyrol sind elf, in der Tiefgarage zwei Telefons\u00e4ulen eingerichtet, die im Notfall eine direkte Sprechverbindung zum Infopoint erm\u00f6glichen. Im UG 2 befindet sich dar\u00fcber hinaus ein Sanit\u00e4tsraum, der mit einer Liege und einer Erste Hilfe-Ausstattung ausger\u00fcstet ist.[\/vc_column_text][\/vc_column][\/vc_row]<\/p>\n<\/div>","protected":false},"excerpt":{"rendered":"<p>[vc_row][vc_column][vc_custom_heading text=&#8221;Ein sicheres Gef\u00fchl&#8221; use_theme_fonts=&#8221;yes&#8221;][\/vc_column][\/vc_row][vc_row][vc_column][vc_column_text]Unsere Security ist rund um die Uhr im Haus unterwegs, damit Sie sich stets sicher f\u00fchlen. Au\u00dferdem erm\u00f6glicht eine Vielzahl von \u00dcberwachungskameras eine fl\u00e4chendeckende Kontrolle. So k\u00f6nnen Sie Ihre Zeit im Kaufhaus Tyrol entspannt genie\u00dfen.[\/vc_column_text][\/vc_column][\/vc_row][vc_row][vc_column][vc_custom_heading text=&#8221;Schnelle Hilfe im Notfall&#8221; use_theme_fonts=&#8221;yes&#8221;][\/vc_column][\/vc_row][vc_row][vc_column][vc_column_text]Im Kaufhaus Tyrol sind elf, in der Tiefgarage zwei Telefons\u00e4ulen eingerichtet, die<\/p>\n","protected":false},"author":5025,"featured_media":0,"parent":0,"menu_order":0,"comment_status":"closed","ping_status":"closed","template":"","meta":{"_acf_changed":false,"inline_featured_image":false,"footnotes":""},"acf":[],"yoast_head":"<!-- This site is optimized with the Yoast SEO plugin v23.5 - https:\/\/yoast.com\/wordpress\/plugins\/seo\/ -->\n<title>Sicherheit - Kaufhaus Tyrol<\/title>\n<meta name=\"robots\" content=\"index, follow, max-snippet:-1, max-image-preview:large, max-video-preview:-1\" \/>\n<link rel=\"canonical\" href=\"https:\/\/kaufhaus-tyrol.at\/de\/sicherheit\/\" \/>\n<meta property=\"og:locale\" content=\"en_US\" \/>\n<meta property=\"og:type\" content=\"article\" \/>\n<meta property=\"og:title\" content=\"Sicherheit - Kaufhaus Tyrol\" \/>\n<meta property=\"og:description\" content=\"[vc_row][vc_column][vc_custom_heading text=&#8221;Ein sicheres Gef\u00fchl&#8221; use_theme_fonts=&#8221;yes&#8221;][\/vc_column][\/vc_row][vc_row][vc_column][vc_column_text]Unsere Security ist rund um die Uhr im Haus unterwegs, damit Sie sich stets sicher f\u00fchlen. Au\u00dferdem erm\u00f6glicht eine Vielzahl von \u00dcberwachungskameras eine fl\u00e4chendeckende Kontrolle. So k\u00f6nnen Sie Ihre Zeit im Kaufhaus Tyrol entspannt genie\u00dfen.[\/vc_column_text][\/vc_column][\/vc_row][vc_row][vc_column][vc_custom_heading text=&#8221;Schnelle Hilfe im Notfall&#8221; use_theme_fonts=&#8221;yes&#8221;][\/vc_column][\/vc_row][vc_row][vc_column][vc_column_text]Im Kaufhaus Tyrol sind elf, in der Tiefgarage zwei Telefons\u00e4ulen eingerichtet, die\" \/>\n<meta property=\"og:url\" content=\"https:\/\/kaufhaus-tyrol.at\/de\/sicherheit\/\" \/>\n<meta property=\"og:site_name\" content=\"Kaufhaus Tyrol\" \/>\n<meta property=\"article:publisher\" content=\"https:\/\/www.facebook.com\/kaufhaustyrol\/\" \/>\n<meta property=\"article:modified_time\" content=\"2021-08-09T11:22:50+00:00\" \/>\n<meta name=\"twitter:card\" content=\"summary_large_image\" \/>\n<meta name=\"twitter:label1\" content=\"Est. reading time\" \/>\n\t<meta name=\"twitter:data1\" content=\"1 minute\" \/>\n<script type=\"application\/ld+json\" class=\"yoast-schema-graph\">{\"@context\":\"https:\/\/schema.org\",\"@graph\":[{\"@type\":\"WebPage\",\"@id\":\"https:\/\/kaufhaus-tyrol.at\/de\/sicherheit\/\",\"url\":\"https:\/\/kaufhaus-tyrol.at\/de\/sicherheit\/\",\"name\":\"Sicherheit - Kaufhaus Tyrol\",\"isPartOf\":{\"@id\":\"https:\/\/kaufhaus-tyrol.at\/de\/#website\"},\"datePublished\":\"2021-08-09T11:20:34+00:00\",\"dateModified\":\"2021-08-09T11:22:50+00:00\",\"breadcrumb\":{\"@id\":\"https:\/\/kaufhaus-tyrol.at\/de\/sicherheit\/#breadcrumb\"},\"inLanguage\":\"en-US\",\"potentialAction\":[{\"@type\":\"ReadAction\",\"target\":[\"https:\/\/kaufhaus-tyrol.at\/de\/sicherheit\/\"]}]},{\"@type\":\"BreadcrumbList\",\"@id\":\"https:\/\/kaufhaus-tyrol.at\/de\/sicherheit\/#breadcrumb\",\"itemListElement\":[{\"@type\":\"ListItem\",\"position\":1,\"name\":\"Home\",\"item\":\"https:\/\/kaufhaus-tyrol.at\/en\/\"},{\"@type\":\"ListItem\",\"position\":2,\"name\":\"Sicherheit\"}]},{\"@type\":\"WebSite\",\"@id\":\"https:\/\/kaufhaus-tyrol.at\/de\/#website\",\"url\":\"https:\/\/kaufhaus-tyrol.at\/de\/\",\"name\":\"Kaufhaus Tyrol\",\"description\":\"Shopping im Herzen von Innsbruck\",\"potentialAction\":[{\"@type\":\"SearchAction\",\"target\":{\"@type\":\"EntryPoint\",\"urlTemplate\":\"https:\/\/kaufhaus-tyrol.at\/de\/?s={search_term_string}\"},\"query-input\":{\"@type\":\"PropertyValueSpecification\",\"valueRequired\":true,\"valueName\":\"search_term_string\"}}],\"inLanguage\":\"en-US\"}]}<\/script>\n<!-- \/ Yoast SEO plugin. -->","yoast_head_json":{"title":"Sicherheit - Kaufhaus Tyrol","robots":{"index":"index","follow":"follow","max-snippet":"max-snippet:-1","max-image-preview":"max-image-preview:large","max-video-preview":"max-video-preview:-1"},"canonical":"https:\/\/kaufhaus-tyrol.at\/de\/sicherheit\/","og_locale":"en_US","og_type":"article","og_title":"Sicherheit - Kaufhaus Tyrol","og_description":"[vc_row][vc_column][vc_custom_heading text=&#8221;Ein sicheres Gef\u00fchl&#8221; use_theme_fonts=&#8221;yes&#8221;][\/vc_column][\/vc_row][vc_row][vc_column][vc_column_text]Unsere Security ist rund um die Uhr im Haus unterwegs, damit Sie sich stets sicher f\u00fchlen. Au\u00dferdem erm\u00f6glicht eine Vielzahl von \u00dcberwachungskameras eine fl\u00e4chendeckende Kontrolle. So k\u00f6nnen Sie Ihre Zeit im Kaufhaus Tyrol entspannt genie\u00dfen.[\/vc_column_text][\/vc_column][\/vc_row][vc_row][vc_column][vc_custom_heading text=&#8221;Schnelle Hilfe im Notfall&#8221; use_theme_fonts=&#8221;yes&#8221;][\/vc_column][\/vc_row][vc_row][vc_column][vc_column_text]Im Kaufhaus Tyrol sind elf, in der Tiefgarage zwei Telefons\u00e4ulen eingerichtet, die","og_url":"https:\/\/kaufhaus-tyrol.at\/de\/sicherheit\/","og_site_name":"Kaufhaus Tyrol","article_publisher":"https:\/\/www.facebook.com\/kaufhaustyrol\/","article_modified_time":"2021-08-09T11:22:50+00:00","twitter_card":"summary_large_image","twitter_misc":{"Est. reading time":"1 minute"},"schema":{"@context":"https:\/\/schema.org","@graph":[{"@type":"WebPage","@id":"https:\/\/kaufhaus-tyrol.at\/de\/sicherheit\/","url":"https:\/\/kaufhaus-tyrol.at\/de\/sicherheit\/","name":"Sicherheit - Kaufhaus Tyrol","isPartOf":{"@id":"https:\/\/kaufhaus-tyrol.at\/de\/#website"},"datePublished":"2021-08-09T11:20:34+00:00","dateModified":"2021-08-09T11:22:50+00:00","breadcrumb":{"@id":"https:\/\/kaufhaus-tyrol.at\/de\/sicherheit\/#breadcrumb"},"inLanguage":"en-US","potentialAction":[{"@type":"ReadAction","target":["https:\/\/kaufhaus-tyrol.at\/de\/sicherheit\/"]}]},{"@type":"BreadcrumbList","@id":"https:\/\/kaufhaus-tyrol.at\/de\/sicherheit\/#breadcrumb","itemListElement":[{"@type":"ListItem","position":1,"name":"Home","item":"https:\/\/kaufhaus-tyrol.at\/en\/"},{"@type":"ListItem","position":2,"name":"Sicherheit"}]},{"@type":"WebSite","@id":"https:\/\/kaufhaus-tyrol.at\/de\/#website","url":"https:\/\/kaufhaus-tyrol.at\/de\/","name":"Kaufhaus Tyrol","description":"Shopping im Herzen von Innsbruck","potentialAction":[{"@type":"SearchAction","target":{"@type":"EntryPoint","urlTemplate":"https:\/\/kaufhaus-tyrol.at\/de\/?s={search_term_string}"},"query-input":{"@type":"PropertyValueSpecification","valueRequired":true,"valueName":"search_term_string"}}],"inLanguage":"en-US"}]}},"_links":{"self":[{"href":"https:\/\/kaufhaus-tyrol.at\/en\/wp-json\/wp\/v2\/pages\/13936"}],"collection":[{"href":"https:\/\/kaufhaus-tyrol.at\/en\/wp-json\/wp\/v2\/pages"}],"about":[{"href":"https:\/\/kaufhaus-tyrol.at\/en\/wp-json\/wp\/v2\/types\/page"}],"author":[{"embeddable":true,"href":"https:\/\/kaufhaus-tyrol.at\/en\/wp-json\/wp\/v2\/users\/5025"}],"replies":[{"embeddable":true,"href":"https:\/\/kaufhaus-tyrol.at\/en\/wp-json\/wp\/v2\/comments?post=13936"}],"version-history":[{"count":3,"href":"https:\/\/kaufhaus-tyrol.at\/en\/wp-json\/wp\/v2\/pages\/13936\/revisions"}],"predecessor-version":[{"id":13939,"href":"https:\/\/kaufhaus-tyrol.at\/en\/wp-json\/wp\/v2\/pages\/13936\/revisions\/13939"}],"wp:attachment":[{"href":"https:\/\/kaufhaus-tyrol.at\/en\/wp-json\/wp\/v2\/media?parent=13936"}],"curies":[{"name":"wp","href":"https:\/\/api.w.org\/{rel}","templated":true}]}}