{"id":14626,"date":"2021-10-11T09:29:59","date_gmt":"2021-10-11T07:29:59","guid":{"rendered":"https:\/\/www.kaufhaus-tyrol.at\/?page_id=14626"},"modified":"2026-03-04T14:34:26","modified_gmt":"2026-03-04T13:34:26","slug":"lindt-osterwelt","status":"publish","type":"page","link":"https:\/\/kaufhaus-tyrol.at\/en\/lindt-osterwelt\/","title":{"rendered":"Lindt Osterwelt"},"content":{"rendered":"<div class=\"wpb-content-wrapper\"><p>[vc_row][vc_column][vc_custom_heading text=&#8221;Lindt Osterwelt&#8221; font_container=&#8221;tag:h1|text_align:center&#8221; use_theme_fonts=&#8221;yes&#8221;][vc_column_text]<\/p>\n<p style=\"text-align: center;\"><strong>Entdecken Sie die Lindt Osterwelt im Kaufhaus Tyrol!<\/strong><\/p>\n<div class=\"entry-content\" style=\"text-align: left;\">\n<p style=\"text-align: center;\">Das ganze Haus ist farbenfroh und bunt mit der <strong>Lindt Osterwelt<\/strong> traumhaft s\u00fc\u00df dekoriert. Viele kleine und gr\u00f6\u00dfere Lindt Goldhasen pr\u00e4sentieren sich in liebevoll geschm\u00fcckten Nestern auf allen Etagen des Kaufhaus Tyrol. Im Lindt Store im EG findet ihr noch viele weitere Goldhasen, die auf ein Osternest warten.<\/p>\n<div style=\"text-align: center;\" data-content-type=\"text\" data-appearance=\"default\" data-element=\"main\" data-pb-style=\"F8JLUA3\"><\/div>\n<\/div>\n<p>[\/vc_column_text][vc_column_text]<\/p>\n<p style=\"text-align: center;\"><strong>Lindt Osterhasen Werkstatt: Goldhasen Verzier-Workshop<\/strong><\/p>\n<div class=\"entry-content\" style=\"text-align: left;\">\n<p style=\"text-align: center;\">Am <strong>4.4.26<\/strong>\u00a0wird es goldig schokoladig im Kaufhaus Tyrol. Ihr k\u00f6nnt mit der ganzen Familie kommen und die Kinder k\u00f6nnen die Lindt Goldhasen verzieren. Der Workshop findet von <strong>11:00-17:00 Uhr<\/strong> statt.<\/p>\n<div data-content-type=\"text\" data-appearance=\"default\" data-element=\"main\" data-pb-style=\"F8JLUA3\"><\/div>\n<\/div>\n<p>[\/vc_column_text][\/vc_column][\/vc_row]<\/p>\n<\/div>","protected":false},"excerpt":{"rendered":"<p>[vc_row][vc_column][vc_custom_heading text=&#8221;Lindt Osterwelt&#8221; font_container=&#8221;tag:h1|text_align:center&#8221; use_theme_fonts=&#8221;yes&#8221;][vc_column_text] Entdecken Sie die Lindt Osterwelt im Kaufhaus Tyrol! Das ganze Haus ist farbenfroh und bunt mit der Lindt Osterwelt traumhaft s\u00fc\u00df dekoriert. Viele kleine und gr\u00f6\u00dfere Lindt Goldhasen pr\u00e4sentieren sich in liebevoll geschm\u00fcckten Nestern auf allen Etagen des Kaufhaus Tyrol. Im Lindt Store im EG findet ihr noch viele weitere<\/p>\n","protected":false},"author":5005,"featured_media":21769,"parent":0,"menu_order":0,"comment_status":"closed","ping_status":"closed","template":"","meta":{"_acf_changed":false,"inline_featured_image":false,"footnotes":""},"acf":[],"yoast_head":"<!-- This site is optimized with the Yoast SEO plugin v23.5 - https:\/\/yoast.com\/wordpress\/plugins\/seo\/ -->\n<title>Lindt Osterwelt - Kaufhaus Tyrol<\/title>\n<meta name=\"robots\" content=\"index, follow, max-snippet:-1, max-image-preview:large, max-video-preview:-1\" \/>\n<link rel=\"canonical\" href=\"https:\/\/kaufhaus-tyrol.at\/de\/lindt-osterwelt\/\" \/>\n<meta property=\"og:locale\" content=\"en_US\" \/>\n<meta property=\"og:type\" content=\"article\" \/>\n<meta property=\"og:title\" content=\"Lindt Osterwelt - Kaufhaus Tyrol\" \/>\n<meta property=\"og:description\" content=\"[vc_row][vc_column][vc_custom_heading text=&#8221;Lindt Osterwelt&#8221; font_container=&#8221;tag:h1|text_align:center&#8221; use_theme_fonts=&#8221;yes&#8221;][vc_column_text] Entdecken Sie die Lindt Osterwelt im Kaufhaus Tyrol! Das ganze Haus ist farbenfroh und bunt mit der Lindt Osterwelt traumhaft s\u00fc\u00df dekoriert. Viele kleine und gr\u00f6\u00dfere Lindt Goldhasen pr\u00e4sentieren sich in liebevoll geschm\u00fcckten Nestern auf allen Etagen des Kaufhaus Tyrol. Im Lindt Store im EG findet ihr noch viele weitere\" \/>\n<meta property=\"og:url\" content=\"https:\/\/kaufhaus-tyrol.at\/de\/lindt-osterwelt\/\" \/>\n<meta property=\"og:site_name\" content=\"Kaufhaus Tyrol\" \/>\n<meta property=\"article:publisher\" content=\"https:\/\/www.facebook.com\/kaufhaustyrol\/\" \/>\n<meta property=\"article:modified_time\" content=\"2026-03-04T13:34:26+00:00\" \/>\n<meta property=\"og:image\" content=\"https:\/\/kaufhaus-tyrol.at\/wp-content\/uploads\/2026\/03\/Slider-US.png\" \/>\n\t<meta property=\"og:image:width\" content=\"2134\" \/>\n\t<meta property=\"og:image:height\" content=\"724\" \/>\n\t<meta property=\"og:image:type\" content=\"image\/png\" \/>\n<meta name=\"twitter:card\" content=\"summary_large_image\" \/>\n<meta name=\"twitter:label1\" content=\"Est. reading time\" \/>\n\t<meta name=\"twitter:data1\" content=\"1 minute\" \/>\n<script type=\"application\/ld+json\" class=\"yoast-schema-graph\">{\"@context\":\"https:\/\/schema.org\",\"@graph\":[{\"@type\":\"WebPage\",\"@id\":\"https:\/\/kaufhaus-tyrol.at\/de\/lindt-osterwelt\/\",\"url\":\"https:\/\/kaufhaus-tyrol.at\/de\/lindt-osterwelt\/\",\"name\":\"Lindt Osterwelt - Kaufhaus Tyrol\",\"isPartOf\":{\"@id\":\"https:\/\/kaufhaus-tyrol.at\/de\/#website\"},\"primaryImageOfPage\":{\"@id\":\"https:\/\/kaufhaus-tyrol.at\/de\/lindt-osterwelt\/#primaryimage\"},\"image\":{\"@id\":\"https:\/\/kaufhaus-tyrol.at\/de\/lindt-osterwelt\/#primaryimage\"},\"thumbnailUrl\":\"https:\/\/kaufhaus-tyrol.at\/wp-content\/uploads\/2026\/03\/Slider-US.png\",\"datePublished\":\"2021-10-11T07:29:59+00:00\",\"dateModified\":\"2026-03-04T13:34:26+00:00\",\"breadcrumb\":{\"@id\":\"https:\/\/kaufhaus-tyrol.at\/de\/lindt-osterwelt\/#breadcrumb\"},\"inLanguage\":\"en-US\",\"potentialAction\":[{\"@type\":\"ReadAction\",\"target\":[\"https:\/\/kaufhaus-tyrol.at\/de\/lindt-osterwelt\/\"]}]},{\"@type\":\"ImageObject\",\"inLanguage\":\"en-US\",\"@id\":\"https:\/\/kaufhaus-tyrol.at\/de\/lindt-osterwelt\/#primaryimage\",\"url\":\"https:\/\/kaufhaus-tyrol.at\/wp-content\/uploads\/2026\/03\/Slider-US.png\",\"contentUrl\":\"https:\/\/kaufhaus-tyrol.at\/wp-content\/uploads\/2026\/03\/Slider-US.png\",\"width\":2134,\"height\":724,\"caption\":\"Ostern Kaufhaus Tyrol\"},{\"@type\":\"BreadcrumbList\",\"@id\":\"https:\/\/kaufhaus-tyrol.at\/de\/lindt-osterwelt\/#breadcrumb\",\"itemListElement\":[{\"@type\":\"ListItem\",\"position\":1,\"name\":\"Home\",\"item\":\"https:\/\/kaufhaus-tyrol.at\/en\/\"},{\"@type\":\"ListItem\",\"position\":2,\"name\":\"Lindt Osterwelt\"}]},{\"@type\":\"WebSite\",\"@id\":\"https:\/\/kaufhaus-tyrol.at\/de\/#website\",\"url\":\"https:\/\/kaufhaus-tyrol.at\/de\/\",\"name\":\"Kaufhaus Tyrol\",\"description\":\"Shopping im Herzen von Innsbruck\",\"potentialAction\":[{\"@type\":\"SearchAction\",\"target\":{\"@type\":\"EntryPoint\",\"urlTemplate\":\"https:\/\/kaufhaus-tyrol.at\/de\/?s={search_term_string}\"},\"query-input\":{\"@type\":\"PropertyValueSpecification\",\"valueRequired\":true,\"valueName\":\"search_term_string\"}}],\"inLanguage\":\"en-US\"}]}<\/script>\n<!-- \/ Yoast SEO plugin. -->","yoast_head_json":{"title":"Lindt Osterwelt - Kaufhaus Tyrol","robots":{"index":"index","follow":"follow","max-snippet":"max-snippet:-1","max-image-preview":"max-image-preview:large","max-video-preview":"max-video-preview:-1"},"canonical":"https:\/\/kaufhaus-tyrol.at\/de\/lindt-osterwelt\/","og_locale":"en_US","og_type":"article","og_title":"Lindt Osterwelt - Kaufhaus Tyrol","og_description":"[vc_row][vc_column][vc_custom_heading text=&#8221;Lindt Osterwelt&#8221; font_container=&#8221;tag:h1|text_align:center&#8221; use_theme_fonts=&#8221;yes&#8221;][vc_column_text] Entdecken Sie die Lindt Osterwelt im Kaufhaus Tyrol! Das ganze Haus ist farbenfroh und bunt mit der Lindt Osterwelt traumhaft s\u00fc\u00df dekoriert. Viele kleine und gr\u00f6\u00dfere Lindt Goldhasen pr\u00e4sentieren sich in liebevoll geschm\u00fcckten Nestern auf allen Etagen des Kaufhaus Tyrol. Im Lindt Store im EG findet ihr noch viele weitere","og_url":"https:\/\/kaufhaus-tyrol.at\/de\/lindt-osterwelt\/","og_site_name":"Kaufhaus Tyrol","article_publisher":"https:\/\/www.facebook.com\/kaufhaustyrol\/","article_modified_time":"2026-03-04T13:34:26+00:00","og_image":[{"width":2134,"height":724,"url":"https:\/\/kaufhaus-tyrol.at\/wp-content\/uploads\/2026\/03\/Slider-US.png","type":"image\/png"}],"twitter_card":"summary_large_image","twitter_misc":{"Est. reading time":"1 minute"},"schema":{"@context":"https:\/\/schema.org","@graph":[{"@type":"WebPage","@id":"https:\/\/kaufhaus-tyrol.at\/de\/lindt-osterwelt\/","url":"https:\/\/kaufhaus-tyrol.at\/de\/lindt-osterwelt\/","name":"Lindt Osterwelt - Kaufhaus Tyrol","isPartOf":{"@id":"https:\/\/kaufhaus-tyrol.at\/de\/#website"},"primaryImageOfPage":{"@id":"https:\/\/kaufhaus-tyrol.at\/de\/lindt-osterwelt\/#primaryimage"},"image":{"@id":"https:\/\/kaufhaus-tyrol.at\/de\/lindt-osterwelt\/#primaryimage"},"thumbnailUrl":"https:\/\/kaufhaus-tyrol.at\/wp-content\/uploads\/2026\/03\/Slider-US.png","datePublished":"2021-10-11T07:29:59+00:00","dateModified":"2026-03-04T13:34:26+00:00","breadcrumb":{"@id":"https:\/\/kaufhaus-tyrol.at\/de\/lindt-osterwelt\/#breadcrumb"},"inLanguage":"en-US","potentialAction":[{"@type":"ReadAction","target":["https:\/\/kaufhaus-tyrol.at\/de\/lindt-osterwelt\/"]}]},{"@type":"ImageObject","inLanguage":"en-US","@id":"https:\/\/kaufhaus-tyrol.at\/de\/lindt-osterwelt\/#primaryimage","url":"https:\/\/kaufhaus-tyrol.at\/wp-content\/uploads\/2026\/03\/Slider-US.png","contentUrl":"https:\/\/kaufhaus-tyrol.at\/wp-content\/uploads\/2026\/03\/Slider-US.png","width":2134,"height":724,"caption":"Ostern Kaufhaus Tyrol"},{"@type":"BreadcrumbList","@id":"https:\/\/kaufhaus-tyrol.at\/de\/lindt-osterwelt\/#breadcrumb","itemListElement":[{"@type":"ListItem","position":1,"name":"Home","item":"https:\/\/kaufhaus-tyrol.at\/en\/"},{"@type":"ListItem","position":2,"name":"Lindt Osterwelt"}]},{"@type":"WebSite","@id":"https:\/\/kaufhaus-tyrol.at\/de\/#website","url":"https:\/\/kaufhaus-tyrol.at\/de\/","name":"Kaufhaus Tyrol","description":"Shopping im Herzen von Innsbruck","potentialAction":[{"@type":"SearchAction","target":{"@type":"EntryPoint","urlTemplate":"https:\/\/kaufhaus-tyrol.at\/de\/?s={search_term_string}"},"query-input":{"@type":"PropertyValueSpecification","valueRequired":true,"valueName":"search_term_string"}}],"inLanguage":"en-US"}]}},"_links":{"self":[{"href":"https:\/\/kaufhaus-tyrol.at\/en\/wp-json\/wp\/v2\/pages\/14626"}],"collection":[{"href":"https:\/\/kaufhaus-tyrol.at\/en\/wp-json\/wp\/v2\/pages"}],"about":[{"href":"https:\/\/kaufhaus-tyrol.at\/en\/wp-json\/wp\/v2\/types\/page"}],"author":[{"embeddable":true,"href":"https:\/\/kaufhaus-tyrol.at\/en\/wp-json\/wp\/v2\/users\/5005"}],"replies":[{"embeddable":true,"href":"https:\/\/kaufhaus-tyrol.at\/en\/wp-json\/wp\/v2\/comments?post=14626"}],"version-history":[{"count":22,"href":"https:\/\/kaufhaus-tyrol.at\/en\/wp-json\/wp\/v2\/pages\/14626\/revisions"}],"predecessor-version":[{"id":21804,"href":"https:\/\/kaufhaus-tyrol.at\/en\/wp-json\/wp\/v2\/pages\/14626\/revisions\/21804"}],"wp:featuredmedia":[{"embeddable":true,"href":"https:\/\/kaufhaus-tyrol.at\/en\/wp-json\/wp\/v2\/media\/21769"}],"wp:attachment":[{"href":"https:\/\/kaufhaus-tyrol.at\/en\/wp-json\/wp\/v2\/media?parent=14626"}],"curies":[{"name":"wp","href":"https:\/\/api.w.org\/{rel}","templated":true}]}}