{"id":13289,"date":"2021-05-17T16:58:04","date_gmt":"2021-05-17T14:58:04","guid":{"rendered":"https:\/\/www.kaufhaus-tyrol.at\/?page_id=13289"},"modified":"2021-11-04T16:33:08","modified_gmt":"2021-11-04T15:33:08","slug":"anmeldung-aktivieren","status":"publish","type":"page","link":"https:\/\/kaufhaus-tyrol.at\/it\/newsletter\/anmeldung-aktivieren\/","title":{"rendered":"Anmeldung aktivieren"},"content":{"rendered":"<div class=\"wpb-content-wrapper\"><p>[vc_row][vc_column css=&#8221;.vc_custom_1621263611831{margin-top: 50px !important;}&#8221;][vc_column_text]<\/p>\n<h5>WICHTIG: ANFRAGE AKTIVIEREN!<br \/>\nBITTE BEST\u00c4TIGE DAS EMAIL IN DEINEM POSTEINGANG.<\/h5>\n<p>Vielen Dank f\u00fcr dein Interesse. In K\u00fcrze erh\u00e4ltst du ein automatisiertes Email mit einem Verifizierungslink um deine Daten zu best\u00e4tigen.<\/p>\n<p><a href=\"https:\/\/kaufhaus-tyrol.at\/de\/datenschutzerklaerung\/\">DATENSCHUTZ<\/a> ist uns sehr wichtig, daher wird dein Newsletter-Abo erst nach erfolgter Best\u00e4tigung an unser Team weitergeleitet und bearbeitet.<\/p>\n<p><strong>Kein Email im Posteingang?<\/strong><br \/>\nBitte kontrolliere in diesem Fall deinen Spam-Ordner. Durch Speicherung der Email-Adresse <a href=\"mailto:newsletter@kaufhaus-tyrol.at\">newsletter@kaufhaus-tyrol.at<\/a> in deinem Adressbuch stellst du sicher, zuk\u00fcnftige Emails direkt zu erhalten.[\/vc_column_text][\/vc_column][\/vc_row]<\/p>\n<\/div>","protected":false},"excerpt":{"rendered":"<p>[vc_row][vc_column css=&#8221;.vc_custom_1621263611831{margin-top: 50px !important;}&#8221;][vc_column_text] WICHTIG: ANFRAGE AKTIVIEREN! BITTE BEST\u00c4TIGE DAS EMAIL IN DEINEM POSTEINGANG. Vielen Dank f\u00fcr dein Interesse. In K\u00fcrze erh\u00e4ltst du ein automatisiertes Email mit einem Verifizierungslink um deine Daten zu best\u00e4tigen. DATENSCHUTZ ist uns sehr wichtig, daher wird dein Newsletter-Abo erst nach erfolgter Best\u00e4tigung an unser Team weitergeleitet und bearbeitet. Kein Email<\/p>\n","protected":false},"author":5025,"featured_media":0,"parent":13272,"menu_order":0,"comment_status":"closed","ping_status":"closed","template":"","meta":{"_acf_changed":false,"inline_featured_image":false,"footnotes":""},"acf":[],"yoast_head":"<!-- This site is optimized with the Yoast SEO plugin v23.5 - https:\/\/yoast.com\/wordpress\/plugins\/seo\/ -->\n<title>Anmeldung aktivieren - Kaufhaus Tyrol<\/title>\n<meta name=\"robots\" content=\"index, follow, max-snippet:-1, max-image-preview:large, max-video-preview:-1\" \/>\n<link rel=\"canonical\" href=\"https:\/\/kaufhaus-tyrol.at\/de\/newsletter\/anmeldung-aktivieren\/\" \/>\n<meta property=\"og:locale\" content=\"it_IT\" \/>\n<meta property=\"og:type\" content=\"article\" \/>\n<meta property=\"og:title\" content=\"Anmeldung aktivieren - Kaufhaus Tyrol\" \/>\n<meta property=\"og:description\" content=\"[vc_row][vc_column css=&#8221;.vc_custom_1621263611831{margin-top: 50px !important;}&#8221;][vc_column_text] WICHTIG: ANFRAGE AKTIVIEREN! BITTE BEST\u00c4TIGE DAS EMAIL IN DEINEM POSTEINGANG. Vielen Dank f\u00fcr dein Interesse. In K\u00fcrze erh\u00e4ltst du ein automatisiertes Email mit einem Verifizierungslink um deine Daten zu best\u00e4tigen. DATENSCHUTZ ist uns sehr wichtig, daher wird dein Newsletter-Abo erst nach erfolgter Best\u00e4tigung an unser Team weitergeleitet und bearbeitet. Kein Email\" \/>\n<meta property=\"og:url\" content=\"https:\/\/kaufhaus-tyrol.at\/de\/newsletter\/anmeldung-aktivieren\/\" \/>\n<meta property=\"og:site_name\" content=\"Kaufhaus Tyrol\" \/>\n<meta property=\"article:publisher\" content=\"https:\/\/www.facebook.com\/kaufhaustyrol\/\" \/>\n<meta property=\"article:modified_time\" content=\"2021-11-04T15:33:08+00:00\" \/>\n<meta name=\"twitter:card\" content=\"summary_large_image\" \/>\n<meta name=\"twitter:label1\" content=\"Tempo di lettura stimato\" \/>\n\t<meta name=\"twitter:data1\" content=\"1 minuto\" \/>\n<script type=\"application\/ld+json\" class=\"yoast-schema-graph\">{\"@context\":\"https:\/\/schema.org\",\"@graph\":[{\"@type\":\"WebPage\",\"@id\":\"https:\/\/kaufhaus-tyrol.at\/de\/newsletter\/anmeldung-aktivieren\/\",\"url\":\"https:\/\/kaufhaus-tyrol.at\/de\/newsletter\/anmeldung-aktivieren\/\",\"name\":\"Anmeldung aktivieren - Kaufhaus Tyrol\",\"isPartOf\":{\"@id\":\"https:\/\/kaufhaus-tyrol.at\/de\/#website\"},\"datePublished\":\"2021-05-17T14:58:04+00:00\",\"dateModified\":\"2021-11-04T15:33:08+00:00\",\"breadcrumb\":{\"@id\":\"https:\/\/kaufhaus-tyrol.at\/de\/newsletter\/anmeldung-aktivieren\/#breadcrumb\"},\"inLanguage\":\"it-IT\",\"potentialAction\":[{\"@type\":\"ReadAction\",\"target\":[\"https:\/\/kaufhaus-tyrol.at\/de\/newsletter\/anmeldung-aktivieren\/\"]}]},{\"@type\":\"BreadcrumbList\",\"@id\":\"https:\/\/kaufhaus-tyrol.at\/de\/newsletter\/anmeldung-aktivieren\/#breadcrumb\",\"itemListElement\":[{\"@type\":\"ListItem\",\"position\":1,\"name\":\"Home\",\"item\":\"https:\/\/kaufhaus-tyrol.at\/it\/\"},{\"@type\":\"ListItem\",\"position\":2,\"name\":\"Newsletter\",\"item\":\"https:\/\/kaufhaus-tyrol.at\/de\/newsletter\/\"},{\"@type\":\"ListItem\",\"position\":3,\"name\":\"Anmeldung aktivieren\"}]},{\"@type\":\"WebSite\",\"@id\":\"https:\/\/kaufhaus-tyrol.at\/de\/#website\",\"url\":\"https:\/\/kaufhaus-tyrol.at\/de\/\",\"name\":\"Kaufhaus Tyrol\",\"description\":\"Shopping im Herzen von Innsbruck\",\"potentialAction\":[{\"@type\":\"SearchAction\",\"target\":{\"@type\":\"EntryPoint\",\"urlTemplate\":\"https:\/\/kaufhaus-tyrol.at\/de\/?s={search_term_string}\"},\"query-input\":{\"@type\":\"PropertyValueSpecification\",\"valueRequired\":true,\"valueName\":\"search_term_string\"}}],\"inLanguage\":\"it-IT\"}]}<\/script>\n<!-- \/ Yoast SEO plugin. -->","yoast_head_json":{"title":"Anmeldung aktivieren - Kaufhaus Tyrol","robots":{"index":"index","follow":"follow","max-snippet":"max-snippet:-1","max-image-preview":"max-image-preview:large","max-video-preview":"max-video-preview:-1"},"canonical":"https:\/\/kaufhaus-tyrol.at\/de\/newsletter\/anmeldung-aktivieren\/","og_locale":"it_IT","og_type":"article","og_title":"Anmeldung aktivieren - Kaufhaus Tyrol","og_description":"[vc_row][vc_column css=&#8221;.vc_custom_1621263611831{margin-top: 50px !important;}&#8221;][vc_column_text] WICHTIG: ANFRAGE AKTIVIEREN! BITTE BEST\u00c4TIGE DAS EMAIL IN DEINEM POSTEINGANG. Vielen Dank f\u00fcr dein Interesse. In K\u00fcrze erh\u00e4ltst du ein automatisiertes Email mit einem Verifizierungslink um deine Daten zu best\u00e4tigen. DATENSCHUTZ ist uns sehr wichtig, daher wird dein Newsletter-Abo erst nach erfolgter Best\u00e4tigung an unser Team weitergeleitet und bearbeitet. Kein Email","og_url":"https:\/\/kaufhaus-tyrol.at\/de\/newsletter\/anmeldung-aktivieren\/","og_site_name":"Kaufhaus Tyrol","article_publisher":"https:\/\/www.facebook.com\/kaufhaustyrol\/","article_modified_time":"2021-11-04T15:33:08+00:00","twitter_card":"summary_large_image","twitter_misc":{"Tempo di lettura stimato":"1 minuto"},"schema":{"@context":"https:\/\/schema.org","@graph":[{"@type":"WebPage","@id":"https:\/\/kaufhaus-tyrol.at\/de\/newsletter\/anmeldung-aktivieren\/","url":"https:\/\/kaufhaus-tyrol.at\/de\/newsletter\/anmeldung-aktivieren\/","name":"Anmeldung aktivieren - Kaufhaus Tyrol","isPartOf":{"@id":"https:\/\/kaufhaus-tyrol.at\/de\/#website"},"datePublished":"2021-05-17T14:58:04+00:00","dateModified":"2021-11-04T15:33:08+00:00","breadcrumb":{"@id":"https:\/\/kaufhaus-tyrol.at\/de\/newsletter\/anmeldung-aktivieren\/#breadcrumb"},"inLanguage":"it-IT","potentialAction":[{"@type":"ReadAction","target":["https:\/\/kaufhaus-tyrol.at\/de\/newsletter\/anmeldung-aktivieren\/"]}]},{"@type":"BreadcrumbList","@id":"https:\/\/kaufhaus-tyrol.at\/de\/newsletter\/anmeldung-aktivieren\/#breadcrumb","itemListElement":[{"@type":"ListItem","position":1,"name":"Home","item":"https:\/\/kaufhaus-tyrol.at\/it\/"},{"@type":"ListItem","position":2,"name":"Newsletter","item":"https:\/\/kaufhaus-tyrol.at\/de\/newsletter\/"},{"@type":"ListItem","position":3,"name":"Anmeldung aktivieren"}]},{"@type":"WebSite","@id":"https:\/\/kaufhaus-tyrol.at\/de\/#website","url":"https:\/\/kaufhaus-tyrol.at\/de\/","name":"Kaufhaus Tyrol","description":"Shopping im Herzen von Innsbruck","potentialAction":[{"@type":"SearchAction","target":{"@type":"EntryPoint","urlTemplate":"https:\/\/kaufhaus-tyrol.at\/de\/?s={search_term_string}"},"query-input":{"@type":"PropertyValueSpecification","valueRequired":true,"valueName":"search_term_string"}}],"inLanguage":"it-IT"}]}},"_links":{"self":[{"href":"https:\/\/kaufhaus-tyrol.at\/it\/wp-json\/wp\/v2\/pages\/13289"}],"collection":[{"href":"https:\/\/kaufhaus-tyrol.at\/it\/wp-json\/wp\/v2\/pages"}],"about":[{"href":"https:\/\/kaufhaus-tyrol.at\/it\/wp-json\/wp\/v2\/types\/page"}],"author":[{"embeddable":true,"href":"https:\/\/kaufhaus-tyrol.at\/it\/wp-json\/wp\/v2\/users\/5025"}],"replies":[{"embeddable":true,"href":"https:\/\/kaufhaus-tyrol.at\/it\/wp-json\/wp\/v2\/comments?post=13289"}],"version-history":[{"count":8,"href":"https:\/\/kaufhaus-tyrol.at\/it\/wp-json\/wp\/v2\/pages\/13289\/revisions"}],"predecessor-version":[{"id":14731,"href":"https:\/\/kaufhaus-tyrol.at\/it\/wp-json\/wp\/v2\/pages\/13289\/revisions\/14731"}],"up":[{"embeddable":true,"href":"https:\/\/kaufhaus-tyrol.at\/it\/wp-json\/wp\/v2\/pages\/13272"}],"wp:attachment":[{"href":"https:\/\/kaufhaus-tyrol.at\/it\/wp-json\/wp\/v2\/media?parent=13289"}],"curies":[{"name":"wp","href":"https:\/\/api.w.org\/{rel}","templated":true}]}}