{"id":13944,"date":"2021-08-09T13:36:51","date_gmt":"2021-08-09T11:36:51","guid":{"rendered":"https:\/\/www.kaufhaus-tyrol.at\/?page_id=13944"},"modified":"2021-08-10T11:20:22","modified_gmt":"2021-08-10T09:20:22","slug":"aufbewahrung","status":"publish","type":"page","link":"https:\/\/kaufhaus-tyrol.at\/it\/aufbewahrung\/","title":{"rendered":"Aufbewahrung"},"content":{"rendered":"<div class=\"wpb-content-wrapper\"><p>[vc_row][vc_column][vc_custom_heading text=&#8221;Lock and Shop&#8221; use_theme_fonts=&#8221;yes&#8221;][\/vc_column][\/vc_row][vc_row][vc_column][vc_column_text]Damit Sie Ihre Shoppingtour unbeschwert genie\u00dfen k\u00f6nnen, bieten wir Ihnen im UG 2 kostenlos nutzbare Schlie\u00dff\u00e4cher an. Einfach eine frei gew\u00e4hlte 4-stellige Zahlenkombination eingeben und sicher verschlie\u00dfen. Bitte merken Sie sich Ihren Code, denn nur damit k\u00f6nnen Sie die Aufbewahrungsbox auch wieder \u00f6ffnen.<\/p>\n<p>Sollten Sie Probleme beim \u00d6ffnen Ihres Schlie\u00dffaches haben, k\u00f6nnen Sie sich an unsere MitarbeiterInnen am Infopoint im EG wenden.[\/vc_column_text][\/vc_column][\/vc_row]<\/p>\n<\/div>","protected":false},"excerpt":{"rendered":"<p>[vc_row][vc_column][vc_custom_heading text=&#8221;Lock and Shop&#8221; use_theme_fonts=&#8221;yes&#8221;][\/vc_column][\/vc_row][vc_row][vc_column][vc_column_text]Damit Sie Ihre Shoppingtour unbeschwert genie\u00dfen k\u00f6nnen, bieten wir Ihnen im UG 2 kostenlos nutzbare Schlie\u00dff\u00e4cher an. Einfach eine frei gew\u00e4hlte 4-stellige Zahlenkombination eingeben und sicher verschlie\u00dfen. Bitte merken Sie sich Ihren Code, denn nur damit k\u00f6nnen Sie die Aufbewahrungsbox auch wieder \u00f6ffnen. Sollten Sie Probleme beim \u00d6ffnen Ihres Schlie\u00dffaches haben,<\/p>\n","protected":false},"author":5025,"featured_media":14092,"parent":0,"menu_order":0,"comment_status":"closed","ping_status":"closed","template":"","meta":{"_acf_changed":false,"inline_featured_image":false,"footnotes":""},"acf":[],"yoast_head":"<!-- This site is optimized with the Yoast SEO plugin v23.5 - https:\/\/yoast.com\/wordpress\/plugins\/seo\/ -->\n<title>Aufbewahrung - Kaufhaus Tyrol<\/title>\n<meta name=\"robots\" content=\"index, follow, max-snippet:-1, max-image-preview:large, max-video-preview:-1\" \/>\n<link rel=\"canonical\" href=\"https:\/\/kaufhaus-tyrol.at\/de\/aufbewahrung\/\" \/>\n<meta property=\"og:locale\" content=\"it_IT\" \/>\n<meta property=\"og:type\" content=\"article\" \/>\n<meta property=\"og:title\" content=\"Aufbewahrung - Kaufhaus Tyrol\" \/>\n<meta property=\"og:description\" content=\"[vc_row][vc_column][vc_custom_heading text=&#8221;Lock and Shop&#8221; use_theme_fonts=&#8221;yes&#8221;][\/vc_column][\/vc_row][vc_row][vc_column][vc_column_text]Damit Sie Ihre Shoppingtour unbeschwert genie\u00dfen k\u00f6nnen, bieten wir Ihnen im UG 2 kostenlos nutzbare Schlie\u00dff\u00e4cher an. Einfach eine frei gew\u00e4hlte 4-stellige Zahlenkombination eingeben und sicher verschlie\u00dfen. Bitte merken Sie sich Ihren Code, denn nur damit k\u00f6nnen Sie die Aufbewahrungsbox auch wieder \u00f6ffnen. Sollten Sie Probleme beim \u00d6ffnen Ihres Schlie\u00dffaches haben,\" \/>\n<meta property=\"og:url\" content=\"https:\/\/kaufhaus-tyrol.at\/de\/aufbewahrung\/\" \/>\n<meta property=\"og:site_name\" content=\"Kaufhaus Tyrol\" \/>\n<meta property=\"article:publisher\" content=\"https:\/\/www.facebook.com\/kaufhaustyrol\/\" \/>\n<meta property=\"article:modified_time\" content=\"2021-08-10T09:20:22+00:00\" \/>\n<meta property=\"og:image\" content=\"https:\/\/kaufhaus-tyrol.at\/wp-content\/uploads\/2021\/08\/KHT_HP-Slider-Unterseite_3840x1304px_EF1920x652px_2021_8-1-scaled.jpg\" \/>\n\t<meta property=\"og:image:width\" content=\"2560\" \/>\n\t<meta property=\"og:image:height\" content=\"869\" \/>\n\t<meta property=\"og:image:type\" content=\"image\/jpeg\" \/>\n<meta name=\"twitter:card\" content=\"summary_large_image\" \/>\n<meta name=\"twitter:label1\" content=\"Tempo di lettura stimato\" \/>\n\t<meta name=\"twitter:data1\" content=\"1 minuto\" \/>\n<script type=\"application\/ld+json\" class=\"yoast-schema-graph\">{\"@context\":\"https:\/\/schema.org\",\"@graph\":[{\"@type\":\"WebPage\",\"@id\":\"https:\/\/kaufhaus-tyrol.at\/de\/aufbewahrung\/\",\"url\":\"https:\/\/kaufhaus-tyrol.at\/de\/aufbewahrung\/\",\"name\":\"Aufbewahrung - Kaufhaus Tyrol\",\"isPartOf\":{\"@id\":\"https:\/\/kaufhaus-tyrol.at\/de\/#website\"},\"primaryImageOfPage\":{\"@id\":\"https:\/\/kaufhaus-tyrol.at\/de\/aufbewahrung\/#primaryimage\"},\"image\":{\"@id\":\"https:\/\/kaufhaus-tyrol.at\/de\/aufbewahrung\/#primaryimage\"},\"thumbnailUrl\":\"https:\/\/kaufhaus-tyrol.at\/wp-content\/uploads\/2021\/08\/KHT_HP-Slider-Unterseite_3840x1304px_EF1920x652px_2021_8-1-scaled.jpg\",\"datePublished\":\"2021-08-09T11:36:51+00:00\",\"dateModified\":\"2021-08-10T09:20:22+00:00\",\"breadcrumb\":{\"@id\":\"https:\/\/kaufhaus-tyrol.at\/de\/aufbewahrung\/#breadcrumb\"},\"inLanguage\":\"it-IT\",\"potentialAction\":[{\"@type\":\"ReadAction\",\"target\":[\"https:\/\/kaufhaus-tyrol.at\/de\/aufbewahrung\/\"]}]},{\"@type\":\"ImageObject\",\"inLanguage\":\"it-IT\",\"@id\":\"https:\/\/kaufhaus-tyrol.at\/de\/aufbewahrung\/#primaryimage\",\"url\":\"https:\/\/kaufhaus-tyrol.at\/wp-content\/uploads\/2021\/08\/KHT_HP-Slider-Unterseite_3840x1304px_EF1920x652px_2021_8-1-scaled.jpg\",\"contentUrl\":\"https:\/\/kaufhaus-tyrol.at\/wp-content\/uploads\/2021\/08\/KHT_HP-Slider-Unterseite_3840x1304px_EF1920x652px_2021_8-1-scaled.jpg\",\"width\":2560,\"height\":869,\"caption\":\"Spinde in wei\u00df im UG2\"},{\"@type\":\"BreadcrumbList\",\"@id\":\"https:\/\/kaufhaus-tyrol.at\/de\/aufbewahrung\/#breadcrumb\",\"itemListElement\":[{\"@type\":\"ListItem\",\"position\":1,\"name\":\"Home\",\"item\":\"https:\/\/kaufhaus-tyrol.at\/it\/\"},{\"@type\":\"ListItem\",\"position\":2,\"name\":\"Aufbewahrung\"}]},{\"@type\":\"WebSite\",\"@id\":\"https:\/\/kaufhaus-tyrol.at\/de\/#website\",\"url\":\"https:\/\/kaufhaus-tyrol.at\/de\/\",\"name\":\"Kaufhaus Tyrol\",\"description\":\"Shopping im Herzen von Innsbruck\",\"potentialAction\":[{\"@type\":\"SearchAction\",\"target\":{\"@type\":\"EntryPoint\",\"urlTemplate\":\"https:\/\/kaufhaus-tyrol.at\/de\/?s={search_term_string}\"},\"query-input\":{\"@type\":\"PropertyValueSpecification\",\"valueRequired\":true,\"valueName\":\"search_term_string\"}}],\"inLanguage\":\"it-IT\"}]}<\/script>\n<!-- \/ Yoast SEO plugin. -->","yoast_head_json":{"title":"Aufbewahrung - Kaufhaus Tyrol","robots":{"index":"index","follow":"follow","max-snippet":"max-snippet:-1","max-image-preview":"max-image-preview:large","max-video-preview":"max-video-preview:-1"},"canonical":"https:\/\/kaufhaus-tyrol.at\/de\/aufbewahrung\/","og_locale":"it_IT","og_type":"article","og_title":"Aufbewahrung - Kaufhaus Tyrol","og_description":"[vc_row][vc_column][vc_custom_heading text=&#8221;Lock and Shop&#8221; use_theme_fonts=&#8221;yes&#8221;][\/vc_column][\/vc_row][vc_row][vc_column][vc_column_text]Damit Sie Ihre Shoppingtour unbeschwert genie\u00dfen k\u00f6nnen, bieten wir Ihnen im UG 2 kostenlos nutzbare Schlie\u00dff\u00e4cher an. Einfach eine frei gew\u00e4hlte 4-stellige Zahlenkombination eingeben und sicher verschlie\u00dfen. Bitte merken Sie sich Ihren Code, denn nur damit k\u00f6nnen Sie die Aufbewahrungsbox auch wieder \u00f6ffnen. Sollten Sie Probleme beim \u00d6ffnen Ihres Schlie\u00dffaches haben,","og_url":"https:\/\/kaufhaus-tyrol.at\/de\/aufbewahrung\/","og_site_name":"Kaufhaus Tyrol","article_publisher":"https:\/\/www.facebook.com\/kaufhaustyrol\/","article_modified_time":"2021-08-10T09:20:22+00:00","og_image":[{"width":2560,"height":869,"url":"https:\/\/kaufhaus-tyrol.at\/wp-content\/uploads\/2021\/08\/KHT_HP-Slider-Unterseite_3840x1304px_EF1920x652px_2021_8-1-scaled.jpg","type":"image\/jpeg"}],"twitter_card":"summary_large_image","twitter_misc":{"Tempo di lettura stimato":"1 minuto"},"schema":{"@context":"https:\/\/schema.org","@graph":[{"@type":"WebPage","@id":"https:\/\/kaufhaus-tyrol.at\/de\/aufbewahrung\/","url":"https:\/\/kaufhaus-tyrol.at\/de\/aufbewahrung\/","name":"Aufbewahrung - Kaufhaus Tyrol","isPartOf":{"@id":"https:\/\/kaufhaus-tyrol.at\/de\/#website"},"primaryImageOfPage":{"@id":"https:\/\/kaufhaus-tyrol.at\/de\/aufbewahrung\/#primaryimage"},"image":{"@id":"https:\/\/kaufhaus-tyrol.at\/de\/aufbewahrung\/#primaryimage"},"thumbnailUrl":"https:\/\/kaufhaus-tyrol.at\/wp-content\/uploads\/2021\/08\/KHT_HP-Slider-Unterseite_3840x1304px_EF1920x652px_2021_8-1-scaled.jpg","datePublished":"2021-08-09T11:36:51+00:00","dateModified":"2021-08-10T09:20:22+00:00","breadcrumb":{"@id":"https:\/\/kaufhaus-tyrol.at\/de\/aufbewahrung\/#breadcrumb"},"inLanguage":"it-IT","potentialAction":[{"@type":"ReadAction","target":["https:\/\/kaufhaus-tyrol.at\/de\/aufbewahrung\/"]}]},{"@type":"ImageObject","inLanguage":"it-IT","@id":"https:\/\/kaufhaus-tyrol.at\/de\/aufbewahrung\/#primaryimage","url":"https:\/\/kaufhaus-tyrol.at\/wp-content\/uploads\/2021\/08\/KHT_HP-Slider-Unterseite_3840x1304px_EF1920x652px_2021_8-1-scaled.jpg","contentUrl":"https:\/\/kaufhaus-tyrol.at\/wp-content\/uploads\/2021\/08\/KHT_HP-Slider-Unterseite_3840x1304px_EF1920x652px_2021_8-1-scaled.jpg","width":2560,"height":869,"caption":"Spinde in wei\u00df im UG2"},{"@type":"BreadcrumbList","@id":"https:\/\/kaufhaus-tyrol.at\/de\/aufbewahrung\/#breadcrumb","itemListElement":[{"@type":"ListItem","position":1,"name":"Home","item":"https:\/\/kaufhaus-tyrol.at\/it\/"},{"@type":"ListItem","position":2,"name":"Aufbewahrung"}]},{"@type":"WebSite","@id":"https:\/\/kaufhaus-tyrol.at\/de\/#website","url":"https:\/\/kaufhaus-tyrol.at\/de\/","name":"Kaufhaus Tyrol","description":"Shopping im Herzen von Innsbruck","potentialAction":[{"@type":"SearchAction","target":{"@type":"EntryPoint","urlTemplate":"https:\/\/kaufhaus-tyrol.at\/de\/?s={search_term_string}"},"query-input":{"@type":"PropertyValueSpecification","valueRequired":true,"valueName":"search_term_string"}}],"inLanguage":"it-IT"}]}},"_links":{"self":[{"href":"https:\/\/kaufhaus-tyrol.at\/it\/wp-json\/wp\/v2\/pages\/13944"}],"collection":[{"href":"https:\/\/kaufhaus-tyrol.at\/it\/wp-json\/wp\/v2\/pages"}],"about":[{"href":"https:\/\/kaufhaus-tyrol.at\/it\/wp-json\/wp\/v2\/types\/page"}],"author":[{"embeddable":true,"href":"https:\/\/kaufhaus-tyrol.at\/it\/wp-json\/wp\/v2\/users\/5025"}],"replies":[{"embeddable":true,"href":"https:\/\/kaufhaus-tyrol.at\/it\/wp-json\/wp\/v2\/comments?post=13944"}],"version-history":[{"count":1,"href":"https:\/\/kaufhaus-tyrol.at\/it\/wp-json\/wp\/v2\/pages\/13944\/revisions"}],"predecessor-version":[{"id":13945,"href":"https:\/\/kaufhaus-tyrol.at\/it\/wp-json\/wp\/v2\/pages\/13944\/revisions\/13945"}],"wp:featuredmedia":[{"embeddable":true,"href":"https:\/\/kaufhaus-tyrol.at\/it\/wp-json\/wp\/v2\/media\/14092"}],"wp:attachment":[{"href":"https:\/\/kaufhaus-tyrol.at\/it\/wp-json\/wp\/v2\/media?parent=13944"}],"curies":[{"name":"wp","href":"https:\/\/api.w.org\/{rel}","templated":true}]}}