{"id":17939,"date":"2023-08-14T12:42:01","date_gmt":"2023-08-14T10:42:01","guid":{"rendered":"https:\/\/www.kaufhaus-tyrol.at\/?page_id=17939"},"modified":"2023-09-07T14:54:10","modified_gmt":"2023-09-07T12:54:10","slug":"neu-im-kaufhaus-tyrol-experience-tirol","status":"publish","type":"page","link":"https:\/\/kaufhaus-tyrol.at\/it\/neu-im-kaufhaus-tyrol-experience-tirol\/","title":{"rendered":"Neu im Kaufhaus Tyrol: Experience Tirol"},"content":{"rendered":"<div class=\"wpb-content-wrapper\"><p>[vc_row][vc_column][vc_custom_heading text=&#8221;Erlebe Tirol wie nie zuvor &#8211; Die ultimative immersive Erfahrung&#8221;][vc_empty_space height=&#8221;42px&#8221;][vc_column_text]Tauche ein in eine Welt, die alles ver\u00e4ndert. Willkommen bei <a href=\"https:\/\/www.experiencetirol.com\/\">Experience Tirol<\/a>, einer bahnbrechenden Attraktion, die dich im zweiten OG des KHT auf 512 Quadratmetern in den Bann zieht. Erlebe die Geschichte, Kultur, Kunst, Natur und den Sport dieses einzigartigen Landes auf v\u00f6llig neue Weise.<\/p>\n<p>In f\u00fcnf fesselnden R\u00e4umen entdeckst du Tirols Geschichte hautnah. Reise durch die Epochen und treffe legend\u00e4re Pers\u00f6nlichkeiten wie Kaiser Maximilian oder sp\u00fcre die Aufregung, wenn ein Skispringer die Bergiselschanze hinunterfliegt. Schlie\u00dfe dich den Bergfeuern am Horizont an und tauche ein in die Vielfalt Tirols.<\/p>\n<p>Die immersive Technologie entf\u00fchrt dich in unvergessliche Welten. Nutze Virtual Reality, 360-Grad-Projektionen und weitere faszinierende Innovationen, um Tirol aus neuen Blickwinkeln zu erleben. Sp\u00fcre die Emotionen, w\u00e4hrend du in die Vergangenheit eintauchst und den Aufschwung dieses Landes miterlebst.<\/p>\n<p>Egal ob du Einheimischer oder Besucher bist, jung oder alt, hier lebst oder nur f\u00fcr kurze Zeit zu Gast bist &#8211; Experience Tirol ist f\u00fcr alle. Erlebe eine Show, die Wissen, Emotion und Technologie in einem atemberaubenden Spektakel vereint.<\/p>\n<p>Begib dich ins Herz von Innsbruck, nahe der Altstadt, im Kaufhaus Tyrol. Hier erwartet dich eine einzigartige Reise. Erlebe Tirols Geschichte, von den weltbewegenden Schlachten bis zu den tief verwurzelten Traditionen. Lasse dich von Tirols k\u00fcnstlerischem Erbe inspirieren und fliege \u00fcber majest\u00e4tische Gipfel und idyllische T\u00e4ler.<\/p>\n<p>Sportfans kommen ebenfalls auf ihre Kosten. Erfahre mehr \u00fcber Tirols Rolle als Gastgeber von Olympischen Spielen und anderen bedeutenden Sportereignissen. Sp\u00fcre die Aufregung, die diesen Veranstaltungen innewohnt, und schaffe deine eigenen Sporterinnerungen.<\/p>\n<p>Tauche ein in die Zukunft der Unterhaltung. Die Experience Tirol verwendet modernste Technologie, um historische Geb\u00e4ude, Ereignisse und Pers\u00f6nlichkeiten lebendig werden zu lassen. \u00dcber 20 historische Geb\u00e4ude wurden akribisch nachgebaut, und \u00fcber 128 Schauspieler wurden in 3D erfasst, um eine realistische Darstellung zu gew\u00e4hrleisten.<\/p>\n<p>Erlebe Tirol wie nie zuvor. Deine Zeitreise beginnt hier. Sei Teil einer bewegenden Geschichte, die durch modernste Technologie zum Leben erweckt wird. Komme nach Innsbruck und erlebe die Zukunft der Unterhaltung &#8211; Experience Tirol erwartet dich! Jetzt neu im zweiten OG des Kaufhaus Tyrol.[\/vc_column_text][vc_column_text]<strong>\u00d6ffnungszeiten:<\/strong><\/p>\n<p>MO &#8211; FR: 09:00 &#8211; 19:00 Uhr<br \/>\nSA: 09:00 &#8211; 18:00 Uhr<br \/>\n<strong>SO: 10:00 &#8211; 17:00 Uhr\u00a0<\/strong><\/p>\n<p>Alle weiteren Infos und Tickets via <a href=\"https:\/\/shop.experiencetirol.com\/de\/\" target=\"_blank\" rel=\"noopener\">Experience Tirol<\/a>.<\/p>\n<p>[\/vc_column_text][\/vc_column][\/vc_row]<\/p>\n<\/div>","protected":false},"excerpt":{"rendered":"<p>[vc_row][vc_column][vc_custom_heading text=&#8221;Erlebe Tirol wie nie zuvor &#8211; Die ultimative immersive Erfahrung&#8221;][vc_empty_space height=&#8221;42px&#8221;][vc_column_text]Tauche ein in eine Welt, die alles ver\u00e4ndert. Willkommen bei Experience Tirol, einer bahnbrechenden Attraktion, die dich im zweiten OG des KHT auf 512 Quadratmetern in den Bann zieht. Erlebe die Geschichte, Kultur, Kunst, Natur und den Sport dieses einzigartigen Landes auf v\u00f6llig neue<\/p>\n","protected":false},"author":5005,"featured_media":18270,"parent":0,"menu_order":0,"comment_status":"closed","ping_status":"closed","template":"","meta":{"_acf_changed":false,"inline_featured_image":false,"footnotes":""},"acf":[],"yoast_head":"<!-- This site is optimized with the Yoast SEO plugin v23.5 - https:\/\/yoast.com\/wordpress\/plugins\/seo\/ -->\n<title>Neu im Kaufhaus Tyrol: Experience Tirol - Kaufhaus Tyrol<\/title>\n<meta name=\"robots\" content=\"index, follow, max-snippet:-1, max-image-preview:large, max-video-preview:-1\" \/>\n<link rel=\"canonical\" href=\"https:\/\/kaufhaus-tyrol.at\/de\/neu-im-kaufhaus-tyrol-experience-tirol\/\" \/>\n<meta property=\"og:locale\" content=\"it_IT\" \/>\n<meta property=\"og:type\" content=\"article\" \/>\n<meta property=\"og:title\" content=\"Neu im Kaufhaus Tyrol: Experience Tirol - Kaufhaus Tyrol\" \/>\n<meta property=\"og:description\" content=\"[vc_row][vc_column][vc_custom_heading text=&#8221;Erlebe Tirol wie nie zuvor &#8211; Die ultimative immersive Erfahrung&#8221;][vc_empty_space height=&#8221;42px&#8221;][vc_column_text]Tauche ein in eine Welt, die alles ver\u00e4ndert. Willkommen bei Experience Tirol, einer bahnbrechenden Attraktion, die dich im zweiten OG des KHT auf 512 Quadratmetern in den Bann zieht. Erlebe die Geschichte, Kultur, Kunst, Natur und den Sport dieses einzigartigen Landes auf v\u00f6llig neue\" \/>\n<meta property=\"og:url\" content=\"https:\/\/kaufhaus-tyrol.at\/de\/neu-im-kaufhaus-tyrol-experience-tirol\/\" \/>\n<meta property=\"og:site_name\" content=\"Kaufhaus Tyrol\" \/>\n<meta property=\"article:publisher\" content=\"https:\/\/www.facebook.com\/kaufhaustyrol\/\" \/>\n<meta property=\"article:modified_time\" content=\"2023-09-07T12:54:10+00:00\" \/>\n<meta property=\"og:image\" content=\"https:\/\/kaufhaus-tyrol.at\/wp-content\/uploads\/2023\/09\/02_KHT_HP-Slider-Unterseite_ExTirol_3840x1304px_EF-1920x652px_fm_20230907-scaled.jpg\" \/>\n\t<meta property=\"og:image:width\" content=\"2560\" \/>\n\t<meta property=\"og:image:height\" content=\"869\" \/>\n\t<meta property=\"og:image:type\" content=\"image\/jpeg\" \/>\n<meta name=\"twitter:card\" content=\"summary_large_image\" \/>\n<meta name=\"twitter:label1\" content=\"Tempo di lettura stimato\" \/>\n\t<meta name=\"twitter:data1\" content=\"3 minuti\" \/>\n<script type=\"application\/ld+json\" class=\"yoast-schema-graph\">{\"@context\":\"https:\/\/schema.org\",\"@graph\":[{\"@type\":\"WebPage\",\"@id\":\"https:\/\/kaufhaus-tyrol.at\/de\/neu-im-kaufhaus-tyrol-experience-tirol\/\",\"url\":\"https:\/\/kaufhaus-tyrol.at\/de\/neu-im-kaufhaus-tyrol-experience-tirol\/\",\"name\":\"Neu im Kaufhaus Tyrol: Experience Tirol - Kaufhaus Tyrol\",\"isPartOf\":{\"@id\":\"https:\/\/kaufhaus-tyrol.at\/de\/#website\"},\"primaryImageOfPage\":{\"@id\":\"https:\/\/kaufhaus-tyrol.at\/de\/neu-im-kaufhaus-tyrol-experience-tirol\/#primaryimage\"},\"image\":{\"@id\":\"https:\/\/kaufhaus-tyrol.at\/de\/neu-im-kaufhaus-tyrol-experience-tirol\/#primaryimage\"},\"thumbnailUrl\":\"https:\/\/kaufhaus-tyrol.at\/wp-content\/uploads\/2023\/09\/02_KHT_HP-Slider-Unterseite_ExTirol_3840x1304px_EF-1920x652px_fm_20230907-scaled.jpg\",\"datePublished\":\"2023-08-14T10:42:01+00:00\",\"dateModified\":\"2023-09-07T12:54:10+00:00\",\"breadcrumb\":{\"@id\":\"https:\/\/kaufhaus-tyrol.at\/de\/neu-im-kaufhaus-tyrol-experience-tirol\/#breadcrumb\"},\"inLanguage\":\"it-IT\",\"potentialAction\":[{\"@type\":\"ReadAction\",\"target\":[\"https:\/\/kaufhaus-tyrol.at\/de\/neu-im-kaufhaus-tyrol-experience-tirol\/\"]}]},{\"@type\":\"ImageObject\",\"inLanguage\":\"it-IT\",\"@id\":\"https:\/\/kaufhaus-tyrol.at\/de\/neu-im-kaufhaus-tyrol-experience-tirol\/#primaryimage\",\"url\":\"https:\/\/kaufhaus-tyrol.at\/wp-content\/uploads\/2023\/09\/02_KHT_HP-Slider-Unterseite_ExTirol_3840x1304px_EF-1920x652px_fm_20230907-scaled.jpg\",\"contentUrl\":\"https:\/\/kaufhaus-tyrol.at\/wp-content\/uploads\/2023\/09\/02_KHT_HP-Slider-Unterseite_ExTirol_3840x1304px_EF-1920x652px_fm_20230907-scaled.jpg\",\"width\":2560,\"height\":869,\"caption\":\"Experience Tirol - auch sonntags ge\u00f6ffnet\"},{\"@type\":\"BreadcrumbList\",\"@id\":\"https:\/\/kaufhaus-tyrol.at\/de\/neu-im-kaufhaus-tyrol-experience-tirol\/#breadcrumb\",\"itemListElement\":[{\"@type\":\"ListItem\",\"position\":1,\"name\":\"Home\",\"item\":\"https:\/\/kaufhaus-tyrol.at\/it\/\"},{\"@type\":\"ListItem\",\"position\":2,\"name\":\"Neu im Kaufhaus Tyrol: Experience Tirol\"}]},{\"@type\":\"WebSite\",\"@id\":\"https:\/\/kaufhaus-tyrol.at\/de\/#website\",\"url\":\"https:\/\/kaufhaus-tyrol.at\/de\/\",\"name\":\"Kaufhaus Tyrol\",\"description\":\"Shopping im Herzen von Innsbruck\",\"potentialAction\":[{\"@type\":\"SearchAction\",\"target\":{\"@type\":\"EntryPoint\",\"urlTemplate\":\"https:\/\/kaufhaus-tyrol.at\/de\/?s={search_term_string}\"},\"query-input\":{\"@type\":\"PropertyValueSpecification\",\"valueRequired\":true,\"valueName\":\"search_term_string\"}}],\"inLanguage\":\"it-IT\"}]}<\/script>\n<!-- \/ Yoast SEO plugin. -->","yoast_head_json":{"title":"Neu im Kaufhaus Tyrol: Experience Tirol - Kaufhaus Tyrol","robots":{"index":"index","follow":"follow","max-snippet":"max-snippet:-1","max-image-preview":"max-image-preview:large","max-video-preview":"max-video-preview:-1"},"canonical":"https:\/\/kaufhaus-tyrol.at\/de\/neu-im-kaufhaus-tyrol-experience-tirol\/","og_locale":"it_IT","og_type":"article","og_title":"Neu im Kaufhaus Tyrol: Experience Tirol - Kaufhaus Tyrol","og_description":"[vc_row][vc_column][vc_custom_heading text=&#8221;Erlebe Tirol wie nie zuvor &#8211; Die ultimative immersive Erfahrung&#8221;][vc_empty_space height=&#8221;42px&#8221;][vc_column_text]Tauche ein in eine Welt, die alles ver\u00e4ndert. Willkommen bei Experience Tirol, einer bahnbrechenden Attraktion, die dich im zweiten OG des KHT auf 512 Quadratmetern in den Bann zieht. Erlebe die Geschichte, Kultur, Kunst, Natur und den Sport dieses einzigartigen Landes auf v\u00f6llig neue","og_url":"https:\/\/kaufhaus-tyrol.at\/de\/neu-im-kaufhaus-tyrol-experience-tirol\/","og_site_name":"Kaufhaus Tyrol","article_publisher":"https:\/\/www.facebook.com\/kaufhaustyrol\/","article_modified_time":"2023-09-07T12:54:10+00:00","og_image":[{"width":2560,"height":869,"url":"https:\/\/kaufhaus-tyrol.at\/wp-content\/uploads\/2023\/09\/02_KHT_HP-Slider-Unterseite_ExTirol_3840x1304px_EF-1920x652px_fm_20230907-scaled.jpg","type":"image\/jpeg"}],"twitter_card":"summary_large_image","twitter_misc":{"Tempo di lettura stimato":"3 minuti"},"schema":{"@context":"https:\/\/schema.org","@graph":[{"@type":"WebPage","@id":"https:\/\/kaufhaus-tyrol.at\/de\/neu-im-kaufhaus-tyrol-experience-tirol\/","url":"https:\/\/kaufhaus-tyrol.at\/de\/neu-im-kaufhaus-tyrol-experience-tirol\/","name":"Neu im Kaufhaus Tyrol: Experience Tirol - Kaufhaus Tyrol","isPartOf":{"@id":"https:\/\/kaufhaus-tyrol.at\/de\/#website"},"primaryImageOfPage":{"@id":"https:\/\/kaufhaus-tyrol.at\/de\/neu-im-kaufhaus-tyrol-experience-tirol\/#primaryimage"},"image":{"@id":"https:\/\/kaufhaus-tyrol.at\/de\/neu-im-kaufhaus-tyrol-experience-tirol\/#primaryimage"},"thumbnailUrl":"https:\/\/kaufhaus-tyrol.at\/wp-content\/uploads\/2023\/09\/02_KHT_HP-Slider-Unterseite_ExTirol_3840x1304px_EF-1920x652px_fm_20230907-scaled.jpg","datePublished":"2023-08-14T10:42:01+00:00","dateModified":"2023-09-07T12:54:10+00:00","breadcrumb":{"@id":"https:\/\/kaufhaus-tyrol.at\/de\/neu-im-kaufhaus-tyrol-experience-tirol\/#breadcrumb"},"inLanguage":"it-IT","potentialAction":[{"@type":"ReadAction","target":["https:\/\/kaufhaus-tyrol.at\/de\/neu-im-kaufhaus-tyrol-experience-tirol\/"]}]},{"@type":"ImageObject","inLanguage":"it-IT","@id":"https:\/\/kaufhaus-tyrol.at\/de\/neu-im-kaufhaus-tyrol-experience-tirol\/#primaryimage","url":"https:\/\/kaufhaus-tyrol.at\/wp-content\/uploads\/2023\/09\/02_KHT_HP-Slider-Unterseite_ExTirol_3840x1304px_EF-1920x652px_fm_20230907-scaled.jpg","contentUrl":"https:\/\/kaufhaus-tyrol.at\/wp-content\/uploads\/2023\/09\/02_KHT_HP-Slider-Unterseite_ExTirol_3840x1304px_EF-1920x652px_fm_20230907-scaled.jpg","width":2560,"height":869,"caption":"Experience Tirol - auch sonntags ge\u00f6ffnet"},{"@type":"BreadcrumbList","@id":"https:\/\/kaufhaus-tyrol.at\/de\/neu-im-kaufhaus-tyrol-experience-tirol\/#breadcrumb","itemListElement":[{"@type":"ListItem","position":1,"name":"Home","item":"https:\/\/kaufhaus-tyrol.at\/it\/"},{"@type":"ListItem","position":2,"name":"Neu im Kaufhaus Tyrol: Experience Tirol"}]},{"@type":"WebSite","@id":"https:\/\/kaufhaus-tyrol.at\/de\/#website","url":"https:\/\/kaufhaus-tyrol.at\/de\/","name":"Kaufhaus Tyrol","description":"Shopping im Herzen von Innsbruck","potentialAction":[{"@type":"SearchAction","target":{"@type":"EntryPoint","urlTemplate":"https:\/\/kaufhaus-tyrol.at\/de\/?s={search_term_string}"},"query-input":{"@type":"PropertyValueSpecification","valueRequired":true,"valueName":"search_term_string"}}],"inLanguage":"it-IT"}]}},"_links":{"self":[{"href":"https:\/\/kaufhaus-tyrol.at\/it\/wp-json\/wp\/v2\/pages\/17939"}],"collection":[{"href":"https:\/\/kaufhaus-tyrol.at\/it\/wp-json\/wp\/v2\/pages"}],"about":[{"href":"https:\/\/kaufhaus-tyrol.at\/it\/wp-json\/wp\/v2\/types\/page"}],"author":[{"embeddable":true,"href":"https:\/\/kaufhaus-tyrol.at\/it\/wp-json\/wp\/v2\/users\/5005"}],"replies":[{"embeddable":true,"href":"https:\/\/kaufhaus-tyrol.at\/it\/wp-json\/wp\/v2\/comments?post=17939"}],"version-history":[{"count":5,"href":"https:\/\/kaufhaus-tyrol.at\/it\/wp-json\/wp\/v2\/pages\/17939\/revisions"}],"predecessor-version":[{"id":18254,"href":"https:\/\/kaufhaus-tyrol.at\/it\/wp-json\/wp\/v2\/pages\/17939\/revisions\/18254"}],"wp:featuredmedia":[{"embeddable":true,"href":"https:\/\/kaufhaus-tyrol.at\/it\/wp-json\/wp\/v2\/media\/18270"}],"wp:attachment":[{"href":"https:\/\/kaufhaus-tyrol.at\/it\/wp-json\/wp\/v2\/media?parent=17939"}],"curies":[{"name":"wp","href":"https:\/\/api.w.org\/{rel}","templated":true}]}}