{"id":19149,"date":"2024-04-03T16:55:36","date_gmt":"2024-04-03T14:55:36","guid":{"rendered":"https:\/\/kaufhaus-tyrol.at\/?page_id=19149"},"modified":"2024-04-11T10:01:50","modified_gmt":"2024-04-11T08:01:50","slug":"newsletter-brevo-bestaetigung","status":"publish","type":"page","link":"https:\/\/kaufhaus-tyrol.at\/it\/newsletter-brevo-bestaetigung\/","title":{"rendered":"Newsletter Best\u00e4tigung"},"content":{"rendered":"<div class=\"wpb-content-wrapper\"><p>[vc_row][vc_column][vc_custom_heading text=&#8221;Best\u00e4tigung Ihrer Anmeldung&#8221; font_container=&#8221;tag:h2|text_align:center&#8221; use_theme_fonts=&#8221;yes&#8221;][\/vc_column][\/vc_row][vc_row][vc_column][vc_column_text]<\/p>\n<p style=\"text-align: center;\">Es wurde eine E-Mail zur Best\u00e4tigung Ihrer Anmeldung an die von Ihnen angegebenen E-Mail Adresse verschickt. Bitte best\u00e4tigen Sie den in der E-Mail enthaltenen Link!<\/p>\n<p style=\"text-align: center;\">Falls Sie diese E-Mail aus Versehen erhalten haben, k\u00f6nnen Sie sie einfach l\u00f6schen.<\/p>\n<p>[\/vc_column_text][\/vc_column][\/vc_row]<\/p>\n<\/div>","protected":false},"excerpt":{"rendered":"<p>[vc_row][vc_column][vc_custom_heading text=&#8221;Best\u00e4tigung Ihrer Anmeldung&#8221; font_container=&#8221;tag:h2|text_align:center&#8221; use_theme_fonts=&#8221;yes&#8221;][\/vc_column][\/vc_row][vc_row][vc_column][vc_column_text] Es wurde eine E-Mail zur Best\u00e4tigung Ihrer Anmeldung an die von Ihnen angegebenen E-Mail Adresse verschickt. Bitte best\u00e4tigen Sie den in der E-Mail enthaltenen Link! Falls Sie diese E-Mail aus Versehen erhalten haben, k\u00f6nnen Sie sie einfach l\u00f6schen. [\/vc_column_text][\/vc_column][\/vc_row]<\/p>\n","protected":false},"author":5025,"featured_media":13857,"parent":0,"menu_order":0,"comment_status":"closed","ping_status":"closed","template":"","meta":{"_acf_changed":false,"inline_featured_image":false,"footnotes":""},"acf":[],"yoast_head":"<!-- This site is optimized with the Yoast SEO plugin v23.5 - https:\/\/yoast.com\/wordpress\/plugins\/seo\/ -->\n<title>Newsletter Best\u00e4tigung - Kaufhaus Tyrol<\/title>\n<meta name=\"robots\" content=\"index, follow, max-snippet:-1, max-image-preview:large, max-video-preview:-1\" \/>\n<link rel=\"canonical\" href=\"https:\/\/kaufhaus-tyrol.at\/de\/newsletter-brevo-bestaetigung\/\" \/>\n<meta property=\"og:locale\" content=\"it_IT\" \/>\n<meta property=\"og:type\" content=\"article\" \/>\n<meta property=\"og:title\" content=\"Newsletter Best\u00e4tigung - Kaufhaus Tyrol\" \/>\n<meta property=\"og:description\" content=\"[vc_row][vc_column][vc_custom_heading text=&#8221;Best\u00e4tigung Ihrer Anmeldung&#8221; font_container=&#8221;tag:h2|text_align:center&#8221; use_theme_fonts=&#8221;yes&#8221;][\/vc_column][\/vc_row][vc_row][vc_column][vc_column_text] Es wurde eine E-Mail zur Best\u00e4tigung Ihrer Anmeldung an die von Ihnen angegebenen E-Mail Adresse verschickt. Bitte best\u00e4tigen Sie den in der E-Mail enthaltenen Link! Falls Sie diese E-Mail aus Versehen erhalten haben, k\u00f6nnen Sie sie einfach l\u00f6schen. [\/vc_column_text][\/vc_column][\/vc_row]\" \/>\n<meta property=\"og:url\" content=\"https:\/\/kaufhaus-tyrol.at\/de\/newsletter-brevo-bestaetigung\/\" \/>\n<meta property=\"og:site_name\" content=\"Kaufhaus Tyrol\" \/>\n<meta property=\"article:publisher\" content=\"https:\/\/www.facebook.com\/kaufhaustyrol\/\" \/>\n<meta property=\"article:modified_time\" content=\"2024-04-11T08:01:50+00:00\" \/>\n<meta property=\"og:image\" content=\"https:\/\/kaufhaus-tyrol.at\/wp-content\/uploads\/2021\/07\/fassade-scaled.jpg\" \/>\n\t<meta property=\"og:image:width\" content=\"2560\" \/>\n\t<meta property=\"og:image:height\" content=\"869\" \/>\n\t<meta property=\"og:image:type\" content=\"image\/jpeg\" \/>\n<meta name=\"twitter:card\" content=\"summary_large_image\" \/>\n<meta name=\"twitter:label1\" content=\"Tempo di lettura stimato\" \/>\n\t<meta name=\"twitter:data1\" content=\"1 minuto\" \/>\n<script type=\"application\/ld+json\" class=\"yoast-schema-graph\">{\"@context\":\"https:\/\/schema.org\",\"@graph\":[{\"@type\":\"WebPage\",\"@id\":\"https:\/\/kaufhaus-tyrol.at\/de\/newsletter-brevo-bestaetigung\/\",\"url\":\"https:\/\/kaufhaus-tyrol.at\/de\/newsletter-brevo-bestaetigung\/\",\"name\":\"Newsletter Best\u00e4tigung - Kaufhaus Tyrol\",\"isPartOf\":{\"@id\":\"https:\/\/kaufhaus-tyrol.at\/de\/#website\"},\"primaryImageOfPage\":{\"@id\":\"https:\/\/kaufhaus-tyrol.at\/de\/newsletter-brevo-bestaetigung\/#primaryimage\"},\"image\":{\"@id\":\"https:\/\/kaufhaus-tyrol.at\/de\/newsletter-brevo-bestaetigung\/#primaryimage\"},\"thumbnailUrl\":\"https:\/\/kaufhaus-tyrol.at\/wp-content\/uploads\/2021\/07\/fassade-scaled.jpg\",\"datePublished\":\"2024-04-03T14:55:36+00:00\",\"dateModified\":\"2024-04-11T08:01:50+00:00\",\"breadcrumb\":{\"@id\":\"https:\/\/kaufhaus-tyrol.at\/de\/newsletter-brevo-bestaetigung\/#breadcrumb\"},\"inLanguage\":\"it-IT\",\"potentialAction\":[{\"@type\":\"ReadAction\",\"target\":[\"https:\/\/kaufhaus-tyrol.at\/de\/newsletter-brevo-bestaetigung\/\"]}]},{\"@type\":\"ImageObject\",\"inLanguage\":\"it-IT\",\"@id\":\"https:\/\/kaufhaus-tyrol.at\/de\/newsletter-brevo-bestaetigung\/#primaryimage\",\"url\":\"https:\/\/kaufhaus-tyrol.at\/wp-content\/uploads\/2021\/07\/fassade-scaled.jpg\",\"contentUrl\":\"https:\/\/kaufhaus-tyrol.at\/wp-content\/uploads\/2021\/07\/fassade-scaled.jpg\",\"width\":2560,\"height\":869,\"caption\":\"Fassade KAufhaus Tyrol und Maria Theresien Stra\u00dfe mit Blick auf die Nordkette\"},{\"@type\":\"BreadcrumbList\",\"@id\":\"https:\/\/kaufhaus-tyrol.at\/de\/newsletter-brevo-bestaetigung\/#breadcrumb\",\"itemListElement\":[{\"@type\":\"ListItem\",\"position\":1,\"name\":\"Home\",\"item\":\"https:\/\/kaufhaus-tyrol.at\/it\/\"},{\"@type\":\"ListItem\",\"position\":2,\"name\":\"Newsletter Best\u00e4tigung\"}]},{\"@type\":\"WebSite\",\"@id\":\"https:\/\/kaufhaus-tyrol.at\/de\/#website\",\"url\":\"https:\/\/kaufhaus-tyrol.at\/de\/\",\"name\":\"Kaufhaus Tyrol\",\"description\":\"Shopping im Herzen von Innsbruck\",\"potentialAction\":[{\"@type\":\"SearchAction\",\"target\":{\"@type\":\"EntryPoint\",\"urlTemplate\":\"https:\/\/kaufhaus-tyrol.at\/de\/?s={search_term_string}\"},\"query-input\":{\"@type\":\"PropertyValueSpecification\",\"valueRequired\":true,\"valueName\":\"search_term_string\"}}],\"inLanguage\":\"it-IT\"}]}<\/script>\n<!-- \/ Yoast SEO plugin. -->","yoast_head_json":{"title":"Newsletter Best\u00e4tigung - Kaufhaus Tyrol","robots":{"index":"index","follow":"follow","max-snippet":"max-snippet:-1","max-image-preview":"max-image-preview:large","max-video-preview":"max-video-preview:-1"},"canonical":"https:\/\/kaufhaus-tyrol.at\/de\/newsletter-brevo-bestaetigung\/","og_locale":"it_IT","og_type":"article","og_title":"Newsletter Best\u00e4tigung - Kaufhaus Tyrol","og_description":"[vc_row][vc_column][vc_custom_heading text=&#8221;Best\u00e4tigung Ihrer Anmeldung&#8221; font_container=&#8221;tag:h2|text_align:center&#8221; use_theme_fonts=&#8221;yes&#8221;][\/vc_column][\/vc_row][vc_row][vc_column][vc_column_text] Es wurde eine E-Mail zur Best\u00e4tigung Ihrer Anmeldung an die von Ihnen angegebenen E-Mail Adresse verschickt. Bitte best\u00e4tigen Sie den in der E-Mail enthaltenen Link! Falls Sie diese E-Mail aus Versehen erhalten haben, k\u00f6nnen Sie sie einfach l\u00f6schen. [\/vc_column_text][\/vc_column][\/vc_row]","og_url":"https:\/\/kaufhaus-tyrol.at\/de\/newsletter-brevo-bestaetigung\/","og_site_name":"Kaufhaus Tyrol","article_publisher":"https:\/\/www.facebook.com\/kaufhaustyrol\/","article_modified_time":"2024-04-11T08:01:50+00:00","og_image":[{"width":2560,"height":869,"url":"https:\/\/kaufhaus-tyrol.at\/wp-content\/uploads\/2021\/07\/fassade-scaled.jpg","type":"image\/jpeg"}],"twitter_card":"summary_large_image","twitter_misc":{"Tempo di lettura stimato":"1 minuto"},"schema":{"@context":"https:\/\/schema.org","@graph":[{"@type":"WebPage","@id":"https:\/\/kaufhaus-tyrol.at\/de\/newsletter-brevo-bestaetigung\/","url":"https:\/\/kaufhaus-tyrol.at\/de\/newsletter-brevo-bestaetigung\/","name":"Newsletter Best\u00e4tigung - Kaufhaus Tyrol","isPartOf":{"@id":"https:\/\/kaufhaus-tyrol.at\/de\/#website"},"primaryImageOfPage":{"@id":"https:\/\/kaufhaus-tyrol.at\/de\/newsletter-brevo-bestaetigung\/#primaryimage"},"image":{"@id":"https:\/\/kaufhaus-tyrol.at\/de\/newsletter-brevo-bestaetigung\/#primaryimage"},"thumbnailUrl":"https:\/\/kaufhaus-tyrol.at\/wp-content\/uploads\/2021\/07\/fassade-scaled.jpg","datePublished":"2024-04-03T14:55:36+00:00","dateModified":"2024-04-11T08:01:50+00:00","breadcrumb":{"@id":"https:\/\/kaufhaus-tyrol.at\/de\/newsletter-brevo-bestaetigung\/#breadcrumb"},"inLanguage":"it-IT","potentialAction":[{"@type":"ReadAction","target":["https:\/\/kaufhaus-tyrol.at\/de\/newsletter-brevo-bestaetigung\/"]}]},{"@type":"ImageObject","inLanguage":"it-IT","@id":"https:\/\/kaufhaus-tyrol.at\/de\/newsletter-brevo-bestaetigung\/#primaryimage","url":"https:\/\/kaufhaus-tyrol.at\/wp-content\/uploads\/2021\/07\/fassade-scaled.jpg","contentUrl":"https:\/\/kaufhaus-tyrol.at\/wp-content\/uploads\/2021\/07\/fassade-scaled.jpg","width":2560,"height":869,"caption":"Fassade KAufhaus Tyrol und Maria Theresien Stra\u00dfe mit Blick auf die Nordkette"},{"@type":"BreadcrumbList","@id":"https:\/\/kaufhaus-tyrol.at\/de\/newsletter-brevo-bestaetigung\/#breadcrumb","itemListElement":[{"@type":"ListItem","position":1,"name":"Home","item":"https:\/\/kaufhaus-tyrol.at\/it\/"},{"@type":"ListItem","position":2,"name":"Newsletter Best\u00e4tigung"}]},{"@type":"WebSite","@id":"https:\/\/kaufhaus-tyrol.at\/de\/#website","url":"https:\/\/kaufhaus-tyrol.at\/de\/","name":"Kaufhaus Tyrol","description":"Shopping im Herzen von Innsbruck","potentialAction":[{"@type":"SearchAction","target":{"@type":"EntryPoint","urlTemplate":"https:\/\/kaufhaus-tyrol.at\/de\/?s={search_term_string}"},"query-input":{"@type":"PropertyValueSpecification","valueRequired":true,"valueName":"search_term_string"}}],"inLanguage":"it-IT"}]}},"_links":{"self":[{"href":"https:\/\/kaufhaus-tyrol.at\/it\/wp-json\/wp\/v2\/pages\/19149"}],"collection":[{"href":"https:\/\/kaufhaus-tyrol.at\/it\/wp-json\/wp\/v2\/pages"}],"about":[{"href":"https:\/\/kaufhaus-tyrol.at\/it\/wp-json\/wp\/v2\/types\/page"}],"author":[{"embeddable":true,"href":"https:\/\/kaufhaus-tyrol.at\/it\/wp-json\/wp\/v2\/users\/5025"}],"replies":[{"embeddable":true,"href":"https:\/\/kaufhaus-tyrol.at\/it\/wp-json\/wp\/v2\/comments?post=19149"}],"version-history":[{"count":7,"href":"https:\/\/kaufhaus-tyrol.at\/it\/wp-json\/wp\/v2\/pages\/19149\/revisions"}],"predecessor-version":[{"id":19236,"href":"https:\/\/kaufhaus-tyrol.at\/it\/wp-json\/wp\/v2\/pages\/19149\/revisions\/19236"}],"wp:featuredmedia":[{"embeddable":true,"href":"https:\/\/kaufhaus-tyrol.at\/it\/wp-json\/wp\/v2\/media\/13857"}],"wp:attachment":[{"href":"https:\/\/kaufhaus-tyrol.at\/it\/wp-json\/wp\/v2\/media?parent=19149"}],"curies":[{"name":"wp","href":"https:\/\/api.w.org\/{rel}","templated":true}]}}