{"id":4451,"date":"2019-01-31T11:21:04","date_gmt":"2019-01-31T10:21:04","guid":{"rendered":"https:\/\/www.kaufhaus-tyrol.at\/carta-regalo\/"},"modified":"2022-02-17T10:35:30","modified_gmt":"2022-02-17T09:35:30","slug":"carta-regalo","status":"publish","type":"page","link":"https:\/\/kaufhaus-tyrol.at\/it\/carta-regalo\/","title":{"rendered":"Carta regalo"},"content":{"rendered":"<div class=\"wpb-content-wrapper\"><p>[vc_row][vc_column][vc_custom_heading text=&#8221;Jetzt Guthaben Ihrer Geschenkkarte abfragen&#8221; font_container=&#8221;tag:h1|text_align:left&#8221; use_theme_fonts=&#8221;yes&#8221;][vc_column_text]Immer eine gute Idee. Wer beim Schenken richtig liegen und Umtauschfrust vermeiden m\u00f6chte, f\u00fcr den gibt es am Infopoint Geschenkgutscheine im Wert von \u20ac 10 zu kaufen. Die Gutscheine sind in allen Kaufhaus Tyrol-Shops einl\u00f6sbar und <a href=\"https:\/\/kaufhaus-tyrol.at\/de\/gutschein-kaufen\/\">ab sofort auch online zu kaufen.<\/a><\/p>\n<p>Sie m\u00f6chten wissen, wie hoch Ihr aktuelles Guthaben ist? Einfach Kartennummer und PIN unten eingeben und schon wird der aktuellen Wert Ihrer Geschenkkarte angezeigt. Au\u00dferdem erhalten Sie eine \u00dcbersicht \u00fcber die zuletzt durchgef\u00fchrten Transaktionen.[\/vc_column_text][vc_column_text] <\/p>\n<div class=\"brlbs-cmpnt-container brlbs-cmpnt-content-blocker brlbs-cmpnt-with-individual-styles\" data-borlabs-cookie-content-blocker-id=\"default\" data-borlabs-cookie-content=\"PGlmcmFtZSBzdHlsZT0iYm9yZGVyOiBub25lOyIgc3JjPSJodHRwczovL2todHZtLnN5cmV0YS5jb20vIiBuYW1lPSJndXRzY2hlaW4iIHdpZHRoPSIxMDAlIiBoZWlnaHQ9IjE1MHB4Ij48L2lmcmFtZT4=\">\n<div class=\"brlbs-cmpnt-cb-preset-a\">\n<p class=\"brlbs-cmpnt-cb-description\">Stai visualizzando un contenuto segnaposto da <strong>Predefinito<\/strong>. Per accedere al contenuto effettivo, clicca sul pulsante sottostante. Si prega di notare che in questo modo si condividono i dati con provider di terze parti.<\/p>\n<div class=\"brlbs-cmpnt-cb-buttons\"> <a class=\"brlbs-cmpnt-cb-btn\" href=\"#\" data-borlabs-cookie-unblock role=\"button\">Sblocca i contenuti<\/a> <a class=\"brlbs-cmpnt-cb-btn\" href=\"#\" data-borlabs-cookie-accept-service role=\"button\" style=\"display: none\">Accetta il servizio richiesto e sblocca i contenuti<\/a> <\/div>\n<p> <a class=\"brlbs-cmpnt-cb-provider-toggle\" href=\"#\" data-borlabs-cookie-show-provider-information role=\"button\">Ulteriori informazioni<\/a> <\/div>\n<\/div>\n<p>[\/vc_column_text][\/vc_column][\/vc_row][vc_row][vc_column][\/vc_column][\/vc_row]<\/p>\n<\/div>","protected":false},"excerpt":{"rendered":"<p>[vc_row][vc_column][vc_custom_heading text=&#8221;Jetzt Guthaben Ihrer Geschenkkarte abfragen&#8221; font_container=&#8221;tag:h1|text_align:left&#8221; use_theme_fonts=&#8221;yes&#8221;][vc_column_text]Immer eine gute Idee. Wer beim Schenken richtig liegen und Umtauschfrust vermeiden m\u00f6chte, f\u00fcr den gibt es am Infopoint Geschenkgutscheine im Wert von \u20ac 10 zu kaufen. Die Gutscheine sind in allen Kaufhaus Tyrol-Shops einl\u00f6sbar und ab sofort auch online zu kaufen. Sie m\u00f6chten wissen, wie hoch Ihr<\/p>\n","protected":false},"author":5025,"featured_media":12286,"parent":0,"menu_order":0,"comment_status":"closed","ping_status":"closed","template":"","meta":{"_acf_changed":false,"inline_featured_image":false,"footnotes":""},"acf":[],"yoast_head":"<!-- This site is optimized with the Yoast SEO plugin v23.5 - https:\/\/yoast.com\/wordpress\/plugins\/seo\/ -->\n<title>Carta regalo - Kaufhaus Tyrol<\/title>\n<meta name=\"robots\" content=\"index, follow, max-snippet:-1, max-image-preview:large, max-video-preview:-1\" \/>\n<link rel=\"canonical\" href=\"https:\/\/kaufhaus-tyrol.at\/it\/carta-regalo\/\" \/>\n<meta property=\"og:locale\" content=\"it_IT\" \/>\n<meta property=\"og:type\" content=\"article\" \/>\n<meta property=\"og:title\" content=\"Carta regalo - Kaufhaus Tyrol\" \/>\n<meta property=\"og:description\" content=\"[vc_row][vc_column][vc_custom_heading text=&#8221;Jetzt Guthaben Ihrer Geschenkkarte abfragen&#8221; font_container=&#8221;tag:h1|text_align:left&#8221; use_theme_fonts=&#8221;yes&#8221;][vc_column_text]Immer eine gute Idee. Wer beim Schenken richtig liegen und Umtauschfrust vermeiden m\u00f6chte, f\u00fcr den gibt es am Infopoint Geschenkgutscheine im Wert von \u20ac 10 zu kaufen. Die Gutscheine sind in allen Kaufhaus Tyrol-Shops einl\u00f6sbar und ab sofort auch online zu kaufen. Sie m\u00f6chten wissen, wie hoch Ihr\" \/>\n<meta property=\"og:url\" content=\"https:\/\/kaufhaus-tyrol.at\/it\/carta-regalo\/\" \/>\n<meta property=\"og:site_name\" content=\"Kaufhaus Tyrol\" \/>\n<meta property=\"article:publisher\" content=\"https:\/\/www.facebook.com\/kaufhaustyrol\/\" \/>\n<meta property=\"article:modified_time\" content=\"2022-02-17T09:35:30+00:00\" \/>\n<meta property=\"og:image\" content=\"https:\/\/kaufhaus-tyrol.at\/wp-content\/uploads\/2021\/02\/02-kht-hp-slider-unterseite-geschenkkarte-3840x1304px-ef-1920x652px-jf-20210202-scaled.jpg\" \/>\n\t<meta property=\"og:image:width\" content=\"2560\" \/>\n\t<meta property=\"og:image:height\" content=\"869\" \/>\n\t<meta property=\"og:image:type\" content=\"image\/jpeg\" \/>\n<meta name=\"twitter:card\" content=\"summary_large_image\" \/>\n<meta name=\"twitter:label1\" content=\"Tempo di lettura stimato\" \/>\n\t<meta name=\"twitter:data1\" content=\"1 minuto\" \/>\n<script type=\"application\/ld+json\" class=\"yoast-schema-graph\">{\"@context\":\"https:\/\/schema.org\",\"@graph\":[{\"@type\":\"WebPage\",\"@id\":\"https:\/\/kaufhaus-tyrol.at\/it\/carta-regalo\/\",\"url\":\"https:\/\/kaufhaus-tyrol.at\/it\/carta-regalo\/\",\"name\":\"Carta regalo - Kaufhaus Tyrol\",\"isPartOf\":{\"@id\":\"https:\/\/kaufhaus-tyrol.at\/de\/#website\"},\"primaryImageOfPage\":{\"@id\":\"https:\/\/kaufhaus-tyrol.at\/it\/carta-regalo\/#primaryimage\"},\"image\":{\"@id\":\"https:\/\/kaufhaus-tyrol.at\/it\/carta-regalo\/#primaryimage\"},\"thumbnailUrl\":\"https:\/\/kaufhaus-tyrol.at\/wp-content\/uploads\/2021\/02\/02-kht-hp-slider-unterseite-geschenkkarte-3840x1304px-ef-1920x652px-jf-20210202-scaled.jpg\",\"datePublished\":\"2019-01-31T10:21:04+00:00\",\"dateModified\":\"2022-02-17T09:35:30+00:00\",\"breadcrumb\":{\"@id\":\"https:\/\/kaufhaus-tyrol.at\/it\/carta-regalo\/#breadcrumb\"},\"inLanguage\":\"it-IT\",\"potentialAction\":[{\"@type\":\"ReadAction\",\"target\":[\"https:\/\/kaufhaus-tyrol.at\/it\/carta-regalo\/\"]}]},{\"@type\":\"ImageObject\",\"inLanguage\":\"it-IT\",\"@id\":\"https:\/\/kaufhaus-tyrol.at\/it\/carta-regalo\/#primaryimage\",\"url\":\"https:\/\/kaufhaus-tyrol.at\/wp-content\/uploads\/2021\/02\/02-kht-hp-slider-unterseite-geschenkkarte-3840x1304px-ef-1920x652px-jf-20210202-scaled.jpg\",\"contentUrl\":\"https:\/\/kaufhaus-tyrol.at\/wp-content\/uploads\/2021\/02\/02-kht-hp-slider-unterseite-geschenkkarte-3840x1304px-ef-1920x652px-jf-20210202-scaled.jpg\",\"width\":2560,\"height\":869,\"caption\":\"Carta Regola\"},{\"@type\":\"BreadcrumbList\",\"@id\":\"https:\/\/kaufhaus-tyrol.at\/it\/carta-regalo\/#breadcrumb\",\"itemListElement\":[{\"@type\":\"ListItem\",\"position\":1,\"name\":\"Home\",\"item\":\"https:\/\/kaufhaus-tyrol.at\/it\/\"},{\"@type\":\"ListItem\",\"position\":2,\"name\":\"Carta regalo\"}]},{\"@type\":\"WebSite\",\"@id\":\"https:\/\/kaufhaus-tyrol.at\/de\/#website\",\"url\":\"https:\/\/kaufhaus-tyrol.at\/de\/\",\"name\":\"Kaufhaus Tyrol\",\"description\":\"Shopping im Herzen von Innsbruck\",\"potentialAction\":[{\"@type\":\"SearchAction\",\"target\":{\"@type\":\"EntryPoint\",\"urlTemplate\":\"https:\/\/kaufhaus-tyrol.at\/de\/?s={search_term_string}\"},\"query-input\":{\"@type\":\"PropertyValueSpecification\",\"valueRequired\":true,\"valueName\":\"search_term_string\"}}],\"inLanguage\":\"it-IT\"}]}<\/script>\n<!-- \/ Yoast SEO plugin. -->","yoast_head_json":{"title":"Carta regalo - Kaufhaus Tyrol","robots":{"index":"index","follow":"follow","max-snippet":"max-snippet:-1","max-image-preview":"max-image-preview:large","max-video-preview":"max-video-preview:-1"},"canonical":"https:\/\/kaufhaus-tyrol.at\/it\/carta-regalo\/","og_locale":"it_IT","og_type":"article","og_title":"Carta regalo - Kaufhaus Tyrol","og_description":"[vc_row][vc_column][vc_custom_heading text=&#8221;Jetzt Guthaben Ihrer Geschenkkarte abfragen&#8221; font_container=&#8221;tag:h1|text_align:left&#8221; use_theme_fonts=&#8221;yes&#8221;][vc_column_text]Immer eine gute Idee. Wer beim Schenken richtig liegen und Umtauschfrust vermeiden m\u00f6chte, f\u00fcr den gibt es am Infopoint Geschenkgutscheine im Wert von \u20ac 10 zu kaufen. Die Gutscheine sind in allen Kaufhaus Tyrol-Shops einl\u00f6sbar und ab sofort auch online zu kaufen. Sie m\u00f6chten wissen, wie hoch Ihr","og_url":"https:\/\/kaufhaus-tyrol.at\/it\/carta-regalo\/","og_site_name":"Kaufhaus Tyrol","article_publisher":"https:\/\/www.facebook.com\/kaufhaustyrol\/","article_modified_time":"2022-02-17T09:35:30+00:00","og_image":[{"width":2560,"height":869,"url":"https:\/\/kaufhaus-tyrol.at\/wp-content\/uploads\/2021\/02\/02-kht-hp-slider-unterseite-geschenkkarte-3840x1304px-ef-1920x652px-jf-20210202-scaled.jpg","type":"image\/jpeg"}],"twitter_card":"summary_large_image","twitter_misc":{"Tempo di lettura stimato":"1 minuto"},"schema":{"@context":"https:\/\/schema.org","@graph":[{"@type":"WebPage","@id":"https:\/\/kaufhaus-tyrol.at\/it\/carta-regalo\/","url":"https:\/\/kaufhaus-tyrol.at\/it\/carta-regalo\/","name":"Carta regalo - Kaufhaus Tyrol","isPartOf":{"@id":"https:\/\/kaufhaus-tyrol.at\/de\/#website"},"primaryImageOfPage":{"@id":"https:\/\/kaufhaus-tyrol.at\/it\/carta-regalo\/#primaryimage"},"image":{"@id":"https:\/\/kaufhaus-tyrol.at\/it\/carta-regalo\/#primaryimage"},"thumbnailUrl":"https:\/\/kaufhaus-tyrol.at\/wp-content\/uploads\/2021\/02\/02-kht-hp-slider-unterseite-geschenkkarte-3840x1304px-ef-1920x652px-jf-20210202-scaled.jpg","datePublished":"2019-01-31T10:21:04+00:00","dateModified":"2022-02-17T09:35:30+00:00","breadcrumb":{"@id":"https:\/\/kaufhaus-tyrol.at\/it\/carta-regalo\/#breadcrumb"},"inLanguage":"it-IT","potentialAction":[{"@type":"ReadAction","target":["https:\/\/kaufhaus-tyrol.at\/it\/carta-regalo\/"]}]},{"@type":"ImageObject","inLanguage":"it-IT","@id":"https:\/\/kaufhaus-tyrol.at\/it\/carta-regalo\/#primaryimage","url":"https:\/\/kaufhaus-tyrol.at\/wp-content\/uploads\/2021\/02\/02-kht-hp-slider-unterseite-geschenkkarte-3840x1304px-ef-1920x652px-jf-20210202-scaled.jpg","contentUrl":"https:\/\/kaufhaus-tyrol.at\/wp-content\/uploads\/2021\/02\/02-kht-hp-slider-unterseite-geschenkkarte-3840x1304px-ef-1920x652px-jf-20210202-scaled.jpg","width":2560,"height":869,"caption":"Carta Regola"},{"@type":"BreadcrumbList","@id":"https:\/\/kaufhaus-tyrol.at\/it\/carta-regalo\/#breadcrumb","itemListElement":[{"@type":"ListItem","position":1,"name":"Home","item":"https:\/\/kaufhaus-tyrol.at\/it\/"},{"@type":"ListItem","position":2,"name":"Carta regalo"}]},{"@type":"WebSite","@id":"https:\/\/kaufhaus-tyrol.at\/de\/#website","url":"https:\/\/kaufhaus-tyrol.at\/de\/","name":"Kaufhaus Tyrol","description":"Shopping im Herzen von Innsbruck","potentialAction":[{"@type":"SearchAction","target":{"@type":"EntryPoint","urlTemplate":"https:\/\/kaufhaus-tyrol.at\/de\/?s={search_term_string}"},"query-input":{"@type":"PropertyValueSpecification","valueRequired":true,"valueName":"search_term_string"}}],"inLanguage":"it-IT"}]}},"_links":{"self":[{"href":"https:\/\/kaufhaus-tyrol.at\/it\/wp-json\/wp\/v2\/pages\/4451"}],"collection":[{"href":"https:\/\/kaufhaus-tyrol.at\/it\/wp-json\/wp\/v2\/pages"}],"about":[{"href":"https:\/\/kaufhaus-tyrol.at\/it\/wp-json\/wp\/v2\/types\/page"}],"author":[{"embeddable":true,"href":"https:\/\/kaufhaus-tyrol.at\/it\/wp-json\/wp\/v2\/users\/5025"}],"replies":[{"embeddable":true,"href":"https:\/\/kaufhaus-tyrol.at\/it\/wp-json\/wp\/v2\/comments?post=4451"}],"version-history":[{"count":3,"href":"https:\/\/kaufhaus-tyrol.at\/it\/wp-json\/wp\/v2\/pages\/4451\/revisions"}],"predecessor-version":[{"id":15173,"href":"https:\/\/kaufhaus-tyrol.at\/it\/wp-json\/wp\/v2\/pages\/4451\/revisions\/15173"}],"wp:featuredmedia":[{"embeddable":true,"href":"https:\/\/kaufhaus-tyrol.at\/it\/wp-json\/wp\/v2\/media\/12286"}],"wp:attachment":[{"href":"https:\/\/kaufhaus-tyrol.at\/it\/wp-json\/wp\/v2\/media?parent=4451"}],"curies":[{"name":"wp","href":"https:\/\/api.w.org\/{rel}","templated":true}]}}