{"id":4844,"date":"2019-02-06T17:24:30","date_gmt":"2019-02-06T16:24:30","guid":{"rendered":"https:\/\/www.kaufhaus-tyrol.at\/home\/"},"modified":"2026-03-25T22:53:41","modified_gmt":"2026-03-25T21:53:41","slug":"home","status":"publish","type":"page","link":"https:\/\/kaufhaus-tyrol.at\/it\/","title":{"rendered":"Home"},"content":{"rendered":"<div class=\"wpb-content-wrapper\"><p>[vc_row full_width=&#8221;stretch_row_content_no_spaces&#8221;][vc_column][rev_slider_vc alias=&#8221;home-slider-it&#8221; el_class=&#8221;topperslider&#8221;][\/vc_column][\/vc_row][vc_row][vc_column][vc_raw_html]JTNDdWwlMjBpZCUzRCUyMmhvbWUtdHJpcGxlLWNpcmNsZXMlMjIlM0UlMEElMjAlMDklM0NsaSUzRSUzQ2ElMjBocmVmJTNEJTIyaHR0cHMlM0ElMkYlMkZ3d3cua2F1ZmhhdXMtdHlyb2wuYXQlMkZpdCUyRnNob3BzJTJGJTIyJTIwY2xhc3MlM0QlMjJ0cjElMjIlM0UlM0NzcGFuJTNFJTNDaW1nJTIwY2xhc3MlM0QlMjJ3cC1pbWFnZS0xOCUyMiUyMHNyYyUzRCUyMiUyRndwLWNvbnRlbnQlMkZ1cGxvYWRzJTJGMjAxOCUyRjAxJTJGdHJpcGxlLWNhcnQtaWNuLnN2ZyUyMiUyMGFsdCUzRCUyMiUyMiUyMHdpZHRoJTNEJTIyNzAlMjIlMjBoZWlnaHQlM0QlMjI3MCUyMiUyMCUyRiUzRSUzQyUyRnNwYW4lM0VTaG9wcyUzQyUyRmElM0UlM0MlMkZsaSUzRSUwQSUyMCUwOSUzQyUyMS0tLSUzQ2xpJTNFJTNDYSUyMGhyZWYlM0QlMjJodHRwcyUzQSUyRiUyRnd3dy5rYXVmaGF1cy10eXJvbC5hdCUyRml0JTJGYmxvZyUyRiUyMiUyMGNsYXNzJTNEJTIydHIyJTIyJTNFJTNDc3BhbiUzRSUzQ2ltZyUyMGNsYXNzJTNEJTIyd3AtaW1hZ2UtMjElMjIlMjBzcmMlM0QlMjIlMkZ3cC1jb250ZW50JTJGdXBsb2FkcyUyRjIwMTglMkYwNyUyRmJsb2ctaWNuLTIuc3ZnJTIyJTIwYWx0JTNEJTIyJTIyJTIwd2lkdGglM0QlMjI3MCUyMiUyMGhlaWdodCUzRCUyMjcwJTIyJTIwJTJGJTNFJTNDJTJGc3BhbiUzRUJsb2clM0MlMkZhJTNFJTNDJTJGbGklM0UtLS0lM0UlMEElMjAlMDklM0NsaSUzRSUzQ2ElMjBocmVmJTNEJTIyaHR0cHMlM0ElMkYlMkZ3d3cua2F1ZmhhdXMtdHlyb2wuYXQlMkZpdCUyRmFjY2Vzc28lMkYlMjIlMjBjbGFzcyUzRCUyMnRyMyUyMiUzRSUzQ3NwYW4lM0UlM0NpbWclMjBjbGFzcyUzRCUyMmFsaWdubm9uZSUyMHNpemUtbWVkaXVtJTIwd3AtaW1hZ2UtMjQlMjIlMjBzcmMlM0QlMjIlMkZ3cC1jb250ZW50JTJGdXBsb2FkcyUyRjIwMTglMkYwMSUyRnRyaXBsZS1wb2ludC1pY24uc3ZnJTIyJTIwYWx0JTNEJTIyJTIyJTIwd2lkdGglM0QlMjI1MCUyMiUyMGhlaWdodCUzRCUyMjUwJTIyJTIwJTJGJTNFJTNDJTJGc3BhbiUzRUFjY2Vzc28lM0MlMkZhJTNFJTNDJTJGbGklM0UlMEElM0MlMkZ1bCUzRQ==[\/vc_raw_html][\/vc_column][\/vc_row][vc_row full_width=&#8221;stretch_row&#8221; el_class=&#8221;angled-wrapper&#8221;][vc_column][vc_custom_heading text=&#8221;Highlights&#8221; use_theme_fonts=&#8221;yes&#8221;][rev_slider_vc alias=&#8221;highlighter-1-it&#8221; el_class=&#8221;highlightsslider&#8221;][rev_slider_vc alias=&#8221;highlighter-2-it&#8221; el_class=&#8221;highlightsslider&#8221;][\/vc_column][\/vc_row][vc_row][vc_column offset=&#8221;vc_col-lg-8&#8243;][vc_custom_heading text=&#8221;KAUFHAUS TYROL&#8221; use_theme_fonts=&#8221;yes&#8221;][vc_column_text el_class=&#8221;home-textblock&#8221;]Il Kaufhaus Tyrol, proprio nel cuore di Innsbruck, offre un tocco internazionale al Tirolo. L&#8217;indirizzo esclusivo offre shopping di prima classe su pi\u00f9 piani in oltre 50 negozi. Impressionante \u00e8, oltre alla ricca offerta commerciale, l&#8217;esterno visionario del famoso architetto David Chipperfield. Non per niente Kaufhaus Tyrol \u00e8 stato nominato il centro commerciale pi\u00f9 bello e pi\u00f9 bello d&#8217;Europa nel 2011 ed \u00e8 stato insignito dell&#8217;ICSC European Conference Award. Un altro vantaggio \u00e8 la facile accessibilit\u00e0: l&#8217;ingresso principale del grande magazzino si trova in Maria-Theresien-Stra\u00dfe, l&#8217;ingresso al parcheggio sotterraneo interno \u00e8 via Wilhelm-Greil-Stra\u00dfe.<\/p>\n<ul class=\"hometext-social\">\n<li><a href=\"https:\/\/www.facebook.com\/kaufhaustyrol\" target=\"_blank\" rel=\"noopener noreferrer\">facebook <\/a><\/li>\n<li><a href=\"https:\/\/instagram.com\/kaufhaus.tyrol\/\" target=\"_blank\" rel=\"noopener noreferrer\">instagram <\/a><\/li>\n<li style=\"text-align: left;\"><a href=\"https:\/\/www.youtube.com\/user\/shoppingtyrol\" target=\"_blank\" rel=\"noopener noreferrer\">youtube<\/a><\/li>\n<\/ul>\n<p>[\/vc_column_text][\/vc_column][\/vc_row]<\/p>\n<\/div>","protected":false},"excerpt":{"rendered":"<p>[vc_row full_width=&#8221;stretch_row_content_no_spaces&#8221;][vc_column][rev_slider_vc alias=&#8221;home-slider-it&#8221; el_class=&#8221;topperslider&#8221;][\/vc_column][\/vc_row][vc_row][vc_column][vc_raw_html]JTNDdWwlMjBpZCUzRCUyMmhvbWUtdHJpcGxlLWNpcmNsZXMlMjIlM0UlMEElMjAlMDklM0NsaSUzRSUzQ2ElMjBocmVmJTNEJTIyaHR0cHMlM0ElMkYlMkZ3d3cua2F1ZmhhdXMtdHlyb2wuYXQlMkZpdCUyRnNob3BzJTJGJTIyJTIwY2xhc3MlM0QlMjJ0cjElMjIlM0UlM0NzcGFuJTNFJTNDaW1nJTIwY2xhc3MlM0QlMjJ3cC1pbWFnZS0xOCUyMiUyMHNyYyUzRCUyMiUyRndwLWNvbnRlbnQlMkZ1cGxvYWRzJTJGMjAxOCUyRjAxJTJGdHJpcGxlLWNhcnQtaWNuLnN2ZyUyMiUyMGFsdCUzRCUyMiUyMiUyMHdpZHRoJTNEJTIyNzAlMjIlMjBoZWlnaHQlM0QlMjI3MCUyMiUyMCUyRiUzRSUzQyUyRnNwYW4lM0VTaG9wcyUzQyUyRmElM0UlM0MlMkZsaSUzRSUwQSUyMCUwOSUzQyUyMS0tLSUzQ2xpJTNFJTNDYSUyMGhyZWYlM0QlMjJodHRwcyUzQSUyRiUyRnd3dy5rYXVmaGF1cy10eXJvbC5hdCUyRml0JTJGYmxvZyUyRiUyMiUyMGNsYXNzJTNEJTIydHIyJTIyJTNFJTNDc3BhbiUzRSUzQ2ltZyUyMGNsYXNzJTNEJTIyd3AtaW1hZ2UtMjElMjIlMjBzcmMlM0QlMjIlMkZ3cC1jb250ZW50JTJGdXBsb2FkcyUyRjIwMTglMkYwNyUyRmJsb2ctaWNuLTIuc3ZnJTIyJTIwYWx0JTNEJTIyJTIyJTIwd2lkdGglM0QlMjI3MCUyMiUyMGhlaWdodCUzRCUyMjcwJTIyJTIwJTJGJTNFJTNDJTJGc3BhbiUzRUJsb2clM0MlMkZhJTNFJTNDJTJGbGklM0UtLS0lM0UlMEElMjAlMDklM0NsaSUzRSUzQ2ElMjBocmVmJTNEJTIyaHR0cHMlM0ElMkYlMkZ3d3cua2F1ZmhhdXMtdHlyb2wuYXQlMkZpdCUyRmFjY2Vzc28lMkYlMjIlMjBjbGFzcyUzRCUyMnRyMyUyMiUzRSUzQ3NwYW4lM0UlM0NpbWclMjBjbGFzcyUzRCUyMmFsaWdubm9uZSUyMHNpemUtbWVkaXVtJTIwd3AtaW1hZ2UtMjQlMjIlMjBzcmMlM0QlMjIlMkZ3cC1jb250ZW50JTJGdXBsb2FkcyUyRjIwMTglMkYwMSUyRnRyaXBsZS1wb2ludC1pY24uc3ZnJTIyJTIwYWx0JTNEJTIyJTIyJTIwd2lkdGglM0QlMjI1MCUyMiUyMGhlaWdodCUzRCUyMjUwJTIyJTIwJTJGJTNFJTNDJTJGc3BhbiUzRUFjY2Vzc28lM0MlMkZhJTNFJTNDJTJGbGklM0UlMEElM0MlMkZ1bCUzRQ==[\/vc_raw_html][\/vc_column][\/vc_row][vc_row full_width=&#8221;stretch_row&#8221; el_class=&#8221;angled-wrapper&#8221;][vc_column][vc_custom_heading text=&#8221;Highlights&#8221; use_theme_fonts=&#8221;yes&#8221;][rev_slider_vc alias=&#8221;highlighter-1-it&#8221; el_class=&#8221;highlightsslider&#8221;][rev_slider_vc alias=&#8221;highlighter-2-it&#8221; el_class=&#8221;highlightsslider&#8221;][\/vc_column][\/vc_row][vc_row][vc_column offset=&#8221;vc_col-lg-8&#8243;][vc_custom_heading text=&#8221;KAUFHAUS TYROL&#8221; use_theme_fonts=&#8221;yes&#8221;][vc_column_text el_class=&#8221;home-textblock&#8221;]Il Kaufhaus Tyrol, proprio nel cuore di Innsbruck, offre un tocco internazionale al Tirolo. L&#8217;indirizzo esclusivo offre shopping di prima classe su pi\u00f9 piani in oltre 50 negozi. Impressionante \u00e8, oltre alla ricca offerta commerciale, l&#8217;esterno visionario del famoso<\/p>\n","protected":false},"author":5025,"featured_media":0,"parent":0,"menu_order":0,"comment_status":"closed","ping_status":"closed","template":"","meta":{"_acf_changed":false,"inline_featured_image":false,"footnotes":""},"acf":[],"yoast_head":"<!-- This site is optimized with the Yoast SEO plugin v23.5 - https:\/\/yoast.com\/wordpress\/plugins\/seo\/ -->\n<title>Home - Kaufhaus Tyrol<\/title>\n<meta name=\"description\" content=\"Das Kaufhaus Tyrol, mitten im Herzen von Innsbruck, bringt internationales Flair nach Tirol. An der exklusiven Adresse wird First-Class-Shopping auf mehreren Etagen in \u00fcber 50 Shops geboten.\" \/>\n<meta name=\"robots\" content=\"index, follow, max-snippet:-1, max-image-preview:large, max-video-preview:-1\" \/>\n<link rel=\"canonical\" href=\"https:\/\/kaufhaus-tyrol.at\/it\/\" \/>\n<meta property=\"og:locale\" content=\"it_IT\" \/>\n<meta property=\"og:type\" content=\"article\" \/>\n<meta property=\"og:title\" content=\"Home - Kaufhaus Tyrol\" \/>\n<meta property=\"og:description\" content=\"Das Kaufhaus Tyrol, mitten im Herzen von Innsbruck, bringt internationales Flair nach Tirol. An der exklusiven Adresse wird First-Class-Shopping auf mehreren Etagen in \u00fcber 50 Shops geboten.\" \/>\n<meta property=\"og:url\" content=\"https:\/\/kaufhaus-tyrol.at\/it\/\" \/>\n<meta property=\"og:site_name\" content=\"Kaufhaus Tyrol\" \/>\n<meta property=\"article:publisher\" content=\"https:\/\/www.facebook.com\/kaufhaustyrol\/\" \/>\n<meta property=\"article:modified_time\" content=\"2026-03-25T21:53:41+00:00\" \/>\n<meta name=\"twitter:card\" content=\"summary_large_image\" \/>\n<meta name=\"twitter:label1\" content=\"Tempo di lettura stimato\" \/>\n\t<meta name=\"twitter:data1\" content=\"1 minuto\" \/>\n<script type=\"application\/ld+json\" class=\"yoast-schema-graph\">{\"@context\":\"https:\/\/schema.org\",\"@graph\":[{\"@type\":\"WebPage\",\"@id\":\"https:\/\/kaufhaus-tyrol.at\/it\/\",\"url\":\"https:\/\/kaufhaus-tyrol.at\/it\/\",\"name\":\"Home - Kaufhaus Tyrol\",\"isPartOf\":{\"@id\":\"https:\/\/kaufhaus-tyrol.at\/de\/#website\"},\"datePublished\":\"2019-02-06T16:24:30+00:00\",\"dateModified\":\"2026-03-25T21:53:41+00:00\",\"description\":\"Das Kaufhaus Tyrol, mitten im Herzen von Innsbruck, bringt internationales Flair nach Tirol. An der exklusiven Adresse wird First-Class-Shopping auf mehreren Etagen in \u00fcber 50 Shops geboten.\",\"breadcrumb\":{\"@id\":\"https:\/\/kaufhaus-tyrol.at\/it\/#breadcrumb\"},\"inLanguage\":\"it-IT\",\"potentialAction\":[{\"@type\":\"ReadAction\",\"target\":[\"https:\/\/kaufhaus-tyrol.at\/it\/\"]}]},{\"@type\":\"BreadcrumbList\",\"@id\":\"https:\/\/kaufhaus-tyrol.at\/it\/#breadcrumb\",\"itemListElement\":[{\"@type\":\"ListItem\",\"position\":1,\"name\":\"Home\",\"item\":\"https:\/\/kaufhaus-tyrol.at\/it\/\"},{\"@type\":\"ListItem\",\"position\":2,\"name\":\"Home\"}]},{\"@type\":\"WebSite\",\"@id\":\"https:\/\/kaufhaus-tyrol.at\/de\/#website\",\"url\":\"https:\/\/kaufhaus-tyrol.at\/de\/\",\"name\":\"Kaufhaus Tyrol\",\"description\":\"Shopping im Herzen von Innsbruck\",\"potentialAction\":[{\"@type\":\"SearchAction\",\"target\":{\"@type\":\"EntryPoint\",\"urlTemplate\":\"https:\/\/kaufhaus-tyrol.at\/de\/?s={search_term_string}\"},\"query-input\":{\"@type\":\"PropertyValueSpecification\",\"valueRequired\":true,\"valueName\":\"search_term_string\"}}],\"inLanguage\":\"it-IT\"}]}<\/script>\n<!-- \/ Yoast SEO plugin. -->","yoast_head_json":{"title":"Home - Kaufhaus Tyrol","description":"Das Kaufhaus Tyrol, mitten im Herzen von Innsbruck, bringt internationales Flair nach Tirol. An der exklusiven Adresse wird First-Class-Shopping auf mehreren Etagen in \u00fcber 50 Shops geboten.","robots":{"index":"index","follow":"follow","max-snippet":"max-snippet:-1","max-image-preview":"max-image-preview:large","max-video-preview":"max-video-preview:-1"},"canonical":"https:\/\/kaufhaus-tyrol.at\/it\/","og_locale":"it_IT","og_type":"article","og_title":"Home - Kaufhaus Tyrol","og_description":"Das Kaufhaus Tyrol, mitten im Herzen von Innsbruck, bringt internationales Flair nach Tirol. An der exklusiven Adresse wird First-Class-Shopping auf mehreren Etagen in \u00fcber 50 Shops geboten.","og_url":"https:\/\/kaufhaus-tyrol.at\/it\/","og_site_name":"Kaufhaus Tyrol","article_publisher":"https:\/\/www.facebook.com\/kaufhaustyrol\/","article_modified_time":"2026-03-25T21:53:41+00:00","twitter_card":"summary_large_image","twitter_misc":{"Tempo di lettura stimato":"1 minuto"},"schema":{"@context":"https:\/\/schema.org","@graph":[{"@type":"WebPage","@id":"https:\/\/kaufhaus-tyrol.at\/it\/","url":"https:\/\/kaufhaus-tyrol.at\/it\/","name":"Home - Kaufhaus Tyrol","isPartOf":{"@id":"https:\/\/kaufhaus-tyrol.at\/de\/#website"},"datePublished":"2019-02-06T16:24:30+00:00","dateModified":"2026-03-25T21:53:41+00:00","description":"Das Kaufhaus Tyrol, mitten im Herzen von Innsbruck, bringt internationales Flair nach Tirol. An der exklusiven Adresse wird First-Class-Shopping auf mehreren Etagen in \u00fcber 50 Shops geboten.","breadcrumb":{"@id":"https:\/\/kaufhaus-tyrol.at\/it\/#breadcrumb"},"inLanguage":"it-IT","potentialAction":[{"@type":"ReadAction","target":["https:\/\/kaufhaus-tyrol.at\/it\/"]}]},{"@type":"BreadcrumbList","@id":"https:\/\/kaufhaus-tyrol.at\/it\/#breadcrumb","itemListElement":[{"@type":"ListItem","position":1,"name":"Home","item":"https:\/\/kaufhaus-tyrol.at\/it\/"},{"@type":"ListItem","position":2,"name":"Home"}]},{"@type":"WebSite","@id":"https:\/\/kaufhaus-tyrol.at\/de\/#website","url":"https:\/\/kaufhaus-tyrol.at\/de\/","name":"Kaufhaus Tyrol","description":"Shopping im Herzen von Innsbruck","potentialAction":[{"@type":"SearchAction","target":{"@type":"EntryPoint","urlTemplate":"https:\/\/kaufhaus-tyrol.at\/de\/?s={search_term_string}"},"query-input":{"@type":"PropertyValueSpecification","valueRequired":true,"valueName":"search_term_string"}}],"inLanguage":"it-IT"}]}},"_links":{"self":[{"href":"https:\/\/kaufhaus-tyrol.at\/it\/wp-json\/wp\/v2\/pages\/4844"}],"collection":[{"href":"https:\/\/kaufhaus-tyrol.at\/it\/wp-json\/wp\/v2\/pages"}],"about":[{"href":"https:\/\/kaufhaus-tyrol.at\/it\/wp-json\/wp\/v2\/types\/page"}],"author":[{"embeddable":true,"href":"https:\/\/kaufhaus-tyrol.at\/it\/wp-json\/wp\/v2\/users\/5025"}],"replies":[{"embeddable":true,"href":"https:\/\/kaufhaus-tyrol.at\/it\/wp-json\/wp\/v2\/comments?post=4844"}],"version-history":[{"count":36,"href":"https:\/\/kaufhaus-tyrol.at\/it\/wp-json\/wp\/v2\/pages\/4844\/revisions"}],"predecessor-version":[{"id":21839,"href":"https:\/\/kaufhaus-tyrol.at\/it\/wp-json\/wp\/v2\/pages\/4844\/revisions\/21839"}],"wp:attachment":[{"href":"https:\/\/kaufhaus-tyrol.at\/it\/wp-json\/wp\/v2\/media?parent=4844"}],"curies":[{"name":"wp","href":"https:\/\/api.w.org\/{rel}","templated":true}]}}